{"id":4006,"date":"2020-03-13T18:05:30","date_gmt":"2020-03-13T21:05:30","guid":{"rendered":"http:\/\/portal.unisepe.com.br\/univr\/?page_id=4006"},"modified":"2022-05-31T12:00:15","modified_gmt":"2022-05-31T15:00:15","slug":"editais","status":"publish","type":"page","link":"https:\/\/portal.unisepe.com.br\/univr\/coordenadoria-de-producao-de-extensao\/editais\/","title":{"rendered":"Editais"},"content":{"rendered":"<p><strong>BOLSA SANTANDER GRADUA\u00c7\u00c3O 2022<\/strong><\/p>\n<ul>\n<li><a href=\"https:\/\/portal.unisepe.com.br\/univr\/wp-content\/uploads\/sites\/10004\/2022\/03\/edital-012022-BOLSAS-SANTANDER-GRADUA\u00c7\u00c3O-2022.pdf\" target=\"_blank\" rel=\"noopener noreferrer\">Edital 01 2022 &#8211; BOLSAS SANTANDER GRADUA\u00c7\u00c3O 2022<\/a><\/li>\n<li><a href=\"https:\/\/portal.unisepe.com.br\/univr\/wp-content\/uploads\/sites\/10004\/2022\/03\/Anexo-I-Modelo-de-projeto.doc\" target=\"_blank\" rel=\"noopener noreferrer\">Anexo I &#8211; Modelo de projeto<\/a><\/li>\n<\/ul>\n<p><strong>IC \u2013 PLANTA PILOTO DE AQUICULTURA<\/strong><\/p>\n<ul>\n<li><a href=\"http:\/\/portal.unisepe.com.br\/univr\/wp-content\/uploads\/sites\/10004\/2020\/03\/ANEXO-I-FICHA-DE-INSCRI\u00c7\u00c3O.docx\" target=\"_blank\" rel=\"noopener noreferrer\">ANEXO I &#8211; FICHA DE INSCRI\u00c7\u00c3O<\/a><\/li>\n<li><a href=\"http:\/\/portal.unisepe.com.br\/univr\/wp-content\/uploads\/sites\/10004\/2020\/03\/edital-01-2020-PROJETO-PLANTA-PILOTO-AQUACULTURA.pdf\" target=\"_blank\" rel=\"noopener noreferrer\">Edital 01 2020 &#8211; PROJETO PLANTA PILOTO AQUACULTURA<\/a><\/li>\n<\/ul>\n<p><strong>LIGA ACAD\u00caMICA (LAAS) 2022<\/strong><\/p>\n<ul>\n<li><a href=\"https:\/\/portal.unisepe.com.br\/univr\/wp-content\/uploads\/sites\/10004\/2022\/05\/EDITAL-DE-SELE\u00c7\u00c3O-LIGA-ACAD\u00caMICA-DE-ATEN\u00c7\u00c3O-\u00c0-SA\u00daDE-2022.pdf\" target=\"_blank\" rel=\"noopener noreferrer\">EDITAL DE SELE\u00c7\u00c3O &#8211; LIGA ACAD\u00caMICA DE ATEN\u00c7\u00c3O \u00c0 SA\u00daDE (2022)<\/a><\/li>\n<li><a href=\"https:\/\/portal.unisepe.com.br\/univr\/wp-content\/uploads\/sites\/10004\/2022\/05\/PROJETO-LIGA-ACAD\u00caMICA-UNIVR.pdf\" target=\"_blank\" rel=\"noopener noreferrer\">PROJETO LIGA ACAD\u00caMICA &#8211; UNIVR<\/a><\/li>\n<\/ul>\n<p><strong>PIC SANTANDER 2021\/1<\/strong><\/p>\n<ul>\n<li><a href=\"https:\/\/portal.unisepe.com.br\/univr\/wp-content\/uploads\/sites\/10004\/2021\/03\/edital-012021-BOLSAS-SANTANDER-GRADUA\u00c7\u00c3O-2021.pdf\" target=\"_blank\" rel=\"noopener noreferrer\">Edital 01 2021 &#8211; PIC SANTANDER 2021<\/a><\/li>\n<\/ul>\n<p><strong>PIC SANTANDER 2020\/2<\/strong><\/p>\n<ul>\n<li><a href=\"https:\/\/portal.unisepe.com.br\/univr\/wp-content\/uploads\/sites\/10004\/2020\/08\/Edital-02-2020-\u2013-PIC-SANTANDER-2020.pdf\" target=\"_blank\" rel=\"noopener noreferrer\">Edital 02 2020 \u2013 PIC SANTANDER 2020<\/a><\/li>\n<\/ul>\n<p><strong>PIC SANTANDER 2020\/1<\/strong><\/p>\n<ul>\n<li><a href=\"http:\/\/portal.unisepe.com.br\/univr\/wp-content\/uploads\/sites\/10004\/2020\/03\/Anexo-I-Modelo-de-projeto.doc\" target=\"_blank\" rel=\"noopener noreferrer\">ANEXO I &#8211; MODELO DE PROJETO<\/a><\/li>\n<li><a href=\"http:\/\/portal.unisepe.com.br\/univr\/wp-content\/uploads\/sites\/10004\/2020\/03\/edital-012020-PIC-santander-2020.pdf\" target=\"_blank\" rel=\"noopener noreferrer\">Edital 01 2020 &#8211; PIC SANTANDER 2020<\/a><\/li>\n<li><a href=\"http:\/\/portal.unisepe.com.br\/univr\/wp-content\/uploads\/sites\/10004\/2020\/03\/edital-012020-Altera\u00e7\u00e3o-no-envio-do-projeto.pdf\" target=\"_blank\" rel=\"noopener noreferrer\">Edital 01 2020 &#8211; ALTERA\u00c7\u00c3O NO ENVIO DO PROJETO<\/a><\/li>\n<li><a href=\"https:\/\/portal.unisepe.com.br\/univr\/wp-content\/uploads\/sites\/10004\/2020\/08\/edital-012020-Divulga\u00e7\u00e3o-dos-resultados.pdf\" target=\"_blank\" rel=\"noopener noreferrer\">Edital 01 2020 &#8211; DIVULGA\u00c7\u00c3O DOS RESULTADOS<\/a><\/li>\n<\/ul>\n","protected":false},"excerpt":{"rendered":"<p>BOLSA SANTANDER GRADUA\u00c7\u00c3O 2022 Edital 01 2022 &#8211; BOLSAS SANTANDER GRADUA\u00c7\u00c3O 2022 Anexo I &#8211; Modelo de projeto IC \u2013 PLANTA PILOTO DE AQUICULTURA ANEXO I &#8211; FICHA DE INSCRI\u00c7\u00c3O Edital 01 2020 &#8211; PROJETO PLANTA PILOTO AQUACULTURA LIGA ACAD\u00caMICA (LAAS) 2022 EDITAL DE SELE\u00c7\u00c3O &#8211; LIGA ACAD\u00caMICA DE ATEN\u00c7\u00c3O<\/p>\n","protected":false},"author":1,"featured_media":0,"parent":934,"menu_order":0,"comment_status":"closed","ping_status":"closed","template":"templates\/template-pagina_menu_vertical.php","meta":{"footnotes":""},"categories":[],"tags":[],"class_list":["post-4006","page","type-page","status-publish","hentry"],"_links":{"self":[{"href":"https:\/\/portal.unisepe.com.br\/univr\/wp-json\/wp\/v2\/pages\/4006","targetHints":{"allow":["GET"]}}],"collection":[{"href":"https:\/\/portal.unisepe.com.br\/univr\/wp-json\/wp\/v2\/pages"}],"about":[{"href":"https:\/\/portal.unisepe.com.br\/univr\/wp-json\/wp\/v2\/types\/page"}],"author":[{"embeddable":true,"href":"https:\/\/portal.unisepe.com.br\/univr\/wp-json\/wp\/v2\/users\/1"}],"replies":[{"embeddable":true,"href":"https:\/\/portal.unisepe.com.br\/univr\/wp-json\/wp\/v2\/comments?post=4006"}],"version-history":[{"count":14,"href":"https:\/\/portal.unisepe.com.br\/univr\/wp-json\/wp\/v2\/pages\/4006\/revisions"}],"predecessor-version":[{"id":5493,"href":"https:\/\/portal.unisepe.com.br\/univr\/wp-json\/wp\/v2\/pages\/4006\/revisions\/5493"}],"up":[{"embeddable":true,"href":"https:\/\/portal.unisepe.com.br\/univr\/wp-json\/wp\/v2\/pages\/934"}],"wp:attachment":[{"href":"https:\/\/portal.unisepe.com.br\/univr\/wp-json\/wp\/v2\/media?parent=4006"}],"wp:term":[{"taxonomy":"category","embeddable":true,"href":"https:\/\/portal.unisepe.com.br\/univr\/wp-json\/wp\/v2\/categories?post=4006"},{"taxonomy":"post_tag","embeddable":true,"href":"https:\/\/portal.unisepe.com.br\/univr\/wp-json\/wp\/v2\/tags?post=4006"}],"curies":[{"name":"wp","href":"https:\/\/api.w.org\/{rel}","templated":true}]}}