{"id":403,"date":"2016-07-12T16:40:36","date_gmt":"2016-07-12T16:40:36","guid":{"rendered":"http:\/\/portal.unisepe.com.br\/univr\/?page_id=403"},"modified":"2023-03-22T14:00:22","modified_gmt":"2023-03-22T17:00:22","slug":"farmacia","status":"publish","type":"page","link":"https:\/\/portal.unisepe.com.br\/univr\/farmacia\/","title":{"rendered":"Farm\u00e1cia"},"content":{"rendered":"<p style=\"text-align: justify;\"><strong><img loading=\"lazy\" decoding=\"async\" class=\"size-full wp-image-244 alignleft\" src=\"http:\/\/portal.unisepe.com.br\/univr\/wp-content\/uploads\/sites\/10004\/2016\/07\/farmacia.png\" alt=\"farmacia\" width=\"102\" height=\"100\" \/>Curso de Gradua\u00e7\u00e3o:<\/strong><strong> Farm\u00e1cia<\/strong><\/p>\n<p style=\"text-align: justify;\">O curso de Farm\u00e1cia adotar\u00e1 como filosofia de ensino \u00e0s necessidades da comunidade, procurando formar profissionais com vis\u00e3o geral, com capacidade de adapta\u00e7\u00e3o \u00e0s situa\u00e7\u00f5es diversas, com forma\u00e7\u00e3o humanit\u00e1ria e com consci\u00eancia de sua responsabilidade social, tendo sempre como objetivos:<\/p>\n<ol style=\"text-align: justify;\">\n<li>formar profissionais de n\u00edvel superior com uma vis\u00e3o generalista, cr\u00edtica e reflexiva;<\/li>\n<li>realizar pesquisas e estimular atividades criadoras;<\/li>\n<li>promover a extens\u00e3o do ensino e do conhecimento \u00e0 comunidade mediante cursos e servi\u00e7os especiais.<\/li>\n<\/ol>\n<p style=\"text-align: justify;\"><strong>Perfil do Egresso<\/strong><\/p>\n<p style=\"text-align: justify;\">De acordo com a Diretriz Curricular do Curso de Gradua\u00e7\u00e3o em Farm\u00e1cia (Resolu\u00e7\u00e3o CNE\/CES 02\/2002 &#8211; Art. 4\u00ba) a forma\u00e7\u00e3o do farmac\u00eautico tem por objetivo dotar o profissional dos conhecimentos requeridos para o exerc\u00edcio das seguintes compet\u00eancias e habilidades gerais:<\/p>\n<p style=\"text-align: justify;\">I &#8211;\u00a0\u00a0 <strong>Aten\u00e7\u00e3o \u00e0 sa\u00fade<\/strong><br \/>\nII &#8211;\u00a0<strong>Tomada de decis\u00f5es<\/strong><br \/>\nIII &#8211;\u00a0<strong>Comunica\u00e7\u00e3o<\/strong><br \/>\nIV &#8211;<strong>\u00a0\u00a0\u00a0Lideran\u00e7a<\/strong><br \/>\nV &#8211; <strong>Administra\u00e7\u00e3o e gerenciamento<\/strong><br \/>\nVI &#8211;\u00a0\u00a0<strong>Educa\u00e7\u00e3o permanente<\/strong><\/p>\n","protected":false},"excerpt":{"rendered":"<p>Curso de Gradua\u00e7\u00e3o: Farm\u00e1cia O curso de Farm\u00e1cia adotar\u00e1 como filosofia de ensino \u00e0s necessidades da comunidade, procurando formar profissionais com vis\u00e3o geral, com capacidade de adapta\u00e7\u00e3o \u00e0s situa\u00e7\u00f5es diversas, com forma\u00e7\u00e3o humanit\u00e1ria e com consci\u00eancia de sua responsabilidade social, tendo sempre como objetivos: formar profissionais de n\u00edvel superior com<\/p>\n","protected":false},"author":1,"featured_media":0,"parent":0,"menu_order":0,"comment_status":"closed","ping_status":"closed","template":"templates\/template-curso_menu_vertical.php","meta":{"footnotes":""},"categories":[143],"tags":[148],"class_list":["post-403","page","type-page","status-publish","hentry","category-cursos-graduacao-presencial","tag-cursos-bacharelado"],"_links":{"self":[{"href":"https:\/\/portal.unisepe.com.br\/univr\/wp-json\/wp\/v2\/pages\/403","targetHints":{"allow":["GET"]}}],"collection":[{"href":"https:\/\/portal.unisepe.com.br\/univr\/wp-json\/wp\/v2\/pages"}],"about":[{"href":"https:\/\/portal.unisepe.com.br\/univr\/wp-json\/wp\/v2\/types\/page"}],"author":[{"embeddable":true,"href":"https:\/\/portal.unisepe.com.br\/univr\/wp-json\/wp\/v2\/users\/1"}],"replies":[{"embeddable":true,"href":"https:\/\/portal.unisepe.com.br\/univr\/wp-json\/wp\/v2\/comments?post=403"}],"version-history":[{"count":4,"href":"https:\/\/portal.unisepe.com.br\/univr\/wp-json\/wp\/v2\/pages\/403\/revisions"}],"predecessor-version":[{"id":4397,"href":"https:\/\/portal.unisepe.com.br\/univr\/wp-json\/wp\/v2\/pages\/403\/revisions\/4397"}],"wp:attachment":[{"href":"https:\/\/portal.unisepe.com.br\/univr\/wp-json\/wp\/v2\/media?parent=403"}],"wp:term":[{"taxonomy":"category","embeddable":true,"href":"https:\/\/portal.unisepe.com.br\/univr\/wp-json\/wp\/v2\/categories?post=403"},{"taxonomy":"post_tag","embeddable":true,"href":"https:\/\/portal.unisepe.com.br\/univr\/wp-json\/wp\/v2\/tags?post=403"}],"curies":[{"name":"wp","href":"https:\/\/api.w.org\/{rel}","templated":true}]}}