{"id":417,"date":"2016-07-12T16:50:39","date_gmt":"2016-07-12T16:50:39","guid":{"rendered":"http:\/\/portal.unisepe.com.br\/univr\/?page_id=417"},"modified":"2023-03-22T13:59:56","modified_gmt":"2023-03-22T16:59:56","slug":"fisioterapia","status":"publish","type":"page","link":"https:\/\/portal.unisepe.com.br\/univr\/fisioterapia\/","title":{"rendered":"Fisioterapia"},"content":{"rendered":"<p style=\"text-align: justify;\"><strong><img loading=\"lazy\" decoding=\"async\" class=\"size-full wp-image-252 alignleft\" src=\"http:\/\/portal.unisepe.com.br\/univr\/wp-content\/uploads\/sites\/10004\/2016\/07\/logo_fis.png\" alt=\"logo_fis\" width=\"81\" height=\"100\" \/>Miss\u00e3o:<\/strong><\/p>\n<p style=\"text-align: justify;\">Considerando sua inser\u00e7\u00e3o regional e \u00e0s diretrizes do\u00a0<span>Centro Universit\u00e1rio do Vale do Ribeira<\/span>, o curso de Fisioterapia, tem como miss\u00e3o:<br \/>\n<strong><em>Educar pessoas para participar do processo de constru\u00e7\u00e3o do bem-estar integral do ser humano e de suas rela\u00e7\u00f5es, inclusive em sua dimens\u00e3o ecol\u00f3gica, com aten\u00e7\u00e3o ao sujeito individual, \u00e0s exig\u00eancias profissionais e \u00e0 responsabilidade cidad\u00e3 no contexto das transforma\u00e7\u00f5es culturais em curso.<\/em><\/strong><\/p>\n<p style=\"text-align: justify;\"><strong>\u00a0<\/strong><strong>Perfil do Egresso:<\/strong><\/p>\n<p style=\"text-align: justify;\">O Curso de Fisioterapia do\u00a0<span>Centro Universit\u00e1rio do Vale do Ribeira<\/span> busca um profissional capaz de reconhecer a import\u00e2ncia do homem como agente modificador e promotor de sa\u00fade. O graduado dever\u00e1 ser um educador na forma\u00e7\u00e3o de h\u00e1bitos e de um conjunto de atitudes que facilitem a promo\u00e7\u00e3o da sa\u00fade e n\u00e3o apenas se ocupar com a terapia das doen\u00e7as.<br \/>\nDever\u00e1 o Fisioterapeuta formado por esta Institui\u00e7\u00e3o estar habilitado para ser um profissional de sa\u00fade por excel\u00eancia, atuando na preven\u00e7\u00e3o, manuten\u00e7\u00e3o, restabelecimento e reabilita\u00e7\u00e3o da sa\u00fade e no tratamento e recupera\u00e7\u00e3o das disfun\u00e7\u00f5es de \u00f3rg\u00e3os e sistemas sens\u00edveis \u00e0s pr\u00e1ticas assistenciais da Fisioterapia, colaborando de maneira significativa nos procedimentos que conferem qualidade de vida \u00e0s pessoas, interagindo com a equipe de sa\u00fade no processo de reintegra\u00e7\u00e3o do indiv\u00edduo, nos aspectos bio-psico-socio-existenciais.<br \/>\nO Fisioterapeuta \u00e9 profissional que atua na \u00e1rea da sa\u00fade, e \u00e9 membro importante da equipe interdisciplinar, tendo atua\u00e7\u00e3o significativa e concreta nos mais diversos locais de atendimento. Tem forma\u00e7\u00e3o espec\u00edfica e \u00fanica para fazer uso de recursos f\u00edsicos ou naturais nas tr\u00eas fases (prevenir, tratar e reabilitar) de aten\u00e7\u00e3o \u00e0 sa\u00fade.<br \/>\nO Fisioterapeuta, por meio de um diagn\u00f3stico pr\u00e9vio, avalia, estabelece as disfun\u00e7\u00f5es em coer\u00eancia com o progn\u00f3stico fisioterap\u00eautico, planeja, programa, executa, reavalia e concede alta fisioterap\u00eautica.<\/p>\n<p style=\"text-align: justify;\"><strong>Compet\u00eancias e Habilidades<\/strong><\/p>\n<p style=\"text-align: justify;\">O profissional fisioterapeuta formado pelo\u00a0<span>Centro Universit\u00e1rio do Vale do Ribeira<\/span> dever\u00e1 possuir os conhecimentos requeridos para o exerc\u00edcio das seguintes compet\u00eancias e habilidades gerais: <strong><em>Aten\u00e7\u00e3o \u00e0 sa\u00fade<\/em><\/strong>, T<strong><em>omada de decis\u00f5es<\/em><\/strong>,<strong><em>Comunica\u00e7\u00e3o<\/em><\/strong>; <strong><em>Lideran\u00e7a<\/em><\/strong>; <strong><em>Administra\u00e7\u00e3o e gerenciamento e Educa\u00e7\u00e3o permanente<\/em><\/strong>:<\/p>\n<p style=\"text-align: justify;\"><strong>Concep\u00e7\u00e3o do curso<\/strong><\/p>\n<p style=\"text-align: justify;\">O projeto institucional da UNISEPE inclui, permanentemente, a busca efetiva do desenvolvimento e aperfei\u00e7oamento da educa\u00e7\u00e3o superior como resposta \u00e0s necessidades sociais da regi\u00e3o na qual a institui\u00e7\u00e3o est\u00e1 inserida.<br \/>\nO <span>Centro Universit\u00e1rio do Vale do Ribeira<\/span>, como institui\u00e7\u00e3o de educa\u00e7\u00e3o superior, t\u00eam por objetivo:<\/p>\n<ol start=\"1\" type=\"I\">\n<li style=\"text-align: justify;\">formar de profissionais e especialistas de n\u00edvel superior;<\/li>\n<li style=\"text-align: justify;\">realizar de pesquisas e o est\u00edmulo de atividades criadoras;<\/li>\n<li style=\"text-align: justify;\">promover a extens\u00e3o do ensino e da pesquisa \u00e0 comunidade mediante cursos e servi\u00e7os especiais.<\/li>\n<\/ol>\n","protected":false},"excerpt":{"rendered":"<p>Miss\u00e3o: Considerando sua inser\u00e7\u00e3o regional e \u00e0s diretrizes do\u00a0Centro Universit\u00e1rio do Vale do Ribeira, o curso de Fisioterapia, tem como miss\u00e3o: Educar pessoas para participar do processo de constru\u00e7\u00e3o do bem-estar integral do ser humano e de suas rela\u00e7\u00f5es, inclusive em sua dimens\u00e3o ecol\u00f3gica, com aten\u00e7\u00e3o ao sujeito individual, \u00e0s<\/p>\n","protected":false},"author":1,"featured_media":0,"parent":0,"menu_order":0,"comment_status":"closed","ping_status":"closed","template":"templates\/template-curso_menu_vertical.php","meta":{"footnotes":""},"categories":[143],"tags":[148],"class_list":["post-417","page","type-page","status-publish","hentry","category-cursos-graduacao-presencial","tag-cursos-bacharelado"],"_links":{"self":[{"href":"https:\/\/portal.unisepe.com.br\/univr\/wp-json\/wp\/v2\/pages\/417","targetHints":{"allow":["GET"]}}],"collection":[{"href":"https:\/\/portal.unisepe.com.br\/univr\/wp-json\/wp\/v2\/pages"}],"about":[{"href":"https:\/\/portal.unisepe.com.br\/univr\/wp-json\/wp\/v2\/types\/page"}],"author":[{"embeddable":true,"href":"https:\/\/portal.unisepe.com.br\/univr\/wp-json\/wp\/v2\/users\/1"}],"replies":[{"embeddable":true,"href":"https:\/\/portal.unisepe.com.br\/univr\/wp-json\/wp\/v2\/comments?post=417"}],"version-history":[{"count":2,"href":"https:\/\/portal.unisepe.com.br\/univr\/wp-json\/wp\/v2\/pages\/417\/revisions"}],"predecessor-version":[{"id":4032,"href":"https:\/\/portal.unisepe.com.br\/univr\/wp-json\/wp\/v2\/pages\/417\/revisions\/4032"}],"wp:attachment":[{"href":"https:\/\/portal.unisepe.com.br\/univr\/wp-json\/wp\/v2\/media?parent=417"}],"wp:term":[{"taxonomy":"category","embeddable":true,"href":"https:\/\/portal.unisepe.com.br\/univr\/wp-json\/wp\/v2\/categories?post=417"},{"taxonomy":"post_tag","embeddable":true,"href":"https:\/\/portal.unisepe.com.br\/univr\/wp-json\/wp\/v2\/tags?post=417"}],"curies":[{"name":"wp","href":"https:\/\/api.w.org\/{rel}","templated":true}]}}