{"id":423,"date":"2016-07-12T17:01:07","date_gmt":"2016-07-12T20:01:07","guid":{"rendered":"http:\/\/portal.unisepe.com.br\/univr\/?page_id=423"},"modified":"2020-01-23T10:46:26","modified_gmt":"2020-01-23T13:46:26","slug":"matriz-curricular","status":"publish","type":"page","link":"https:\/\/portal.unisepe.com.br\/univr\/fisioterapia\/matriz-curricular\/","title":{"rendered":"Matriz Curricular"},"content":{"rendered":"<ul class=\"nav nav-tabs\">\n<li class=\"nav-item\"><a class=\"nav-link active\" href=\"#tab1\" data-toggle=\"tab\">Matriz<\/a><\/li>\n<li class=\"nav-item\"><a class=\"nav-link\" href=\"#tab2\" data-toggle=\"tab\">EAD<\/a><\/li>\n<\/ul>\n<div id=\"myTabContent\" class=\"tab-content\">\n<div id=\"tab1\" class=\"tab-pane fade active show\">\n<ul>\n<li><a href=\"http:\/\/portal.unisepe.com.br\/univr\/wp-content\/uploads\/sites\/10004\/2020\/01\/Matriz-FT-2020.pdf\" target=\"_blank\" rel=\"noopener\">Matriz Fisioterapia 2020<\/a><\/li>\n<li><a href=\"http:\/\/portal.unisepe.com.br\/univr\/wp-content\/uploads\/sites\/10004\/2019\/11\/Matriz-FT.pdf\" target=\"_blank\" rel=\"noopener\">Matriz Fisioterapia 2018<\/a><\/li>\n<li><a href=\"http:\/\/portal.unisepe.com.br\/wp-content\/uploads\/sites\/10003\/2016\/07\/Matriz_FIS_20151.pdf\" target=\"_blank\" rel=\"noopener\">Matriz Fisioterapia 2015<\/a><\/li>\n<\/ul>\n<\/div>\n<div id=\"tab2\" class=\"tab-pane fade\">\n<p style=\"text-align: center\">art 8. da Portaria 1.428\/2018<\/p>\n<ul>\n<li><a href=\"http:\/\/portal.unisepe.com.br\/univr\/wp-content\/uploads\/sites\/10004\/2020\/01\/2020-1-UNIVR-ART-8-L\u00cdNGUA-PORTUGUESA.pdf\" target=\"_blank\" rel=\"noopener\">2020-1-UNIVR-ART 8-L\u00cdNGUA PORTUGUESA<\/a><\/li>\n<li><a href=\"http:\/\/portal.unisepe.com.br\/univr\/wp-content\/uploads\/sites\/10004\/2020\/01\/2020-1-UNIVR-ART-8-SOCIOLOGIA.pdf\" target=\"_blank\" rel=\"noopener\">2020-1-UNIVR-ART 8-SOCIOLOGIA<\/a><\/li>\n<li><a href=\"http:\/\/portal.unisepe.com.br\/univr\/wp-content\/uploads\/sites\/10004\/2020\/01\/2020-1-UNIVR-ART-8-PSICOLOGIA.pdf\" target=\"_blank\" rel=\"noopener\">2020-1-UNIVR-ART 8-PSICOLOGIA<\/a><\/li>\n<li><a href=\"http:\/\/portal.unisepe.com.br\/univr\/wp-content\/uploads\/sites\/10004\/2020\/01\/2020-1-UNIVR-ART-8-METODOLOGIA-DA-PESQUISA-CIENT\u00cdFICA.pdf\" target=\"_blank\" rel=\"noopener\">2020-1-UNIVR-ART 8-METODOLOGIA DA PESQUISA CIENT\u00cdFICA<\/a><\/li>\n<li><a href=\"http:\/\/portal.unisepe.com.br\/univr\/wp-content\/uploads\/sites\/10004\/2020\/01\/2020-1-UNIVR-ART-8-SA\u00daDE-COLETIVA-E-POL\u00cdTICAS-P\u00daBLICAS.pdf\" target=\"_blank\" rel=\"noopener\">2020-1-UNIVR-ART 8-SA\u00daDE COLETIVA E POL\u00cdTICAS P\u00daBLICAS<\/a><\/li>\n<li><a href=\"http:\/\/portal.unisepe.com.br\/univr\/wp-content\/uploads\/sites\/10004\/2020\/01\/2020-1-UNIVR-ART-8-SA\u00daDE-AMBIENTAL.pdf\" target=\"_blank\" rel=\"noopener\">2020-1-UNIVR-ART 8-SA\u00daDE AMBIENTAL<\/a><\/li>\n<li><a href=\"http:\/\/portal.unisepe.com.br\/univr\/wp-content\/uploads\/sites\/10004\/2020\/01\/2020-1-UNIVR-ART-8-NUTRI\u00c7\u00c3O-BASICA.pdf\" target=\"_blank\" rel=\"noopener\">2020-1-UNIVR-ART 8-NUTRI\u00c7\u00c3O BASICA<\/a><\/li>\n<li><a href=\"http:\/\/portal.unisepe.com.br\/univr\/wp-content\/uploads\/sites\/10004\/2020\/01\/2020-1-UNIVR-ART-8-LINGUA-BRASILEIRA-DE-SINAIS-LIBRAS.pdf\" target=\"_blank\" rel=\"noopener\">2020-1-UNIVR-ART 8-LINGUA BRASILEIRA DE SINAIS LIBRAS<\/a><\/li>\n<li><a href=\"http:\/\/portal.unisepe.com.br\/univr\/wp-content\/uploads\/sites\/10004\/2020\/01\/2020-1-UNIVR-ART-8-IMAGINOLOGIA.pdf\" target=\"_blank\" rel=\"noopener\">2020-1-UNIVR-ART 8-IMAGINOLOGIA<\/a><\/li>\n<li><a href=\"http:\/\/portal.unisepe.com.br\/univr\/wp-content\/uploads\/sites\/10004\/2020\/01\/2020-1-UNIVR-ART-8-BIO\u00c9TICA-E-LEGISLA\u00c7\u00c3O-EM-FISIOTERAPIA.pdf\" target=\"_blank\" rel=\"noopener\">2020-1-UNIVR-ART 8-BIO\u00c9TICA E LEGISLA\u00c7\u00c3O EM FISIOTERAPIA<\/a><\/li>\n<li><a href=\"http:\/\/portal.unisepe.com.br\/univr\/wp-content\/uploads\/sites\/10004\/2020\/01\/2020-1-UNIVR-ART-8-FISIOTERAPIA-EM-TERAPIA-INTENSIVA.pdf\" target=\"_blank\" rel=\"noopener\">2020-1-UNIVR-ART 8-FISIOTERAPIA EM TERAPIA INTENSIVA<\/a><\/li>\n<li><a href=\"http:\/\/portal.unisepe.com.br\/univr\/wp-content\/uploads\/sites\/10004\/2020\/01\/2020-1-UNIVR-ART-8-FISIOTERAPIA-EM-SA\u00daDE-COLETIVA.pdf\" target=\"_blank\" rel=\"noopener\">2020-1-UNIVR-ART 8-FISIOTERAPIA EM SA\u00daDE COLETIVA<\/a><\/li>\n<li><a href=\"http:\/\/portal.unisepe.com.br\/univr\/wp-content\/uploads\/sites\/10004\/2020\/01\/2020-1-UNIVR-ART-8-FISIOTERAPIA-BASEADA-EM-EVID\u00caNCIAS.pdf\" target=\"_blank\" rel=\"noopener\">2020-1-UNIVR-ART 8-FISIOTERAPIA BASEADA EM EVID\u00caNCIAS<\/a><\/li>\n<li><a href=\"http:\/\/portal.unisepe.com.br\/univr\/wp-content\/uploads\/sites\/10004\/2020\/01\/2020-1-UNIVR-ART-8-AMPUTA\u00c7\u00d5ES-\u00d3RTESES-E-PR\u00d3TESES.pdf\" target=\"_blank\" rel=\"noopener\">2020-1-UNIVR-ART 8-AMPUTA\u00c7\u00d5ES, \u00d3RTESES E PR\u00d3TESES<\/a><\/li>\n<li><a href=\"http:\/\/portal.unisepe.com.br\/univr\/wp-content\/uploads\/sites\/10004\/2020\/01\/2020-1-UNIVR-ART-8-TRABALHO-DE-CONCLUS\u00c3O-DE-CURSO.pdf\" target=\"_blank\" rel=\"noopener\">2020-1-UNIVR-ART 8-TRABALHO DE CONCLUS\u00c3O DE CURSO<\/a><\/li>\n<li><a href=\"http:\/\/portal.unisepe.com.br\/univr\/wp-content\/uploads\/sites\/10004\/2020\/01\/2020-1-UNIVR-ART-8-TERAPIAS-COMPLEMENTARES.pdf\" target=\"_blank\" rel=\"noopener\">2020-1-UNIVR-ART 8-TERAPIAS COMPLEMENTARES<\/a><\/li>\n<\/ul>\n<\/div>\n<\/div>\n","protected":false},"excerpt":{"rendered":"<p>Matriz EAD Matriz Fisioterapia 2020 Matriz Fisioterapia 2018 Matriz Fisioterapia 2015 art 8. da Portaria 1.428\/2018 2020-1-UNIVR-ART 8-L\u00cdNGUA PORTUGUESA 2020-1-UNIVR-ART 8-SOCIOLOGIA 2020-1-UNIVR-ART 8-PSICOLOGIA 2020-1-UNIVR-ART 8-METODOLOGIA DA PESQUISA CIENT\u00cdFICA 2020-1-UNIVR-ART 8-SA\u00daDE COLETIVA E POL\u00cdTICAS P\u00daBLICAS 2020-1-UNIVR-ART 8-SA\u00daDE AMBIENTAL 2020-1-UNIVR-ART 8-NUTRI\u00c7\u00c3O BASICA 2020-1-UNIVR-ART 8-LINGUA BRASILEIRA DE SINAIS LIBRAS 2020-1-UNIVR-ART 8-IMAGINOLOGIA 2020-1-UNIVR-ART 8-BIO\u00c9TICA<\/p>\n","protected":false},"author":1,"featured_media":0,"parent":417,"menu_order":0,"comment_status":"closed","ping_status":"closed","template":"templates\/template-curso_menu_vertical.php","meta":{"footnotes":""},"categories":[],"tags":[],"class_list":["post-423","page","type-page","status-publish","hentry"],"_links":{"self":[{"href":"https:\/\/portal.unisepe.com.br\/univr\/wp-json\/wp\/v2\/pages\/423","targetHints":{"allow":["GET"]}}],"collection":[{"href":"https:\/\/portal.unisepe.com.br\/univr\/wp-json\/wp\/v2\/pages"}],"about":[{"href":"https:\/\/portal.unisepe.com.br\/univr\/wp-json\/wp\/v2\/types\/page"}],"author":[{"embeddable":true,"href":"https:\/\/portal.unisepe.com.br\/univr\/wp-json\/wp\/v2\/users\/1"}],"replies":[{"embeddable":true,"href":"https:\/\/portal.unisepe.com.br\/univr\/wp-json\/wp\/v2\/comments?post=423"}],"version-history":[{"count":11,"href":"https:\/\/portal.unisepe.com.br\/univr\/wp-json\/wp\/v2\/pages\/423\/revisions"}],"predecessor-version":[{"id":3872,"href":"https:\/\/portal.unisepe.com.br\/univr\/wp-json\/wp\/v2\/pages\/423\/revisions\/3872"}],"up":[{"embeddable":true,"href":"https:\/\/portal.unisepe.com.br\/univr\/wp-json\/wp\/v2\/pages\/417"}],"wp:attachment":[{"href":"https:\/\/portal.unisepe.com.br\/univr\/wp-json\/wp\/v2\/media?parent=423"}],"wp:term":[{"taxonomy":"category","embeddable":true,"href":"https:\/\/portal.unisepe.com.br\/univr\/wp-json\/wp\/v2\/categories?post=423"},{"taxonomy":"post_tag","embeddable":true,"href":"https:\/\/portal.unisepe.com.br\/univr\/wp-json\/wp\/v2\/tags?post=423"}],"curies":[{"name":"wp","href":"https:\/\/api.w.org\/{rel}","templated":true}]}}