{"id":4287,"date":"2020-08-26T15:12:15","date_gmt":"2020-08-26T18:12:15","guid":{"rendered":"https:\/\/portal.unisepe.com.br\/univr\/?page_id=4287"},"modified":"2020-08-26T16:26:24","modified_gmt":"2020-08-26T19:26:24","slug":"formularios","status":"publish","type":"page","link":"https:\/\/portal.unisepe.com.br\/univr\/coordenadoria-de-producao-de-extensao\/formularios\/","title":{"rendered":"Formul\u00e1rios"},"content":{"rendered":"<p><strong>Extens\u00e3o<\/strong><\/p>\n<hr>\n<ul>\n<li><a href=\"https:\/\/portal.unisepe.com.br\/univr\/wp-content\/uploads\/sites\/10004\/2020\/08\/Formulario-de-atividade-Comunitarias-e-parcerias.pdf\" target=\"_blank\" rel=\"noopener noreferrer\">Formul\u00e1rio de atividades comunit\u00e1rias e parcerias<\/a><\/li>\n<li><a href=\"https:\/\/portal.unisepe.com.br\/univr\/wp-content\/uploads\/sites\/10004\/2020\/08\/Formulario-de-Extensao-Cursos.pdf\" target=\"_blank\" rel=\"noopener noreferrer\">Formul\u00e1rio de Extens\u00e3o &#8211; Cursos<\/a><\/li>\n<li><a href=\"https:\/\/portal.unisepe.com.br\/univr\/wp-content\/uploads\/sites\/10004\/2020\/08\/Formulario-de-Extensao-Eventos-e-Outros.pdf\" target=\"_blank\" rel=\"noopener noreferrer\">Formul\u00e1rio de Extens\u00e3o &#8211; Eventos e Outros<\/a><\/li>\n<li><a href=\"https:\/\/portal.unisepe.com.br\/univr\/wp-content\/uploads\/sites\/10004\/2020\/08\/Formulario-de-Extensao-Projeto-e-Programa.pdf\" target=\"_blank\" rel=\"noopener noreferrer\">Formul\u00e1rio de Extens\u00e3o &#8211; Projeto e Programa<\/a><\/li>\n<li><a href=\"https:\/\/portal.unisepe.com.br\/univr\/wp-content\/uploads\/sites\/10004\/2020\/08\/Formulario-de-Extensao-Visita-tecnica.pdf\" target=\"_blank\" rel=\"noopener noreferrer\">Formul\u00e1rio de Extens\u00e3o &#8211; Visita t\u00e9cnica<\/a><\/li>\n<li><a href=\"https:\/\/portal.unisepe.com.br\/univr\/wp-content\/uploads\/sites\/10004\/2020\/08\/Lista-de-Presenca-Atividades-de-Extensao.pdf\" target=\"_blank\" rel=\"noopener noreferrer\">Lista de Presen\u00e7a &#8211; Atividades de Extens\u00e3o<\/a><\/li>\n<li><a href=\"https:\/\/portal.unisepe.com.br\/univr\/wp-content\/uploads\/sites\/10004\/2020\/08\/Lista-de-Presenca-Eventos.pdf\" target=\"_blank\" rel=\"noopener noreferrer\">Lista de Presen\u00e7a &#8211; Eventos<\/a><\/li>\n<\/ul>\n<p><strong>Grupo de estudos<\/strong><\/p>\n<hr>\n<ul>\n<li><a href=\"https:\/\/portal.unisepe.com.br\/univr\/wp-content\/uploads\/sites\/10004\/2020\/08\/Formulario-de-Grupos-de-Estudos.pdf\" target=\"_blank\" rel=\"noopener noreferrer\">Formul\u00e1rio de Grupos de Estudos<\/a><\/li>\n<li><a href=\"https:\/\/portal.unisepe.com.br\/univr\/wp-content\/uploads\/sites\/10004\/2020\/08\/Lista-de-presen\u00e7a-Grupos-de-Estudos.pdf\" target=\"_blank\" rel=\"noopener noreferrer\">Lista de presen\u00e7a &#8211; Grupos de Estudos<\/a><\/li>\n<li><a href=\"https:\/\/portal.unisepe.com.br\/univr\/wp-content\/uploads\/sites\/10004\/2020\/08\/Relatorio-de-Atividades-Grupos-de-Estudos.pdf\" target=\"_blank\" rel=\"noopener noreferrer\">Relat\u00f3rio de Atividades &#8211; Grupos de Estudos<\/a><\/li>\n<\/ul>\n<p><strong>Grupo de pesquisa<\/strong><\/p>\n<hr>\n<ul>\n<li><a href=\"https:\/\/portal.unisepe.com.br\/univr\/wp-content\/uploads\/sites\/10004\/2020\/08\/Formulario-de-Grupo-de-Pesquisa.pdf\" target=\"_blank\" rel=\"noopener noreferrer\">Formul\u00e1rio de Grupo de Pesquisa<\/a><\/li>\n<li><a href=\"https:\/\/portal.unisepe.com.br\/univr\/wp-content\/uploads\/sites\/10004\/2020\/08\/Relatorio-de-Grupo-de-Pesquisa.pdf\" target=\"_blank\" rel=\"noopener noreferrer\">Relat\u00f3rio de Grupo de Pesquisa<\/a><\/li>\n<\/ul>\n<p><strong>Inicia\u00e7\u00e3o cient\u00edfica<\/strong><\/p>\n<hr>\n<ul>\n<li><a href=\"https:\/\/portal.unisepe.com.br\/univr\/wp-content\/uploads\/sites\/10004\/2020\/08\/Formul\u00e1rio-Acompanhamento-de-Orientacao.pdf\" target=\"_blank\" rel=\"noopener noreferrer\">Formul\u00e1rio &#8211; Acompanhamento de Orienta\u00e7\u00e3o<\/a><\/li>\n<li><a href=\"https:\/\/portal.unisepe.com.br\/univr\/wp-content\/uploads\/sites\/10004\/2020\/08\/Formul\u00e1rio-Cancelamento-de-Monitoria-e-IC.pdf\" target=\"_blank\" rel=\"noopener noreferrer\">Formul\u00e1rio &#8211; Cancelamento de Monitoria e IC<\/a><\/li>\n<li><a href=\"https:\/\/portal.unisepe.com.br\/univr\/wp-content\/uploads\/sites\/10004\/2020\/08\/Projeto-de-inicia\u00e7\u00e3o-cient\u00edfica.pdf\" target=\"_blank\" rel=\"noopener noreferrer\">Projeto de inicia\u00e7\u00e3o cient\u00edfica<\/a><\/li>\n<li><a href=\"https:\/\/portal.unisepe.com.br\/univr\/wp-content\/uploads\/sites\/10004\/2020\/08\/Relat\u00f3rio-de-inicia\u00e7\u00e3o-cient\u00edfica.pdf\" target=\"_blank\" rel=\"noopener noreferrer\">Relat\u00f3rio de inicia\u00e7\u00e3o cient\u00edfica<\/a><\/li>\n<\/ul>\n<p><strong>Monitoria<\/strong><\/p>\n<hr>\n<p><strong> \u2013 Alunos<\/strong><\/p>\n<ul>\n<li><a href=\"https:\/\/portal.unisepe.com.br\/univr\/wp-content\/uploads\/sites\/10004\/2020\/08\/Formul\u00e1rio-Cancelamento-de-Monitoria-e-IC-1.pdf\" target=\"_blank\" rel=\"noopener noreferrer\">Formul\u00e1rio &#8211; Cancelamento de Monitoria ou IC<\/a><\/li>\n<li><a href=\"https:\/\/portal.unisepe.com.br\/univr\/wp-content\/uploads\/sites\/10004\/2020\/08\/Formul\u00e1rio-de-atendimento-monitoria.pdf\" target=\"_blank\" rel=\"noopener noreferrer\">Formul\u00e1rio de atendimento &#8211; monitoria<\/a><\/li>\n<li><a href=\"https:\/\/portal.unisepe.com.br\/univr\/wp-content\/uploads\/sites\/10004\/2020\/08\/Plano-de-trabalho-monitoria.pdf\" target=\"_blank\" rel=\"noopener noreferrer\">Plano de trabalho &#8211; monitoria<\/a><\/li>\n<li><a href=\"https:\/\/portal.unisepe.com.br\/univr\/wp-content\/uploads\/sites\/10004\/2020\/08\/Relat\u00f3rio-de-atividades-monitoria.pdf\" target=\"_blank\" rel=\"noopener noreferrer\">Relat\u00f3rio de atividades &#8211; monitoria<\/a><\/li>\n<\/ul>\n<p><strong> \u2013 Orientadores<\/strong><\/p>\n<ul>\n<li><a href=\"https:\/\/portal.unisepe.com.br\/univr\/wp-content\/uploads\/sites\/10004\/2020\/08\/Avalia\u00e7\u00e3o-de-relat\u00f3rio-monitoria.pdf\" target=\"_blank\" rel=\"noopener noreferrer\">Avalia\u00e7\u00e3o de relat\u00f3rio &#8211; monitoria<\/a><\/li>\n<li><a href=\"https:\/\/portal.unisepe.com.br\/univr\/wp-content\/uploads\/sites\/10004\/2020\/08\/Formul\u00e1rio-de-acompanhameto-monitoria.pdf\" target=\"_blank\" rel=\"noopener noreferrer\">Formul\u00e1rio de acompanhameto-monitoria<\/a><\/li>\n<li><a href=\"https:\/\/portal.unisepe.com.br\/univr\/wp-content\/uploads\/sites\/10004\/2020\/08\/Relat\u00f3rio-de-atividades-monitoria-1.pdf\" target=\"_blank\" rel=\"noopener noreferrer\">Relat\u00f3rio de atividades &#8211; monitoria<\/a><\/li>\n<\/ul>\n<p><strong>Pesquisa<\/strong><\/p>\n<hr>\n<ul>\n<li><a href=\"https:\/\/portal.unisepe.com.br\/univr\/wp-content\/uploads\/sites\/10004\/2020\/08\/Modelo-de-projeto-de-pesquisa.pdf\" target=\"_blank\" rel=\"noopener noreferrer\">Modelo de projeto de pesquisa<\/a><\/li>\n<\/ul>\n<p><strong>Qualifica\u00e7\u00e3o docente<\/strong><\/p>\n<hr>\n<ul>\n<li><a href=\"https:\/\/portal.unisepe.com.br\/univr\/wp-content\/uploads\/sites\/10004\/2020\/08\/formul\u00e1rio-de-solicita\u00e7\u00e3o-de-apoio.pdf\" target=\"_blank\" rel=\"noopener noreferrer\">Formul\u00e1rio de solicita\u00e7\u00e3o de apoio<\/a><\/li>\n<\/ul>\n","protected":false},"excerpt":{"rendered":"<p>Extens\u00e3o Formul\u00e1rio de atividades comunit\u00e1rias e parcerias Formul\u00e1rio de Extens\u00e3o &#8211; Cursos Formul\u00e1rio de Extens\u00e3o &#8211; Eventos e Outros Formul\u00e1rio de Extens\u00e3o &#8211; Projeto e Programa Formul\u00e1rio de Extens\u00e3o &#8211; Visita t\u00e9cnica Lista de Presen\u00e7a &#8211; Atividades de Extens\u00e3o Lista de Presen\u00e7a &#8211; Eventos Grupo de estudos Formul\u00e1rio de Grupos<\/p>\n","protected":false},"author":10,"featured_media":0,"parent":934,"menu_order":0,"comment_status":"closed","ping_status":"closed","template":"templates\/template-pagina_menu_vertical.php","meta":{"footnotes":""},"categories":[],"tags":[],"class_list":["post-4287","page","type-page","status-publish","hentry"],"_links":{"self":[{"href":"https:\/\/portal.unisepe.com.br\/univr\/wp-json\/wp\/v2\/pages\/4287","targetHints":{"allow":["GET"]}}],"collection":[{"href":"https:\/\/portal.unisepe.com.br\/univr\/wp-json\/wp\/v2\/pages"}],"about":[{"href":"https:\/\/portal.unisepe.com.br\/univr\/wp-json\/wp\/v2\/types\/page"}],"author":[{"embeddable":true,"href":"https:\/\/portal.unisepe.com.br\/univr\/wp-json\/wp\/v2\/users\/10"}],"replies":[{"embeddable":true,"href":"https:\/\/portal.unisepe.com.br\/univr\/wp-json\/wp\/v2\/comments?post=4287"}],"version-history":[{"count":3,"href":"https:\/\/portal.unisepe.com.br\/univr\/wp-json\/wp\/v2\/pages\/4287\/revisions"}],"predecessor-version":[{"id":4302,"href":"https:\/\/portal.unisepe.com.br\/univr\/wp-json\/wp\/v2\/pages\/4287\/revisions\/4302"}],"up":[{"embeddable":true,"href":"https:\/\/portal.unisepe.com.br\/univr\/wp-json\/wp\/v2\/pages\/934"}],"wp:attachment":[{"href":"https:\/\/portal.unisepe.com.br\/univr\/wp-json\/wp\/v2\/media?parent=4287"}],"wp:term":[{"taxonomy":"category","embeddable":true,"href":"https:\/\/portal.unisepe.com.br\/univr\/wp-json\/wp\/v2\/categories?post=4287"},{"taxonomy":"post_tag","embeddable":true,"href":"https:\/\/portal.unisepe.com.br\/univr\/wp-json\/wp\/v2\/tags?post=4287"}],"curies":[{"name":"wp","href":"https:\/\/api.w.org\/{rel}","templated":true}]}}