{"id":4442,"date":"2021-03-17T15:52:23","date_gmt":"2021-03-17T18:52:23","guid":{"rendered":"https:\/\/portal.unisepe.com.br\/univr\/?page_id=4442"},"modified":"2021-03-17T17:05:30","modified_gmt":"2021-03-17T20:05:30","slug":"iniciacao-cientifica","status":"publish","type":"page","link":"https:\/\/portal.unisepe.com.br\/univr\/direito\/iniciacao-cientifica\/","title":{"rendered":"Inicia\u00e7\u00e3o Cient\u00edfica"},"content":{"rendered":"<p style=\"text-align: justify\">\u201cSOBRE A INICIA\u00c7\u00c3O CIENT\u00cdFICA DO CURSO DE DIREITO<\/p>\n<p>O Curso de Direito da UNIVR, sob a coordena\u00e7\u00e3o da Prof\u00aa. Doutora Soraia Castellano e supervisionado pela Prof\u00aa. Mestre Caroline Alves Salvador, iniciou suas atividades de pesquisa cient\u00edfica em 2014 e vem apresentando diversos projetos na busca do desenvolvimento acad\u00eamico e profissional.<\/p>\n<p>O Grupo de Inicia\u00e7\u00e3o Cient\u00edfica se tornou um grupo de prest\u00edgio dentro da IES por ter realizado diversas atividades acad\u00eamicas e pela qualidade dos projetos apresentados. Os discentes compreendem que na \u00e1rea jur\u00eddica a pesquisa cient\u00edfica \u00e9 fundamental para o seu pr\u00f3prio desenvolvimento e para a evolu\u00e7\u00e3o jur\u00eddica do Direito.<\/p>\n<p>Dentre os trabalhos conclu\u00eddos, podemos citar a produ\u00e7\u00e3o de um caderno com a colet\u00e2nea de posters, artigos aprovados no CONIC 2018 e 2019 e artigos publicados na revista de Direito da IES, a realiza\u00e7\u00e3o de um Model da OEA, mesa de debates em outros cursos trazendo a interdisciplinaridade para os alunos da IES e visitas aos locais de pesquisa.<\/p>\n<p>Desde 2016 os temas trabalhados est\u00e3o relacionados aos Direitos Humanos, assim j\u00e1 foram objeto de estudo a quest\u00e3o da liberdade religiosa, da misoginia, das comunidades tradicionais ind\u00edgenas, quilombolas e cai\u00e7aras, dos refugiados.<\/p>\n<p>O Grupo de Inicia\u00e7\u00e3o Cient\u00edfica do Curso de Direito \u00e9 membro da UNAI (United Nations Academic Impact) desde 2019. A UNAI \u00e9 uma iniciativa das Na\u00e7\u00f5es Unidas para alinhar as institui\u00e7\u00f5es de ensino superior e de pesquisa com os objetivos das Na\u00e7\u00f5es Unidas.<\/p>\n<p><strong>VENHA PARTICIPAR VOC\u00ca TAMB\u00c9M!<\/strong><\/p>\n<p><strong>INSCRI\u00c7\u00d5ES ABERTAS!!!\u201d<\/strong><\/p>\n<p>&nbsp;<\/p>\n<ul>\n<li><a href=\"https:\/\/portal.unisepe.com.br\/univr\/wp-content\/uploads\/sites\/10004\/2021\/03\/Regulamento-do-Programa-de-Inicia\u00e7\u00e3o-Cient\u00edfica-do-Curso-de-Direito-1.pdf\" target=\"_blank\" rel=\"noopener noreferrer\">Regulamento da IC<\/a><\/li>\n<li><a href=\"https:\/\/portal.unisepe.com.br\/univr\/wp-content\/uploads\/sites\/10004\/2021\/03\/EDITAL-IC-2021.1.pdf\" target=\"_blank\" rel=\"noopener noreferrer\">Edital<\/a><\/li>\n<li><a href=\"https:\/\/portal.unisepe.com.br\/univr\/wp-content\/uploads\/sites\/10004\/2021\/03\/Ficha-de-inscri\u00e7\u00e3o-2020.1.pdf\" target=\"_blank\" rel=\"noopener noreferrer\">Ficha de inscri\u00e7\u00e3o<\/a><\/li>\n<li><a href=\"https:\/\/portal.unisepe.com.br\/univr\/wp-content\/uploads\/sites\/10004\/2021\/03\/Modelo-de-Relat\u00f3rio-Final-2021.1.pdf\" target=\"_blank\" rel=\"noopener noreferrer\">Relat\u00f3rio final<\/a><\/li>\n<\/ul>\n","protected":false},"excerpt":{"rendered":"<p>\u201cSOBRE A INICIA\u00c7\u00c3O CIENT\u00cdFICA DO CURSO DE DIREITO O Curso de Direito da UNIVR, sob a coordena\u00e7\u00e3o da Prof\u00aa. Doutora Soraia Castellano e supervisionado pela Prof\u00aa. Mestre Caroline Alves Salvador, iniciou suas atividades de pesquisa cient\u00edfica em 2014 e vem apresentando diversos projetos na busca do desenvolvimento acad\u00eamico e profissional.<\/p>\n","protected":false},"author":10,"featured_media":0,"parent":348,"menu_order":0,"comment_status":"closed","ping_status":"closed","template":"templates\/template-curso_menu_vertical.php","meta":{"footnotes":""},"categories":[],"tags":[],"class_list":["post-4442","page","type-page","status-publish","hentry"],"_links":{"self":[{"href":"https:\/\/portal.unisepe.com.br\/univr\/wp-json\/wp\/v2\/pages\/4442","targetHints":{"allow":["GET"]}}],"collection":[{"href":"https:\/\/portal.unisepe.com.br\/univr\/wp-json\/wp\/v2\/pages"}],"about":[{"href":"https:\/\/portal.unisepe.com.br\/univr\/wp-json\/wp\/v2\/types\/page"}],"author":[{"embeddable":true,"href":"https:\/\/portal.unisepe.com.br\/univr\/wp-json\/wp\/v2\/users\/10"}],"replies":[{"embeddable":true,"href":"https:\/\/portal.unisepe.com.br\/univr\/wp-json\/wp\/v2\/comments?post=4442"}],"version-history":[{"count":4,"href":"https:\/\/portal.unisepe.com.br\/univr\/wp-json\/wp\/v2\/pages\/4442\/revisions"}],"predecessor-version":[{"id":4451,"href":"https:\/\/portal.unisepe.com.br\/univr\/wp-json\/wp\/v2\/pages\/4442\/revisions\/4451"}],"up":[{"embeddable":true,"href":"https:\/\/portal.unisepe.com.br\/univr\/wp-json\/wp\/v2\/pages\/348"}],"wp:attachment":[{"href":"https:\/\/portal.unisepe.com.br\/univr\/wp-json\/wp\/v2\/media?parent=4442"}],"wp:term":[{"taxonomy":"category","embeddable":true,"href":"https:\/\/portal.unisepe.com.br\/univr\/wp-json\/wp\/v2\/categories?post=4442"},{"taxonomy":"post_tag","embeddable":true,"href":"https:\/\/portal.unisepe.com.br\/univr\/wp-json\/wp\/v2\/tags?post=4442"}],"curies":[{"name":"wp","href":"https:\/\/api.w.org\/{rel}","templated":true}]}}