{"id":4454,"date":"2021-03-26T10:38:10","date_gmt":"2021-03-26T13:38:10","guid":{"rendered":"https:\/\/portal.unisepe.com.br\/univr\/?page_id=4454"},"modified":"2021-08-20T17:15:39","modified_gmt":"2021-08-20T20:15:39","slug":"convenios-documentos","status":"publish","type":"page","link":"https:\/\/portal.unisepe.com.br\/univr\/convenios-documentos\/","title":{"rendered":"Conv\u00eanios documentos"},"content":{"rendered":"<p><strong>\u00a0MODELO DE DOCUMENTOS<\/strong><\/p>\n<ul>\n<li><a href=\"https:\/\/portal.unisepe.com.br\/univr\/wp-content\/uploads\/sites\/10004\/2021\/08\/CONTRATO-TERMO-DE-COMPROMISSO-DE-ESTAGIO-SEM-VINCULO-EMPREGATICIO.pdf\" target=\"_blank\" rel=\"noopener noreferrer\">CONTRATO DE EST\u00c1GIO &#8211; TERMO DE COMPROMISSO DE EST\u00c1GIO SEM V\u00cdNCULO EMPREGAT\u00cdCIO<\/a><\/li>\n<li><a href=\"https:\/\/portal.unisepe.com.br\/univr\/wp-content\/uploads\/sites\/10004\/2021\/03\/TUTORIAL-DE-SOLICITA\u00c7\u00c3O-DE-SERVI\u00c7OS-EST\u00c1GIO.pdf\" target=\"_blank\" rel=\"noopener noreferrer\">TUTORIAL DE SOLICITA\u00c7\u00c3O DE SERVI\u00c7OS &#8211; EST\u00c1GIO<\/a><\/li>\n<li><a href=\"https:\/\/portal.unisepe.com.br\/univr\/wp-content\/uploads\/sites\/10004\/2021\/03\/MODELO-DE-CONVENIO.pdf\" target=\"_blank\" rel=\"noopener noreferrer\">MODELO DE CONV\u00caNIO<\/a><\/li>\n<\/ul>\n","protected":false},"excerpt":{"rendered":"<p>\u00a0MODELO DE DOCUMENTOS CONTRATO DE EST\u00c1GIO &#8211; TERMO DE COMPROMISSO DE EST\u00c1GIO SEM V\u00cdNCULO EMPREGAT\u00cdCIO TUTORIAL DE SOLICITA\u00c7\u00c3O DE SERVI\u00c7OS &#8211; EST\u00c1GIO MODELO DE CONV\u00caNIO<\/p>\n","protected":false},"author":1,"featured_media":0,"parent":0,"menu_order":0,"comment_status":"closed","ping_status":"closed","template":"","meta":{"footnotes":""},"categories":[],"tags":[],"class_list":["post-4454","page","type-page","status-publish","hentry"],"_links":{"self":[{"href":"https:\/\/portal.unisepe.com.br\/univr\/wp-json\/wp\/v2\/pages\/4454","targetHints":{"allow":["GET"]}}],"collection":[{"href":"https:\/\/portal.unisepe.com.br\/univr\/wp-json\/wp\/v2\/pages"}],"about":[{"href":"https:\/\/portal.unisepe.com.br\/univr\/wp-json\/wp\/v2\/types\/page"}],"author":[{"embeddable":true,"href":"https:\/\/portal.unisepe.com.br\/univr\/wp-json\/wp\/v2\/users\/1"}],"replies":[{"embeddable":true,"href":"https:\/\/portal.unisepe.com.br\/univr\/wp-json\/wp\/v2\/comments?post=4454"}],"version-history":[{"count":6,"href":"https:\/\/portal.unisepe.com.br\/univr\/wp-json\/wp\/v2\/pages\/4454\/revisions"}],"predecessor-version":[{"id":4660,"href":"https:\/\/portal.unisepe.com.br\/univr\/wp-json\/wp\/v2\/pages\/4454\/revisions\/4660"}],"wp:attachment":[{"href":"https:\/\/portal.unisepe.com.br\/univr\/wp-json\/wp\/v2\/media?parent=4454"}],"wp:term":[{"taxonomy":"category","embeddable":true,"href":"https:\/\/portal.unisepe.com.br\/univr\/wp-json\/wp\/v2\/categories?post=4454"},{"taxonomy":"post_tag","embeddable":true,"href":"https:\/\/portal.unisepe.com.br\/univr\/wp-json\/wp\/v2\/tags?post=4454"}],"curies":[{"name":"wp","href":"https:\/\/api.w.org\/{rel}","templated":true}]}}