{"id":4539,"date":"2021-06-17T11:00:30","date_gmt":"2021-06-17T14:00:30","guid":{"rendered":"https:\/\/portal.unisepe.com.br\/univr\/?page_id=4539"},"modified":"2024-02-24T09:48:32","modified_gmt":"2024-02-24T12:48:32","slug":"acessibilidade-pad","status":"publish","type":"page","link":"https:\/\/portal.unisepe.com.br\/univr\/pad\/acessibilidade-pad\/","title":{"rendered":"Acessibilidade PAD"},"content":{"rendered":"<p style=\"text-align: justify\">O Centro Universit\u00e1rio do Vale do Ribeira possibilita as pessoas com defici\u00eancia e mobilidade reduzida, igualdade de oportunidades com seguran\u00e7a e autonomia para o acesso as depend\u00eancias da institui\u00e7\u00e3o e aos recursos did\u00e1ticos.<\/p>\n<p>&nbsp;<\/p>\n<p style=\"text-align: justify\"><strong>Pessoa com defici\u00eancia:<\/strong> aquela que tem impedimento de longo prazo de natureza f\u00edsica, mental, intelectual ou sensorial, o qual, em intera\u00e7\u00e3o com uma ou mais barreiras, pode obstruir sua participa\u00e7\u00e3o plena e efetiva na sociedade em igualdade de condi\u00e7\u00f5es com as demais pessoas.<\/p>\n<p>&nbsp;<\/p>\n<p style=\"text-align: justify\"><strong>Pessoa com mobilidade reduzida:<\/strong> aquela que tenha, por qualquer motivo, dificuldade de movimenta\u00e7\u00e3o, permanente ou tempor\u00e1ria, gerando redu\u00e7\u00e3o efetiva da mobilidade, da flexibilidade, da coordena\u00e7\u00e3o motora ou da percep\u00e7\u00e3o, incluindo idoso, gestante, lactante, pessoa com crian\u00e7a de colo e obeso.<\/p>\n","protected":false},"excerpt":{"rendered":"<p>O Centro Universit\u00e1rio do Vale do Ribeira possibilita as pessoas com defici\u00eancia e mobilidade reduzida, igualdade de oportunidades com seguran\u00e7a e autonomia para o acesso as depend\u00eancias da institui\u00e7\u00e3o e aos recursos did\u00e1ticos. &nbsp; Pessoa com defici\u00eancia: aquela que tem impedimento de longo prazo de natureza f\u00edsica, mental, intelectual ou<\/p>\n","protected":false},"author":10,"featured_media":0,"parent":4553,"menu_order":60,"comment_status":"closed","ping_status":"closed","template":"templates\/template-pagina_menu_vertical.php","meta":{"footnotes":""},"categories":[],"tags":[],"class_list":["post-4539","page","type-page","status-publish","hentry"],"_links":{"self":[{"href":"https:\/\/portal.unisepe.com.br\/univr\/wp-json\/wp\/v2\/pages\/4539","targetHints":{"allow":["GET"]}}],"collection":[{"href":"https:\/\/portal.unisepe.com.br\/univr\/wp-json\/wp\/v2\/pages"}],"about":[{"href":"https:\/\/portal.unisepe.com.br\/univr\/wp-json\/wp\/v2\/types\/page"}],"author":[{"embeddable":true,"href":"https:\/\/portal.unisepe.com.br\/univr\/wp-json\/wp\/v2\/users\/10"}],"replies":[{"embeddable":true,"href":"https:\/\/portal.unisepe.com.br\/univr\/wp-json\/wp\/v2\/comments?post=4539"}],"version-history":[{"count":12,"href":"https:\/\/portal.unisepe.com.br\/univr\/wp-json\/wp\/v2\/pages\/4539\/revisions"}],"predecessor-version":[{"id":6234,"href":"https:\/\/portal.unisepe.com.br\/univr\/wp-json\/wp\/v2\/pages\/4539\/revisions\/6234"}],"up":[{"embeddable":true,"href":"https:\/\/portal.unisepe.com.br\/univr\/wp-json\/wp\/v2\/pages\/4553"}],"wp:attachment":[{"href":"https:\/\/portal.unisepe.com.br\/univr\/wp-json\/wp\/v2\/media?parent=4539"}],"wp:term":[{"taxonomy":"category","embeddable":true,"href":"https:\/\/portal.unisepe.com.br\/univr\/wp-json\/wp\/v2\/categories?post=4539"},{"taxonomy":"post_tag","embeddable":true,"href":"https:\/\/portal.unisepe.com.br\/univr\/wp-json\/wp\/v2\/tags?post=4539"}],"curies":[{"name":"wp","href":"https:\/\/api.w.org\/{rel}","templated":true}]}}