{"id":4553,"date":"2021-06-17T17:26:26","date_gmt":"2021-06-17T20:26:26","guid":{"rendered":"https:\/\/portal.unisepe.com.br\/univr\/?page_id=4553"},"modified":"2024-02-24T09:49:41","modified_gmt":"2024-02-24T12:49:41","slug":"pad","status":"publish","type":"page","link":"https:\/\/portal.unisepe.com.br\/univr\/pad\/","title":{"rendered":"PAD"},"content":{"rendered":"<p style=\"text-align: justify\">O Programa de Apoio ao Discente (PAD) \u00e9 um \u00f3rg\u00e3o institucional, que atua com \u00eanfase na <strong>promo\u00e7\u00e3o da sa\u00fade biopsicossocial<\/strong> do aluno e na busca pelo melhor desenvolvimento acad\u00eamico e pessoal durante o processo de forma\u00e7\u00e3o profissional.<\/p>\n<p>&nbsp;<\/p>\n<p><em><strong>Hor\u00e1rio de atendimento na UNIVR:<\/strong><\/em><\/p>\n<p>De segunda-feira, das 14h \u00e0s 17h e das 18h \u00e0s 21h<\/p>\n<p><em>Local: <\/em>Cl\u00ednica de psicologia<\/p>\n<p>&nbsp;<\/p>\n<p><em><strong>Hor\u00e1rio de atendimento na Policl\u00ednica IESEP:<\/strong><\/em><\/p>\n<p>De segunda a quinta-feira, das 8h \u00e0s 11h<\/p>\n<p><em>Local:<\/em> Policl\u00ednica IESEP<\/p>\n<p>&nbsp;<\/p>\n<p>Contato do PAD: <a href=\"mailto:pad@scelisul.com.br\">pad@scelisul.com.br<\/a><\/p>\n<p>&nbsp;<\/p>\n<p style=\"text-align: center\"><em><strong>Etapas do atendimento<\/strong><\/em><\/p>\n<p>&nbsp;<\/p>\n<div class=\"text-center\"><img loading=\"lazy\" decoding=\"async\" src=\"https:\/\/portal.unisepe.com.br\/univr\/wp-content\/uploads\/sites\/10004\/2024\/02\/etapas-pad.png\" alt=\"Etapas de atendimento do Programa de Apoio ao Discente\" width=\"900\" height=\"189\" class=\"aligncenter wp-image-6206\" srcset=\"https:\/\/portal.unisepe.com.br\/univr\/wp-content\/uploads\/sites\/10004\/2024\/02\/etapas-pad.png 1090w, https:\/\/portal.unisepe.com.br\/univr\/wp-content\/uploads\/sites\/10004\/2024\/02\/etapas-pad-300x63.png 300w, https:\/\/portal.unisepe.com.br\/univr\/wp-content\/uploads\/sites\/10004\/2024\/02\/etapas-pad-1024x215.png 1024w, https:\/\/portal.unisepe.com.br\/univr\/wp-content\/uploads\/sites\/10004\/2024\/02\/etapas-pad-768x161.png 768w\" sizes=\"auto, (max-width: 900px) 100vw, 900px\" \/><\/div>\n","protected":false},"excerpt":{"rendered":"<p>O Programa de Apoio ao Discente (PAD) \u00e9 um \u00f3rg\u00e3o institucional, que atua com \u00eanfase na promo\u00e7\u00e3o da sa\u00fade biopsicossocial do aluno e na busca pelo melhor desenvolvimento acad\u00eamico e pessoal durante o processo de forma\u00e7\u00e3o profissional. &nbsp; Hor\u00e1rio de atendimento na UNIVR: De segunda-feira, das 14h \u00e0s 17h e<\/p>\n","protected":false},"author":10,"featured_media":0,"parent":0,"menu_order":0,"comment_status":"closed","ping_status":"closed","template":"templates\/template-pagina_menu_vertical.php","meta":{"footnotes":""},"categories":[],"tags":[],"class_list":["post-4553","page","type-page","status-publish","hentry"],"_links":{"self":[{"href":"https:\/\/portal.unisepe.com.br\/univr\/wp-json\/wp\/v2\/pages\/4553","targetHints":{"allow":["GET"]}}],"collection":[{"href":"https:\/\/portal.unisepe.com.br\/univr\/wp-json\/wp\/v2\/pages"}],"about":[{"href":"https:\/\/portal.unisepe.com.br\/univr\/wp-json\/wp\/v2\/types\/page"}],"author":[{"embeddable":true,"href":"https:\/\/portal.unisepe.com.br\/univr\/wp-json\/wp\/v2\/users\/10"}],"replies":[{"embeddable":true,"href":"https:\/\/portal.unisepe.com.br\/univr\/wp-json\/wp\/v2\/comments?post=4553"}],"version-history":[{"count":7,"href":"https:\/\/portal.unisepe.com.br\/univr\/wp-json\/wp\/v2\/pages\/4553\/revisions"}],"predecessor-version":[{"id":6238,"href":"https:\/\/portal.unisepe.com.br\/univr\/wp-json\/wp\/v2\/pages\/4553\/revisions\/6238"}],"wp:attachment":[{"href":"https:\/\/portal.unisepe.com.br\/univr\/wp-json\/wp\/v2\/media?parent=4553"}],"wp:term":[{"taxonomy":"category","embeddable":true,"href":"https:\/\/portal.unisepe.com.br\/univr\/wp-json\/wp\/v2\/categories?post=4553"},{"taxonomy":"post_tag","embeddable":true,"href":"https:\/\/portal.unisepe.com.br\/univr\/wp-json\/wp\/v2\/tags?post=4553"}],"curies":[{"name":"wp","href":"https:\/\/api.w.org\/{rel}","templated":true}]}}