{"id":4561,"date":"2021-06-18T08:59:48","date_gmt":"2021-06-18T11:59:48","guid":{"rendered":"https:\/\/portal.unisepe.com.br\/univr\/?page_id=4561"},"modified":"2022-09-08T15:46:19","modified_gmt":"2022-09-08T18:46:19","slug":"informacoes","status":"publish","type":"page","link":"https:\/\/portal.unisepe.com.br\/univr\/biblioteca\/informacoes\/","title":{"rendered":"Informa\u00e7\u00f5es"},"content":{"rendered":"<p><a href=\"https:\/\/portal.unisepe.com.br\/univr\/wp-content\/uploads\/sites\/10004\/2022\/09\/INFORMA\u00c7\u00d5ES-CENTRO-UNIVERSIT\u00c1RIO-pdf.pdf\">INFORMA\u00c7\u00d5ES-CENTRO-UNIVERSIT\u00c1RIO pdf<\/a><\/p>\n","protected":false},"excerpt":{"rendered":"<p>INFORMA\u00c7\u00d5ES-CENTRO-UNIVERSIT\u00c1RIO pdf<\/p>\n","protected":false},"author":10,"featured_media":0,"parent":285,"menu_order":0,"comment_status":"closed","ping_status":"closed","template":"templates\/template-pagina_link.php","meta":{"footnotes":""},"categories":[],"tags":[],"class_list":["post-4561","page","type-page","status-publish","hentry"],"_links":{"self":[{"href":"https:\/\/portal.unisepe.com.br\/univr\/wp-json\/wp\/v2\/pages\/4561","targetHints":{"allow":["GET"]}}],"collection":[{"href":"https:\/\/portal.unisepe.com.br\/univr\/wp-json\/wp\/v2\/pages"}],"about":[{"href":"https:\/\/portal.unisepe.com.br\/univr\/wp-json\/wp\/v2\/types\/page"}],"author":[{"embeddable":true,"href":"https:\/\/portal.unisepe.com.br\/univr\/wp-json\/wp\/v2\/users\/10"}],"replies":[{"embeddable":true,"href":"https:\/\/portal.unisepe.com.br\/univr\/wp-json\/wp\/v2\/comments?post=4561"}],"version-history":[{"count":3,"href":"https:\/\/portal.unisepe.com.br\/univr\/wp-json\/wp\/v2\/pages\/4561\/revisions"}],"predecessor-version":[{"id":5606,"href":"https:\/\/portal.unisepe.com.br\/univr\/wp-json\/wp\/v2\/pages\/4561\/revisions\/5606"}],"up":[{"embeddable":true,"href":"https:\/\/portal.unisepe.com.br\/univr\/wp-json\/wp\/v2\/pages\/285"}],"wp:attachment":[{"href":"https:\/\/portal.unisepe.com.br\/univr\/wp-json\/wp\/v2\/media?parent=4561"}],"wp:term":[{"taxonomy":"category","embeddable":true,"href":"https:\/\/portal.unisepe.com.br\/univr\/wp-json\/wp\/v2\/categories?post=4561"},{"taxonomy":"post_tag","embeddable":true,"href":"https:\/\/portal.unisepe.com.br\/univr\/wp-json\/wp\/v2\/tags?post=4561"}],"curies":[{"name":"wp","href":"https:\/\/api.w.org\/{rel}","templated":true}]}}