{"id":4564,"date":"2021-06-18T16:41:42","date_gmt":"2021-06-18T19:41:42","guid":{"rendered":"https:\/\/portal.unisepe.com.br\/univr\/?page_id=4564"},"modified":"2022-05-16T11:55:56","modified_gmt":"2022-05-16T14:55:56","slug":"atendimento-juridico-on-line","status":"publish","type":"page","link":"https:\/\/portal.unisepe.com.br\/univr\/direito\/atendimento-juridico-on-line\/","title":{"rendered":"Atendimento Jur\u00eddico On-Line"},"content":{"rendered":"<div class=\"row\">\n<div class=\"col-md-4\"><img loading=\"lazy\" decoding=\"async\" src=\"https:\/\/portal.unisepe.com.br\/univr\/wp-content\/uploads\/sites\/10004\/2021\/06\/PROJETO-NPJ-T\u00c1-ON-CAPA.jpg\" alt=\"\" width=\"400\" height=\"571\" class=\"alignnone wp-image-4565\" style=\"font-size: 15.2015px;\" \/><\/div>\n<div class=\"col-md-8\">\n<p style=\"text-align: justify;\">A UNIVR, por meio do N\u00facleo de Pr\u00e1ticas Jur\u00eddicas do Curso de Gradua\u00e7\u00e3o em Direito, oferece \u00e0 popula\u00e7\u00e3o carente e vulner\u00e1vel orienta\u00e7\u00f5es jur\u00eddicas, gratuitas e on-line, nas \u00e1reas Penal, C\u00edvel e Trabalhista.<\/p>\n<p><span style=\"text-align: justify; font-size: 0.95em;\"><a href=\"https:\/\/mautic.unisepe.com.br\/asset\/28:projeto-npj-ta-on\" target=\"_blank\" rel=\"noopener noreferrer\">Clique aqui<\/a><\/span> e confira o projeto na \u00edntegra.<\/p>\n<p><a href=\"https:\/\/mautic.unisepe.com.br\/asset\/27:termo-npj-univr\" target=\"_blank\" rel=\"noopener noreferrer\">Clique aqui<\/a> para conferir os termos de uso.<\/p>\n<p>&nbsp;<\/p>\n<p><script type=\"text\/javascript\" src=\"\/\/mautic.unisepe.com.br\/form\/generate.js?id=20\"><\/script><\/p>\n<\/div>\n<\/div>\n","protected":false},"excerpt":{"rendered":"<p>A UNIVR, por meio do N\u00facleo de Pr\u00e1ticas Jur\u00eddicas do Curso de Gradua\u00e7\u00e3o em Direito, oferece \u00e0 popula\u00e7\u00e3o carente e vulner\u00e1vel orienta\u00e7\u00f5es jur\u00eddicas, gratuitas e on-line, nas \u00e1reas Penal, C\u00edvel e Trabalhista. Clique aqui e confira o projeto na \u00edntegra. Clique aqui para conferir os termos de uso. &nbsp;<\/p>\n","protected":false},"author":1,"featured_media":0,"parent":348,"menu_order":4,"comment_status":"closed","ping_status":"closed","template":"templates\/template-curso_menu_vertical.php","meta":{"footnotes":""},"categories":[],"tags":[],"class_list":["post-4564","page","type-page","status-publish","hentry"],"_links":{"self":[{"href":"https:\/\/portal.unisepe.com.br\/univr\/wp-json\/wp\/v2\/pages\/4564","targetHints":{"allow":["GET"]}}],"collection":[{"href":"https:\/\/portal.unisepe.com.br\/univr\/wp-json\/wp\/v2\/pages"}],"about":[{"href":"https:\/\/portal.unisepe.com.br\/univr\/wp-json\/wp\/v2\/types\/page"}],"author":[{"embeddable":true,"href":"https:\/\/portal.unisepe.com.br\/univr\/wp-json\/wp\/v2\/users\/1"}],"replies":[{"embeddable":true,"href":"https:\/\/portal.unisepe.com.br\/univr\/wp-json\/wp\/v2\/comments?post=4564"}],"version-history":[{"count":19,"href":"https:\/\/portal.unisepe.com.br\/univr\/wp-json\/wp\/v2\/pages\/4564\/revisions"}],"predecessor-version":[{"id":5462,"href":"https:\/\/portal.unisepe.com.br\/univr\/wp-json\/wp\/v2\/pages\/4564\/revisions\/5462"}],"up":[{"embeddable":true,"href":"https:\/\/portal.unisepe.com.br\/univr\/wp-json\/wp\/v2\/pages\/348"}],"wp:attachment":[{"href":"https:\/\/portal.unisepe.com.br\/univr\/wp-json\/wp\/v2\/media?parent=4564"}],"wp:term":[{"taxonomy":"category","embeddable":true,"href":"https:\/\/portal.unisepe.com.br\/univr\/wp-json\/wp\/v2\/categories?post=4564"},{"taxonomy":"post_tag","embeddable":true,"href":"https:\/\/portal.unisepe.com.br\/univr\/wp-json\/wp\/v2\/tags?post=4564"}],"curies":[{"name":"wp","href":"https:\/\/api.w.org\/{rel}","templated":true}]}}