{"id":472,"date":"2016-07-12T18:41:11","date_gmt":"2016-07-12T18:41:11","guid":{"rendered":"http:\/\/portal.unisepe.com.br\/univr\/?page_id=472"},"modified":"2023-03-22T13:57:03","modified_gmt":"2023-03-22T16:57:03","slug":"matematica","status":"publish","type":"page","link":"https:\/\/portal.unisepe.com.br\/univr\/matematica\/","title":{"rendered":"Matem\u00e1tica"},"content":{"rendered":"<p style=\"text-align: justify;\"><strong><img loading=\"lazy\" decoding=\"async\" class=\"size-full wp-image-254 alignleft\" src=\"http:\/\/portal.unisepe.com.br\/univr\/wp-content\/uploads\/sites\/10004\/2016\/07\/matematica.png\" alt=\"matematica\" width=\"98\" height=\"100\" \/>Concep\u00e7\u00e3o do curso<\/strong><\/p>\n<p style=\"text-align: justify;\">Amparados pela Diretrizes Curriculares, o curso de Licenciatura em Matem\u00e1tica caracteriza-se por uma forma\u00e7\u00e3o ampla e s\u00f3lida na constru\u00e7\u00e3o do conhecimento na \u00e1rea da Matem\u00e1tica, no que diz respeito a conceitos, princ\u00edpios e teorias, bem como a compreens\u00e3o do significado das Ci\u00eancias Matem\u00e1ticas para a sociedade e da sua responsabilidade como educador nos v\u00e1rios contextos de sua atua\u00e7\u00e3o profissional, consciente do seu papel na forma\u00e7\u00e3o de cidad\u00e3os. No desenvolvimento do curso oportuniza a constru\u00e7\u00e3o de um profissional com forma\u00e7\u00e3o pedag\u00f3gica e capacitado para atuar nos processos de ensino-aprendizagem tanto na educa\u00e7\u00e3o b\u00e1sica quanto no ensino superior, conhecedor das condi\u00e7\u00f5es educacionais em que vive e agente de transforma\u00e7\u00e3o dessa realidade.<\/p>\n<p style=\"text-align: justify;\"><strong>Objetivo Geral<\/strong><\/p>\n<p style=\"text-align: justify;\">Formar educadores aptos ao exerc\u00edcio profissional competente, capazes de compreender a Matem\u00e1tica inserida no cotidiano social, cultural econ\u00f4mico, pol\u00edtico e, sobretudo que possam integrar teoria e pr\u00e1tica na a\u00e7\u00e3o educativa fomentando desta forma a Educa\u00e7\u00e3o Matem\u00e1tica.<\/p>\n<p style=\"text-align: justify;\"><strong>Objetivos espec\u00edficos<\/strong><\/p>\n<ul>\n<li style=\"text-align: justify;\">Capacitar professores para compreender a ci\u00eancia como atividade humana contextualizada e como elemento de interpreta\u00e7\u00e3o e interven\u00e7\u00e3o no mundo;<\/li>\n<li style=\"text-align: justify;\">Contemplar as exig\u00eancias do perfil do professor de Matem\u00e1tica, levando em considera\u00e7\u00e3o a identifica\u00e7\u00e3o de problemas e necessidades atuais e prospectivas da sociedade, assim como da legisla\u00e7\u00e3o vigente;<\/li>\n<li style=\"text-align: justify;\">Entender e aplicar m\u00e9todos e procedimentos pr\u00f3prios da Matem\u00e1tica;<\/li>\n<li style=\"text-align: justify;\">compreender a Matem\u00e1tica, com base numa vis\u00e3o hist\u00f3rica e cr\u00edtica, tanto no estado atual como nas v\u00e1rias fases de sua evolu\u00e7\u00e3o;<\/li>\n<li style=\"text-align: justify;\">relacionar v\u00e1rios campos da Matem\u00e1tica para elaborar modelos, resolver problemas e interpretar dados;<\/li>\n<li style=\"text-align: justify;\">trabalhar com conceitos abstratos na resolu\u00e7\u00e3o de problemas.<\/li>\n<\/ul>\n","protected":false},"excerpt":{"rendered":"<p>Concep\u00e7\u00e3o do curso Amparados pela Diretrizes Curriculares, o curso de Licenciatura em Matem\u00e1tica caracteriza-se por uma forma\u00e7\u00e3o ampla e s\u00f3lida na constru\u00e7\u00e3o do conhecimento na \u00e1rea da Matem\u00e1tica, no que diz respeito a conceitos, princ\u00edpios e teorias, bem como a compreens\u00e3o do significado das Ci\u00eancias Matem\u00e1ticas para a sociedade e<\/p>\n","protected":false},"author":1,"featured_media":0,"parent":0,"menu_order":0,"comment_status":"closed","ping_status":"closed","template":"templates\/template-curso_menu_vertical.php","meta":{"footnotes":""},"categories":[143],"tags":[149],"class_list":["post-472","page","type-page","status-publish","hentry","category-cursos-graduacao-presencial","tag-cursos-licenciatura"],"_links":{"self":[{"href":"https:\/\/portal.unisepe.com.br\/univr\/wp-json\/wp\/v2\/pages\/472","targetHints":{"allow":["GET"]}}],"collection":[{"href":"https:\/\/portal.unisepe.com.br\/univr\/wp-json\/wp\/v2\/pages"}],"about":[{"href":"https:\/\/portal.unisepe.com.br\/univr\/wp-json\/wp\/v2\/types\/page"}],"author":[{"embeddable":true,"href":"https:\/\/portal.unisepe.com.br\/univr\/wp-json\/wp\/v2\/users\/1"}],"replies":[{"embeddable":true,"href":"https:\/\/portal.unisepe.com.br\/univr\/wp-json\/wp\/v2\/comments?post=472"}],"version-history":[{"count":2,"href":"https:\/\/portal.unisepe.com.br\/univr\/wp-json\/wp\/v2\/pages\/472\/revisions"}],"predecessor-version":[{"id":2524,"href":"https:\/\/portal.unisepe.com.br\/univr\/wp-json\/wp\/v2\/pages\/472\/revisions\/2524"}],"wp:attachment":[{"href":"https:\/\/portal.unisepe.com.br\/univr\/wp-json\/wp\/v2\/media?parent=472"}],"wp:term":[{"taxonomy":"category","embeddable":true,"href":"https:\/\/portal.unisepe.com.br\/univr\/wp-json\/wp\/v2\/categories?post=472"},{"taxonomy":"post_tag","embeddable":true,"href":"https:\/\/portal.unisepe.com.br\/univr\/wp-json\/wp\/v2\/tags?post=472"}],"curies":[{"name":"wp","href":"https:\/\/api.w.org\/{rel}","templated":true}]}}