{"id":4761,"date":"2021-09-10T17:00:53","date_gmt":"2021-09-10T20:00:53","guid":{"rendered":"https:\/\/portal.unisepe.com.br\/univr\/?page_id=4761"},"modified":"2021-09-21T19:21:43","modified_gmt":"2021-09-21T22:21:43","slug":"bosque-registro","status":"publish","type":"page","link":"https:\/\/portal.unisepe.com.br\/univr\/bosque-registro\/","title":{"rendered":"Bosque Registro"},"content":{"rendered":"<div class=\"container\">\n<h2 style=\"text-align: center;font-weight: normal\">Projeto UNIVR<\/h2>\n<p style=\"text-align: justify;color: #596080\">Esse projeto foi desenvolvido pelos alunos do curso de An\u00e1lise e Desenvolvimento de Sistemas em parceria com a Prefeitura Municipal de Registro &#8211; SP, visando a implanta\u00e7\u00e3o da tecnologia de QR Code no Bosque Municipal de Registro, dando maior valoriza\u00e7\u00e3o ambiental, cultural e tur\u00edstica para o local. Aproveitem o Passeio!<\/p>\n<\/div>\n<p>&nbsp;<\/p>\n<hr style=\"border: 1px solid #323665;margin: 0\" \/>\n<div class=\"text-center\" style=\"margin-top: -15px\">\n    <img decoding=\"async\" src=\"https:\/\/portal.unisepe.com.br\/univr\/wp-content\/uploads\/sites\/10004\/2021\/09\/next.png\" width=\"40px\" height=\"40px\" \/>\n<\/div>\n<p>&nbsp;<\/p>\n<h2 style=\"text-align: center;font-weight: normal;color: #596080\">Ir para<\/h2>\n<div class=\"row mt-5\">\n<div class=\"col-md shadow-lg m-2 p-5\" style=\"border-radius: 10%\">\n<div class=\"text-center\">\n            <img decoding=\"async\" src=\"https:\/\/portal.unisepe.com.br\/univr\/wp-content\/uploads\/sites\/10004\/2021\/09\/home.png\" width=\"80px\" height=\"80px\" \/>\n        <\/div>\n<h3 class=\"mb-4 mt-0\" style=\"text-align: center;font-weight: normal;color: #462663\">Unisepe<\/h3>\n<p style=\"text-align: justify;color: #596080\">O projeto ser\u00e1 realizado em parceria com a equipe respons\u00e1vel pelo Bosque Municipal Torazo Okamoto situado na cidade de Registro.<\/p>\n<\/p><\/div>\n<div class=\"col-md shadow-lg m-2 p-5\" style=\"border-radius: 10%\">\n<div class=\"text-center\">\n            <img decoding=\"async\" src=\"https:\/\/portal.unisepe.com.br\/univr\/wp-content\/uploads\/sites\/10004\/2021\/09\/qrcode-scan.png\" width=\"80px\" height=\"80px\" \/><\/p>\n<h3 class=\"mb-4 mt-0\" style=\"text-align: center;font-weight: normal;color: #462663\">Esp\u00e9cies Nativas<\/h3>\n<p style=\"text-align: justify;color: #596080\" class=\"mb-4\">O passeio pelo Bosque ganhar\u00e1 novo atrativo. Placas informativas que ser\u00e3o fixadas ter\u00e3o um tipo de leitor de c\u00f3digo de barras (QR Code).<\/p>\n<p><a href=\"https:\/\/portal.unisepe.com.br\/univr\/bosque-registro\/especies-nativas\/\" style=\"padding: 5px 30px;color: #6563ff;font-size: 15px;width: 200px;height: 46px;background-color: #fff;border-radius: 20px;border: 2px solid #6563ff\">Saiba mais<\/a>\n    <\/div>\n<\/div>\n<div class=\"col-md shadow-lg m-2 p-5\" style=\"border-radius: 10%\">\n<div class=\"text-center\">\n            <img decoding=\"async\" src=\"https:\/\/portal.unisepe.com.br\/univr\/wp-content\/uploads\/sites\/10004\/2021\/09\/map.png\" width=\"80px\" height=\"80px\" \/><\/p>\n<h3 class=\"mb-4 mt-0\" style=\"text-align: center;font-weight: normal;color: #462663\">Fa\u00e7a uma visita<\/h3>\n<p style=\"text-align: justify;color: #596080\" class=\"mb-4\">S\u00edmbolo da natureza abundante na regi\u00e3o, o Bosque come\u00e7ou a ser revitalizado pela Prefeitura de Registro na primeira quinzena de abril.<\/p>\n<p><a href=\"https:\/\/www.google.com.br\/maps\/place\/R.+Osc%C3%A1r+Yoshiaki+Margario,+185+-+Jardim+das+Palmeiras,+Registro+-+SP,+11900-000\/@-24.5229685,-47.8454201,17z\/data=!3m1!4b1!4m5!3m4!1s0x94c5335f799f3df1:0xfa5bcf90a89b9c67!8m2!3d-24.5229685!4d-47.8432314\" style=\"padding: 5px 30px;color: #6563ff;font-size: 15px;width: 200px;height: 46px;background-color: #fff;border-radius: 20px;border: 2px solid #6563ff\">Saiba mais<\/a>\n    <\/div>\n<\/div>\n","protected":false},"excerpt":{"rendered":"<p>Projeto UNIVR Esse projeto foi desenvolvido pelos alunos do curso de An\u00e1lise e Desenvolvimento de Sistemas em parceria com a Prefeitura Municipal de Registro &#8211; SP, visando a implanta\u00e7\u00e3o da tecnologia de QR Code no Bosque Municipal de Registro, dando maior valoriza\u00e7\u00e3o ambiental, cultural e tur\u00edstica para o local. Aproveitem<\/p>\n","protected":false},"author":1,"featured_media":0,"parent":0,"menu_order":0,"comment_status":"closed","ping_status":"closed","template":"templates\/template-pagina_menu_vertical.php","meta":{"footnotes":""},"categories":[],"tags":[],"class_list":["post-4761","page","type-page","status-publish","hentry"],"_links":{"self":[{"href":"https:\/\/portal.unisepe.com.br\/univr\/wp-json\/wp\/v2\/pages\/4761","targetHints":{"allow":["GET"]}}],"collection":[{"href":"https:\/\/portal.unisepe.com.br\/univr\/wp-json\/wp\/v2\/pages"}],"about":[{"href":"https:\/\/portal.unisepe.com.br\/univr\/wp-json\/wp\/v2\/types\/page"}],"author":[{"embeddable":true,"href":"https:\/\/portal.unisepe.com.br\/univr\/wp-json\/wp\/v2\/users\/1"}],"replies":[{"embeddable":true,"href":"https:\/\/portal.unisepe.com.br\/univr\/wp-json\/wp\/v2\/comments?post=4761"}],"version-history":[{"count":71,"href":"https:\/\/portal.unisepe.com.br\/univr\/wp-json\/wp\/v2\/pages\/4761\/revisions"}],"predecessor-version":[{"id":4976,"href":"https:\/\/portal.unisepe.com.br\/univr\/wp-json\/wp\/v2\/pages\/4761\/revisions\/4976"}],"wp:attachment":[{"href":"https:\/\/portal.unisepe.com.br\/univr\/wp-json\/wp\/v2\/media?parent=4761"}],"wp:term":[{"taxonomy":"category","embeddable":true,"href":"https:\/\/portal.unisepe.com.br\/univr\/wp-json\/wp\/v2\/categories?post=4761"},{"taxonomy":"post_tag","embeddable":true,"href":"https:\/\/portal.unisepe.com.br\/univr\/wp-json\/wp\/v2\/tags?post=4761"}],"curies":[{"name":"wp","href":"https:\/\/api.w.org\/{rel}","templated":true}]}}