{"id":4812,"date":"2021-09-21T10:18:29","date_gmt":"2021-09-21T13:18:29","guid":{"rendered":"https:\/\/portal.unisepe.com.br\/univr\/?page_id=4812"},"modified":"2021-09-21T19:59:43","modified_gmt":"2021-09-21T22:59:43","slug":"e0013","status":"publish","type":"page","link":"https:\/\/portal.unisepe.com.br\/univr\/bosque-registro\/e0013\/","title":{"rendered":"\u00c1rvore do viajante"},"content":{"rendered":"<div class=\"text-center\"><img decoding=\"async\" src=\"https:\/\/portal.unisepe.com.br\/univr\/wp-content\/uploads\/sites\/10004\/2021\/09\/arvoreViajante-1.png\" alt=\"\" \/><\/div>\n<p><span><\/span><\/p>\n<h3 class=\"title\" style=\"text-align: center\">\u00c1rvore do viajante<\/h3>\n<h2 class=\"scientific-name\" style=\"text-align: center\">Ravenala madagascariensis (Sonn)<\/h2>\n<div class=\"text-center\">\n<table class=\"aligncenter\" style=\"width: 500px\">\n<tbody class=\"border\">\n<tr>\n<th colspan=\"2\" style=\"text-align: center\">Classifica\u00e7\u00e3o Cient\u00edfica<\/th>\n<\/tr>\n<tr>\n<td>Reino:<\/td>\n<td>Plantae<\/td>\n<\/tr>\n<tr>\n<td>Divis\u00e3o:<\/td>\n<td>Magnoliophyta<\/td>\n<\/tr>\n<tr>\n<td>Classe:<\/td>\n<td>Liliopsida<\/td>\n<\/tr>\n<tr>\n<td>Ordem:<\/td>\n<td>Zingiberales<\/td>\n<\/tr>\n<tr>\n<td>Fam\u00edlia:<\/td>\n<td>Strelitziaceae<\/td>\n<\/tr>\n<tr>\n<td>G\u00eanero:<\/td>\n<td>Ravenala<\/td>\n<\/tr>\n<tr>\n<td>Esp\u00e9cie:<\/td>\n<td>R. madagascariensis<\/td>\n<\/tr>\n<\/tbody>\n<\/table>\n<\/div>\n<div class=\"description\">\n<p style=\"text-align: justify\"><b>CARACTER\u00cdSTICAS:<\/b><span>\u00a0<\/span>Possui Caule longo. Folhas semelhantes \u00e0s da bananeira, distribuidas em forma de leque. As flores s\u00e3o grandes e numerosas. Os frutos s\u00e3o c\u00e1psulas secas, contendo numerosas sementes.<\/p>\n<p style=\"text-align: justify\"><b>DISTRIBUI\u00c7\u00c3O:<\/b><span>\u00a0<\/span>End\u00eamica de Madagascar (Figura abaixo), cresce nas florestas pluviais. Est\u00e1 presente tamb\u00e9m na ilha de Reuni\u00e3o e na ilha Maur\u00edcia, bem como no Hawaii, onde foi importada como planta ornamental, para depois difundir-se como esp\u00e9cie espont\u00e2nea.<\/p>\n<div class=\"text-center\"><img decoding=\"async\" src=\"https:\/\/portal.unisepe.com.br\/univr\/wp-content\/uploads\/sites\/10004\/2021\/09\/mapaArvoreViajante.png\" alt=\"Mapa Mundi\" class=\"aligncenter\" \/><\/div>\n<p style=\"text-align: center\"><strong class=\"image-description\"><b>Figura 1.<\/b><span>\u00a0<\/span>Ilha de Madagascar poss\u00edvel Centro de Origem da esp\u00e9cie.<\/strong><br \/>\n<strong class=\"font-info\"><b>Fonte:<\/b><span>\u00a0<\/span><a href=\"https:\/\/pt.wikipedia.org\/wiki\/%C3%81rvore-do-viajante\" target=\"_blank\" rel=\"noopener noreferrer\">Wikipedia<\/a><\/strong><\/p>\n<\/div>\n","protected":false},"excerpt":{"rendered":"<p>\u00c1rvore do viajante Ravenala madagascariensis (Sonn) Classifica\u00e7\u00e3o Cient\u00edfica Reino: Plantae Divis\u00e3o: Magnoliophyta Classe: Liliopsida Ordem: Zingiberales Fam\u00edlia: Strelitziaceae G\u00eanero: Ravenala Esp\u00e9cie: R. madagascariensis CARACTER\u00cdSTICAS:\u00a0Possui Caule longo. Folhas semelhantes \u00e0s da bananeira, distribuidas em forma de leque. As flores s\u00e3o grandes e numerosas. Os frutos s\u00e3o c\u00e1psulas secas, contendo numerosas sementes.<\/p>\n","protected":false},"author":10,"featured_media":4815,"parent":4761,"menu_order":0,"comment_status":"closed","ping_status":"closed","template":"templates\/template-pagina_menu_vertical.php","meta":{"footnotes":""},"categories":[142],"tags":[],"class_list":["post-4812","page","type-page","status-publish","has-post-thumbnail","hentry","category-bosque-registro"],"_links":{"self":[{"href":"https:\/\/portal.unisepe.com.br\/univr\/wp-json\/wp\/v2\/pages\/4812","targetHints":{"allow":["GET"]}}],"collection":[{"href":"https:\/\/portal.unisepe.com.br\/univr\/wp-json\/wp\/v2\/pages"}],"about":[{"href":"https:\/\/portal.unisepe.com.br\/univr\/wp-json\/wp\/v2\/types\/page"}],"author":[{"embeddable":true,"href":"https:\/\/portal.unisepe.com.br\/univr\/wp-json\/wp\/v2\/users\/10"}],"replies":[{"embeddable":true,"href":"https:\/\/portal.unisepe.com.br\/univr\/wp-json\/wp\/v2\/comments?post=4812"}],"version-history":[{"count":34,"href":"https:\/\/portal.unisepe.com.br\/univr\/wp-json\/wp\/v2\/pages\/4812\/revisions"}],"predecessor-version":[{"id":4982,"href":"https:\/\/portal.unisepe.com.br\/univr\/wp-json\/wp\/v2\/pages\/4812\/revisions\/4982"}],"up":[{"embeddable":true,"href":"https:\/\/portal.unisepe.com.br\/univr\/wp-json\/wp\/v2\/pages\/4761"}],"wp:featuredmedia":[{"embeddable":true,"href":"https:\/\/portal.unisepe.com.br\/univr\/wp-json\/wp\/v2\/media\/4815"}],"wp:attachment":[{"href":"https:\/\/portal.unisepe.com.br\/univr\/wp-json\/wp\/v2\/media?parent=4812"}],"wp:term":[{"taxonomy":"category","embeddable":true,"href":"https:\/\/portal.unisepe.com.br\/univr\/wp-json\/wp\/v2\/categories?post=4812"},{"taxonomy":"post_tag","embeddable":true,"href":"https:\/\/portal.unisepe.com.br\/univr\/wp-json\/wp\/v2\/tags?post=4812"}],"curies":[{"name":"wp","href":"https:\/\/api.w.org\/{rel}","templated":true}]}}