{"id":4854,"date":"2021-09-21T17:33:20","date_gmt":"2021-09-21T20:33:20","guid":{"rendered":"https:\/\/portal.unisepe.com.br\/univr\/?page_id=4854"},"modified":"2021-09-24T17:43:43","modified_gmt":"2021-09-24T20:43:43","slug":"especies-nativas","status":"publish","type":"page","link":"https:\/\/portal.unisepe.com.br\/univr\/bosque-registro\/especies-nativas\/","title":{"rendered":"Esp\u00e9cies Nativas"},"content":{"rendered":"<h3 style=\"color: #462663\">Esp\u00e9cies Nativas<\/h3>\n<div class=\"row\">\n<div class=\"col-md shadow-lg m-2 p-5 text-center\" style=\"border-radius: 10%\">\n        <a style=\"text-decoration: none\" href=\"https:\/\/portal.unisepe.com.br\/univr\/bosque-registro\/e0007\"><br \/>\n        <img decoding=\"async\" style=\"border-radius: 10%;background-size: cover\" src=\"https:\/\/portal.unisepe.com.br\/univr\/wp-content\/uploads\/sites\/10004\/2021\/09\/ameixeiraAmarela.png\" width=\"100px\" height=\"100px\" \/><\/p>\n<h3 style=\"color: #462663\">Ameixeira Amarela<\/h3>\n<p>        <\/a>\n    <\/div>\n<div class=\"col-md shadow-lg m-2 p-5 text-center\" style=\"border-radius: 10%\">\n        <a style=\"text-decoration: none\" href=\"https:\/\/portal.unisepe.com.br\/univr\/bosque-registro\/e0003\"><br \/>\n        <img decoding=\"async\" style=\"border-radius: 10%;background-size: cover\" src=\"https:\/\/portal.unisepe.com.br\/univr\/wp-content\/uploads\/sites\/10004\/2021\/09\/arecaBambu.png\" width=\"100px\" height=\"100px\" \/><\/p>\n<h3 style=\"color: #462663\">Areca-Bambu<\/h3>\n<p>        <\/a>\n    <\/div>\n<div class=\"col-md shadow-lg m-2 p-5 text-center\" style=\"border-radius: 10%\">\n        <a style=\"text-decoration: none\" href=\"https:\/\/portal.unisepe.com.br\/univr\/bosque-registro\/e0013\"><br \/>\n        <img decoding=\"async\" style=\"border-radius: 10%;background-size: cover\" src=\"https:\/\/portal.unisepe.com.br\/univr\/wp-content\/uploads\/sites\/10004\/2021\/09\/arvoreViajante-1.png\" width=\"100px\" height=\"100px\" \/><\/p>\n<h3 style=\"color: #462663\">\u00c1rvore do Viajante<\/h3>\n<p>        <\/a>\n    <\/div>\n<div class=\"col-md shadow-lg m-2 p-5 text-center\" style=\"border-radius: 10%\">\n        <a style=\"text-decoration: none\" href=\"https:\/\/portal.unisepe.com.br\/univr\/bosque-registro\/e0008\"><br \/>\n        <img decoding=\"async\" style=\"border-radius: 10%;background-size: cover\" src=\"https:\/\/portal.unisepe.com.br\/univr\/wp-content\/uploads\/sites\/10004\/2021\/09\/brejauva.png\" width=\"100px\" height=\"100px\" \/><\/p>\n<h3 style=\"color: #462663\">Breja\u00fava<\/h3>\n<p>        <\/a>\n    <\/div>\n<\/div>\n<div class=\"row\">\n<div class=\"col-md shadow-lg m-2 p-5 text-center\" style=\"border-radius: 10%\">\n        <a style=\"text-decoration: none\" href=\"https:\/\/portal.unisepe.com.br\/univr\/bosque-registro\/e0010\"><br \/>\n        <img decoding=\"async\" style=\"border-radius: 10%;background-size: cover\" src=\"https:\/\/portal.unisepe.com.br\/univr\/wp-content\/uploads\/sites\/10004\/2021\/09\/carvalho-das-canarias.png\" width=\"100px\" height=\"100px\" \/><\/p>\n<h3 style=\"color: #462663\">Carvalho das can\u00e1rias<\/h3>\n<p>        <\/a>\n    <\/div>\n<div class=\"col-md shadow-lg m-2 p-5 text-center\" style=\"border-radius: 10%\">\n        <a style=\"text-decoration: none\" href=\"https:\/\/portal.unisepe.com.br\/univr\/bosque-registro\/e0005\"><br \/>\n        <img decoding=\"async\" style=\"border-radius: 10%;background-size: cover\" src=\"https:\/\/portal.unisepe.com.br\/univr\/wp-content\/uploads\/sites\/10004\/2021\/09\/chapeuDeSol.png\" width=\"100px\" height=\"100px\" \/><\/p>\n<h3 style=\"color: #462663\">Chap\u00e9u de Sol<\/h3>\n<p>        <\/a>\n    <\/div>\n<div class=\"col-md shadow-lg m-2 p-5 text-center\" style=\"border-radius: 10%\">\n        <a style=\"text-decoration: none\" href=\"https:\/\/portal.unisepe.com.br\/univr\/bosque-registro\/e0011\"><br \/>\n        <img decoding=\"async\" style=\"border-radius: 10%;background-size: cover\" src=\"https:\/\/portal.unisepe.com.br\/univr\/wp-content\/uploads\/sites\/10004\/2021\/09\/erytrina.jpg\" width=\"100px\" height=\"100px\" \/><\/p>\n<h3 style=\"color: #462663\">Erythrina<\/h3>\n<p>        <\/a>\n    <\/div>\n<div class=\"col-md shadow-lg m-2 p-5 text-center\" style=\"border-radius: 10%\">\n        <a style=\"text-decoration: none\" href=\"https:\/\/portal.unisepe.com.br\/univr\/bosque-registro\/e0006\"><br \/>\n        <img decoding=\"async\" style=\"border-radius: 10%;background-size: cover\" src=\"https:\/\/portal.unisepe.com.br\/univr\/wp-content\/uploads\/sites\/10004\/2021\/09\/figueira.png\" width=\"100px\" height=\"100px\" \/><\/p>\n<h3 style=\"color: #462663\">Figueira<\/h3>\n<p>        <\/a>\n    <\/div>\n<\/div>\n<div class=\"row\">\n<div class=\"col-md shadow-lg m-2 p-5 text-center\" style=\"border-radius: 10%\">\n        <a style=\"text-decoration: none\" href=\"https:\/\/portal.unisepe.com.br\/univr\/bosque-registro\/e0004\"><br \/>\n        <img decoding=\"async\" style=\"border-radius: 10%;background-size: cover\" src=\"https:\/\/portal.unisepe.com.br\/univr\/wp-content\/uploads\/sites\/10004\/2021\/09\/jeriva.png\" width=\"100px\" height=\"100px\" \/><\/p>\n<h3 style=\"color: #462663\">Jeriv\u00e1<\/h3>\n<p>        <\/a>\n    <\/div>\n<div class=\"col-md shadow-lg m-2 p-5 text-center\" style=\"border-radius: 10%\">\n        <a style=\"text-decoration: none\" href=\"https:\/\/portal.unisepe.com.br\/univr\/bosque-registro\/e0002\"><br \/>\n        <img decoding=\"async\" style=\"border-radius: 10%;background-size: cover\" src=\"https:\/\/portal.unisepe.com.br\/univr\/wp-content\/uploads\/sites\/10004\/2021\/09\/jucara.png\" width=\"100px\" height=\"100px\" \/><\/p>\n<h3 style=\"color: #462663\">Ju\u00e7ara<\/h3>\n<p>        <\/a>\n    <\/div>\n<div class=\"col-md shadow-lg m-2 p-5 text-center\" style=\"border-radius: 10%\">\n        <a style=\"text-decoration: none\" href=\"https:\/\/portal.unisepe.com.br\/univr\/bosque-registro\/e0012\"><br \/>\n        <img decoding=\"async\" style=\"border-radius: 10%;background-size: cover\" src=\"https:\/\/portal.unisepe.com.br\/univr\/wp-content\/uploads\/sites\/10004\/2021\/09\/figueira-schefflera-sp.png\" width=\"100px\" height=\"100px\" \/><\/p>\n<h3 style=\"color: #462663\">Mandioc\u00e3o<\/h3>\n<p>        <\/a>\n    <\/div>\n<div class=\"col-md shadow-lg m-2 p-5 text-center\" style=\"border-radius: 10%\">\n        <a style=\"text-decoration: none\" href=\"https:\/\/portal.unisepe.com.br\/univr\/bosque-registro\/e0009\"><br \/>\n        <img decoding=\"async\" style=\"border-radius: 10%;background-size: cover\" src=\"https:\/\/portal.unisepe.com.br\/univr\/wp-content\/uploads\/sites\/10004\/2021\/09\/taro.jpg\" width=\"100px\" height=\"100px\" \/><\/p>\n<h3 style=\"color: #462663\">Taro<\/h3>\n<p>        <\/a>\n    <\/div>\n<\/div>\n","protected":false},"excerpt":{"rendered":"<p>Esp\u00e9cies Nativas Ameixeira Amarela Areca-Bambu \u00c1rvore do Viajante Breja\u00fava Carvalho das can\u00e1rias Chap\u00e9u de Sol Erythrina Figueira Jeriv\u00e1 Ju\u00e7ara Mandioc\u00e3o Taro<\/p>\n","protected":false},"author":10,"featured_media":0,"parent":4761,"menu_order":-1,"comment_status":"closed","ping_status":"closed","template":"templates\/template-pagina_menu_vertical.php","meta":{"footnotes":""},"categories":[],"tags":[],"class_list":["post-4854","page","type-page","status-publish","hentry"],"_links":{"self":[{"href":"https:\/\/portal.unisepe.com.br\/univr\/wp-json\/wp\/v2\/pages\/4854","targetHints":{"allow":["GET"]}}],"collection":[{"href":"https:\/\/portal.unisepe.com.br\/univr\/wp-json\/wp\/v2\/pages"}],"about":[{"href":"https:\/\/portal.unisepe.com.br\/univr\/wp-json\/wp\/v2\/types\/page"}],"author":[{"embeddable":true,"href":"https:\/\/portal.unisepe.com.br\/univr\/wp-json\/wp\/v2\/users\/10"}],"replies":[{"embeddable":true,"href":"https:\/\/portal.unisepe.com.br\/univr\/wp-json\/wp\/v2\/comments?post=4854"}],"version-history":[{"count":23,"href":"https:\/\/portal.unisepe.com.br\/univr\/wp-json\/wp\/v2\/pages\/4854\/revisions"}],"predecessor-version":[{"id":5072,"href":"https:\/\/portal.unisepe.com.br\/univr\/wp-json\/wp\/v2\/pages\/4854\/revisions\/5072"}],"up":[{"embeddable":true,"href":"https:\/\/portal.unisepe.com.br\/univr\/wp-json\/wp\/v2\/pages\/4761"}],"wp:attachment":[{"href":"https:\/\/portal.unisepe.com.br\/univr\/wp-json\/wp\/v2\/media?parent=4854"}],"wp:term":[{"taxonomy":"category","embeddable":true,"href":"https:\/\/portal.unisepe.com.br\/univr\/wp-json\/wp\/v2\/categories?post=4854"},{"taxonomy":"post_tag","embeddable":true,"href":"https:\/\/portal.unisepe.com.br\/univr\/wp-json\/wp\/v2\/tags?post=4854"}],"curies":[{"name":"wp","href":"https:\/\/api.w.org\/{rel}","templated":true}]}}