{"id":4892,"date":"2021-09-21T18:05:55","date_gmt":"2021-09-21T21:05:55","guid":{"rendered":"https:\/\/portal.unisepe.com.br\/univr\/?page_id=4892"},"modified":"2021-09-22T09:14:38","modified_gmt":"2021-09-22T12:14:38","slug":"e0002","status":"publish","type":"page","link":"https:\/\/portal.unisepe.com.br\/univr\/bosque-registro\/e0002\/","title":{"rendered":"Ju\u00e7ara"},"content":{"rendered":"<div class=\"text-center\">\n<img decoding=\"async\" src=\"https:\/\/portal.unisepe.com.br\/univr\/wp-content\/uploads\/sites\/10004\/2021\/09\/jucara.png\" alt=\"\" class=\"main-image\" \/><span><\/span><\/div>\n<h3 class=\"title\" style=\"text-align: center\">Ju\u00e7ara<\/h3>\n<h2 class=\"scientific-name\" style=\"text-align: center\">Euterpe edulis Martius<\/h2>\n<div class=\"text-center\">\n<table class=\" aligncenter\">\n<tbody class=\"border\">\n<tr>\n<th colspan=\"2\">Classifica\u00e7\u00e3o Cient\u00edfica<\/th>\n<\/tr>\n<tr>\n<td>Reino:<\/td>\n<td>Plantae<\/td>\n<\/tr>\n<tr>\n<td>Divis\u00e3o:<\/td>\n<td>Magnoliophyta<\/td>\n<\/tr>\n<tr>\n<td>Classe:<\/td>\n<td>Liliopsida<\/td>\n<\/tr>\n<tr>\n<td>Ordem:<\/td>\n<td>Arecidae<\/td>\n<\/tr>\n<tr>\n<td>Fam\u00edlia:<\/td>\n<td>Arecaceae<\/td>\n<\/tr>\n<tr>\n<td>G\u00eanero:<\/td>\n<td>Euterpe<\/td>\n<\/tr>\n<tr>\n<td>Esp\u00e9cie:<\/td>\n<td>E. edulis<\/td>\n<\/tr>\n<\/tbody>\n<\/table>\n<\/div>\n<div class=\"description\">\n<p style=\"text-align: justify\"><b>CARACTER\u00cdSTICAS:<\/b><span>\u00a0<\/span>As folhas s\u00e3o alternas, pinadas e em n\u00famero de oito a quinze, compostas de 38 a 62 pares de fol\u00edolos, em geral dispostas em um \u00fanico plano, realmente divergente, estando regularmente sub-opostas na raque e agrupadas em feixes, lanceoladas, caracteristicamente p\u00eandulas.<\/p>\n<p style=\"text-align: justify\"><b>A\u00a0infloresc\u00eancia<\/b>\u00a0em forma de pan\u00edcula \u00e9 composta por uma raque central da qual parte com ramifica\u00e7\u00f5es de primeira ordem chamadas de r\u00e1quilas, as quais sustentam as flores.<\/p>\n<p style=\"text-align: justify\"><b>O fruto<\/b><span>\u00a0<\/span>\u00e9 do tipo bac\u00e1ceo, pouco espesso, liso, cor violeta-escuro quando bem maduro, com aproximadamente dez por cento da massa fresca da baga de polpa.<\/p>\n<p style=\"text-align: justify\"><b>A semente<\/b><span>\u00a0<\/span>\u00e9 quase esf\u00e9rica, parda-gris\u00e1cea a parda-amarelada, envolta por uma cobertura fibrosa, com at\u00e9 dez mil\u00edmetros de di\u00e2metro.<\/p>\n<p style=\"text-align: justify\"><b>DISTRIBUI\u00c7\u00c3O:<\/b><span>\u00a0<\/span>No interior da\u00a0floresta ombr\u00f3fila densa\u00a0da\u00a0Mata Atl\u00e2ntica, nos estados brasileiros de Alagoas, Bah\u00eda, Esp\u00edrito Santo, Goi\u00e1s, Minas Gerais, Par\u00e1, Para\u00edba, Pernambuco, Paran\u00e1, Rio de Janeiro, Rio Grande do Norte, Sergipe, Santa Catarina e S\u00e3o Paulo (Figura abaixo).<\/p>\n<div class=\"text-center\" style=\"text-align: center\"><img decoding=\"async\" class=\"map-size\" src=\"https:\/\/portal.unisepe.com.br\/univr\/wp-content\/uploads\/sites\/10004\/2021\/09\/mapaJucara.jpg\" alt=\"Mapa Mundi\" \/><br \/>\n<strong class=\"image-description\"><strong>Figura 2.\u00a0Distribui\u00e7\u00e3o geogr\u00e1fica de Euterpe edulis.<\/strong><br \/>\n<strong class=\"font-info\"><strong>Fonte:\u00a0<a href=\"http:\/\/cncflora.jbrj.gov.br\/portal\/pt-br\/profile\/Euterpe%20edulis0\" target=\"_blank\" rel=\"noopener noreferrer\">Cncflora<\/a><\/strong> <\/strong><\/strong><\/div>\n<\/div>\n","protected":false},"excerpt":{"rendered":"<p>Ju\u00e7ara Euterpe edulis Martius Classifica\u00e7\u00e3o Cient\u00edfica Reino: Plantae Divis\u00e3o: Magnoliophyta Classe: Liliopsida Ordem: Arecidae Fam\u00edlia: Arecaceae G\u00eanero: Euterpe Esp\u00e9cie: E. edulis CARACTER\u00cdSTICAS:\u00a0As folhas s\u00e3o alternas, pinadas e em n\u00famero de oito a quinze, compostas de 38 a 62 pares de fol\u00edolos, em geral dispostas em um \u00fanico plano, realmente divergente,<\/p>\n","protected":false},"author":10,"featured_media":4862,"parent":4761,"menu_order":0,"comment_status":"closed","ping_status":"closed","template":"templates\/template-pagina_menu_vertical.php","meta":{"footnotes":""},"categories":[142],"tags":[],"class_list":["post-4892","page","type-page","status-publish","has-post-thumbnail","hentry","category-bosque-registro"],"_links":{"self":[{"href":"https:\/\/portal.unisepe.com.br\/univr\/wp-json\/wp\/v2\/pages\/4892","targetHints":{"allow":["GET"]}}],"collection":[{"href":"https:\/\/portal.unisepe.com.br\/univr\/wp-json\/wp\/v2\/pages"}],"about":[{"href":"https:\/\/portal.unisepe.com.br\/univr\/wp-json\/wp\/v2\/types\/page"}],"author":[{"embeddable":true,"href":"https:\/\/portal.unisepe.com.br\/univr\/wp-json\/wp\/v2\/users\/10"}],"replies":[{"embeddable":true,"href":"https:\/\/portal.unisepe.com.br\/univr\/wp-json\/wp\/v2\/comments?post=4892"}],"version-history":[{"count":7,"href":"https:\/\/portal.unisepe.com.br\/univr\/wp-json\/wp\/v2\/pages\/4892\/revisions"}],"predecessor-version":[{"id":4997,"href":"https:\/\/portal.unisepe.com.br\/univr\/wp-json\/wp\/v2\/pages\/4892\/revisions\/4997"}],"up":[{"embeddable":true,"href":"https:\/\/portal.unisepe.com.br\/univr\/wp-json\/wp\/v2\/pages\/4761"}],"wp:featuredmedia":[{"embeddable":true,"href":"https:\/\/portal.unisepe.com.br\/univr\/wp-json\/wp\/v2\/media\/4862"}],"wp:attachment":[{"href":"https:\/\/portal.unisepe.com.br\/univr\/wp-json\/wp\/v2\/media?parent=4892"}],"wp:term":[{"taxonomy":"category","embeddable":true,"href":"https:\/\/portal.unisepe.com.br\/univr\/wp-json\/wp\/v2\/categories?post=4892"},{"taxonomy":"post_tag","embeddable":true,"href":"https:\/\/portal.unisepe.com.br\/univr\/wp-json\/wp\/v2\/tags?post=4892"}],"curies":[{"name":"wp","href":"https:\/\/api.w.org\/{rel}","templated":true}]}}