{"id":4933,"date":"2021-09-21T18:47:42","date_gmt":"2021-09-21T21:47:42","guid":{"rendered":"https:\/\/portal.unisepe.com.br\/univr\/?page_id=4933"},"modified":"2021-09-22T09:08:52","modified_gmt":"2021-09-22T12:08:52","slug":"e0003","status":"publish","type":"page","link":"https:\/\/portal.unisepe.com.br\/univr\/bosque-registro\/e0003\/","title":{"rendered":"Areca-Bambu"},"content":{"rendered":"<div class=\"text-center\">\n<img decoding=\"async\" src=\"https:\/\/portal.unisepe.com.br\/univr\/wp-content\/uploads\/sites\/10004\/2021\/09\/arecaBambu.png\" alt=\"\" class=\"main-image\" \/><span><\/span><\/div>\n<h3 class=\"title\" style=\"text-align: center\">Areca-Bambu<\/h3>\n<h2 class=\"scientific-name\" style=\"text-align: center\">Dypsis lutescens<\/h2>\n<div class=\"text-center\">\n<table class=\" aligncenter\">\n<tbody class=\"border\">\n<tr>\n<th colspan=\"2\">Classifica\u00e7\u00e3o Cient\u00edfica<\/th>\n<\/tr>\n<tr>\n<td>Reino:<\/td>\n<td>Plantae<\/td>\n<\/tr>\n<tr>\n<td>Divis\u00e3o:<\/td>\n<td>Magnoliophyta<\/td>\n<\/tr>\n<tr>\n<td>Classe:<\/td>\n<td>Liliopsida<\/td>\n<\/tr>\n<tr>\n<td>Ordem:<\/td>\n<td>Arecales<\/td>\n<\/tr>\n<tr>\n<td>Fam\u00edlia:<\/td>\n<td>Arecaceae<\/td>\n<\/tr>\n<tr>\n<td>G\u00eanero:<\/td>\n<td>Dypsis<\/td>\n<\/tr>\n<tr>\n<td>Esp\u00e9cie:<\/td>\n<td>Dypsis lutescens<\/td>\n<\/tr>\n<\/tbody>\n<\/table>\n<\/div>\n<div class=\"description\">\n<p style=\"text-align: justify\"><b>CARACTER\u00cdSTICAS:<\/b><span>\u00a0<\/span>Palmeira entouceirada, grande, origin\u00e1ria de Madagascar (Figura abaixo),de 3\u20136 m de altura, com v\u00e1rios troncos pouco espessos, com palmito verde-esbranqui\u00e7ado. Folhas pinadas, recurvadas, com fol\u00edolos firmes. Infloresc\u00eancias grandes, ramificadas, com flores de cor creme e frutos verde-amarelados, sem valor ornamental.<\/p>\n<p style=\"text-align: justify\"><b>DISTRIBUI\u00c7\u00c3O:<\/b><span>\u00a0<\/span>Sua origem \u00e9 de Madagascar. (Figura abaixo)<\/p>\n<div class=\"text-center\"><img decoding=\"async\" src=\"https:\/\/portal.unisepe.com.br\/univr\/wp-content\/uploads\/sites\/10004\/2021\/09\/mapaArecaBambu.png\" alt=\"Mapa Mundi\" \/><br \/>\n<strong class=\"image-description\"><b>Figura 1.<\/b><span>\u00a0<\/span>Ilha de Madagascar poss\u00edvel Centro de Origem da esp\u00e9cie.<\/strong><br \/>\n<strong class=\"font-info\"><b>Fonte:<\/b><span>\u00a0<\/span><a href=\"https:\/\/pt.wikipedia.org\/wiki\/Plano_Madag%C3%A1scar\" target=\"_blank\" rel=\"noopener noreferrer\">Wikipedia<\/a><\/strong><\/div>\n<\/div>\n","protected":false},"excerpt":{"rendered":"<p>Areca-Bambu Dypsis lutescens Classifica\u00e7\u00e3o Cient\u00edfica Reino: Plantae Divis\u00e3o: Magnoliophyta Classe: Liliopsida Ordem: Arecales Fam\u00edlia: Arecaceae G\u00eanero: Dypsis Esp\u00e9cie: Dypsis lutescens CARACTER\u00cdSTICAS:\u00a0Palmeira entouceirada, grande, origin\u00e1ria de Madagascar (Figura abaixo),de 3\u20136 m de altura, com v\u00e1rios troncos pouco espessos, com palmito verde-esbranqui\u00e7ado. Folhas pinadas, recurvadas, com fol\u00edolos firmes. Infloresc\u00eancias grandes, ramificadas, com<\/p>\n","protected":false},"author":10,"featured_media":4856,"parent":4761,"menu_order":0,"comment_status":"closed","ping_status":"closed","template":"templates\/template-pagina_menu_vertical.php","meta":{"footnotes":""},"categories":[142],"tags":[],"class_list":["post-4933","page","type-page","status-publish","has-post-thumbnail","hentry","category-bosque-registro"],"_links":{"self":[{"href":"https:\/\/portal.unisepe.com.br\/univr\/wp-json\/wp\/v2\/pages\/4933","targetHints":{"allow":["GET"]}}],"collection":[{"href":"https:\/\/portal.unisepe.com.br\/univr\/wp-json\/wp\/v2\/pages"}],"about":[{"href":"https:\/\/portal.unisepe.com.br\/univr\/wp-json\/wp\/v2\/types\/page"}],"author":[{"embeddable":true,"href":"https:\/\/portal.unisepe.com.br\/univr\/wp-json\/wp\/v2\/users\/10"}],"replies":[{"embeddable":true,"href":"https:\/\/portal.unisepe.com.br\/univr\/wp-json\/wp\/v2\/comments?post=4933"}],"version-history":[{"count":4,"href":"https:\/\/portal.unisepe.com.br\/univr\/wp-json\/wp\/v2\/pages\/4933\/revisions"}],"predecessor-version":[{"id":4991,"href":"https:\/\/portal.unisepe.com.br\/univr\/wp-json\/wp\/v2\/pages\/4933\/revisions\/4991"}],"up":[{"embeddable":true,"href":"https:\/\/portal.unisepe.com.br\/univr\/wp-json\/wp\/v2\/pages\/4761"}],"wp:featuredmedia":[{"embeddable":true,"href":"https:\/\/portal.unisepe.com.br\/univr\/wp-json\/wp\/v2\/media\/4856"}],"wp:attachment":[{"href":"https:\/\/portal.unisepe.com.br\/univr\/wp-json\/wp\/v2\/media?parent=4933"}],"wp:term":[{"taxonomy":"category","embeddable":true,"href":"https:\/\/portal.unisepe.com.br\/univr\/wp-json\/wp\/v2\/categories?post=4933"},{"taxonomy":"post_tag","embeddable":true,"href":"https:\/\/portal.unisepe.com.br\/univr\/wp-json\/wp\/v2\/tags?post=4933"}],"curies":[{"name":"wp","href":"https:\/\/api.w.org\/{rel}","templated":true}]}}