{"id":4938,"date":"2021-09-21T18:49:02","date_gmt":"2021-09-21T21:49:02","guid":{"rendered":"https:\/\/portal.unisepe.com.br\/univr\/?page_id=4938"},"modified":"2021-09-22T09:13:42","modified_gmt":"2021-09-22T12:13:42","slug":"e0004","status":"publish","type":"page","link":"https:\/\/portal.unisepe.com.br\/univr\/bosque-registro\/e0004\/","title":{"rendered":"Jeriv\u00e1"},"content":{"rendered":"<div class=\"text-center\"><img decoding=\"async\" src=\"https:\/\/portal.unisepe.com.br\/univr\/wp-content\/uploads\/sites\/10004\/2021\/09\/jeriva.png\" alt=\"\" class=\"main-image\" width=\"300px\" height=\"300px\" \/><span><\/span><\/div>\n<h3 class=\"title\" style=\"text-align: center\">Jeriv\u00e1<\/h3>\n<h2 class=\"scientific-name\" style=\"text-align: center\">Syagrus romanzoffiana<\/h2>\n<div class=\"text-center\">\n<table class=\" aligncenter\">\n<tbody class=\"border\">\n<tr>\n<th colspan=\"2\">Classifica\u00e7\u00e3o Cient\u00edfica<\/th>\n<\/tr>\n<tr>\n<td>Reino:<\/td>\n<td>Plantae<\/td>\n<\/tr>\n<tr>\n<td>Divis\u00e3o:<\/td>\n<td>Magnoliophyta<\/td>\n<\/tr>\n<tr>\n<td>Classe:<\/td>\n<td>Liliopsida<\/td>\n<\/tr>\n<tr>\n<td>Ordem:<\/td>\n<td>Arecales<\/td>\n<\/tr>\n<tr>\n<td>Fam\u00edlia:<\/td>\n<td>Arecaceae<\/td>\n<\/tr>\n<tr>\n<td>G\u00eanero:<\/td>\n<td>Syagrus<\/td>\n<\/tr>\n<tr>\n<td>Esp\u00e9cie:<\/td>\n<td>S. romanzoffiana<\/td>\n<\/tr>\n<\/tbody>\n<\/table>\n<\/div>\n<div class=\"description\">\n<p style=\"text-align: justify\"><b>CARACTER\u00cdSTICAS:<\/b><span>\u00a0<\/span>\u00c9 uma Palmeira de Estipe (tronco solit\u00e1rio), atingindo de 6 a 15 m de altura, no meio da floresta chega aos 30 m com o tronco variando de 25 a 62 cm de di\u00e2metro. Ele \u00e9 cil\u00edndrico, vertical e fissurado (com algumas rachaduras), com colora\u00e7\u00e3o cinzenta e algumas pontua\u00e7\u00f5es escuras. A copa \u00e9 ligada ao tronco e \u00e9 composta por 4 a 14 folhas arqueadas e pinadas com raque (eixo das folhas) de 2,5 a 4 m de comprimento, sob pec\u00edolo (segmento da folha que se prende ao tronco) semelhante a bainha (que envolve metade do tronco) com base expandida, fibrosa de 20 a 40 cm de largura, a \u00e1pice \u00e9 o topo das folhas que mede de 30 a 70 cent\u00edmetros de comprimento.<br \/>\nA parte externa do fruto \u00e9 carnosa, amarelada ou alaranjada, marcada por tr\u00eas cicatrizes em resultado da poliniza\u00e7\u00e3o e composta de uma mucilagem adocicada muito apreciada por alguns animais, como papagaios, maritacas e esquilos-caxinguel\u00ea, ou mesmo por cachorros e pelos humanos, principalmente pelas crian\u00e7as, sendo uma lembran\u00e7a comum, aos interioranos, a quebra destes coquinhos batendo-se com pedras para alcan\u00e7ar as suas am\u00eandoas. Internamente, possui uma pequena castanha bem parecida com a do coco-da-ba\u00eda. A semente germina em cerca de 100 a 150 dias, tendo um potencial de germina\u00e7\u00e3o de cinquenta a 79 por cento. A folha \u00e9 perenif\u00f3lia e \u00e9 usada como ra\u00e7\u00e3o para o gado. A \u00e1rvore fornece tamb\u00e9m palmito para alimenta\u00e7\u00e3o humana.<\/p>\n<p style=\"text-align: justify\"><b>DISTRIBUI\u00c7\u00c3O:<\/b><span>\u00a0<\/span>Esp\u00edrito Santo, Rio de Janeiro, S\u00e3o Paulo, Minas Gerais, Goi\u00e1s e Mato Grosso do Sul, at\u00e9 o Rio Grande do Sul (Figura abaixo).<\/p>\n<div class=\"text-center\">\n<p><img decoding=\"async\" class=\"map-size\" src=\"https:\/\/portal.unisepe.com.br\/univr\/wp-content\/uploads\/sites\/10004\/2021\/09\/mapaJeriva.jpg\" alt=\"Mapa Mundi\" \/><br \/>\n<strong class=\"image-description\" style=\"text-align: center\"><b>Figura 1.<\/b><span>\u00a0<\/span>. Distribui\u00e7\u00e3o geogr\u00e1fica Syagrus romanzoffiana<\/strong><br \/>\n<strong class=\"font-info\" style=\"text-align: center\"><b>Fonte:<\/b><span>\u00a0<\/span><a href=\"http:\/\/cncflora.jbrj.gov.br\/portal\/pt-br\/profile\/Syagrus%20romanzoffiana\" target=\"_blank\" rel=\"noopener noreferrer\">Wikipedia<\/a><\/strong>\n<\/div>\n<\/div>\n","protected":false},"excerpt":{"rendered":"<p>Jeriv\u00e1 Syagrus romanzoffiana Classifica\u00e7\u00e3o Cient\u00edfica Reino: Plantae Divis\u00e3o: Magnoliophyta Classe: Liliopsida Ordem: Arecales Fam\u00edlia: Arecaceae G\u00eanero: Syagrus Esp\u00e9cie: S. romanzoffiana CARACTER\u00cdSTICAS:\u00a0\u00c9 uma Palmeira de Estipe (tronco solit\u00e1rio), atingindo de 6 a 15 m de altura, no meio da floresta chega aos 30 m com o tronco variando de 25 a<\/p>\n","protected":false},"author":10,"featured_media":4861,"parent":4761,"menu_order":0,"comment_status":"closed","ping_status":"closed","template":"templates\/template-pagina_menu_vertical.php","meta":{"footnotes":""},"categories":[142],"tags":[],"class_list":["post-4938","page","type-page","status-publish","has-post-thumbnail","hentry","category-bosque-registro"],"_links":{"self":[{"href":"https:\/\/portal.unisepe.com.br\/univr\/wp-json\/wp\/v2\/pages\/4938","targetHints":{"allow":["GET"]}}],"collection":[{"href":"https:\/\/portal.unisepe.com.br\/univr\/wp-json\/wp\/v2\/pages"}],"about":[{"href":"https:\/\/portal.unisepe.com.br\/univr\/wp-json\/wp\/v2\/types\/page"}],"author":[{"embeddable":true,"href":"https:\/\/portal.unisepe.com.br\/univr\/wp-json\/wp\/v2\/users\/10"}],"replies":[{"embeddable":true,"href":"https:\/\/portal.unisepe.com.br\/univr\/wp-json\/wp\/v2\/comments?post=4938"}],"version-history":[{"count":9,"href":"https:\/\/portal.unisepe.com.br\/univr\/wp-json\/wp\/v2\/pages\/4938\/revisions"}],"predecessor-version":[{"id":4996,"href":"https:\/\/portal.unisepe.com.br\/univr\/wp-json\/wp\/v2\/pages\/4938\/revisions\/4996"}],"up":[{"embeddable":true,"href":"https:\/\/portal.unisepe.com.br\/univr\/wp-json\/wp\/v2\/pages\/4761"}],"wp:featuredmedia":[{"embeddable":true,"href":"https:\/\/portal.unisepe.com.br\/univr\/wp-json\/wp\/v2\/media\/4861"}],"wp:attachment":[{"href":"https:\/\/portal.unisepe.com.br\/univr\/wp-json\/wp\/v2\/media?parent=4938"}],"wp:term":[{"taxonomy":"category","embeddable":true,"href":"https:\/\/portal.unisepe.com.br\/univr\/wp-json\/wp\/v2\/categories?post=4938"},{"taxonomy":"post_tag","embeddable":true,"href":"https:\/\/portal.unisepe.com.br\/univr\/wp-json\/wp\/v2\/tags?post=4938"}],"curies":[{"name":"wp","href":"https:\/\/api.w.org\/{rel}","templated":true}]}}