{"id":4947,"date":"2021-09-21T18:54:56","date_gmt":"2021-09-21T21:54:56","guid":{"rendered":"https:\/\/portal.unisepe.com.br\/univr\/?page_id=4947"},"modified":"2021-09-22T09:10:58","modified_gmt":"2021-09-22T12:10:58","slug":"e0005","status":"publish","type":"page","link":"https:\/\/portal.unisepe.com.br\/univr\/bosque-registro\/e0005\/","title":{"rendered":"Chap\u00e9u de sol"},"content":{"rendered":"<div class=\"text-center\"><img decoding=\"async\" src=\"https:\/\/portal.unisepe.com.br\/univr\/wp-content\/uploads\/sites\/10004\/2021\/09\/chapeuDeSol.png\" alt=\"\" class=\"main-image\" \/><span><\/span>\n<\/div>\n<h3 class=\"title\" style=\"text-align: center\">Chap\u00e9u de sol<\/h3>\n<h2 class=\"scientific-name\" style=\"text-align: center\">Terminalia catappa L.<\/h2>\n<div class=\"text-center\">\n<table class=\" aligncenter\">\n<tbody class=\"border\">\n<tr>\n<th colspan=\"2\">Classifica\u00e7\u00e3o Cient\u00edfica<\/th>\n<\/tr>\n<tr>\n<td>Reino:<\/td>\n<td>Plantae<\/td>\n<\/tr>\n<tr>\n<td>Divis\u00e3o:<\/td>\n<td>Magnoliophyta<\/td>\n<\/tr>\n<tr>\n<td>Classe:<\/td>\n<td>Magnoliopsida<\/td>\n<\/tr>\n<tr>\n<td>Ordem:<\/td>\n<td>Myrtales<\/td>\n<\/tr>\n<tr>\n<td>Fam\u00edlia:<\/td>\n<td>Combretaceae<\/td>\n<\/tr>\n<tr>\n<td>G\u00eanero:<\/td>\n<td>Terminalia<\/td>\n<\/tr>\n<tr>\n<td>Esp\u00e9cie:<\/td>\n<td>T. catappa<\/td>\n<\/tr>\n<\/tbody>\n<\/table>\n<\/div>\n<div class=\"description\">\n<p style=\"text-align: justify\"><b>CARACTER\u00cdSTICAS:<\/b><span>\u00a0<\/span>Especula-se que sua origem esteja na\u00a0\u00cdndia\u00a0e na\u00a0Nova Guin\u00e9 (Figura abaixo). Tem a copa bastante larga, fornecendo bastante sombra. Possui folhas caducas.<\/p>\n<p style=\"text-align: justify\"><b>DISTRIBUI\u00c7\u00c3O:<\/b><span>\u00a0<\/span>\u00c9 muito comum por todo o\u00a0Brasil, especialmente na\u00a0Regi\u00e3o Sudeste, pois gosta do calor para se desenvolver. Tamb\u00e9m \u00e9 extremamente comum em regi\u00f5es praianas. Em\u00a0Santos, no estado de\u00a0S\u00e3o Paulo.<\/p>\n<div class=\"text-center\">\n<p><img decoding=\"async\" class=\"map-size\" src=\"https:\/\/portal.unisepe.com.br\/univr\/wp-content\/uploads\/sites\/10004\/2021\/09\/mapaChapeuDeSol.png\" alt=\"Mapa Mundi\" \/><br \/>\n<strong class=\"image-description\" style=\"text-align: center\"><b>Figura.<\/b><span>\u00a0<\/span>Figura. \u00cdndia poss\u00edvel origem da esp\u00e9cie<\/strong><br \/>\n<strong class=\"font-info\" style=\"text-align: center\"><b>Fonte:<\/b><span>\u00a0<\/span><a href=\"https:\/\/www.wikiwand.com\/pt\/Lista_de_estados_e_territ%C3%B3rios_da_%C3%8Dndia_por_IDH\" target=\"_blank\" rel=\"noopener noreferrer\">Wikipedia<\/a><\/strong>\n<\/div>\n<\/div>\n","protected":false},"excerpt":{"rendered":"<p>Chap\u00e9u de sol Terminalia catappa L. Classifica\u00e7\u00e3o Cient\u00edfica Reino: Plantae Divis\u00e3o: Magnoliophyta Classe: Magnoliopsida Ordem: Myrtales Fam\u00edlia: Combretaceae G\u00eanero: Terminalia Esp\u00e9cie: T. catappa CARACTER\u00cdSTICAS:\u00a0Especula-se que sua origem esteja na\u00a0\u00cdndia\u00a0e na\u00a0Nova Guin\u00e9 (Figura abaixo). Tem a copa bastante larga, fornecendo bastante sombra. Possui folhas caducas. DISTRIBUI\u00c7\u00c3O:\u00a0\u00c9 muito comum por todo o\u00a0Brasil,<\/p>\n","protected":false},"author":10,"featured_media":4859,"parent":4761,"menu_order":0,"comment_status":"closed","ping_status":"closed","template":"templates\/template-pagina_menu_vertical.php","meta":{"footnotes":""},"categories":[142],"tags":[],"class_list":["post-4947","page","type-page","status-publish","has-post-thumbnail","hentry","category-bosque-registro"],"_links":{"self":[{"href":"https:\/\/portal.unisepe.com.br\/univr\/wp-json\/wp\/v2\/pages\/4947","targetHints":{"allow":["GET"]}}],"collection":[{"href":"https:\/\/portal.unisepe.com.br\/univr\/wp-json\/wp\/v2\/pages"}],"about":[{"href":"https:\/\/portal.unisepe.com.br\/univr\/wp-json\/wp\/v2\/types\/page"}],"author":[{"embeddable":true,"href":"https:\/\/portal.unisepe.com.br\/univr\/wp-json\/wp\/v2\/users\/10"}],"replies":[{"embeddable":true,"href":"https:\/\/portal.unisepe.com.br\/univr\/wp-json\/wp\/v2\/comments?post=4947"}],"version-history":[{"count":4,"href":"https:\/\/portal.unisepe.com.br\/univr\/wp-json\/wp\/v2\/pages\/4947\/revisions"}],"predecessor-version":[{"id":4993,"href":"https:\/\/portal.unisepe.com.br\/univr\/wp-json\/wp\/v2\/pages\/4947\/revisions\/4993"}],"up":[{"embeddable":true,"href":"https:\/\/portal.unisepe.com.br\/univr\/wp-json\/wp\/v2\/pages\/4761"}],"wp:featuredmedia":[{"embeddable":true,"href":"https:\/\/portal.unisepe.com.br\/univr\/wp-json\/wp\/v2\/media\/4859"}],"wp:attachment":[{"href":"https:\/\/portal.unisepe.com.br\/univr\/wp-json\/wp\/v2\/media?parent=4947"}],"wp:term":[{"taxonomy":"category","embeddable":true,"href":"https:\/\/portal.unisepe.com.br\/univr\/wp-json\/wp\/v2\/categories?post=4947"},{"taxonomy":"post_tag","embeddable":true,"href":"https:\/\/portal.unisepe.com.br\/univr\/wp-json\/wp\/v2\/tags?post=4947"}],"curies":[{"name":"wp","href":"https:\/\/api.w.org\/{rel}","templated":true}]}}