{"id":495,"date":"2016-07-12T18:59:02","date_gmt":"2016-07-12T18:59:02","guid":{"rendered":"http:\/\/portal.unisepe.com.br\/univr\/?page_id=495"},"modified":"2023-03-22T13:56:35","modified_gmt":"2023-03-22T16:56:35","slug":"nutricao","status":"publish","type":"page","link":"https:\/\/portal.unisepe.com.br\/univr\/nutricao\/","title":{"rendered":"Nutri\u00e7\u00e3o"},"content":{"rendered":"<p><img loading=\"lazy\" decoding=\"async\" class=\"size-full wp-image-255 alignleft\" src=\"http:\/\/portal.unisepe.com.br\/univr\/wp-content\/uploads\/sites\/10004\/2016\/07\/nutricao.png\" alt=\"nutricao\" width=\"99\" height=\"100\" \/><strong>Objetivo:<\/strong><\/p>\n<p style=\"background: white;vertical-align: baseline;margin: 9.0pt 0cm 9.0pt 0cm\"><span style=\"font-size: 11.5pt;font-family: 'Segoe UI',sans-serif;color: #373a3c\">O Curso de Bacharelado em Nutri\u00e7\u00e3o da UNISEPE tem como objetivo formar profissionais capacitados a zelar pela alimenta\u00e7\u00e3o adequada e saud\u00e1vel de indiv\u00edduos e da popula\u00e7\u00e3o como um todo, a fim de promover a sa\u00fade e melhor qualidade de vida.<\/span><\/p>\n<p>&nbsp;<br \/>\n<strong>Estrutura:<\/strong><\/p>\n<p style=\"background: white;vertical-align: baseline;margin: 9.0pt 0cm 9.0pt 0cm\"><span style=\"font-size: 11.5pt;font-family: 'Segoe UI',sans-serif;color: #373a3c\">Ele possui 3205 horas de dura\u00e7\u00e3o, distribu\u00eddas ao longo de oito semestres ou quatro anos. Nesse per\u00edodo, s\u00e3o trabalhados conte\u00fados b\u00e1sicos para a forma\u00e7\u00e3o de profissionais da sa\u00fade, no campo das ci\u00eancias biol\u00f3gicas, sociais, humanas e econ\u00f4micas, e espec\u00edficos, tais como: ci\u00eancias dos alimentos, fundamentos da alimenta\u00e7\u00e3o e nutri\u00e7\u00e3o, higiene e qualidade dos alimentos, entre outros.<\/span><\/p>\n<p>&nbsp;<br \/>\n<strong>Mercado de trabalho:<\/strong><\/p>\n<p style=\"background: white;vertical-align: baseline;margin: 9.0pt 0cm 9.0pt 0cm\"><span style=\"font-size: 11.5pt;font-family: 'Segoe UI',sans-serif;color: #373a3c\">Ap\u00f3s a formatura, o profissional Nutricionista estar\u00e1 habilitado a atuar em diversas \u00e1reas: na Alimenta\u00e7\u00e3o Coletiva, a frente do gerenciamento de cozinhas institucionais e comerciais; na Cadeia de Produ\u00e7\u00e3o, cuidando da qualidade e seguran\u00e7a dos produtos distribu\u00eddos pela ind\u00fastria e com\u00e9rcio; na Sa\u00fade Coletiva, desenvolvendo atividades de educa\u00e7\u00e3o alimentar e nutricional para a popula\u00e7\u00e3o; na Cl\u00ednica em Nutri\u00e7\u00e3o, atendendo pacientes de diferentes faixas et\u00e1rias com demanda por sa\u00fade, est\u00e9tica ou desempenho f\u00edsico; e finalmente, no Ensino, Pesquisa e Extens\u00e3o, auxiliando no desenvolvimento de estudos na \u00e1rea de alimenta\u00e7\u00e3o e nutri\u00e7\u00e3o e na forma\u00e7\u00e3o de futuros profissionais.<\/span><\/p>\n","protected":false},"excerpt":{"rendered":"<p>Objetivo: O Curso de Bacharelado em Nutri\u00e7\u00e3o da UNISEPE tem como objetivo formar profissionais capacitados a zelar pela alimenta\u00e7\u00e3o adequada e saud\u00e1vel de indiv\u00edduos e da popula\u00e7\u00e3o como um todo, a fim de promover a sa\u00fade e melhor qualidade de vida. &nbsp; Estrutura: Ele possui 3205 horas de dura\u00e7\u00e3o, distribu\u00eddas<\/p>\n","protected":false},"author":1,"featured_media":0,"parent":0,"menu_order":0,"comment_status":"closed","ping_status":"closed","template":"templates\/template-curso_menu_vertical.php","meta":{"footnotes":""},"categories":[143],"tags":[148],"class_list":["post-495","page","type-page","status-publish","hentry","category-cursos-graduacao-presencial","tag-cursos-bacharelado"],"_links":{"self":[{"href":"https:\/\/portal.unisepe.com.br\/univr\/wp-json\/wp\/v2\/pages\/495","targetHints":{"allow":["GET"]}}],"collection":[{"href":"https:\/\/portal.unisepe.com.br\/univr\/wp-json\/wp\/v2\/pages"}],"about":[{"href":"https:\/\/portal.unisepe.com.br\/univr\/wp-json\/wp\/v2\/types\/page"}],"author":[{"embeddable":true,"href":"https:\/\/portal.unisepe.com.br\/univr\/wp-json\/wp\/v2\/users\/1"}],"replies":[{"embeddable":true,"href":"https:\/\/portal.unisepe.com.br\/univr\/wp-json\/wp\/v2\/comments?post=495"}],"version-history":[{"count":6,"href":"https:\/\/portal.unisepe.com.br\/univr\/wp-json\/wp\/v2\/pages\/495\/revisions"}],"predecessor-version":[{"id":4403,"href":"https:\/\/portal.unisepe.com.br\/univr\/wp-json\/wp\/v2\/pages\/495\/revisions\/4403"}],"wp:attachment":[{"href":"https:\/\/portal.unisepe.com.br\/univr\/wp-json\/wp\/v2\/media?parent=495"}],"wp:term":[{"taxonomy":"category","embeddable":true,"href":"https:\/\/portal.unisepe.com.br\/univr\/wp-json\/wp\/v2\/categories?post=495"},{"taxonomy":"post_tag","embeddable":true,"href":"https:\/\/portal.unisepe.com.br\/univr\/wp-json\/wp\/v2\/tags?post=495"}],"curies":[{"name":"wp","href":"https:\/\/api.w.org\/{rel}","templated":true}]}}