{"id":4956,"date":"2021-09-21T19:00:36","date_gmt":"2021-09-21T22:00:36","guid":{"rendered":"https:\/\/portal.unisepe.com.br\/univr\/?page_id=4956"},"modified":"2021-09-22T09:45:46","modified_gmt":"2021-09-22T12:45:46","slug":"e0007","status":"publish","type":"page","link":"https:\/\/portal.unisepe.com.br\/univr\/bosque-registro\/e0007\/","title":{"rendered":"Ameixeira Amarela"},"content":{"rendered":"<div class=\"text-center\"><img decoding=\"async\" style=\"padding: 0;border: 1px solid #000;border-radius: 5px\" src=\"https:\/\/portal.unisepe.com.br\/univr\/wp-content\/uploads\/sites\/10004\/2021\/09\/ameixeiraAmarela.png\" alt=\"\" class=\"main-image\" \/><span><\/span><\/div>\n<h3 class=\"title mt-1\" style=\"text-align: center\">Ameixeira Amarela<\/h3>\n<h5 class=\"scientific-name\" style=\"text-align: center;font-weight: normal;margin-top: 0\">Eriobotrya japonica<\/h5>\n<div class=\"mt-3 text-center\">\n<table class=\"aligncenter\">\n<tbody class=\"border\">\n<tr>\n<th colspan=\"2\">Classifica\u00e7\u00e3o Cient\u00edfica<\/th>\n<\/tr>\n<tr>\n<td>Reino:<\/td>\n<td>Plantae<\/td>\n<\/tr>\n<tr>\n<td>Divis\u00e3o:<\/td>\n<td><\/td>\n<\/tr>\n<tr>\n<td>Classe:<\/td>\n<td><\/td>\n<\/tr>\n<tr>\n<td>Ordem:<\/td>\n<td>Rosales<\/td>\n<\/tr>\n<tr>\n<td>Fam\u00edlia:<\/td>\n<td>Rosaceae<\/td>\n<\/tr>\n<tr>\n<td>G\u00eanero:<\/td>\n<td>Eriobotrya<\/td>\n<\/tr>\n<tr>\n<td>Esp\u00e9cie:<\/td>\n<td>E. japonica<\/td>\n<\/tr>\n<\/tbody>\n<\/table>\n<\/div>\n<div class=\"description\">\n<p style=\"text-align: justify\"><b>CARACTER\u00cdSTICAS:<\/b><span>\u00a0<\/span>\u00c9 uma \u00e1rvore pequena, com uma coroa circular e um tronco curto. Pode crescer at\u00e9 10 m de altura, mas \u00e9 geralmente menor. Suas\u00a0folhas\u00a0s\u00e3o alternadas, simples, de 10 a 25\u00a0cm, verde-escuras, de textura r\u00edgida e com a borda serrilhada.<\/p>\n<p style=\"text-align: justify\"><b>DISTRIBUI\u00c7\u00c3O:<\/b><span>\u00a0<\/span>Origin\u00e1ria do Sudeste da\u00a0China (Figura abaixo).<\/p>\n<div class=\"text-center\"><img decoding=\"async\" class=\"img-fluid\" src=\"https:\/\/portal.unisepe.com.br\/univr\/wp-content\/uploads\/sites\/10004\/2021\/09\/mapaAmeixeiraAmarela.png\" alt=\"Mapa Mundi\" \/><br \/>\n<strong class=\"image-description\" style=\"text-align: center\"><b>Figura 1.<\/b><span>\u00a0<\/span>Figura. Sudoeste da China poss\u00edvel Centro de Origem da esp\u00e9cie.<\/strong><br \/>\n<strong class=\"font-info\" style=\"text-align: center\"><b>Fonte:<\/b><span>\u00a0<\/span><a href=\"https:\/\/pt.wikipedia.org\/wiki\/Lista_de_regi%C3%B5es_da_China#\/media\/Ficheiro:Regionen_in_China.svg\" target=\"_blank\" rel=\"noopener noreferrer\">Wikipedia<\/a><\/strong><\/div>\n<\/div>\n","protected":false},"excerpt":{"rendered":"<p>Ameixeira Amarela Eriobotrya japonica Classifica\u00e7\u00e3o Cient\u00edfica Reino: Plantae Divis\u00e3o: Classe: Ordem: Rosales Fam\u00edlia: Rosaceae G\u00eanero: Eriobotrya Esp\u00e9cie: E. japonica CARACTER\u00cdSTICAS:\u00a0\u00c9 uma \u00e1rvore pequena, com uma coroa circular e um tronco curto. Pode crescer at\u00e9 10 m de altura, mas \u00e9 geralmente menor. Suas\u00a0folhas\u00a0s\u00e3o alternadas, simples, de 10 a 25\u00a0cm, verde-escuras,<\/p>\n","protected":false},"author":10,"featured_media":4855,"parent":4761,"menu_order":0,"comment_status":"closed","ping_status":"closed","template":"templates\/template-pagina_menu_vertical.php","meta":{"footnotes":""},"categories":[142],"tags":[],"class_list":["post-4956","page","type-page","status-publish","has-post-thumbnail","hentry","category-bosque-registro"],"_links":{"self":[{"href":"https:\/\/portal.unisepe.com.br\/univr\/wp-json\/wp\/v2\/pages\/4956","targetHints":{"allow":["GET"]}}],"collection":[{"href":"https:\/\/portal.unisepe.com.br\/univr\/wp-json\/wp\/v2\/pages"}],"about":[{"href":"https:\/\/portal.unisepe.com.br\/univr\/wp-json\/wp\/v2\/types\/page"}],"author":[{"embeddable":true,"href":"https:\/\/portal.unisepe.com.br\/univr\/wp-json\/wp\/v2\/users\/10"}],"replies":[{"embeddable":true,"href":"https:\/\/portal.unisepe.com.br\/univr\/wp-json\/wp\/v2\/comments?post=4956"}],"version-history":[{"count":6,"href":"https:\/\/portal.unisepe.com.br\/univr\/wp-json\/wp\/v2\/pages\/4956\/revisions"}],"predecessor-version":[{"id":5003,"href":"https:\/\/portal.unisepe.com.br\/univr\/wp-json\/wp\/v2\/pages\/4956\/revisions\/5003"}],"up":[{"embeddable":true,"href":"https:\/\/portal.unisepe.com.br\/univr\/wp-json\/wp\/v2\/pages\/4761"}],"wp:featuredmedia":[{"embeddable":true,"href":"https:\/\/portal.unisepe.com.br\/univr\/wp-json\/wp\/v2\/media\/4855"}],"wp:attachment":[{"href":"https:\/\/portal.unisepe.com.br\/univr\/wp-json\/wp\/v2\/media?parent=4956"}],"wp:term":[{"taxonomy":"category","embeddable":true,"href":"https:\/\/portal.unisepe.com.br\/univr\/wp-json\/wp\/v2\/categories?post=4956"},{"taxonomy":"post_tag","embeddable":true,"href":"https:\/\/portal.unisepe.com.br\/univr\/wp-json\/wp\/v2\/tags?post=4956"}],"curies":[{"name":"wp","href":"https:\/\/api.w.org\/{rel}","templated":true}]}}