{"id":4959,"date":"2021-09-21T19:06:25","date_gmt":"2021-09-21T22:06:25","guid":{"rendered":"https:\/\/portal.unisepe.com.br\/univr\/?page_id=4959"},"modified":"2021-09-22T09:10:07","modified_gmt":"2021-09-22T12:10:07","slug":"e0008","status":"publish","type":"page","link":"https:\/\/portal.unisepe.com.br\/univr\/bosque-registro\/e0008\/","title":{"rendered":"Breja\u00fava"},"content":{"rendered":"<div class=\"text-center\"><img decoding=\"async\" src=\"https:\/\/portal.unisepe.com.br\/univr\/wp-content\/uploads\/sites\/10004\/2021\/09\/brejauva.png\" alt=\"\" class=\"main-image\" \/><span><\/span>\n<\/div>\n<h3 class=\"title\" style=\"text-align: center\">Breja\u00fava<\/h3>\n<h2 class=\"scientific-name\" style=\"text-align: center\">Astrocaryum aculeatissimum (Schott) Burret<\/h2>\n<div class=\"text-center\">\n<table class=\" aligncenter\">\n<tbody class=\"border\">\n<tr>\n<th colspan=\"2\">Classifica\u00e7\u00e3o Cient\u00edfica<\/th>\n<\/tr>\n<tr>\n<td>Reino:<\/td>\n<td>Plantae<\/td>\n<\/tr>\n<tr>\n<td>Divis\u00e3o:<\/td>\n<td>Magnoliophyta<\/td>\n<\/tr>\n<tr>\n<td>Classe:<\/td>\n<td>Liliopsida<\/td>\n<\/tr>\n<tr>\n<td>Ordem:<\/td>\n<td>Arecales<\/td>\n<\/tr>\n<tr>\n<td>Fam\u00edlia:<\/td>\n<td>Arecaceae<\/td>\n<\/tr>\n<tr>\n<td>G\u00eanero:<\/td>\n<td>Astrocaryum<\/td>\n<\/tr>\n<tr>\n<td>Esp\u00e9cie:<\/td>\n<td>A. aculeatissimum<\/td>\n<\/tr>\n<\/tbody>\n<\/table>\n<\/div>\n<div class=\"description\">\n<p style=\"text-align: justify\"><b>CARACTER\u00cdSTICAS:<\/b><span>\u00a0<\/span>\u00c9 uma palmeira silvestre. Seus frutos s\u00e3o usados pelas crian\u00e7as para se fazer pi\u00f5es. As sementes s\u00e3o saborosas e oleosas.<\/p>\n<p style=\"text-align: justify\"><b>DISTRIBUI\u00c7\u00c3O:<\/b><span>\u00a0<\/span>Distribui-se pelo bioma Mata Atl\u00e2ntica pelos Estados ES, RJ, SP PR e SC (Figura abaixo).<\/p>\n<div class=\"text-center\">\n<p><img decoding=\"async\" class=\"map-size\" src=\"https:\/\/portal.unisepe.com.br\/univr\/wp-content\/uploads\/sites\/10004\/2021\/09\/mapaBrejauva.jpg\" alt=\"Mapa Mundi\" \/><br \/>\n<strong class=\"image-description\" style=\"text-align: center\"><b>Figura 1.<\/b><span>\u00a0<\/span>Distribui\u00e7\u00e3o da Esp\u00e9cie.<\/strong><br \/>\n<strong class=\"font-info\" style=\"text-align: center\"><b>Fonte:<\/b><span>\u00a0<\/span><a href=\"https:\/\/pt.wikipedia.org\/wiki\/Breja%C3%BAva\" target=\"_blank\" rel=\"noopener noreferrer\">Wikipedia<\/a><\/strong>\n<\/div>\n<\/div>\n","protected":false},"excerpt":{"rendered":"<p>Breja\u00fava Astrocaryum aculeatissimum (Schott) Burret Classifica\u00e7\u00e3o Cient\u00edfica Reino: Plantae Divis\u00e3o: Magnoliophyta Classe: Liliopsida Ordem: Arecales Fam\u00edlia: Arecaceae G\u00eanero: Astrocaryum Esp\u00e9cie: A. aculeatissimum CARACTER\u00cdSTICAS:\u00a0\u00c9 uma palmeira silvestre. Seus frutos s\u00e3o usados pelas crian\u00e7as para se fazer pi\u00f5es. As sementes s\u00e3o saborosas e oleosas. DISTRIBUI\u00c7\u00c3O:\u00a0Distribui-se pelo bioma Mata Atl\u00e2ntica pelos Estados ES,<\/p>\n","protected":false},"author":10,"featured_media":4858,"parent":4761,"menu_order":0,"comment_status":"closed","ping_status":"closed","template":"templates\/template-pagina_menu_vertical.php","meta":{"footnotes":""},"categories":[142],"tags":[],"class_list":["post-4959","page","type-page","status-publish","has-post-thumbnail","hentry","category-bosque-registro"],"_links":{"self":[{"href":"https:\/\/portal.unisepe.com.br\/univr\/wp-json\/wp\/v2\/pages\/4959","targetHints":{"allow":["GET"]}}],"collection":[{"href":"https:\/\/portal.unisepe.com.br\/univr\/wp-json\/wp\/v2\/pages"}],"about":[{"href":"https:\/\/portal.unisepe.com.br\/univr\/wp-json\/wp\/v2\/types\/page"}],"author":[{"embeddable":true,"href":"https:\/\/portal.unisepe.com.br\/univr\/wp-json\/wp\/v2\/users\/10"}],"replies":[{"embeddable":true,"href":"https:\/\/portal.unisepe.com.br\/univr\/wp-json\/wp\/v2\/comments?post=4959"}],"version-history":[{"count":3,"href":"https:\/\/portal.unisepe.com.br\/univr\/wp-json\/wp\/v2\/pages\/4959\/revisions"}],"predecessor-version":[{"id":4992,"href":"https:\/\/portal.unisepe.com.br\/univr\/wp-json\/wp\/v2\/pages\/4959\/revisions\/4992"}],"up":[{"embeddable":true,"href":"https:\/\/portal.unisepe.com.br\/univr\/wp-json\/wp\/v2\/pages\/4761"}],"wp:featuredmedia":[{"embeddable":true,"href":"https:\/\/portal.unisepe.com.br\/univr\/wp-json\/wp\/v2\/media\/4858"}],"wp:attachment":[{"href":"https:\/\/portal.unisepe.com.br\/univr\/wp-json\/wp\/v2\/media?parent=4959"}],"wp:term":[{"taxonomy":"category","embeddable":true,"href":"https:\/\/portal.unisepe.com.br\/univr\/wp-json\/wp\/v2\/categories?post=4959"},{"taxonomy":"post_tag","embeddable":true,"href":"https:\/\/portal.unisepe.com.br\/univr\/wp-json\/wp\/v2\/tags?post=4959"}],"curies":[{"name":"wp","href":"https:\/\/api.w.org\/{rel}","templated":true}]}}