{"id":5009,"date":"2021-09-22T14:30:03","date_gmt":"2021-09-22T17:30:03","guid":{"rendered":"https:\/\/portal.unisepe.com.br\/univr\/?page_id=5009"},"modified":"2021-09-22T17:44:43","modified_gmt":"2021-09-22T20:44:43","slug":"e0010","status":"publish","type":"page","link":"https:\/\/portal.unisepe.com.br\/univr\/bosque-registro\/e0010\/","title":{"rendered":"Carvalho das can\u00e1rias"},"content":{"rendered":"<div class=\"text-center\"><img decoding=\"async\" style=\"padding: 0;border-radius: 5px\" src=\"https:\/\/portal.unisepe.com.br\/univr\/wp-content\/uploads\/sites\/10004\/2021\/09\/carvalho-das-canarias.png\" alt=\"\" class=\"main-image\" \/><span><\/span><\/div>\n<h3 class=\"title mt-1\" style=\"text-align: center\">Carvalho das can\u00e1rias<\/h3>\n<h5 class=\"scientific-name\" style=\"text-align: center;font-weight: normal;margin-top: 0\">Quercus canariensis<br \/>\nWilld.<\/h5>\n<div class=\"mt-3 text-center\">\n<table class=\"aligncenter\">\n<tbody class=\"border\">\n<tr>\n<th colspan=\"2\">Classifica\u00e7\u00e3o Cient\u00edfica<\/th>\n<\/tr>\n<tr>\n<td>Reino:<\/td>\n<td>Plantae<\/td>\n<\/tr>\n<tr>\n<td>Divis\u00e3o:<\/td>\n<td>Angiosperma<\/td>\n<\/tr>\n<tr>\n<td>Classe:<\/td>\n<td>eudicotiled\u00f3neas<\/td>\n<\/tr>\n<tr>\n<td>Ordem:<\/td>\n<td>Fagales<\/td>\n<\/tr>\n<tr>\n<td>Fam\u00edlia:<\/td>\n<td>Fagaceae<\/td>\n<\/tr>\n<tr>\n<td>G\u00eanero:<\/td>\n<td>Quercus<\/td>\n<\/tr>\n<tr>\n<td>Esp\u00e9cie:<\/td>\n<td>Q. canariensis<\/td>\n<\/tr>\n<\/tbody>\n<\/table>\n<\/div>\n<p style=\"text-align: justify\"><b>DESCRI\u00c7\u00c3O: <\/b><span>Folhas: simples, alternas, cori\u00e1ceas, de oblongo a obovadas, el\u00edptica-oval ou em forma de lan\u00e7a larga, por vezes convexas, margens serradas, crenadas, com 8-14 pares de lobos mais ou menos regulares, com lobo terminal mais ou menos acuminado, tomentosas quando jovens, tornam-se glabras na maturidade; verde-escuro na p\u00e1gina superior e pubescente na p\u00e1gina inferior com nervuras salientes paralelas, variam entre 5-20 cm x 2,5-11 cm de largura. A folhagem \u00e9 marcescente e perene pois uma parte das folhas mant\u00e9m-se na \u00e1rvore ap\u00f3s ter murchado at\u00e9 \u00e0 Primavera, enquanto que outras conservam-se verdes durante o Inverno.<br \/>\nFlores: masculinas amarelo-esverdeado, com 6 lobos est\u00e3o dispostas em amentilhos de 4 a 8 cm de comprimento em posi\u00e7\u00e3o terminal, as femininas sobre um ped\u00fanculo curto. A flora\u00e7\u00e3o ocorre entre Abril e Maio.<br \/>\nFrutos: glande que se desenvolve de forma solit\u00e1ria ou agrupada em duas ou tr\u00eas bolotas ovais cil\u00edndricas, com 2,5 cm de comprimento e ped\u00fanculo curto de 0,5 a 1 cm; c\u00fapula semiesf\u00e9rica, com in\u00fameras escamas velosas ovado-lanceoladas engloba 1\/3 da bolota. Frutifica entre Outubro e Novembro do mesmo ano.<br \/>\n<\/span><\/p>\n<p style=\"text-align: justify\"><b>DISTRIBUI\u00c7\u00c3O: <\/b><span>carvalho end\u00e9mico do Sudoeste da Bacia do Mediterr\u00e2neo \u2013Pen\u00ednsula Ib\u00e9rica: Andaluzia, Serra Morena, Montes de Toledo, regi\u00e3o de C\u00e1dis, Catalunha e Serra de Monchique; Noroeste da \u00c1frica: cordilheira do Atlas (Marrocos e Arg\u00e9lia), Tun\u00edsia.<\/span><\/p>\n<p style=\"text-align: left\"><strong>Fonte:<\/strong> <a href=\"http:\/\/www.arvoresearbustosdeportugal.com\/portfolio-item\/carvalho-de-monchique-quercus-canariensis\/\" target=\"_blank\" rel=\"noopener noreferrer\">http:\/\/www.arvoresearbustosdeportugal.com\/portfolio-item\/carvalho-de-monchique-quercus-canariensis\/<\/a><\/p>\n","protected":false},"excerpt":{"rendered":"<p>Carvalho das can\u00e1rias Quercus canariensis Willd. Classifica\u00e7\u00e3o Cient\u00edfica Reino: Plantae Divis\u00e3o: Angiosperma Classe: eudicotiled\u00f3neas Ordem: Fagales Fam\u00edlia: Fagaceae G\u00eanero: Quercus Esp\u00e9cie: Q. canariensis DESCRI\u00c7\u00c3O: Folhas: simples, alternas, cori\u00e1ceas, de oblongo a obovadas, el\u00edptica-oval ou em forma de lan\u00e7a larga, por vezes convexas, margens serradas, crenadas, com 8-14 pares de lobos<\/p>\n","protected":false},"author":10,"featured_media":0,"parent":4761,"menu_order":0,"comment_status":"closed","ping_status":"closed","template":"templates\/template-pagina_menu_vertical.php","meta":{"footnotes":""},"categories":[142],"tags":[],"class_list":["post-5009","page","type-page","status-publish","hentry","category-bosque-registro"],"_links":{"self":[{"href":"https:\/\/portal.unisepe.com.br\/univr\/wp-json\/wp\/v2\/pages\/5009","targetHints":{"allow":["GET"]}}],"collection":[{"href":"https:\/\/portal.unisepe.com.br\/univr\/wp-json\/wp\/v2\/pages"}],"about":[{"href":"https:\/\/portal.unisepe.com.br\/univr\/wp-json\/wp\/v2\/types\/page"}],"author":[{"embeddable":true,"href":"https:\/\/portal.unisepe.com.br\/univr\/wp-json\/wp\/v2\/users\/10"}],"replies":[{"embeddable":true,"href":"https:\/\/portal.unisepe.com.br\/univr\/wp-json\/wp\/v2\/comments?post=5009"}],"version-history":[{"count":8,"href":"https:\/\/portal.unisepe.com.br\/univr\/wp-json\/wp\/v2\/pages\/5009\/revisions"}],"predecessor-version":[{"id":5066,"href":"https:\/\/portal.unisepe.com.br\/univr\/wp-json\/wp\/v2\/pages\/5009\/revisions\/5066"}],"up":[{"embeddable":true,"href":"https:\/\/portal.unisepe.com.br\/univr\/wp-json\/wp\/v2\/pages\/4761"}],"wp:attachment":[{"href":"https:\/\/portal.unisepe.com.br\/univr\/wp-json\/wp\/v2\/media?parent=5009"}],"wp:term":[{"taxonomy":"category","embeddable":true,"href":"https:\/\/portal.unisepe.com.br\/univr\/wp-json\/wp\/v2\/categories?post=5009"},{"taxonomy":"post_tag","embeddable":true,"href":"https:\/\/portal.unisepe.com.br\/univr\/wp-json\/wp\/v2\/tags?post=5009"}],"curies":[{"name":"wp","href":"https:\/\/api.w.org\/{rel}","templated":true}]}}