{"id":5011,"date":"2021-09-22T14:31:22","date_gmt":"2021-09-22T17:31:22","guid":{"rendered":"https:\/\/portal.unisepe.com.br\/univr\/?page_id=5011"},"modified":"2021-09-22T17:45:03","modified_gmt":"2021-09-22T20:45:03","slug":"e0011","status":"publish","type":"page","link":"https:\/\/portal.unisepe.com.br\/univr\/bosque-registro\/e0011\/","title":{"rendered":"Erythrina"},"content":{"rendered":"<div class=\"text-center\"><img decoding=\"async\" style=\"padding: 0;border-radius: 5px\" src=\"https:\/\/portal.unisepe.com.br\/univr\/wp-content\/uploads\/sites\/10004\/2021\/09\/erytrina.jpg\" alt=\"\" width=\"50%\" class=\"main-image\" \/><span><\/span><\/div>\n<h3 class=\"title mt-1\" style=\"text-align: center\">Erythrina<\/h3>\n<p style=\"text-align: center\">Erythrina speciosa <br \/> Andrews<\/p>\n<div class=\"mt-3 text-center\">\n<table class=\"aligncenter\">\n<tbody class=\"border\">\n<tr>\n<th colspan=\"2\">Classifica\u00e7\u00e3o Cient\u00edfica<\/th>\n<\/tr>\n<tr>\n<td>Reino:<\/td>\n<td>Plantae<\/td>\n<\/tr>\n<tr>\n<td>Divis\u00e3o:<\/td>\n<td>Angiosperma<\/td>\n<\/tr>\n<tr>\n<td>Classe:<\/td>\n<td>Eudicotyledoneae<\/td>\n<\/tr>\n<tr>\n<td>Ordem:<\/td>\n<td>Ros\u00eddeas<\/td>\n<\/tr>\n<tr>\n<td>Fam\u00edlia:<\/td>\n<td>Fabaceae<\/td>\n<\/tr>\n<tr>\n<td>G\u00eanero:<\/td>\n<td>Erythrina<\/td>\n<\/tr>\n<tr>\n<td>Esp\u00e9cie:<\/td>\n<td>E. speciosa<\/td>\n<\/tr>\n<\/tbody>\n<\/table>\n<\/div>\n<p style=\"text-align: justify\"><b>DESCRI\u00c7\u00c3O: <\/b><span>possui folhas alternas espiraladas, estipuladas e estipeladas, compostas trifolioladas; fol\u00edolos ovalados a largamente ovais, cart\u00e1ceos, lustrosos na face adaxial, com nervuras prim\u00e1rias e secund\u00e1rias proeminentes de 15 a 28 cm de comprimento na face abaxial, al\u00e9m de infloresc\u00eancias em racemos terminais curtos; flores vermelhas, zigomorfas, diclam\u00eddeas e anisost\u00eamones. A \u00e1rvore \u00e9 bastante ornamental quando em flor. Floresce de junho a setembro com a planta totalmente sem folhas. A frutifica\u00e7\u00e3o ocorre de outubro a novembro, entretanto permanecem na \u00e1rvore por mais alguns meses.<\/span><\/p>\n<p style=\"text-align: justify\"><b>DISTRIBUI\u00c7\u00c3O: <\/b><span>Nativa do Brasil, mais especificamente das regi\u00f5es Nordeste, Centro-Oeste, Sudeste e Sul. Natural de florestas fluiviais e plan\u00edcias umidas \u00e9 frequentemente encontrada ao longo de rios e outros corpos d&#8217;\u00e1gua do Cerrado e Mata Atl\u00e2ntica (Figura abaixo).<\/span><\/p>\n<div class=\"text-center\">\n<p><img decoding=\"async\" class=\"img-fluid\" src=\"https:\/\/portal.unisepe.com.br\/univr\/wp-content\/uploads\/sites\/10004\/2021\/09\/mapaErytrina.png\" alt=\" \" width=\"40%\" \/><\/p>\n<p><strong>Figura.<\/strong> Distribui\u00e7\u00e3o da Erythrina speciosa no territ\u00f3rio brasileiro.<\/p>\n<p><strong>Fonte:<\/strong><a href=\"https:\/\/pt.wikipedia.org\/wiki\/Erythrina_speciosa\" target=\"_blank\" rel=\"noopener noreferrer\"> Wikipedia<\/a><\/p>\n<\/div>\n","protected":false},"excerpt":{"rendered":"<p>Erythrina Erythrina speciosa Andrews Classifica\u00e7\u00e3o Cient\u00edfica Reino: Plantae Divis\u00e3o: Angiosperma Classe: Eudicotyledoneae Ordem: Ros\u00eddeas Fam\u00edlia: Fabaceae G\u00eanero: Erythrina Esp\u00e9cie: E. speciosa DESCRI\u00c7\u00c3O: possui folhas alternas espiraladas, estipuladas e estipeladas, compostas trifolioladas; fol\u00edolos ovalados a largamente ovais, cart\u00e1ceos, lustrosos na face adaxial, com nervuras prim\u00e1rias e secund\u00e1rias proeminentes de 15 a<\/p>\n","protected":false},"author":10,"featured_media":0,"parent":4761,"menu_order":0,"comment_status":"closed","ping_status":"closed","template":"templates\/template-pagina_menu_vertical.php","meta":{"footnotes":""},"categories":[142],"tags":[],"class_list":["post-5011","page","type-page","status-publish","hentry","category-bosque-registro"],"_links":{"self":[{"href":"https:\/\/portal.unisepe.com.br\/univr\/wp-json\/wp\/v2\/pages\/5011","targetHints":{"allow":["GET"]}}],"collection":[{"href":"https:\/\/portal.unisepe.com.br\/univr\/wp-json\/wp\/v2\/pages"}],"about":[{"href":"https:\/\/portal.unisepe.com.br\/univr\/wp-json\/wp\/v2\/types\/page"}],"author":[{"embeddable":true,"href":"https:\/\/portal.unisepe.com.br\/univr\/wp-json\/wp\/v2\/users\/10"}],"replies":[{"embeddable":true,"href":"https:\/\/portal.unisepe.com.br\/univr\/wp-json\/wp\/v2\/comments?post=5011"}],"version-history":[{"count":7,"href":"https:\/\/portal.unisepe.com.br\/univr\/wp-json\/wp\/v2\/pages\/5011\/revisions"}],"predecessor-version":[{"id":5044,"href":"https:\/\/portal.unisepe.com.br\/univr\/wp-json\/wp\/v2\/pages\/5011\/revisions\/5044"}],"up":[{"embeddable":true,"href":"https:\/\/portal.unisepe.com.br\/univr\/wp-json\/wp\/v2\/pages\/4761"}],"wp:attachment":[{"href":"https:\/\/portal.unisepe.com.br\/univr\/wp-json\/wp\/v2\/media?parent=5011"}],"wp:term":[{"taxonomy":"category","embeddable":true,"href":"https:\/\/portal.unisepe.com.br\/univr\/wp-json\/wp\/v2\/categories?post=5011"},{"taxonomy":"post_tag","embeddable":true,"href":"https:\/\/portal.unisepe.com.br\/univr\/wp-json\/wp\/v2\/tags?post=5011"}],"curies":[{"name":"wp","href":"https:\/\/api.w.org\/{rel}","templated":true}]}}