{"id":5012,"date":"2021-09-22T14:32:06","date_gmt":"2021-09-22T17:32:06","guid":{"rendered":"https:\/\/portal.unisepe.com.br\/univr\/?page_id=5012"},"modified":"2021-09-22T17:45:10","modified_gmt":"2021-09-22T20:45:10","slug":"e0012","status":"publish","type":"page","link":"https:\/\/portal.unisepe.com.br\/univr\/bosque-registro\/e0012\/","title":{"rendered":"Mandioc\u00e3o"},"content":{"rendered":"<div class=\"text-center\"><img decoding=\"async\" style=\"padding: 0;border-radius: 5px\" src=\"https:\/\/portal.unisepe.com.br\/univr\/wp-content\/uploads\/sites\/10004\/2021\/09\/figueira-schefflera-sp.png\" alt=\"\" width=\"50%\" class=\"main-image\" \/><span><\/span><\/div>\n<h3 class=\"title mt-1\" style=\"text-align: center\">Mandioc\u00e3o<\/h3>\n<h5 class=\"scientific-name\" style=\"text-align: center;font-weight: normal;margin-top: 0\">Schefflera sp.<\/h5>\n<div class=\"mt-3 text-center\">\n<table class=\"aligncenter\">\n<tbody class=\"border\">\n<tr>\n<th colspan=\"2\">Classifica\u00e7\u00e3o Cient\u00edfica<\/th>\n<\/tr>\n<tr>\n<td>Reino:<\/td>\n<td>Plantae<\/td>\n<\/tr>\n<tr>\n<td>Divis\u00e3o:<\/td>\n<td>Magnoliophyta<\/td>\n<\/tr>\n<tr>\n<td>Classe:<\/td>\n<td>Magnolipsida<\/td>\n<\/tr>\n<tr>\n<td>Ordem:<\/td>\n<td>Apiales<\/td>\n<\/tr>\n<tr>\n<td>Fam\u00edlia:<\/td>\n<td>Schefflera<\/td>\n<\/tr>\n<tr>\n<td>G\u00eanero:<\/td>\n<td>Ficus<\/td>\n<\/tr>\n<tr>\n<td>Esp\u00e9cie:<\/td>\n<td>Schefflera sp.<\/td>\n<\/tr>\n<\/tbody>\n<\/table>\n<\/div>\n<p style=\"text-align: justify\"><b>CARACTER\u00cdSTICAS: <\/b><span>Folhas digitadas, fol\u00edolos oblongos, filotaxia alterna espiralada, infloresc\u00eancia em pan\u00edculas, porte arb\u00f3reo  com um \u00fanico fuste.<\/span><\/p>\n<p style=\"text-align: justify\"><b>DISTRIBUI\u00c7\u00c3O: <\/b><span>Centro de origem do g\u00eanero (Figura abaixo). <\/span><\/p>\n<div class=\"text-center\">\n<img decoding=\"async\" class=\"img-fluid\" src=\"https:\/\/portal.unisepe.com.br\/univr\/wp-content\/uploads\/sites\/10004\/2021\/09\/mapa-figueira-schefflera-sp.png\" alt=\" \" width=\"40%\" \/>\n<\/div>\n","protected":false},"excerpt":{"rendered":"<p>Mandioc\u00e3o Schefflera sp. Classifica\u00e7\u00e3o Cient\u00edfica Reino: Plantae Divis\u00e3o: Magnoliophyta Classe: Magnolipsida Ordem: Apiales Fam\u00edlia: Schefflera G\u00eanero: Ficus Esp\u00e9cie: Schefflera sp. CARACTER\u00cdSTICAS: Folhas digitadas, fol\u00edolos oblongos, filotaxia alterna espiralada, infloresc\u00eancia em pan\u00edculas, porte arb\u00f3reo com um \u00fanico fuste. DISTRIBUI\u00c7\u00c3O: Centro de origem do g\u00eanero (Figura abaixo).<\/p>\n","protected":false},"author":10,"featured_media":0,"parent":4761,"menu_order":0,"comment_status":"closed","ping_status":"closed","template":"templates\/template-pagina_menu_vertical.php","meta":{"footnotes":""},"categories":[142],"tags":[],"class_list":["post-5012","page","type-page","status-publish","hentry","category-bosque-registro"],"_links":{"self":[{"href":"https:\/\/portal.unisepe.com.br\/univr\/wp-json\/wp\/v2\/pages\/5012","targetHints":{"allow":["GET"]}}],"collection":[{"href":"https:\/\/portal.unisepe.com.br\/univr\/wp-json\/wp\/v2\/pages"}],"about":[{"href":"https:\/\/portal.unisepe.com.br\/univr\/wp-json\/wp\/v2\/types\/page"}],"author":[{"embeddable":true,"href":"https:\/\/portal.unisepe.com.br\/univr\/wp-json\/wp\/v2\/users\/10"}],"replies":[{"embeddable":true,"href":"https:\/\/portal.unisepe.com.br\/univr\/wp-json\/wp\/v2\/comments?post=5012"}],"version-history":[{"count":6,"href":"https:\/\/portal.unisepe.com.br\/univr\/wp-json\/wp\/v2\/pages\/5012\/revisions"}],"predecessor-version":[{"id":5047,"href":"https:\/\/portal.unisepe.com.br\/univr\/wp-json\/wp\/v2\/pages\/5012\/revisions\/5047"}],"up":[{"embeddable":true,"href":"https:\/\/portal.unisepe.com.br\/univr\/wp-json\/wp\/v2\/pages\/4761"}],"wp:attachment":[{"href":"https:\/\/portal.unisepe.com.br\/univr\/wp-json\/wp\/v2\/media?parent=5012"}],"wp:term":[{"taxonomy":"category","embeddable":true,"href":"https:\/\/portal.unisepe.com.br\/univr\/wp-json\/wp\/v2\/categories?post=5012"},{"taxonomy":"post_tag","embeddable":true,"href":"https:\/\/portal.unisepe.com.br\/univr\/wp-json\/wp\/v2\/tags?post=5012"}],"curies":[{"name":"wp","href":"https:\/\/api.w.org\/{rel}","templated":true}]}}