{"id":502,"date":"2016-07-12T19:05:32","date_gmt":"2016-07-12T22:05:32","guid":{"rendered":"http:\/\/portal.unisepe.com.br\/univr\/?page_id=502"},"modified":"2024-05-23T15:24:09","modified_gmt":"2024-05-23T18:24:09","slug":"matriz-curricular","status":"publish","type":"page","link":"https:\/\/portal.unisepe.com.br\/univr\/nutricao\/matriz-curricular\/","title":{"rendered":"Matriz Curricular"},"content":{"rendered":"<ul class=\"nav nav-tabs\">\n<li class=\"nav-item\"><a class=\"nav-link active\" href=\"#tab1\" data-toggle=\"tab\">Matriz<\/a><\/li>\n<li class=\"nav-item\"><a class=\"nav-link\" href=\"#tab2\" data-toggle=\"tab\">EAD<\/a><\/li>\n<\/ul>\n<div id=\"myTabContent\" class=\"tab-content\">\n<div id=\"tab1\" class=\"tab-pane fade active show\">\n<ul>\n<li><a href=\"https:\/\/portal.unisepe.com.br\/univr\/wp-content\/uploads\/sites\/10004\/2024\/05\/Matriz-Curricular-do-Curso-de-Nutri\u00e7\u00e3o-2020-SITE.pdf\" target=\"_blank\" rel=\"noopener noreferrer\">Matriz 2020<\/a><\/li>\n<li><a href=\"\/wp-content\/uploads\/sites\/10003\/2016\/07\/Matriz_NUT_20121.pdf\" target=\"_blank\" rel=\"noopener noreferrer\">Matriz 2012<\/a><\/li>\n<\/ul>\n<\/div>\n<div id=\"tab2\" class=\"tab-pane fade\">\n<p style=\"text-align: center\">art 8. da Portaria 1.428\/2018<\/p>\n<ul>\n<li><a href=\"http:\/\/portal.unisepe.com.br\/univr\/wp-content\/uploads\/sites\/10004\/2019\/09\/2019-2-UNIVR-ART-8-PSICOLOGIA.pdf\" target=\"_blank\" rel=\"noopener noreferrer\">2019-2-UNIVR-ART 8- PSICOLOGIA<\/a><\/li>\n<li><a href=\"http:\/\/portal.unisepe.com.br\/univr\/wp-content\/uploads\/sites\/10004\/2019\/09\/2019-2-UNIVR-ART-8-L\u00cdNGUA-BRASILEIRA-DE-SINAIS-LIBRAS-1.pdf\" target=\"_blank\" rel=\"noopener noreferrer\">2019-2-UNIVR-ART 8-L\u00cdNGUA BRASILEIRA DE SINAIS LIBRAS<\/a><\/li>\n<li><a href=\"http:\/\/portal.unisepe.com.br\/univr\/wp-content\/uploads\/sites\/10004\/2019\/09\/2019-2-UNIVR-ART-8-L\u00cdNGUA-PORTUGUESA-1.pdf\" target=\"_blank\" rel=\"noopener noreferrer\">2019-2-UNIVR-ART 8-L\u00cdNGUA PORTUGUESA<\/a><\/li>\n<li><a href=\"http:\/\/portal.unisepe.com.br\/univr\/wp-content\/uploads\/sites\/10004\/2019\/09\/2019-2-UNIVR-ART-8-METODOLOGIA-DA-PESQUISA-CIENT\u00cdFICA.pdf\" target=\"_blank\" rel=\"noopener noreferrer\">2019-2-UNIVR-ART 8-METODOLOGIA DA PESQUISA CIENT\u00cdFICA<\/a><\/li>\n<li><a href=\"http:\/\/portal.unisepe.com.br\/univr\/wp-content\/uploads\/sites\/10004\/2019\/09\/2019-2-UNIVR-ART-8-NUTRI\u00c7\u00c3O-B\u00c1SICA.pdf\" target=\"_blank\" rel=\"noopener noreferrer\">2019-2-UNIVR-ART 8-NUTRI\u00c7\u00c3O B\u00c1SICA<\/a><\/li>\n<li><a href=\"http:\/\/portal.unisepe.com.br\/univr\/wp-content\/uploads\/sites\/10004\/2019\/09\/2019-2-UNIVR-ART-8-SA\u00daDE-AMBIENTAL.pdf\" target=\"_blank\" rel=\"noopener noreferrer\">2019-2-UNIVR-ART 8-SA\u00daDE AMBIENTAL<\/a><\/li>\n<li><a href=\"http:\/\/portal.unisepe.com.br\/univr\/wp-content\/uploads\/sites\/10004\/2019\/09\/2019-2-UNIVR-ART-8-SA\u00daDE-COLETIVA-E-POL\u00cdTICAS-P\u00daBLICAS.pdf\" target=\"_blank\" rel=\"noopener noreferrer\">2019-2-UNIVR-ART 8-SA\u00daDE COLETIVA E POL\u00cdTICAS P\u00daBLICAS<\/a><\/li>\n<li><a href=\"http:\/\/portal.unisepe.com.br\/univr\/wp-content\/uploads\/sites\/10004\/2019\/09\/2019-2-UNIVR-ART-8-SOCIOLOGIA-1.pdf\" target=\"_blank\" rel=\"noopener noreferrer\">2019-2-UNIVR-ART 8-SOCIOLOGIA<\/a><\/li>\n<\/ul>\n<\/div>\n<\/div>\n","protected":false},"excerpt":{"rendered":"<p>Matriz EAD Matriz 2020 Matriz 2012 art 8. da Portaria 1.428\/2018 2019-2-UNIVR-ART 8- PSICOLOGIA 2019-2-UNIVR-ART 8-L\u00cdNGUA BRASILEIRA DE SINAIS LIBRAS 2019-2-UNIVR-ART 8-L\u00cdNGUA PORTUGUESA 2019-2-UNIVR-ART 8-METODOLOGIA DA PESQUISA CIENT\u00cdFICA 2019-2-UNIVR-ART 8-NUTRI\u00c7\u00c3O B\u00c1SICA 2019-2-UNIVR-ART 8-SA\u00daDE AMBIENTAL 2019-2-UNIVR-ART 8-SA\u00daDE COLETIVA E POL\u00cdTICAS P\u00daBLICAS 2019-2-UNIVR-ART 8-SOCIOLOGIA<\/p>\n","protected":false},"author":1,"featured_media":0,"parent":495,"menu_order":0,"comment_status":"closed","ping_status":"closed","template":"templates\/template-curso_menu_vertical.php","meta":{"footnotes":""},"categories":[],"tags":[],"class_list":["post-502","page","type-page","status-publish","hentry"],"_links":{"self":[{"href":"https:\/\/portal.unisepe.com.br\/univr\/wp-json\/wp\/v2\/pages\/502","targetHints":{"allow":["GET"]}}],"collection":[{"href":"https:\/\/portal.unisepe.com.br\/univr\/wp-json\/wp\/v2\/pages"}],"about":[{"href":"https:\/\/portal.unisepe.com.br\/univr\/wp-json\/wp\/v2\/types\/page"}],"author":[{"embeddable":true,"href":"https:\/\/portal.unisepe.com.br\/univr\/wp-json\/wp\/v2\/users\/1"}],"replies":[{"embeddable":true,"href":"https:\/\/portal.unisepe.com.br\/univr\/wp-json\/wp\/v2\/comments?post=502"}],"version-history":[{"count":17,"href":"https:\/\/portal.unisepe.com.br\/univr\/wp-json\/wp\/v2\/pages\/502\/revisions"}],"predecessor-version":[{"id":6289,"href":"https:\/\/portal.unisepe.com.br\/univr\/wp-json\/wp\/v2\/pages\/502\/revisions\/6289"}],"up":[{"embeddable":true,"href":"https:\/\/portal.unisepe.com.br\/univr\/wp-json\/wp\/v2\/pages\/495"}],"wp:attachment":[{"href":"https:\/\/portal.unisepe.com.br\/univr\/wp-json\/wp\/v2\/media?parent=502"}],"wp:term":[{"taxonomy":"category","embeddable":true,"href":"https:\/\/portal.unisepe.com.br\/univr\/wp-json\/wp\/v2\/categories?post=502"},{"taxonomy":"post_tag","embeddable":true,"href":"https:\/\/portal.unisepe.com.br\/univr\/wp-json\/wp\/v2\/tags?post=502"}],"curies":[{"name":"wp","href":"https:\/\/api.w.org\/{rel}","templated":true}]}}