{"id":5086,"date":"2021-12-01T09:46:27","date_gmt":"2021-12-01T12:46:27","guid":{"rendered":"https:\/\/portal.unisepe.com.br\/univr\/?page_id=5086"},"modified":"2023-01-10T10:37:32","modified_gmt":"2023-01-10T13:37:32","slug":"manuais-e-formularios","status":"publish","type":"page","link":"https:\/\/portal.unisepe.com.br\/univr\/iesep\/manuais-e-formularios\/","title":{"rendered":"Manuais e Formul\u00e1rios"},"content":{"rendered":"<ul>\n<li><strong>Bolsa IESEP<\/strong><\/li>\n<\/ul>\n<p><a href=\"https:\/\/portal.unisepe.com.br\/univr\/wp-content\/uploads\/sites\/10004\/2022\/01\/FICHA-DE-CONTROLE-DE-ATIVIDADES-DI\u00c1RIAS-BOLSISTA-IESEP.pdf\" target=\"_blank\" rel=\"noopener noreferrer\">FICHA DE CONTROLE DE ATIVIDADES DI\u00c1RIAS &#8211; BOLSISTA IESEP<\/a><\/p>\n<p><a href=\"https:\/\/portal.unisepe.com.br\/univr\/wp-content\/uploads\/sites\/10004\/2022\/01\/MODELO-DE-RELAT\u00d3RIO-FINAL-BOLSISTA-IESEP.docx\" target=\"_blank\" rel=\"noopener noreferrer\">MODELO DE RELAT\u00d3RIO FINAL &#8211; BOLSISTA IESEP<\/a><\/p>\n<ul>\n<li><strong>Est\u00e1gio<\/strong><\/li>\n<\/ul>\n<p><a href=\"https:\/\/portal.unisepe.com.br\/univr\/wp-content\/uploads\/sites\/10004\/2021\/12\/FORMUL\u00c1RIO-DE-IDENTIFICA\u00c7\u00c3O-DOA-ESTAGI\u00c1RIOA.pdf\" target=\"_blank\" rel=\"noopener noreferrer\">FORMUL\u00c1RIO DE IDENTIFICA\u00c7\u00c3O DO(A) ESTAGI\u00c1RIO(A)<\/a><\/p>\n<p><a href=\"https:\/\/portal.unisepe.com.br\/univr\/wp-content\/uploads\/sites\/10004\/2021\/12\/DECLARA\u00c7\u00c3O-DE-CI\u00caNCIA-EST\u00c1GIO-CURRICULAR-OBRIGAT\u00d3RIO.pdf\" target=\"_blank\" rel=\"noopener noreferrer\">DECLARA\u00c7\u00c3O DE CI\u00caNCIA &#8211; EST\u00c1GIO CURRICULAR OBRIGAT\u00d3RIO<\/a><\/p>\n<p><a href=\"https:\/\/portal.unisepe.com.br\/univr\/wp-content\/uploads\/sites\/10004\/2021\/12\/DECLARA\u00c7\u00c3O-DE-CI\u00caNCIA-EST\u00c1GIO-EXTRACURRICULAR-N\u00c3O-REMUNERADO.pdf\" target=\"_blank\" rel=\"noopener noreferrer\">DECLARA\u00c7\u00c3O DE CI\u00caNCIA &#8211; EST\u00c1GIO EXTRACURRICULAR N\u00c3O REMUNERADO<\/a><\/p>\n<ul>\n<li><strong>Manuais<\/strong><\/li>\n<\/ul>\n<p><a href=\"https:\/\/portal.unisepe.com.br\/univr\/wp-content\/uploads\/sites\/10004\/2023\/01\/MANUAL-DE-ORIENTA\u00c7\u00d5ES-E-BOAS-PR\u00c1TICAS-NA-POLICL\u00cdNICA-IESEP-2023.pdf\" target=\"_blank\" rel=\"noopener noreferrer\">MANUAL DE ORIENTA\u00c7\u00d5ES E BOAS PR\u00c1TICAS NA POLICL\u00cdNICA IESEP<\/a><\/p>\n","protected":false},"excerpt":{"rendered":"<p>Bolsa IESEP FICHA DE CONTROLE DE ATIVIDADES DI\u00c1RIAS &#8211; BOLSISTA IESEP MODELO DE RELAT\u00d3RIO FINAL &#8211; BOLSISTA IESEP Est\u00e1gio FORMUL\u00c1RIO DE IDENTIFICA\u00c7\u00c3O DO(A) ESTAGI\u00c1RIO(A) DECLARA\u00c7\u00c3O DE CI\u00caNCIA &#8211; EST\u00c1GIO CURRICULAR OBRIGAT\u00d3RIO DECLARA\u00c7\u00c3O DE CI\u00caNCIA &#8211; EST\u00c1GIO EXTRACURRICULAR N\u00c3O REMUNERADO Manuais MANUAL DE ORIENTA\u00c7\u00d5ES E BOAS PR\u00c1TICAS NA POLICL\u00cdNICA IESEP<\/p>\n","protected":false},"author":10,"featured_media":0,"parent":3068,"menu_order":30,"comment_status":"closed","ping_status":"closed","template":"templates\/template-pagina_menu_vertical.php","meta":{"footnotes":""},"categories":[],"tags":[],"class_list":["post-5086","page","type-page","status-publish","hentry"],"_links":{"self":[{"href":"https:\/\/portal.unisepe.com.br\/univr\/wp-json\/wp\/v2\/pages\/5086","targetHints":{"allow":["GET"]}}],"collection":[{"href":"https:\/\/portal.unisepe.com.br\/univr\/wp-json\/wp\/v2\/pages"}],"about":[{"href":"https:\/\/portal.unisepe.com.br\/univr\/wp-json\/wp\/v2\/types\/page"}],"author":[{"embeddable":true,"href":"https:\/\/portal.unisepe.com.br\/univr\/wp-json\/wp\/v2\/users\/10"}],"replies":[{"embeddable":true,"href":"https:\/\/portal.unisepe.com.br\/univr\/wp-json\/wp\/v2\/comments?post=5086"}],"version-history":[{"count":9,"href":"https:\/\/portal.unisepe.com.br\/univr\/wp-json\/wp\/v2\/pages\/5086\/revisions"}],"predecessor-version":[{"id":5783,"href":"https:\/\/portal.unisepe.com.br\/univr\/wp-json\/wp\/v2\/pages\/5086\/revisions\/5783"}],"up":[{"embeddable":true,"href":"https:\/\/portal.unisepe.com.br\/univr\/wp-json\/wp\/v2\/pages\/3068"}],"wp:attachment":[{"href":"https:\/\/portal.unisepe.com.br\/univr\/wp-json\/wp\/v2\/media?parent=5086"}],"wp:term":[{"taxonomy":"category","embeddable":true,"href":"https:\/\/portal.unisepe.com.br\/univr\/wp-json\/wp\/v2\/categories?post=5086"},{"taxonomy":"post_tag","embeddable":true,"href":"https:\/\/portal.unisepe.com.br\/univr\/wp-json\/wp\/v2\/tags?post=5086"}],"curies":[{"name":"wp","href":"https:\/\/api.w.org\/{rel}","templated":true}]}}