{"id":5093,"date":"2021-12-01T09:52:43","date_gmt":"2021-12-01T12:52:43","guid":{"rendered":"https:\/\/portal.unisepe.com.br\/univr\/?page_id=5093"},"modified":"2025-06-13T09:24:36","modified_gmt":"2025-06-13T12:24:36","slug":"estagio-extracurricular","status":"publish","type":"page","link":"https:\/\/portal.unisepe.com.br\/univr\/iesep\/estagio-extracurricular\/","title":{"rendered":"Est\u00e1gio Extracurricular"},"content":{"rendered":"<p><strong>2025 &#8211; EST\u00c1GIO EXTRACURRICULAR DE INVERNO<\/strong><\/p>\n<ul>\n<li><a href=\"https:\/\/portal.unisepe.com.br\/univr\/wp-content\/uploads\/sites\/10004\/2025\/06\/EDITAL-DO-ESTAGIO-EXTRACURRICULAR-DE-INVERNO.pdf\" target=\"_blank\" rel=\"noopener noreferrer\">EDITAL DO EST\u00c1GIO EXTRACURRICULAR DE INVERNO<\/a><\/li>\n<li><a href=\"https:\/\/portal.unisepe.com.br\/univr\/wp-content\/uploads\/sites\/10004\/2025\/06\/FICHA-DE-INSCRICAO-EXTRACURRICULAR-DE-INVERNO.pdf\" target=\"_blank\" rel=\"noopener noreferrer\">FICHA DE INSCRI\u00c7\u00c3O EXTRACURRICULAR DE INVERNO<\/a><\/li>\n<li><a href=\"https:\/\/portal.unisepe.com.br\/univr\/wp-content\/uploads\/sites\/10004\/2025\/06\/DECLARACA-DE-CIENCIA-ESTAGIO-EXTRACURRICULAR-NAO-REMUNERADO.pdf\" target=\"_blank\" rel=\"noopener noreferrer\">DECLARA\u00c7\u00c3O DE CI\u00caNCIA EST\u00c1GIO EXTRACURRICULAR N\u00c3O REMUNERADO<\/a><\/li>\n<\/ul>\n<hr \/>\n<p><strong>2024 &#8211; EST\u00c1GIO EXTRACURRICULAR DE INVERNO<\/strong><\/p>\n<ul>\n<li><a href=\"https:\/\/portal.unisepe.com.br\/univr\/wp-content\/uploads\/sites\/10004\/2024\/06\/EDITAL-DO-EST\u00c1GIO-EXTRACURRICULAR-DE-INVERNO.pdf\" target=\"_blank\" rel=\"noopener noreferrer\">EDITAL DO EST\u00c1GIO EXTRACURRICULAR DE INVERNO<\/a><\/li>\n<li><a href=\"https:\/\/portal.unisepe.com.br\/univr\/wp-content\/uploads\/sites\/10004\/2024\/06\/FICHA-DE-INSCRI\u00c7\u00c3O-EXTRACURRICULAR-DE-INVERNO.pdf\" target=\"_blank\" rel=\"noopener noreferrer\">FICHA DE INSCRI\u00c7\u00c3O EXTRACURRICULAR DE INVERNO<\/a><\/li>\n<li><a href=\"https:\/\/portal.unisepe.com.br\/univr\/wp-content\/uploads\/sites\/10004\/2024\/06\/DECLARA\u00c7\u00c3-DE-CI\u00caNCIA-EST\u00c1GIO-EXTRACURRICULAR-N\u00c3O-REMUNERADO.pdf\" target=\"_blank\" rel=\"noopener noreferrer\">DECLARA\u00c7\u00c3O DE CI\u00caNCIA EST\u00c1GIO EXTRACURRICULAR N\u00c3O REMUNERADO<\/a><\/li>\n<\/ul>\n<p><strong>2024 &#8211; EST\u00c1GIO EXTRACURRICULAR DE VER\u00c3O<\/strong><\/p>\n<ul>\n<li><a href=\"https:\/\/portal.unisepe.com.br\/univr\/wp-content\/uploads\/sites\/10004\/2023\/11\/EDITAL-DO-EST\u00c1GIO-EXTRACURRICULAR-DE-VER\u00c3O.pdf\" target=\"_blank\" rel=\"noopener noreferrer\">EDITAL DO EST\u00c1GIO EXTRACURRICULAR DE VER\u00c3O<\/a><\/li>\n<li><a href=\"https:\/\/portal.unisepe.com.br\/univr\/wp-content\/uploads\/sites\/10004\/2023\/11\/FICHA-DE-INSCRI\u00c7\u00c3O-EXTRACURRICULAR-DE-VER\u00c3O.pdf\" target=\"_blank\" rel=\"noopener noreferrer\">FICHA DE INSCRI\u00c7\u00c3O EXTRACURRICULAR DE VER\u00c3O<\/a><\/li>\n<li><a href=\"https:\/\/portal.unisepe.com.br\/univr\/wp-content\/uploads\/sites\/10004\/2023\/11\/DECLARA\u00c7\u00c3O-DE-CI\u00caNCIA.pdf\" target=\"_blank\" rel=\"noopener noreferrer\">DECLARA\u00c7\u00c3O DE CI\u00caNCIA EST\u00c1GIO EXTRACURRICULAR N\u00c3O REMUNERADO<\/a><\/li>\n<\/ul>\n<hr \/>\n<p><strong>2023 &#8211; EST\u00c1GIO EXTRACURRICULAR DE INVERNO<\/strong><\/p>\n<ul>\n<li><a href=\"https:\/\/portal.unisepe.com.br\/univr\/wp-content\/uploads\/sites\/10004\/2023\/05\/EDITAL-DO-EST\u00c1GIO-EXTRACURRICULAR-DE-INVERNO.pdf\" target=\"_blank\" rel=\"noopener noreferrer\">EDITAL DO EST\u00c1GIO EXTRACURRICULAR DE INVERNO<\/a><\/li>\n<li><a href=\"https:\/\/portal.unisepe.com.br\/univr\/wp-content\/uploads\/sites\/10004\/2023\/05\/FICHA-DE-INSCRI\u00c7\u00c3O-EXTRACURRICULAR-DE-INVERNO.pdf\" target=\"_blank\" rel=\"noopener noreferrer\">FICHA DE INSCRI\u00c7\u00c3O EXTRACURRICULAR DE INVERNO<\/a><\/li>\n<li><a href=\"https:\/\/portal.unisepe.com.br\/univr\/wp-content\/uploads\/sites\/10004\/2023\/05\/DECLARA\u00c7\u00c3O-DE-CI\u00caNCIA-EST\u00c1GIO-EXTRACURRICULAR-N\u00c3O-REMUNERADO.pdf\" target=\"_blank\" rel=\"noopener noreferrer\">DECLARA\u00c7\u00c3O DE CI\u00caNCIA EST\u00c1GIO EXTRACURRICULAR N\u00c3O REMUNERADO<\/a><\/li>\n<li><a href=\"https:\/\/portal.unisepe.com.br\/univr\/wp-content\/uploads\/sites\/10004\/2023\/06\/RESULTADO-PROCESSO-SELETIVO-EST%C3%81GIO-EXTRACURRICULAR-DE-INVERNO-2023.pdf\" target=\"_blank\" rel=\"noopener noreferrer\">RESULTADO &#8211; PROCESSO SELETIVO EST\u00c1GIO EXTRACURRICULAR DE INVERNO<\/a><\/li>\n<\/ul>\n<p><strong>2023 &#8211; EST\u00c1GIO EXTRACURRICULAR DE VER\u00c3O<\/strong><\/p>\n<ul>\n<li><a href=\"https:\/\/portal.unisepe.com.br\/univr\/wp-content\/uploads\/sites\/10004\/2022\/11\/1.-EDITAL-DO-EST\u00c1GIO-EXTRACURRICULAR-DE-VER\u00c3O.pdf\" target=\"_blank\" rel=\"noopener noreferrer\">EDITAL DO EST\u00c1GIO EXTRACURRICULAR DE VER\u00c3O<\/a><\/li>\n<li><a href=\"https:\/\/portal.unisepe.com.br\/univr\/wp-content\/uploads\/sites\/10004\/2022\/11\/3.-FICHA-DE-INSCRI\u00c7\u00c3O-EXTRACURRICULAR-DE-VER\u00c3O.pdf\" target=\"_blank\" rel=\"noopener noreferrer\">FICHA DE INSCRI\u00c7\u00c3O EXTRACURRICULAR DE VER\u00c3O<\/a><\/li>\n<li><a href=\"https:\/\/portal.unisepe.com.br\/univr\/wp-content\/uploads\/sites\/10004\/2022\/11\/2.-DECLARA\u00c7\u00c3O-DE-CI\u00caNCIA.pdf\" target=\"_blank\" rel=\"noopener noreferrer\">DECLARA\u00c7\u00c3O DE CI\u00caNCIA EST\u00c1GIO EXTRACURRICULAR N\u00c3O REMUNERADO<\/a><\/li>\n<li><a href=\"https:\/\/portal.unisepe.com.br\/univr\/wp-content\/uploads\/sites\/10004\/2022\/12\/RESULTADO-PROCESSO-SELETIVO-EST\u00c1GIO-EXTRACURRICULAR-DE-VER\u00c3O.pdf\" target=\"_blank\" rel=\"noopener noreferrer\">RESULTADO &#8211; PROCESSO SELETIVO EST\u00c1GIO EXTRACURRICULAR DE VER\u00c3O<\/a><\/li>\n<\/ul>\n<hr \/>\n<p><strong>2022 &#8211; EST\u00c1GIO EXTRACURRICULAR DE INVERNO<\/strong><\/p>\n<ul>\n<li><a href=\"https:\/\/portal.unisepe.com.br\/univr\/wp-content\/uploads\/sites\/10004\/2022\/05\/EDITAL-DO-EST\u00c1GIO-EXTRACURRICULAR-DE-INVERNO-2022.2.pdf\" target=\"_blank\" rel=\"noopener noreferrer\">EDITAL DO EST\u00c1GIO EXTRACURRICULAR DE INVERNO (2022.2)<\/a><\/li>\n<li><a href=\"https:\/\/portal.unisepe.com.br\/univr\/wp-content\/uploads\/sites\/10004\/2022\/05\/FICHA-DE-INSCRI\u00c7\u00c3O-EST\u00c1GIO-EXTRACURRICULAR-DE-INVERNO-2022.2.pdf\" target=\"_blank\" rel=\"noopener noreferrer\">FICHA DE INSCRI\u00c7\u00c3O DO EST\u00c1GIO EXTRACURRICULAR DE INVERNO (2022.2)<\/a><\/li>\n<li><a href=\"https:\/\/portal.unisepe.com.br\/univr\/wp-content\/uploads\/sites\/10004\/2022\/05\/DECLARA\u00c7\u00c3-DE-CI\u00caNCIA-EST\u00c1GIO-EXTRACURRICULAR-N\u00c3O-REMUNERADO.pdf\" target=\"_blank\" rel=\"noopener noreferrer\">DECLARA\u00c7\u00c3O DE CI\u00caNCIA EST\u00c1GIO EXTRACURRICULAR N\u00c3O REMUNERADO<\/a><\/li>\n<\/ul>\n","protected":false},"excerpt":{"rendered":"<p>2025 &#8211; EST\u00c1GIO EXTRACURRICULAR DE INVERNO EDITAL DO EST\u00c1GIO EXTRACURRICULAR DE INVERNO FICHA DE INSCRI\u00c7\u00c3O EXTRACURRICULAR DE INVERNO DECLARA\u00c7\u00c3O DE CI\u00caNCIA EST\u00c1GIO EXTRACURRICULAR N\u00c3O REMUNERADO 2024 &#8211; EST\u00c1GIO EXTRACURRICULAR DE INVERNO EDITAL DO EST\u00c1GIO EXTRACURRICULAR DE INVERNO FICHA DE INSCRI\u00c7\u00c3O EXTRACURRICULAR DE INVERNO DECLARA\u00c7\u00c3O DE CI\u00caNCIA EST\u00c1GIO EXTRACURRICULAR N\u00c3O REMUNERADO<\/p>\n","protected":false},"author":10,"featured_media":0,"parent":3068,"menu_order":20,"comment_status":"closed","ping_status":"closed","template":"templates\/template-pagina_menu_vertical.php","meta":{"footnotes":""},"categories":[],"tags":[],"class_list":["post-5093","page","type-page","status-publish","hentry"],"_links":{"self":[{"href":"https:\/\/portal.unisepe.com.br\/univr\/wp-json\/wp\/v2\/pages\/5093","targetHints":{"allow":["GET"]}}],"collection":[{"href":"https:\/\/portal.unisepe.com.br\/univr\/wp-json\/wp\/v2\/pages"}],"about":[{"href":"https:\/\/portal.unisepe.com.br\/univr\/wp-json\/wp\/v2\/types\/page"}],"author":[{"embeddable":true,"href":"https:\/\/portal.unisepe.com.br\/univr\/wp-json\/wp\/v2\/users\/10"}],"replies":[{"embeddable":true,"href":"https:\/\/portal.unisepe.com.br\/univr\/wp-json\/wp\/v2\/comments?post=5093"}],"version-history":[{"count":22,"href":"https:\/\/portal.unisepe.com.br\/univr\/wp-json\/wp\/v2\/pages\/5093\/revisions"}],"predecessor-version":[{"id":6384,"href":"https:\/\/portal.unisepe.com.br\/univr\/wp-json\/wp\/v2\/pages\/5093\/revisions\/6384"}],"up":[{"embeddable":true,"href":"https:\/\/portal.unisepe.com.br\/univr\/wp-json\/wp\/v2\/pages\/3068"}],"wp:attachment":[{"href":"https:\/\/portal.unisepe.com.br\/univr\/wp-json\/wp\/v2\/media?parent=5093"}],"wp:term":[{"taxonomy":"category","embeddable":true,"href":"https:\/\/portal.unisepe.com.br\/univr\/wp-json\/wp\/v2\/categories?post=5093"},{"taxonomy":"post_tag","embeddable":true,"href":"https:\/\/portal.unisepe.com.br\/univr\/wp-json\/wp\/v2\/tags?post=5093"}],"curies":[{"name":"wp","href":"https:\/\/api.w.org\/{rel}","templated":true}]}}