{"id":5134,"date":"2022-01-20T16:16:16","date_gmt":"2022-01-20T19:16:16","guid":{"rendered":"https:\/\/portal.unisepe.com.br\/univr\/?page_id=5134"},"modified":"2022-01-24T14:50:11","modified_gmt":"2022-01-24T17:50:11","slug":"praticas-administrativas","status":"publish","type":"page","link":"https:\/\/portal.unisepe.com.br\/univr\/bacharelado-administracao\/praticas-administrativas\/","title":{"rendered":"Pr\u00e1ticas Administrativas"},"content":{"rendered":"<ul>\n<li><a href=\"https:\/\/portal.unisepe.com.br\/univr\/wp-content\/uploads\/sites\/10004\/2022\/01\/16-caderno-de-praticas-administrativas-2020-2.pdf\" target=\"_blank\" rel=\"noopener noreferrer\">Caderno de pr\u00e1ticas administrativas 2020-2<\/a><\/li>\n<li><a href=\"https:\/\/portal.unisepe.com.br\/univr\/wp-content\/uploads\/sites\/10004\/2022\/01\/17-caderno-de-praticas-administrativas-2021-1.pdf\" target=\"_blank\" rel=\"noopener noreferrer\">Caderno de pr\u00e1ticas administrativas 2021-1<\/a><\/li>\n<li><a href=\"https:\/\/portal.unisepe.com.br\/univr\/wp-content\/uploads\/sites\/10004\/2022\/01\/18-caderno-de-praticas-administrativas-2021-2.pdf\" target=\"_blank\" rel=\"noopener noreferrer\">Caderno de pr\u00e1ticas administrativas 2021-2<\/a><\/li>\n<\/ul>\n","protected":false},"excerpt":{"rendered":"<p>Caderno de pr\u00e1ticas administrativas 2020-2 Caderno de pr\u00e1ticas administrativas 2021-1 Caderno de pr\u00e1ticas administrativas 2021-2<\/p>\n","protected":false},"author":10,"featured_media":0,"parent":268,"menu_order":0,"comment_status":"closed","ping_status":"closed","template":"templates\/template-curso_menu_vertical.php","meta":{"footnotes":""},"categories":[],"tags":[],"class_list":["post-5134","page","type-page","status-publish","hentry"],"_links":{"self":[{"href":"https:\/\/portal.unisepe.com.br\/univr\/wp-json\/wp\/v2\/pages\/5134","targetHints":{"allow":["GET"]}}],"collection":[{"href":"https:\/\/portal.unisepe.com.br\/univr\/wp-json\/wp\/v2\/pages"}],"about":[{"href":"https:\/\/portal.unisepe.com.br\/univr\/wp-json\/wp\/v2\/types\/page"}],"author":[{"embeddable":true,"href":"https:\/\/portal.unisepe.com.br\/univr\/wp-json\/wp\/v2\/users\/10"}],"replies":[{"embeddable":true,"href":"https:\/\/portal.unisepe.com.br\/univr\/wp-json\/wp\/v2\/comments?post=5134"}],"version-history":[{"count":3,"href":"https:\/\/portal.unisepe.com.br\/univr\/wp-json\/wp\/v2\/pages\/5134\/revisions"}],"predecessor-version":[{"id":5140,"href":"https:\/\/portal.unisepe.com.br\/univr\/wp-json\/wp\/v2\/pages\/5134\/revisions\/5140"}],"up":[{"embeddable":true,"href":"https:\/\/portal.unisepe.com.br\/univr\/wp-json\/wp\/v2\/pages\/268"}],"wp:attachment":[{"href":"https:\/\/portal.unisepe.com.br\/univr\/wp-json\/wp\/v2\/media?parent=5134"}],"wp:term":[{"taxonomy":"category","embeddable":true,"href":"https:\/\/portal.unisepe.com.br\/univr\/wp-json\/wp\/v2\/categories?post=5134"},{"taxonomy":"post_tag","embeddable":true,"href":"https:\/\/portal.unisepe.com.br\/univr\/wp-json\/wp\/v2\/tags?post=5134"}],"curies":[{"name":"wp","href":"https:\/\/api.w.org\/{rel}","templated":true}]}}