{"id":521,"date":"2016-07-12T19:21:45","date_gmt":"2016-07-12T19:21:45","guid":{"rendered":"http:\/\/portal.unisepe.com.br\/univr\/?page_id=521"},"modified":"2023-03-22T13:55:17","modified_gmt":"2023-03-22T16:55:17","slug":"processos-gerenciais","status":"publish","type":"page","link":"https:\/\/portal.unisepe.com.br\/univr\/processos-gerenciais\/","title":{"rendered":"Processos Gerenciais"},"content":{"rendered":"<p style=\"text-align: justify\"><strong><img loading=\"lazy\" decoding=\"async\" class=\"size-full wp-image-257 alignleft\" src=\"http:\/\/portal.unisepe.com.br\/univr\/wp-content\/uploads\/sites\/10004\/2016\/07\/processos_gerenciais.png\" alt=\"processos_gerenciais\" width=\"175\" height=\"100\" \/>Objetivo<\/strong><\/p>\n<p style=\"text-align: justify\">O Curso Superior de Tecnologia em Processos Gerenciais tem como miss\u00e3o formar recursos humanos preparados para administrar com excel\u00eancia as Micro, Pequenas e M\u00e9dias Empresas, capazes de atuar de forma empreendedora, empregando modelos inovadores de gest\u00e3o, e capacitados para se adequar \u00e0s exig\u00eancias de um mercado competitivo e em constante transforma\u00e7\u00e3o.<\/p>\n<p style=\"text-align: justify\"><strong>Objetivos espec\u00edficos<\/strong><\/p>\n<p style=\"text-align: justify\">Para o atendimento das necessidades do mercado o curso tem como finalidades:<\/p>\n<ul style=\"text-align: justify\">\n<li>Formar profissionais com compet\u00eancia para desenvolver atividades de Gest\u00e3o em Neg\u00f3cios de Micro, Pequenas e M\u00e9dias\u00a0 Empresas.<\/li>\n<li>Formar profissionais com compet\u00eancia para desenvolver atividades de Planejamento de Micro, Pequenas e M\u00e9dias empresas;<\/li>\n<li>Formar profissionais com compet\u00eancia para desenvolver atividades de Gest\u00e3o Comercial e de Recursos de Micro, Pequenas e M\u00e9dias Empresas;<\/li>\n<li>Formar profissionais com compet\u00eancia para desenvolver atividades de Controle e Avalia\u00e7\u00e3o da Gest\u00e3o de Micro, Pequenas e M\u00e9dias\u00a0 Empresas;<\/li>\n<\/ul>\n<p style=\"text-align: justify\"><strong>Perfil do egresso<\/strong><\/p>\n<p style=\"text-align: justify\">O perfil desejado do egresso do curso \u00e9 caracterizado por um profissional qualificado, cr\u00edtico, criativo, consciente de sua responsabilidade como agente de transforma\u00e7\u00e3o social, preparado para absorver t\u00e9cnicas e inova\u00e7\u00f5es dos processos gerenciais e com capacidade de adapta\u00e7\u00e3o \u00e0 situa\u00e7\u00f5es novas.<\/p>\n<p style=\"text-align: justify\">O perfil identifica-se com as seguintes fun\u00e7\u00f5es:<\/p>\n<ul style=\"text-align: justify\">\n<li>Agente de Gest\u00e3o em Neg\u00f3cios em Processos Gerenciais<\/li>\n<li>Agente de Planejamento em Processos Gerenciais<\/li>\n<li>Agente de Gest\u00e3o Comercial e de Recursos em Processos Gerenciais<\/li>\n<li>Agente de Controle e Avalia\u00e7\u00e3o em Processos Gerenciais<\/li>\n<\/ul>\n<p style=\"text-align: justify\"><strong>Concep\u00e7\u00e3o do Curso<\/strong><\/p>\n<p style=\"text-align: justify\">O projeto institucional da UNISEPE inclui, permanentemente, a busca efetiva do desenvolvimento e aperfei\u00e7oamento da educa\u00e7\u00e3o superior como resposta \u00e0s necessidades sociais da regi\u00e3o na qual a institui\u00e7\u00e3o est\u00e1 inserida.<br \/>\nAs Faculdades Integradas do Vale do Ribeira, como institui\u00e7\u00e3o de educa\u00e7\u00e3o superior, t\u00eam por objetivo:<br \/>\nI. formar de profissionais e especialistas de n\u00edvel superior;<br \/>\nII. realizar pesquisas e o est\u00edmulo de atividades criadoras;<br \/>\nIII. promover a extens\u00e3o do ensino e da pesquisa \u00e0 comunidade mediante cursos e servi\u00e7os especiais.<\/p>\n","protected":false},"excerpt":{"rendered":"<p>Objetivo O Curso Superior de Tecnologia em Processos Gerenciais tem como miss\u00e3o formar recursos humanos preparados para administrar com excel\u00eancia as Micro, Pequenas e M\u00e9dias Empresas, capazes de atuar de forma empreendedora, empregando modelos inovadores de gest\u00e3o, e capacitados para se adequar \u00e0s exig\u00eancias de um mercado competitivo e em<\/p>\n","protected":false},"author":1,"featured_media":0,"parent":0,"menu_order":0,"comment_status":"closed","ping_status":"closed","template":"templates\/template-curso_menu_vertical.php","meta":{"footnotes":""},"categories":[143],"tags":[150],"class_list":["post-521","page","type-page","status-publish","hentry","category-cursos-graduacao-presencial","tag-cursos-tecnologo"],"_links":{"self":[{"href":"https:\/\/portal.unisepe.com.br\/univr\/wp-json\/wp\/v2\/pages\/521","targetHints":{"allow":["GET"]}}],"collection":[{"href":"https:\/\/portal.unisepe.com.br\/univr\/wp-json\/wp\/v2\/pages"}],"about":[{"href":"https:\/\/portal.unisepe.com.br\/univr\/wp-json\/wp\/v2\/types\/page"}],"author":[{"embeddable":true,"href":"https:\/\/portal.unisepe.com.br\/univr\/wp-json\/wp\/v2\/users\/1"}],"replies":[{"embeddable":true,"href":"https:\/\/portal.unisepe.com.br\/univr\/wp-json\/wp\/v2\/comments?post=521"}],"version-history":[{"count":3,"href":"https:\/\/portal.unisepe.com.br\/univr\/wp-json\/wp\/v2\/pages\/521\/revisions"}],"predecessor-version":[{"id":3340,"href":"https:\/\/portal.unisepe.com.br\/univr\/wp-json\/wp\/v2\/pages\/521\/revisions\/3340"}],"wp:attachment":[{"href":"https:\/\/portal.unisepe.com.br\/univr\/wp-json\/wp\/v2\/media?parent=521"}],"wp:term":[{"taxonomy":"category","embeddable":true,"href":"https:\/\/portal.unisepe.com.br\/univr\/wp-json\/wp\/v2\/categories?post=521"},{"taxonomy":"post_tag","embeddable":true,"href":"https:\/\/portal.unisepe.com.br\/univr\/wp-json\/wp\/v2\/tags?post=521"}],"curies":[{"name":"wp","href":"https:\/\/api.w.org\/{rel}","templated":true}]}}