{"id":5297,"date":"2022-03-12T11:36:19","date_gmt":"2022-03-12T14:36:19","guid":{"rendered":"https:\/\/portal.unisepe.com.br\/univr\/?page_id=5297"},"modified":"2023-05-15T21:28:21","modified_gmt":"2023-05-16T00:28:21","slug":"revistas-digitais-assinaturas","status":"publish","type":"page","link":"https:\/\/portal.unisepe.com.br\/univr\/biblioteca\/revistas\/revistas-digitais-assinaturas\/","title":{"rendered":"Revistas Digitais &#8211; Assinaturas"},"content":{"rendered":"<p>A biblioteca da <strong>UNIVR<\/strong> com o dever de levar informa\u00e7\u00f5es atualizadas, estamos disponibilizando aos alunos e professores dos Cursos de Direito, gastronomia e \u00e1reas afins, uma novidade: <strong>Assinaturas de Revistas Digitais<\/strong>, uma ferramenta a mais para auxiliar na busca pela informa\u00e7\u00e3o. O acesso a esses materiais \u00e9 muito r\u00e1pido e f\u00e1cil, siga as orienta\u00e7\u00f5es e bons estudos:<\/p>\n<p><strong>PROCEDIMENTO <\/strong><\/p>\n<ol>\n<li>O aluno ir\u00e1 entrar em contato com a biblioteca, para solicitar login e senha, e entrar no site da Revista escolhida.<\/li>\n<li>A senha ser\u00e1 gerada pelo funcion\u00e1rio da biblioteca; e enviada ao aluno, por email;<\/li>\n<li>Para as Revistas da \u00e1rea jur\u00eddica acesse o site <a href=\"http:\/\/www.lex.com.br\">lex.com.br<\/a><\/li>\n<li>Para as Revistas de Gastronomia, clique em cima do t\u00edtulo.<\/li>\n<li>Ap\u00f3s o uso o aluno dever\u00e1 fechar a p\u00e1gina de uso. (Bot\u00e3o SAIR);<\/li>\n<\/ol>\n<hr \/>\n<p><strong>REVISTAS ESPECIALIZADAS &#8211; DIGITAL \u00a0<\/strong><\/p>\n<p>&nbsp;<\/p>\n<p><strong>Administra\u00e7\u00e3o<\/strong><\/p>\n<ul>\n<li><a href=\"https:\/\/digital.empreendedor.com.br\/pub\/revistaempreendedor\/index.jsp\" target=\"_blank\" rel=\"noopener noreferrer\">Revista Empreendedor<\/a><\/li>\n<li><a href=\"https:\/\/bc.pressmatrix.com\/pt-BR\/profiles\/f74182b49c8d\/editions\" target=\"_blank\" rel=\"noopener noreferrer\">Revista Emerg\u00eancia<\/a><\/li>\n<li><a href=\"https:\/\/www.cartacapital.com.br\/\" target=\"_blank\" rel=\"noopener noreferrer\">Revista Carta Capital<\/a><\/li>\n<li><a href=\"https:\/\/www.revistahsm.com.br\/login\" target=\"_blank\" rel=\"noopener noreferrer\">Revista HSM Management<\/a><\/li>\n<li><a href=\"https:\/\/revistacipa.com.br\/minha-conta\/\" target=\"_blank\" rel=\"noopener noreferrer\">Revista CIPA &amp; INC\u00caNCIO<\/a><\/li>\n<li><a href=\"https:\/\/sumaeconomica.com.br\/AcessoDosAssinantes.html\" target=\"_blank\" rel=\"noopener noreferrer\">Revista Suma Econ\u00f4mica<\/a><\/li>\n<\/ul>\n<hr \/>\n<p><strong>Gastronomia<\/strong><strong style=\"font-size: 0.95em\">\u00a0<\/strong><\/p>\n<ul>\n<li><a href=\"https:\/\/www.zinio.com\/br-pt\/sign-in?redirect_to=%2Fmy-library%2Fmagazines\" target=\"_blank\" rel=\"noopener noreferrer\">Revista Adega<\/a><\/li>\n<li><a href=\"http:\/\/www.padaria2000.com.br\" target=\"_blank\" rel=\"noopener noreferrer\">Revista Padaria 2000<\/a><\/li>\n<li><a href=\"http:\/\/www.europadigital.com.br\/\" target=\"_blank\" rel=\"noopener noreferrer\">Revista Gluten Free<\/a><\/li>\n<li><a href=\"http:\/\/www.mflip.com.br\/pub\/revistadacerveja\" target=\"_blank\" rel=\"noopener noreferrer\">Revista da Cerveja<\/a><\/li>\n<li><a href=\"http:\/\/www.europadigital.com.br\/\" target=\"_blank\" rel=\"noopener noreferrer\">Revista dos Vegetarianos<\/a><\/li>\n<\/ul>\n<hr \/>\n<p><strong>Pedagogia<\/strong><\/p>\n<ul>\n<li><a href=\"http:\/\/chc.org.br\/login\/\" target=\"_blank\" rel=\"noopener noreferrer\">Revista Ci\u00eancia Hoje<\/a><\/li>\n<li><a href=\"http:\/\/cienciahoje.org.br\/minha-conta\/\" target=\"_blank\" rel=\"noopener noreferrer\">Revista Ci\u00eancia Hoje das Crian\u00e7as<\/a><\/li>\n<li><a href=\"https:\/\/bc.pressmatrix.com\/pt-BR\/profiles\/94e5d3c5d9f8\/editions\" target=\"_blank\" rel=\"noopener noreferrer\">Revista Educa\u00e7\u00e3o<\/a><\/li>\n<\/ul>\n<hr \/>\n<p><strong>Psicologia<\/strong><\/p>\n<ul>\n<li><a href=\"https:\/\/revista.sppa.org.br\/RPdaSPPA\/login\" target=\"_blank\" rel=\"noopener noreferrer\">Revista de Psican\u00e1lise &#8211; SPPA<\/a><\/li>\n<\/ul>\n","protected":false},"excerpt":{"rendered":"<p>A biblioteca da UNIVR com o dever de levar informa\u00e7\u00f5es atualizadas, estamos disponibilizando aos alunos e professores dos Cursos de Direito, gastronomia e \u00e1reas afins, uma novidade: Assinaturas de Revistas Digitais, uma ferramenta a mais para auxiliar na busca pela informa\u00e7\u00e3o. O acesso a esses materiais \u00e9 muito r\u00e1pido e<\/p>\n","protected":false},"author":10,"featured_media":0,"parent":717,"menu_order":0,"comment_status":"closed","ping_status":"closed","template":"templates\/template-pagina_menu_vertical.php","meta":{"footnotes":""},"categories":[],"tags":[],"class_list":["post-5297","page","type-page","status-publish","hentry"],"_links":{"self":[{"href":"https:\/\/portal.unisepe.com.br\/univr\/wp-json\/wp\/v2\/pages\/5297","targetHints":{"allow":["GET"]}}],"collection":[{"href":"https:\/\/portal.unisepe.com.br\/univr\/wp-json\/wp\/v2\/pages"}],"about":[{"href":"https:\/\/portal.unisepe.com.br\/univr\/wp-json\/wp\/v2\/types\/page"}],"author":[{"embeddable":true,"href":"https:\/\/portal.unisepe.com.br\/univr\/wp-json\/wp\/v2\/users\/10"}],"replies":[{"embeddable":true,"href":"https:\/\/portal.unisepe.com.br\/univr\/wp-json\/wp\/v2\/comments?post=5297"}],"version-history":[{"count":16,"href":"https:\/\/portal.unisepe.com.br\/univr\/wp-json\/wp\/v2\/pages\/5297\/revisions"}],"predecessor-version":[{"id":5863,"href":"https:\/\/portal.unisepe.com.br\/univr\/wp-json\/wp\/v2\/pages\/5297\/revisions\/5863"}],"up":[{"embeddable":true,"href":"https:\/\/portal.unisepe.com.br\/univr\/wp-json\/wp\/v2\/pages\/717"}],"wp:attachment":[{"href":"https:\/\/portal.unisepe.com.br\/univr\/wp-json\/wp\/v2\/media?parent=5297"}],"wp:term":[{"taxonomy":"category","embeddable":true,"href":"https:\/\/portal.unisepe.com.br\/univr\/wp-json\/wp\/v2\/categories?post=5297"},{"taxonomy":"post_tag","embeddable":true,"href":"https:\/\/portal.unisepe.com.br\/univr\/wp-json\/wp\/v2\/tags?post=5297"}],"curies":[{"name":"wp","href":"https:\/\/api.w.org\/{rel}","templated":true}]}}