{"id":5309,"date":"2022-03-15T10:33:31","date_gmt":"2022-03-15T13:33:31","guid":{"rendered":"https:\/\/portal.unisepe.com.br\/univr\/?page_id=5309"},"modified":"2022-03-15T10:34:58","modified_gmt":"2022-03-15T13:34:58","slug":"plano-de-extensao","status":"publish","type":"page","link":"https:\/\/portal.unisepe.com.br\/univr\/coordenadoria-de-producao-de-extensao\/plano-de-extensao\/","title":{"rendered":"Plano de extens\u00e3o"},"content":{"rendered":"<p style=\"text-align: justify;\">Na UNIVR, a pol\u00edtica institucional de extens\u00e3o deve ser capaz de oportunizar a\u00e7\u00f5es e atividades que possam contribuir especificamente para o desenvolvimento do ensino e de inicia\u00e7\u00e3o a pesquisa, levando para a sociedade os produtos deste processo, vinculando as a\u00e7\u00f5es sociais, acad\u00eamicas e de pesquisa inerentes as fun\u00e7\u00f5es da UNIVR. Caracterizando assim, um processo de forma\u00e7\u00e3o de pessoas e gera\u00e7\u00e3o de conhecimento, que tenha o aluno como protagonista e proporcionado uma uni\u00e3o bilateral entre universidade e comunidade.<br \/>\nPara tanto, a UNIVR define quatro diretrizes, que s\u00e3o o alicerce das Pol\u00edticas de Extens\u00e3o.<\/p>\n<p style=\"text-align: center;\">\n<img loading=\"lazy\" decoding=\"async\" src=\"https:\/\/portal.unisepe.com.br\/univr\/wp-content\/uploads\/sites\/10004\/2022\/03\/Figura-01-Diretrizes-para-Extens\u00e3o.png\" alt=\"\" width=\"475\" height=\"356\" class=\" wp-image-5310 aligncenter\" srcset=\"https:\/\/portal.unisepe.com.br\/univr\/wp-content\/uploads\/sites\/10004\/2022\/03\/Figura-01-Diretrizes-para-Extens\u00e3o.png 960w, https:\/\/portal.unisepe.com.br\/univr\/wp-content\/uploads\/sites\/10004\/2022\/03\/Figura-01-Diretrizes-para-Extens\u00e3o-300x225.png 300w, https:\/\/portal.unisepe.com.br\/univr\/wp-content\/uploads\/sites\/10004\/2022\/03\/Figura-01-Diretrizes-para-Extens\u00e3o-768x576.png 768w\" sizes=\"auto, (max-width: 475px) 100vw, 475px\" \/><br \/>\n<br \/>\nFigura 01 &#8211; Diretrizes para Extens\u00e3o<\/p>\n<p>&nbsp;<\/p>\n<p style=\"text-align: justify;\">O Plano Institucional de Extens\u00e3o da UNIVR desenvolve a\u00e7\u00f5es junto \u00e0 comunidade, envolvendo alicerces de ensino e pesquisa, contemplados dentro dos programas de extens\u00e3o. Os programas devem contemplar um ou mais eixos extensionistas definidos nos documentos oficiais e no Regulamento Institucional de Extens\u00e3o da UNIVR. Para tanto, diferentes propostas defendidas por cada projeto somam e fortalecem nossos programas, abordando diferentes aspectos acad\u00eamicos, sociais e de pesquisa. Assim, cada programa de extens\u00e3o estabelecido, deve garantir: Projetos, Eventos, Cursos e Oficinas, Presta\u00e7\u00e3o de servi\u00e7os e Produ\u00e7\u00e3o e Publica\u00e7\u00e3o.<\/p>\n<p>&nbsp;<\/p>\n<p style=\"text-align: center;\"><img loading=\"lazy\" decoding=\"async\" src=\"https:\/\/portal.unisepe.com.br\/univr\/wp-content\/uploads\/sites\/10004\/2022\/03\/Figura-02-Programas-e-Eixos-Extensionistas.png\" alt=\"\" width=\"543\" height=\"407\" class=\" wp-image-5311 aligncenter\" srcset=\"https:\/\/portal.unisepe.com.br\/univr\/wp-content\/uploads\/sites\/10004\/2022\/03\/Figura-02-Programas-e-Eixos-Extensionistas.png 960w, https:\/\/portal.unisepe.com.br\/univr\/wp-content\/uploads\/sites\/10004\/2022\/03\/Figura-02-Programas-e-Eixos-Extensionistas-300x225.png 300w, https:\/\/portal.unisepe.com.br\/univr\/wp-content\/uploads\/sites\/10004\/2022\/03\/Figura-02-Programas-e-Eixos-Extensionistas-768x576.png 768w\" sizes=\"auto, (max-width: 543px) 100vw, 543px\" \/><br \/>\n<br \/>\nFigura 02 &#8211; Programas e Eixos Extensionistas<\/p>\n<p>&nbsp;<\/p>\n","protected":false},"excerpt":{"rendered":"<p>Na UNIVR, a pol\u00edtica institucional de extens\u00e3o deve ser capaz de oportunizar a\u00e7\u00f5es e atividades que possam contribuir especificamente para o desenvolvimento do ensino e de inicia\u00e7\u00e3o a pesquisa, levando para a sociedade os produtos deste processo, vinculando as a\u00e7\u00f5es sociais, acad\u00eamicas e de pesquisa inerentes as fun\u00e7\u00f5es da UNIVR.<\/p>\n","protected":false},"author":1,"featured_media":0,"parent":934,"menu_order":0,"comment_status":"closed","ping_status":"closed","template":"templates\/template-pagina_menu_vertical.php","meta":{"footnotes":""},"categories":[],"tags":[],"class_list":["post-5309","page","type-page","status-publish","hentry"],"_links":{"self":[{"href":"https:\/\/portal.unisepe.com.br\/univr\/wp-json\/wp\/v2\/pages\/5309","targetHints":{"allow":["GET"]}}],"collection":[{"href":"https:\/\/portal.unisepe.com.br\/univr\/wp-json\/wp\/v2\/pages"}],"about":[{"href":"https:\/\/portal.unisepe.com.br\/univr\/wp-json\/wp\/v2\/types\/page"}],"author":[{"embeddable":true,"href":"https:\/\/portal.unisepe.com.br\/univr\/wp-json\/wp\/v2\/users\/1"}],"replies":[{"embeddable":true,"href":"https:\/\/portal.unisepe.com.br\/univr\/wp-json\/wp\/v2\/comments?post=5309"}],"version-history":[{"count":4,"href":"https:\/\/portal.unisepe.com.br\/univr\/wp-json\/wp\/v2\/pages\/5309\/revisions"}],"predecessor-version":[{"id":5315,"href":"https:\/\/portal.unisepe.com.br\/univr\/wp-json\/wp\/v2\/pages\/5309\/revisions\/5315"}],"up":[{"embeddable":true,"href":"https:\/\/portal.unisepe.com.br\/univr\/wp-json\/wp\/v2\/pages\/934"}],"wp:attachment":[{"href":"https:\/\/portal.unisepe.com.br\/univr\/wp-json\/wp\/v2\/media?parent=5309"}],"wp:term":[{"taxonomy":"category","embeddable":true,"href":"https:\/\/portal.unisepe.com.br\/univr\/wp-json\/wp\/v2\/categories?post=5309"},{"taxonomy":"post_tag","embeddable":true,"href":"https:\/\/portal.unisepe.com.br\/univr\/wp-json\/wp\/v2\/tags?post=5309"}],"curies":[{"name":"wp","href":"https:\/\/api.w.org\/{rel}","templated":true}]}}