{"id":5409,"date":"2022-04-19T11:46:29","date_gmt":"2022-04-19T14:46:29","guid":{"rendered":"https:\/\/portal.unisepe.com.br\/univr\/?page_id=5409"},"modified":"2022-04-19T15:41:24","modified_gmt":"2022-04-19T18:41:24","slug":"estagio-curricular","status":"publish","type":"page","link":"https:\/\/portal.unisepe.com.br\/univr\/fonoaudiologia\/estagio-curricular\/","title":{"rendered":"Est\u00e1gio Curricular"},"content":{"rendered":"<p style=\"text-align: justify\">O est\u00e1gio supervisionado do curso de Bacharelado em Fonoaudiologia da UNIVR abrange as cinco grandes \u00e1reas: motricidade orofacial, voz, fala, linguagem oral, linguagem escrita e audi\u00e7\u00e3o. Os aspectos ser\u00e3o estudados e praticados em todos os n\u00edveis de aten\u00e7\u00e3o \u00e0 sa\u00fade, sendo promo\u00e7\u00e3o de sa\u00fade e preven\u00e7\u00e3o de dist\u00farbios, avalia\u00e7\u00e3o e interven\u00e7\u00e3o fonoaudiol\u00f3gica. Dessa fora, o discente ter\u00e1 a possibilidade de vivenciar a teoria e a pr\u00e1tica de forma efetiva.<\/p>\n<p style=\"text-align: justify\">Os est\u00e1gios ser\u00e3o realizados nos 4 \u00faltimos semestres do curso com carga hor\u00e1ria total de 640 horas. Segue abaixo a descri\u00e7\u00e3o dos est\u00e1gios e a bibliografia sugerida:<\/p>\n<ul>\n<li style=\"text-align: justify\"><strong>Promo\u00e7\u00e3o em Sa\u00fade P\u00fablica na Fonoaudiologia (160 horas):<\/strong> Nesse est\u00e1gio o aluno ter\u00e1 como objetivos identificar os problemas de sa\u00fade que exijam a\u00e7\u00f5es de preven\u00e7\u00e3o das incapacidades e defici\u00eancias em todos os ciclos da vida, desenvolver a promo\u00e7\u00e3o e prote\u00e7\u00e3o da sa\u00fade, visando o autocuidado dos pacientes, nos aspectos f\u00edsicos e da comunica\u00e7\u00e3o, como consci\u00eancia de cuidados com o corpo, postura, sa\u00fade auditiva e vocal, h\u00e1bitos orais (suc\u00e7\u00e3o digital, por exemplo), amamenta\u00e7\u00e3o e controle de ru\u00eddo. Permite a pr\u00e1tica profissional em Sa\u00fade P\u00fablica, enfocando a import\u00e2ncia do Fonoaudi\u00f3logo no Sistema \u00danico de Sa\u00fade.<\/li>\n<li style=\"text-align: justify\"><strong>Preven\u00e7\u00e3o de Dist\u00farbios Fonoaudiol\u00f3gicos <\/strong><strong>(160 horas)<\/strong><strong>:<\/strong> Neste est\u00e1gio o aluno ter\u00e1 como objetivos promover e desenvolver estrat\u00e9gias que estimulem a aprendizagem, a linguagem, as habilidades auditivas e\/ou visuais, a fim de favorecer e desenvolver a linguagem escrita, al\u00e9m de prevenir dist\u00farbios relacionados \u00e0 aprendizagem e comunica\u00e7\u00e3o.<\/li>\n<li style=\"text-align: justify\"><strong>Avalia\u00e7\u00e3o Fonoaudiol\u00f3gica (160 horas)<\/strong><strong>:<\/strong> Este est\u00e1gio permite ao aluno aplicar avalia\u00e7\u00f5es e testes para identificar as os dist\u00farbios de linguagem, fala, voz, motricidade orofacial, al\u00e9m de exames audiol\u00f3gicos b\u00e1sicos.<\/li>\n<li style=\"text-align: justify\"><strong>Terapia Fonoaudiol\u00f3gica (160 horas)<\/strong><strong>:<\/strong> No est\u00e1gio supervisionado em terapia fonoaudiol\u00f3gica o aluno ter\u00e1 como objetivo realizar atendimento cl\u00ednico, desde o planejamento at\u00e9 a efetiva\u00e7\u00e3o de estrat\u00e9gias para recupera\u00e7\u00e3o e reabilita\u00e7\u00e3o dos dist\u00farbios de linguagem, fala, voz, motricidade orofacial e audi\u00e7\u00e3o.<\/li>\n<\/ul>\n<p style=\"text-align: justify\">O curso possui integra\u00e7\u00e3o com o Sistema de \u00danico de Sa\u00fade (SUS) local e regional. Essa integra\u00e7\u00e3o est\u00e1 formalizada por meio de conv\u00eanio, viabilizando a forma\u00e7\u00e3o do discente em servi\u00e7o e permite sua inser\u00e7\u00e3o em equipes multidisciplinares e multiprofissionais, considerando diferentes cen\u00e1rios do Sistema, com n\u00edvel de complexidade crescente.<\/p>\n","protected":false},"excerpt":{"rendered":"<p>O est\u00e1gio supervisionado do curso de Bacharelado em Fonoaudiologia da UNIVR abrange as cinco grandes \u00e1reas: motricidade orofacial, voz, fala, linguagem oral, linguagem escrita e audi\u00e7\u00e3o. Os aspectos ser\u00e3o estudados e praticados em todos os n\u00edveis de aten\u00e7\u00e3o \u00e0 sa\u00fade, sendo promo\u00e7\u00e3o de sa\u00fade e preven\u00e7\u00e3o de dist\u00farbios, avalia\u00e7\u00e3o e<\/p>\n","protected":false},"author":10,"featured_media":0,"parent":1831,"menu_order":0,"comment_status":"closed","ping_status":"closed","template":"templates\/template-curso_menu_vertical.php","meta":{"footnotes":""},"categories":[],"tags":[],"class_list":["post-5409","page","type-page","status-publish","hentry"],"_links":{"self":[{"href":"https:\/\/portal.unisepe.com.br\/univr\/wp-json\/wp\/v2\/pages\/5409","targetHints":{"allow":["GET"]}}],"collection":[{"href":"https:\/\/portal.unisepe.com.br\/univr\/wp-json\/wp\/v2\/pages"}],"about":[{"href":"https:\/\/portal.unisepe.com.br\/univr\/wp-json\/wp\/v2\/types\/page"}],"author":[{"embeddable":true,"href":"https:\/\/portal.unisepe.com.br\/univr\/wp-json\/wp\/v2\/users\/10"}],"replies":[{"embeddable":true,"href":"https:\/\/portal.unisepe.com.br\/univr\/wp-json\/wp\/v2\/comments?post=5409"}],"version-history":[{"count":3,"href":"https:\/\/portal.unisepe.com.br\/univr\/wp-json\/wp\/v2\/pages\/5409\/revisions"}],"predecessor-version":[{"id":5444,"href":"https:\/\/portal.unisepe.com.br\/univr\/wp-json\/wp\/v2\/pages\/5409\/revisions\/5444"}],"up":[{"embeddable":true,"href":"https:\/\/portal.unisepe.com.br\/univr\/wp-json\/wp\/v2\/pages\/1831"}],"wp:attachment":[{"href":"https:\/\/portal.unisepe.com.br\/univr\/wp-json\/wp\/v2\/media?parent=5409"}],"wp:term":[{"taxonomy":"category","embeddable":true,"href":"https:\/\/portal.unisepe.com.br\/univr\/wp-json\/wp\/v2\/categories?post=5409"},{"taxonomy":"post_tag","embeddable":true,"href":"https:\/\/portal.unisepe.com.br\/univr\/wp-json\/wp\/v2\/tags?post=5409"}],"curies":[{"name":"wp","href":"https:\/\/api.w.org\/{rel}","templated":true}]}}