{"id":5412,"date":"2022-04-19T11:48:10","date_gmt":"2022-04-19T14:48:10","guid":{"rendered":"https:\/\/portal.unisepe.com.br\/univr\/?page_id=5412"},"modified":"2022-04-19T11:48:10","modified_gmt":"2022-04-19T14:48:10","slug":"extensao-universitaria","status":"publish","type":"page","link":"https:\/\/portal.unisepe.com.br\/univr\/fonoaudiologia\/extensao-universitaria\/","title":{"rendered":"Extens\u00e3o Universit\u00e1ria"},"content":{"rendered":"<p style=\"text-align: justify\">A Extens\u00e3o Universit\u00e1ria representa o elo entre a institui\u00e7\u00e3o de ensino e a sociedade. As atividades desenvolvidas possibilitam o interc\u00e2mbio de informa\u00e7\u00f5es e experi\u00eancias. Deste modo, ela \u00e9 indispens\u00e1vel para a forma\u00e7\u00e3o do estudante e para o seu reconhecimento enquanto profissional e cidad\u00e3o. No curso de Fonoaudiologia os projetos de extens\u00e3o universit\u00e1ria permitem aos alunos a viv\u00eancia sobre o papel do fonoaudi\u00f3logo na comunidade, no ensino, na assist\u00eancia em sa\u00fade e na pesquisa.<\/p>\n<p style=\"text-align: justify\">As atividades de extens\u00e3o do Curso de Bacharelado em Fonoaudiologia do Centro Universit\u00e1rio do Vale do Ribeira (UNIVR) seguem as diretrizes de extens\u00e3o estabelecidas pela RESOLU\u00c7\u00c3O CNE N\u00ba 7, DE 18 DE DEZEMBRO DE 2018, bem como pelo Regulamento Institucional de extens\u00e3o e s\u00e3o operacionalizadas pela Coordenadoria e Produ\u00e7\u00e3o e Extens\u00e3o &#8211; CPEx. Os projetos de extens\u00e3o do curso de Fonoaudiologia do\u00a0Centro Universit\u00e1rio do Vale do Ribeira\u00a0s\u00e3o orientados e tutoreados por docentes do curso e envolvem:<\/p>\n<ul>\n<li>Liga acad\u00eamica de aten\u00e7\u00e3o \u00e0 sa\u00fade<\/li>\n<li>Policl\u00ednica IESEP<\/li>\n<li>Campanhas de sa\u00fade<\/li>\n<li>Eventos na comunidade e institucional<\/li>\n<\/ul>\n","protected":false},"excerpt":{"rendered":"<p>A Extens\u00e3o Universit\u00e1ria representa o elo entre a institui\u00e7\u00e3o de ensino e a sociedade. As atividades desenvolvidas possibilitam o interc\u00e2mbio de informa\u00e7\u00f5es e experi\u00eancias. Deste modo, ela \u00e9 indispens\u00e1vel para a forma\u00e7\u00e3o do estudante e para o seu reconhecimento enquanto profissional e cidad\u00e3o. No curso de Fonoaudiologia os projetos de<\/p>\n","protected":false},"author":10,"featured_media":0,"parent":1831,"menu_order":0,"comment_status":"closed","ping_status":"closed","template":"templates\/template-curso_menu_vertical.php","meta":{"footnotes":""},"categories":[],"tags":[],"class_list":["post-5412","page","type-page","status-publish","hentry"],"_links":{"self":[{"href":"https:\/\/portal.unisepe.com.br\/univr\/wp-json\/wp\/v2\/pages\/5412","targetHints":{"allow":["GET"]}}],"collection":[{"href":"https:\/\/portal.unisepe.com.br\/univr\/wp-json\/wp\/v2\/pages"}],"about":[{"href":"https:\/\/portal.unisepe.com.br\/univr\/wp-json\/wp\/v2\/types\/page"}],"author":[{"embeddable":true,"href":"https:\/\/portal.unisepe.com.br\/univr\/wp-json\/wp\/v2\/users\/10"}],"replies":[{"embeddable":true,"href":"https:\/\/portal.unisepe.com.br\/univr\/wp-json\/wp\/v2\/comments?post=5412"}],"version-history":[{"count":1,"href":"https:\/\/portal.unisepe.com.br\/univr\/wp-json\/wp\/v2\/pages\/5412\/revisions"}],"predecessor-version":[{"id":5413,"href":"https:\/\/portal.unisepe.com.br\/univr\/wp-json\/wp\/v2\/pages\/5412\/revisions\/5413"}],"up":[{"embeddable":true,"href":"https:\/\/portal.unisepe.com.br\/univr\/wp-json\/wp\/v2\/pages\/1831"}],"wp:attachment":[{"href":"https:\/\/portal.unisepe.com.br\/univr\/wp-json\/wp\/v2\/media?parent=5412"}],"wp:term":[{"taxonomy":"category","embeddable":true,"href":"https:\/\/portal.unisepe.com.br\/univr\/wp-json\/wp\/v2\/categories?post=5412"},{"taxonomy":"post_tag","embeddable":true,"href":"https:\/\/portal.unisepe.com.br\/univr\/wp-json\/wp\/v2\/tags?post=5412"}],"curies":[{"name":"wp","href":"https:\/\/api.w.org\/{rel}","templated":true}]}}