{"id":5414,"date":"2022-04-19T11:51:29","date_gmt":"2022-04-19T14:51:29","guid":{"rendered":"https:\/\/portal.unisepe.com.br\/univr\/?page_id=5414"},"modified":"2022-04-19T11:51:46","modified_gmt":"2022-04-19T14:51:46","slug":"manuais-e-formularios","status":"publish","type":"page","link":"https:\/\/portal.unisepe.com.br\/univr\/fonoaudiologia\/manuais-e-formularios\/","title":{"rendered":"Manuais e Formul\u00e1rios"},"content":{"rendered":"<ul>\n<li><a href=\"https:\/\/portal.unisepe.com.br\/univr\/wp-content\/uploads\/sites\/10004\/2022\/04\/1-Modelo-de-relat\u00f3rio-de-AACC.doc\" target=\"_blank\" rel=\"noopener noreferrer\">Modelo de relat\u00f3rio de AACC<\/a><\/li>\n<li><a href=\"https:\/\/portal.unisepe.com.br\/univr\/wp-content\/uploads\/sites\/10004\/2022\/04\/2-Modelo-de-Relat\u00f3rio-de-atividades-monitoria.docx\" target=\"_blank\" rel=\"noopener noreferrer\"> Modelo de relat\u00f3rio de atividades &#8211; monitoria<\/a><\/li>\n<li><a href=\"https:\/\/portal.unisepe.com.br\/univr\/wp-content\/uploads\/sites\/10004\/2022\/04\/3-Modelo-de-relat\u00f3rio-de-aulas-pr\u00e1ticas.doc\" target=\"_blank\" rel=\"noopener noreferrer\">Modelo de relat\u00f3rio de aulas pr\u00e1ticas<\/a><\/li>\n<li><a href=\"https:\/\/portal.unisepe.com.br\/univr\/wp-content\/uploads\/sites\/10004\/2022\/04\/4-Modelo-de-relat\u00f3rio-de-est\u00e1gio.doc\" target=\"_blank\" rel=\"noopener noreferrer\">Modelo de relat\u00f3rio de est\u00e1gio<\/a><\/li>\n<li><a href=\"https:\/\/portal.unisepe.com.br\/univr\/wp-content\/uploads\/sites\/10004\/2022\/04\/5-Modelo-de-Relat\u00f3rio-de-inicia\u00e7\u00e3o-cient\u00edfica.docx\">Modelo de relat\u00f3rio de inicia\u00e7\u00e3o cient\u00edfica<\/a><\/li>\n<li><a href=\"https:\/\/portal.unisepe.com.br\/univr\/wp-content\/uploads\/sites\/10004\/2022\/04\/6-Modelo-lista-de-presen\u00e7a-aulas-pr\u00e1ticas.doc\">Modelo lista de presen\u00e7a aulas pr\u00e1ticas<\/a><\/li>\n<\/ul>\n","protected":false},"excerpt":{"rendered":"<p>Modelo de relat\u00f3rio de AACC Modelo de relat\u00f3rio de atividades &#8211; monitoria Modelo de relat\u00f3rio de aulas pr\u00e1ticas Modelo de relat\u00f3rio de est\u00e1gio Modelo de relat\u00f3rio de inicia\u00e7\u00e3o cient\u00edfica Modelo lista de presen\u00e7a aulas pr\u00e1ticas<\/p>\n","protected":false},"author":10,"featured_media":0,"parent":1831,"menu_order":0,"comment_status":"closed","ping_status":"closed","template":"templates\/template-curso_menu_vertical.php","meta":{"footnotes":""},"categories":[],"tags":[],"class_list":["post-5414","page","type-page","status-publish","hentry"],"_links":{"self":[{"href":"https:\/\/portal.unisepe.com.br\/univr\/wp-json\/wp\/v2\/pages\/5414","targetHints":{"allow":["GET"]}}],"collection":[{"href":"https:\/\/portal.unisepe.com.br\/univr\/wp-json\/wp\/v2\/pages"}],"about":[{"href":"https:\/\/portal.unisepe.com.br\/univr\/wp-json\/wp\/v2\/types\/page"}],"author":[{"embeddable":true,"href":"https:\/\/portal.unisepe.com.br\/univr\/wp-json\/wp\/v2\/users\/10"}],"replies":[{"embeddable":true,"href":"https:\/\/portal.unisepe.com.br\/univr\/wp-json\/wp\/v2\/comments?post=5414"}],"version-history":[{"count":2,"href":"https:\/\/portal.unisepe.com.br\/univr\/wp-json\/wp\/v2\/pages\/5414\/revisions"}],"predecessor-version":[{"id":5422,"href":"https:\/\/portal.unisepe.com.br\/univr\/wp-json\/wp\/v2\/pages\/5414\/revisions\/5422"}],"up":[{"embeddable":true,"href":"https:\/\/portal.unisepe.com.br\/univr\/wp-json\/wp\/v2\/pages\/1831"}],"wp:attachment":[{"href":"https:\/\/portal.unisepe.com.br\/univr\/wp-json\/wp\/v2\/media?parent=5414"}],"wp:term":[{"taxonomy":"category","embeddable":true,"href":"https:\/\/portal.unisepe.com.br\/univr\/wp-json\/wp\/v2\/categories?post=5414"},{"taxonomy":"post_tag","embeddable":true,"href":"https:\/\/portal.unisepe.com.br\/univr\/wp-json\/wp\/v2\/tags?post=5414"}],"curies":[{"name":"wp","href":"https:\/\/api.w.org\/{rel}","templated":true}]}}