{"id":5423,"date":"2022-04-19T11:53:04","date_gmt":"2022-04-19T14:53:04","guid":{"rendered":"https:\/\/portal.unisepe.com.br\/univr\/?page_id=5423"},"modified":"2022-04-19T11:53:45","modified_gmt":"2022-04-19T14:53:45","slug":"monitoria","status":"publish","type":"page","link":"https:\/\/portal.unisepe.com.br\/univr\/fonoaudiologia\/monitoria\/","title":{"rendered":"Monitoria"},"content":{"rendered":"<p style=\"background: white;vertical-align: baseline;margin: 9pt 0cm;text-align: justify\"><span style=\"font-size: 11.5pt;font-family: 'Segoe UI',sans-serif;color: #373a3c\">O Programa de Monitoria representa mais uma possibilidade de aprendizagem para os alunos do curso de Fonoaudiologia da UNIVR e contribui para sua forma\u00e7\u00e3o integrada. Tem como principal finalidade o aperfei\u00e7oamento acad\u00eamico e profissional. Al\u00e9m disso, s\u00e3o objetivos deste programa: promover a coopera\u00e7\u00e3o entre alunos e professores, gerar possibilidades para o desenvolvimento da educa\u00e7\u00e3o permanente, despertar o interesse do aluno pelas atividades no eixo Ensino, Pesquisa e Extens\u00e3o Universit\u00e1ria.<\/span><\/p>\n<p style=\"margin: 0cm 0cm 0.0001pt;background: white;vertical-align: baseline;text-align: justify\"><span style=\"font-size: 11.5pt;font-family: 'Segoe UI',sans-serif;color: #373a3c\">O exerc\u00edcio da monitoria \u00e9 volunt\u00e1rio e as atividades s\u00e3o desenvolvidas em hor\u00e1rios que n\u00e3o coincidam com as atividades acad\u00eamicas do aluno monitor. Para participar no Programa de Monitoria do curso de Fonoaudiologia da UNIVR, o aluno deve consultar a coordena\u00e7\u00e3o do curso e acompanhar a divulga\u00e7\u00e3o semestral do edital de sele\u00e7\u00e3o.<\/span><\/p>\n<p>&nbsp;<\/p>\n<ul>\n<li><a href=\"https:\/\/portal.unisepe.com.br\/univr\/wp-content\/uploads\/sites\/10004\/2022\/04\/8-Ficha-de-inscri\u00e7\u00e3o-Monitoria-2021.pdf\" target=\"_blank\" rel=\"noopener noreferrer\">Ficha de inscri\u00e7\u00e3o &#8211; Monitoria 2021<\/a><\/li>\n<li><a href=\"https:\/\/portal.unisepe.com.br\/univr\/wp-content\/uploads\/sites\/10004\/2022\/04\/9-Sele\u00e7\u00e3o-monitoria-2021.pdf\" target=\"_blank\" rel=\"noopener noreferrer\">Sele\u00e7\u00e3o monitoria 2021<\/a><\/li>\n<\/ul>\n","protected":false},"excerpt":{"rendered":"<p>O Programa de Monitoria representa mais uma possibilidade de aprendizagem para os alunos do curso de Fonoaudiologia da UNIVR e contribui para sua forma\u00e7\u00e3o integrada. Tem como principal finalidade o aperfei\u00e7oamento acad\u00eamico e profissional. Al\u00e9m disso, s\u00e3o objetivos deste programa: promover a coopera\u00e7\u00e3o entre alunos e professores, gerar possibilidades para<\/p>\n","protected":false},"author":10,"featured_media":0,"parent":1831,"menu_order":0,"comment_status":"closed","ping_status":"closed","template":"templates\/template-curso_menu_vertical.php","meta":{"footnotes":""},"categories":[],"tags":[],"class_list":["post-5423","page","type-page","status-publish","hentry"],"_links":{"self":[{"href":"https:\/\/portal.unisepe.com.br\/univr\/wp-json\/wp\/v2\/pages\/5423","targetHints":{"allow":["GET"]}}],"collection":[{"href":"https:\/\/portal.unisepe.com.br\/univr\/wp-json\/wp\/v2\/pages"}],"about":[{"href":"https:\/\/portal.unisepe.com.br\/univr\/wp-json\/wp\/v2\/types\/page"}],"author":[{"embeddable":true,"href":"https:\/\/portal.unisepe.com.br\/univr\/wp-json\/wp\/v2\/users\/10"}],"replies":[{"embeddable":true,"href":"https:\/\/portal.unisepe.com.br\/univr\/wp-json\/wp\/v2\/comments?post=5423"}],"version-history":[{"count":3,"href":"https:\/\/portal.unisepe.com.br\/univr\/wp-json\/wp\/v2\/pages\/5423\/revisions"}],"predecessor-version":[{"id":5428,"href":"https:\/\/portal.unisepe.com.br\/univr\/wp-json\/wp\/v2\/pages\/5423\/revisions\/5428"}],"up":[{"embeddable":true,"href":"https:\/\/portal.unisepe.com.br\/univr\/wp-json\/wp\/v2\/pages\/1831"}],"wp:attachment":[{"href":"https:\/\/portal.unisepe.com.br\/univr\/wp-json\/wp\/v2\/media?parent=5423"}],"wp:term":[{"taxonomy":"category","embeddable":true,"href":"https:\/\/portal.unisepe.com.br\/univr\/wp-json\/wp\/v2\/categories?post=5423"},{"taxonomy":"post_tag","embeddable":true,"href":"https:\/\/portal.unisepe.com.br\/univr\/wp-json\/wp\/v2\/tags?post=5423"}],"curies":[{"name":"wp","href":"https:\/\/api.w.org\/{rel}","templated":true}]}}