{"id":5429,"date":"2022-04-19T11:55:21","date_gmt":"2022-04-19T14:55:21","guid":{"rendered":"https:\/\/portal.unisepe.com.br\/univr\/?page_id=5429"},"modified":"2022-04-19T11:55:31","modified_gmt":"2022-04-19T14:55:31","slug":"policlinica","status":"publish","type":"page","link":"https:\/\/portal.unisepe.com.br\/univr\/fonoaudiologia\/policlinica\/","title":{"rendered":"Policl\u00ednica"},"content":{"rendered":"<p style=\"text-align: justify\">A Cl\u00ednica do Curso de Bacharelado em Fonoaudiologia da UNIVR, que faz parte do Complexo Policl\u00ednico da UNIVR, tem como miss\u00e3o a forma\u00e7\u00e3o do estudante, principalmente no \u00e2mbito da experi\u00eancia profissional, e desta forma tamb\u00e9m atender a comunidade local, em todos os servi\u00e7os prestados pela Policl\u00ednica. Este espa\u00e7o \u00e9 imprescind\u00edvel para que o aluno, dentro da viv\u00eancia de seu campo profissional, trabalhe teoria e pr\u00e1tica na constru\u00e7\u00e3o do saber\/fazer em fonoaudiologia. A Policl\u00ednica IESEP, mantida pelo Instituto Educacional de Servi\u00e7o, Ensino e Pesquisa, tem por objetivos possibilitar aos acad\u00eamicos as pr\u00e1ticas de Est\u00e1gios Curriculares do curso, bem como, demais atividades te\u00f3rico-pr\u00e1ticos que venha a contribuir para a forma\u00e7\u00e3o profissional, al\u00e9m de desenvolver estudos e pesquisas nas \u00e1reas afins e cumprir com seu compromisso social oferecendo atendimentos \u00e0 comunidade local e regi\u00e3o.<\/p>\n<p style=\"text-align: justify\">Para maiores informa\u00e7\u00f5es visite o site da POLICL\u00cdNICA IESEP (acesso:\u00a0<a href=\"https:\/\/iesep.com.br\/policlinica\/\" target=\"_blank\" rel=\"noopener noreferrer\">https:\/\/iesep.com.br\/policlinica\/<\/a>).<\/p>\n","protected":false},"excerpt":{"rendered":"<p>A Cl\u00ednica do Curso de Bacharelado em Fonoaudiologia da UNIVR, que faz parte do Complexo Policl\u00ednico da UNIVR, tem como miss\u00e3o a forma\u00e7\u00e3o do estudante, principalmente no \u00e2mbito da experi\u00eancia profissional, e desta forma tamb\u00e9m atender a comunidade local, em todos os servi\u00e7os prestados pela Policl\u00ednica. Este espa\u00e7o \u00e9 imprescind\u00edvel<\/p>\n","protected":false},"author":10,"featured_media":0,"parent":1831,"menu_order":0,"comment_status":"closed","ping_status":"closed","template":"templates\/template-curso_menu_vertical.php","meta":{"footnotes":""},"categories":[],"tags":[],"class_list":["post-5429","page","type-page","status-publish","hentry"],"_links":{"self":[{"href":"https:\/\/portal.unisepe.com.br\/univr\/wp-json\/wp\/v2\/pages\/5429","targetHints":{"allow":["GET"]}}],"collection":[{"href":"https:\/\/portal.unisepe.com.br\/univr\/wp-json\/wp\/v2\/pages"}],"about":[{"href":"https:\/\/portal.unisepe.com.br\/univr\/wp-json\/wp\/v2\/types\/page"}],"author":[{"embeddable":true,"href":"https:\/\/portal.unisepe.com.br\/univr\/wp-json\/wp\/v2\/users\/10"}],"replies":[{"embeddable":true,"href":"https:\/\/portal.unisepe.com.br\/univr\/wp-json\/wp\/v2\/comments?post=5429"}],"version-history":[{"count":1,"href":"https:\/\/portal.unisepe.com.br\/univr\/wp-json\/wp\/v2\/pages\/5429\/revisions"}],"predecessor-version":[{"id":5430,"href":"https:\/\/portal.unisepe.com.br\/univr\/wp-json\/wp\/v2\/pages\/5429\/revisions\/5430"}],"up":[{"embeddable":true,"href":"https:\/\/portal.unisepe.com.br\/univr\/wp-json\/wp\/v2\/pages\/1831"}],"wp:attachment":[{"href":"https:\/\/portal.unisepe.com.br\/univr\/wp-json\/wp\/v2\/media?parent=5429"}],"wp:term":[{"taxonomy":"category","embeddable":true,"href":"https:\/\/portal.unisepe.com.br\/univr\/wp-json\/wp\/v2\/categories?post=5429"},{"taxonomy":"post_tag","embeddable":true,"href":"https:\/\/portal.unisepe.com.br\/univr\/wp-json\/wp\/v2\/tags?post=5429"}],"curies":[{"name":"wp","href":"https:\/\/api.w.org\/{rel}","templated":true}]}}