{"id":545,"date":"2016-07-12T19:38:37","date_gmt":"2016-07-12T19:38:37","guid":{"rendered":"http:\/\/portal.unisepe.com.br\/univr\/?page_id=545"},"modified":"2023-03-22T13:53:27","modified_gmt":"2023-03-22T16:53:27","slug":"servico-social","status":"publish","type":"page","link":"https:\/\/portal.unisepe.com.br\/univr\/servico-social\/","title":{"rendered":"Servi\u00e7o Social"},"content":{"rendered":"<p style=\"text-align: justify\"><img loading=\"lazy\" decoding=\"async\" src=\"http:\/\/portal.unisepe.com.br\/univr\/wp-content\/uploads\/sites\/10004\/2019\/09\/logosite.jpg\" alt=\"\" width=\"108\" height=\"123\" class=\"wp-image-3489 alignleft\" srcset=\"https:\/\/portal.unisepe.com.br\/univr\/wp-content\/uploads\/sites\/10004\/2019\/09\/logosite.jpg 635w, https:\/\/portal.unisepe.com.br\/univr\/wp-content\/uploads\/sites\/10004\/2019\/09\/logosite-265x300.jpg 265w\" sizes=\"auto, (max-width: 108px) 100vw, 108px\" \/>O Servi\u00e7o Social \u00e9 uma profiss\u00e3o que requer forma\u00e7\u00e3o de gradua\u00e7\u00e3o superior de no m\u00ednimo 8 Semestres (4 anos) compat\u00edvel com o proposto pela Associa\u00e7\u00e3o Brasileira de\u00a0 Pesquisa Ensino em Servi\u00e7o Social &#8211; ABPESS e reconhecida pelo minist\u00e9rio da Educa\u00e7\u00e3o \u2013 MEC.<br \/>\n\u00c9 um curso que privilegia o car\u00e1ter de interven\u00e7\u00e3o investigativa atrav\u00e9s da pesquisa, reflex\u00e3o e an\u00e1lise da realidade social. Para tanto tem a contribui\u00e7\u00e3o da Sociologia, Psicologia, Economia, Ci\u00eancia Pol\u00edtica, Filosofia e Antropologia. O discente que completa o curso de Servi\u00e7o Social obt\u00e9m o titulo de Assistente Social ou Bacharel em Servi\u00e7o Social<\/p>\n<p style=\"text-align: justify\"><strong>\u00c1reas de Atua\u00e7\u00e3o do Bacharel em Servi\u00e7o Social:<\/strong><\/p>\n<ul style=\"text-align: justify\">\n<li>Assist\u00eancia Social;<\/li>\n<li>Sa\u00fade;<\/li>\n<li>Empresas e Ind\u00fastrias \u2013 Recursos Humanos e Responsabilidade Social;<\/li>\n<li>Educa\u00e7\u00e3o;<\/li>\n<li>Crian\u00e7a e Adolescente;<\/li>\n<li>Idoso;<\/li>\n<li>Habita\u00e7\u00e3o;<\/li>\n<li>Previd\u00eancia Social;<\/li>\n<li>Judici\u00e1rio;<\/li>\n<li>Organiza\u00e7\u00f5es N\u00e3o Governamentais \u2013 ONGs;<\/li>\n<li>Meio Ambiente.<\/li>\n<\/ul>\n<p style=\"text-align: justify\"><strong>Miss\u00e3o do Curso de Servi\u00e7o Social<\/strong><\/p>\n<p style=\"text-align: justify\">O curso de Servi\u00e7o Social do Centro Universit\u00e1rio do Vale do Ribeira \u2013 UNIVR, unidade de Registro-SP, pretende contribuir para a forma\u00e7\u00e3o de profissionais que compreendam o significado social de sua pr\u00e1tica, com postura cr\u00edtica e investigativa, estando em constante busca de aperfei\u00e7oamento com vistas \u00e0s exig\u00eancias do mercado de trabalho e \u00e0 realidade vivenciada.<\/p>\n","protected":false},"excerpt":{"rendered":"<p>O Servi\u00e7o Social \u00e9 uma profiss\u00e3o que requer forma\u00e7\u00e3o de gradua\u00e7\u00e3o superior de no m\u00ednimo 8 Semestres (4 anos) compat\u00edvel com o proposto pela Associa\u00e7\u00e3o Brasileira de\u00a0 Pesquisa Ensino em Servi\u00e7o Social &#8211; ABPESS e reconhecida pelo minist\u00e9rio da Educa\u00e7\u00e3o \u2013 MEC. \u00c9 um curso que privilegia o car\u00e1ter de<\/p>\n","protected":false},"author":1,"featured_media":0,"parent":0,"menu_order":0,"comment_status":"closed","ping_status":"closed","template":"templates\/template-curso_menu_vertical.php","meta":{"footnotes":""},"categories":[143],"tags":[148],"class_list":["post-545","page","type-page","status-publish","hentry","category-cursos-graduacao-presencial","tag-cursos-bacharelado"],"_links":{"self":[{"href":"https:\/\/portal.unisepe.com.br\/univr\/wp-json\/wp\/v2\/pages\/545","targetHints":{"allow":["GET"]}}],"collection":[{"href":"https:\/\/portal.unisepe.com.br\/univr\/wp-json\/wp\/v2\/pages"}],"about":[{"href":"https:\/\/portal.unisepe.com.br\/univr\/wp-json\/wp\/v2\/types\/page"}],"author":[{"embeddable":true,"href":"https:\/\/portal.unisepe.com.br\/univr\/wp-json\/wp\/v2\/users\/1"}],"replies":[{"embeddable":true,"href":"https:\/\/portal.unisepe.com.br\/univr\/wp-json\/wp\/v2\/comments?post=545"}],"version-history":[{"count":5,"href":"https:\/\/portal.unisepe.com.br\/univr\/wp-json\/wp\/v2\/pages\/545\/revisions"}],"predecessor-version":[{"id":5635,"href":"https:\/\/portal.unisepe.com.br\/univr\/wp-json\/wp\/v2\/pages\/545\/revisions\/5635"}],"wp:attachment":[{"href":"https:\/\/portal.unisepe.com.br\/univr\/wp-json\/wp\/v2\/media?parent=545"}],"wp:term":[{"taxonomy":"category","embeddable":true,"href":"https:\/\/portal.unisepe.com.br\/univr\/wp-json\/wp\/v2\/categories?post=545"},{"taxonomy":"post_tag","embeddable":true,"href":"https:\/\/portal.unisepe.com.br\/univr\/wp-json\/wp\/v2\/tags?post=545"}],"curies":[{"name":"wp","href":"https:\/\/api.w.org\/{rel}","templated":true}]}}