{"id":5568,"date":"2022-08-29T18:22:32","date_gmt":"2022-08-29T21:22:32","guid":{"rendered":"https:\/\/portal.unisepe.com.br\/univr\/?page_id=5568"},"modified":"2025-02-21T12:40:04","modified_gmt":"2025-02-21T15:40:04","slug":"administrativo","status":"publish","type":"page","link":"https:\/\/portal.unisepe.com.br\/univr\/a-instituicao\/contatos\/administrativo\/","title":{"rendered":"Administrativo"},"content":{"rendered":"<p><strong>Secretaria\/Atendimento:<\/strong><\/p>\n<hr \/>\n<ul>\n<li id=\"menu-item-4343\" class=\"menu-item menu-item-type-custom menu-item-object-custom menu-item-4343\"><a href=\"http:\/\/wa.me\/551338282840\">Zap Secretaria<\/a><\/li>\n<\/ul>\n<p>&nbsp;<\/p>\n<p><strong>Org\u00e3os de Apoio:<\/strong><\/p>\n<hr \/>\n<p><strong>Coordenadoria do Programa de Apoio ao Discente \u2013 PAD<\/strong><br \/>\nCoordenador do PAD<br \/>\nAndre Luiz Thomas Souza<br \/>\ne-mail:<span>\u00a0<\/span><a href=\"mailto:pad@scelisul.com.br\">pad@scelisul.com.br<\/a><\/p>\n<p><strong>Coordenadoria da Comiss\u00e3o Pr\u00f3pria de Avalia\u00e7\u00e3o \u2013 CPA<\/strong><br \/>\nCoordenador da CPA<br \/>\nAdriana Leite Martins<br \/>\ne-mail:<span>\u00a0<\/span><a href=\"mailto:cpa@scelisul.com.br\">cpa@scelisul.com.br<\/a><\/p>\n<p><strong>Coordenadoria de Produ\u00e7\u00e3o e Extens\u00e3o \u2013 CPEx<\/strong><br \/>\nCoordenador do CPEx<br \/>\nIgor Gabriel Lima<br \/>\ne-mail:<span>\u00a0<\/span><a href=\"mailto:cpex.re@unisepe.com.br\">cpex.re@unisepe.com.br<\/a><\/p>\n<p><strong>Coordenadoria de Tecnologias Educacionais \u2013 CTE<\/strong><\/p>\n<p>e-mail:<span>\u00a0<\/span><a href=\"mailto:cte@scelisul.com.br\">cte@scelisul.com.br<\/a><\/p>\n<p><strong>Coordenadoria do N\u00facleo de Capacita\u00e7\u00e3o e P\u00f3s-gradua\u00e7\u00e3o \u2013 NCP<\/strong><br \/>\ne-mail:<span>\u00a0<\/span><a href=\"mailto:secretaria@scelisul.com.br\">secretaria@scelisul.com.br<\/a><\/p>\n<p>&nbsp;<\/p>\n<p><strong>Administrativos<\/strong><\/p>\n<hr \/>\n<p><strong>Diretoria da Mantenedora<\/strong><\/p>\n<p>Diretor Presidente da Mantenedora: Prof\u00ba Guilherme Bernardes Filho<\/p>\n<p>Diretor Secretario da Mantenedora: Bel. Aderbal Alfredo Calderari Bernardes<\/p>\n<p><strong>Reitor<\/strong><\/p>\n<p>Frederico Ribeiro Sim\u00f5es<br \/>\ne-mail:<span>\u00a0<\/span><a href=\"mailto:diretorproffred@scelisul.com.br\">diretorproffred@scelisul.com.br<\/a><\/p>\n<p><strong>Pr\u00f3-Reitor Administrativo<\/strong><\/p>\n<p>Eliane Aparecida de Souza<br \/>\ne-mail:<span>\u00a0<\/span><a href=\"mailto:adm@scelisul.com.br\">adm@scelisul.com.br<\/a><\/p>\n<p><strong>Pr\u00f3-Reitor Acad\u00eamico<\/strong><br \/>\n<strong>Procurador Institucional<\/strong><br \/>\nEduardo Ogawa<br \/>\ne-mail:<span>\u00a0<\/span><a href=\"mailto:cpex@scelisul.com.br\">cpex@scelisul.com.br<\/a><\/p>\n<p><strong>Supervisor das Unidades<\/strong><\/p>\n<p>Marcio dos Reis Guimar\u00e3es<br \/>\ne-mail:<span>\u00a0<\/span><a href=\"mailto:marcio.guimaraes@scelisul.com.br\">marcio.guimaraes@scelisul.com.br<\/a><\/p>\n<p><strong>Coordenadoria de Registros Ac\u00e2demicos<\/strong><\/p>\n<p>Vera Joana Costa Adorno<br \/>\ne-mail:<span>\u00a0<\/span><a href=\"mailto:secretaria@scelisul.com.br\">secretaria@scelisul.com.br<\/a><\/p>\n<p><strong>Secret\u00e1rio-Geral<\/strong><\/p>\n<p>Jeferson Antonio de Freitas<br \/>\ne-mail:<span>\u00a0<\/span><a href=\"mailto:jeferson@scelisul.com.br\">jeferson@scelisul.com.br<\/a><\/p>\n<p><strong>Tecnologia da Informa\u00e7\u00e3o<\/strong><\/p>\n<p>Matheus Eduardo Souza Pedroso<br \/>\ne-mail:<span>\u00a0<\/span><a href=\"mailto:matheuspedroso@scelisul.com.br\">matheuspedroso@scelisul.com.br<\/a><\/p>\n<p>Wilson Luis da Silva Ribeiro<br \/>\ne-mail:<span>\u00a0<\/span><a href=\"mailto:wilsonribeiro@unisepe.com.br\">wilsonribeiro@unisepe.com.br<\/a><\/p>\n<p><strong>Biblioteca<\/strong><\/p>\n<p>e-mail:<span>\u00a0<\/span><a href=\"mailto:biblioteca@scelisul.com.br\">biblioteca@scelisul.com.br<\/a><\/p>\n<p>Roselice Concei\u00e7\u00e3o de Azevedo<br \/>\ne-mail:<span>\u00a0<\/span><a href=\"mailto:roselice@scelisul.com.br\">roselice@scelisul.com.br<\/a><\/p>\n<p><strong>Tesouraria<\/strong><\/p>\n<p>e-mail:<span>\u00a0<\/span><a href=\"mailto:tesouraria@scelisul.com.br\">tesouraria@scelisul.com.br<\/a><\/p>\n<p>Andressa Stefani de Lima Carneiro<br \/>\ne-mail:<span>\u00a0<\/span><a href=\"mailto:andressacarneiro@scelisul.com.br\">andressacarneiro@scelisul.com.br<\/a><\/p>\n<p><strong>Recursos Humanos<\/strong><\/p>\n<p>Andr\u00e9 Luiz Cugler<br \/>\ne-mail:<span>\u00a0<\/span><a href=\"mailto:andrecugler@scelisul.com.br\">andrecugler@scelisul.com.br<\/a><\/p>\n","protected":false},"excerpt":{"rendered":"<p>Secretaria\/Atendimento: Zap Secretaria &nbsp; Org\u00e3os de Apoio: Coordenadoria do Programa de Apoio ao Discente \u2013 PAD Coordenador do PAD Andre Luiz Thomas Souza e-mail:\u00a0pad@scelisul.com.br Coordenadoria da Comiss\u00e3o Pr\u00f3pria de Avalia\u00e7\u00e3o \u2013 CPA Coordenador da CPA Adriana Leite Martins e-mail:\u00a0cpa@scelisul.com.br Coordenadoria de Produ\u00e7\u00e3o e Extens\u00e3o \u2013 CPEx Coordenador do CPEx Igor<\/p>\n","protected":false},"author":1,"featured_media":0,"parent":5566,"menu_order":0,"comment_status":"closed","ping_status":"closed","template":"","meta":{"footnotes":""},"categories":[],"tags":[],"class_list":["post-5568","page","type-page","status-publish","hentry"],"_links":{"self":[{"href":"https:\/\/portal.unisepe.com.br\/univr\/wp-json\/wp\/v2\/pages\/5568","targetHints":{"allow":["GET"]}}],"collection":[{"href":"https:\/\/portal.unisepe.com.br\/univr\/wp-json\/wp\/v2\/pages"}],"about":[{"href":"https:\/\/portal.unisepe.com.br\/univr\/wp-json\/wp\/v2\/types\/page"}],"author":[{"embeddable":true,"href":"https:\/\/portal.unisepe.com.br\/univr\/wp-json\/wp\/v2\/users\/1"}],"replies":[{"embeddable":true,"href":"https:\/\/portal.unisepe.com.br\/univr\/wp-json\/wp\/v2\/comments?post=5568"}],"version-history":[{"count":12,"href":"https:\/\/portal.unisepe.com.br\/univr\/wp-json\/wp\/v2\/pages\/5568\/revisions"}],"predecessor-version":[{"id":6345,"href":"https:\/\/portal.unisepe.com.br\/univr\/wp-json\/wp\/v2\/pages\/5568\/revisions\/6345"}],"up":[{"embeddable":true,"href":"https:\/\/portal.unisepe.com.br\/univr\/wp-json\/wp\/v2\/pages\/5566"}],"wp:attachment":[{"href":"https:\/\/portal.unisepe.com.br\/univr\/wp-json\/wp\/v2\/media?parent=5568"}],"wp:term":[{"taxonomy":"category","embeddable":true,"href":"https:\/\/portal.unisepe.com.br\/univr\/wp-json\/wp\/v2\/categories?post=5568"},{"taxonomy":"post_tag","embeddable":true,"href":"https:\/\/portal.unisepe.com.br\/univr\/wp-json\/wp\/v2\/tags?post=5568"}],"curies":[{"name":"wp","href":"https:\/\/api.w.org\/{rel}","templated":true}]}}