{"id":5570,"date":"2022-08-29T18:37:45","date_gmt":"2022-08-29T21:37:45","guid":{"rendered":"https:\/\/portal.unisepe.com.br\/univr\/?page_id=5570"},"modified":"2025-10-23T08:30:12","modified_gmt":"2025-10-23T11:30:12","slug":"coordenacao-presencial","status":"publish","type":"page","link":"https:\/\/portal.unisepe.com.br\/univr\/a-instituicao\/contatos\/coordenacao-presencial\/","title":{"rendered":"Coordena\u00e7\u00e3o &#8211; Presencial"},"content":{"rendered":"<p><strong>Coordena\u00e7\u00e3o de Administra\u00e7\u00e3o<\/strong><br \/>\nIgor Gabriel Lima<br \/>\ne-mail:<span>\u00a0<\/span><a href=\"mailto:administracao@scelisul.com.br\">administracao@scelisul.com.br<\/a><\/p>\n<p><strong>Coordena\u00e7\u00e3o de An\u00e1lise e Desenvolvimento de Sistemas<\/strong><br \/>\nMarcio dos Reis Guimar\u00e3es<br \/>\ne-mail:<span>\u00a0<\/span><a href=\"mailto:processamento@scelisul.com.br\">processamento@scelisul.com.br<\/a><\/p>\n<p><strong>Coordena\u00e7\u00e3o de Biomedicina<\/strong><br \/>\nLucas da Silva Rezende<br \/>\ne-mail:<span>\u00a0<\/span><a href=\"mailto:biomedicina@scelisul.com.br\">biomedicina@scelisul.com.br<\/a><\/p>\n<p><strong>Coordena\u00e7\u00e3o de Ci\u00eancias Biol\u00f3gicas<\/strong><br \/>\nJozeildo Kleberson Barbosa<br \/>\ne-mail:<span> <a href=\"mailto:ead.pedagogia@unisepe.com.br\">ead.pedagogia@unisepe.com.br<\/a><\/span><\/p>\n<p><strong>Coordena\u00e7\u00e3o de Ci\u00eancias Cont\u00e1beis<\/strong><br \/>\nIgor Gabriel Lima<br \/>\ne-mail:<span>\u00a0<\/span><a href=\"mailto:cienciascontabeis@scelisul.com.br\">cienciascontabeis@scelisul.com.br<\/a><\/p>\n<p><strong>Coordena\u00e7\u00e3o de Direito<\/strong><br \/>\nSoraia Castellano<br \/>\ne-mail:<span>\u00a0<\/span><a href=\"mailto:direito@scelisul.com.br\">direito@scelisul.com.br<\/a><\/p>\n<p><strong>Coordena\u00e7\u00e3o de Educa\u00e7\u00e3o F\u00edsica &#8211; Licenciatura<\/strong><br \/>\nDanillo Yuzo Fujii Sakuma<br \/>\ne-mail:<span>\u00a0<\/span><a href=\"mailto:educacaofisica@scelisul.com.br\">educacaofisica@scelisul.com.br<\/a><\/p>\n<p><strong>Coordena\u00e7\u00e3o de Educa\u00e7\u00e3o F\u00edsica &#8211; Bacharelado<\/strong><br \/>\nDanillo Yuzo Fujii Sakuma<br \/>\ne-mail:<span>\u00a0<\/span><a href=\"mailto:educacaofisica@scelisul.com.br\">educacaofisica@scelisul.com.br<\/a><\/p>\n<p><strong>Coordena\u00e7\u00e3o de Enfermagem<\/strong><br \/>\nDeise A. Carminatte<br \/>\ne-mail:<span>\u00a0<\/span><a href=\"mailto:enfermagem@scelisul.com.br\">enfermagem@scelisul.com.br<\/a><\/p>\n<p><strong>Coordena\u00e7\u00e3o de Est\u00e9tica e Cosm\u00e9tica<\/strong><br \/>\nJuliana Maria Da Silva Minguetti<br \/>\ne-mail:<span>\u00a0<\/span><a href=\"mailto:estetica@scelisul.com.br\">estetica@scelisul.com.br<\/a><\/p>\n<p><strong>Coordena\u00e7\u00e3o de Farm\u00e1cia<\/strong><br \/>\nGiovanna Calore de Souza<br \/>\ne-mail:<span>\u00a0<\/span><a href=\"mailto:farmacia@scelisul.com.br\">farmacia@scelisul.com.br<\/a><\/p>\n<p><strong>Coordena\u00e7\u00e3o de Fisioterapia<\/strong><br \/>\nAnderson Martins da Silva<br \/>\ne-mail:<span>\u00a0<\/span><a href=\"mailto:fisioterapia@scelisul.com.br\">fisioterapia@scelisul.com.br<\/a><\/p>\n<p><strong>Coordena\u00e7\u00e3o de Fonoaudiologia<\/strong><br \/>\nRenato Riesemberg Gabriel Martins Filho<br \/>\ne-mail:\u00a0<a href=\"mailto:fonoaudiologia@scelisul.com.br\">fonoaudiologia@scelisul.com.br<\/a><\/p>\n<p><strong>Coordena\u00e7\u00e3o de Gest\u00e3o de Recursos Humanos<\/strong><br \/>\nIgor Gabriel Lima<br \/>\ne-mail:<span>\u00a0<\/span><a href=\"mailto:administracao@scelisul.com.br\">administracao@scelisul.com.br<\/a><\/p>\n<p><strong>Coordena\u00e7\u00e3o de Letras &#8211; portugu\u00eas e ingl\u00eas<\/strong><br \/>\nJozeildo Kleberson Barbosa<br \/>\ne-mail:<a href=\"mailto:ead.pedagogia@unisepe.com.br\"><span> ead.pedagogia@unisepe.com.br<\/span><\/a><\/p>\n<p><strong>Coordena\u00e7\u00e3o de Log\u00edstica<\/strong><br \/>\nIgor Gabriel Lima<br \/>\ne-mail:<span>\u00a0<\/span><a href=\"mailto:administracao@scelisul.com.br\">administracao@scelisul.com.br<\/a><\/p>\n<p><strong>Coordena\u00e7\u00e3o de Matem\u00e1tica<\/strong><br \/>\nJozeildo Kleberson Barbosa<br \/>\ne-mail:<a href=\"mailto:ead.pedagogia@unisepe.com.br\"><span> ead.pedagogia@unisepe.com.br<\/span><\/a><\/p>\n<p><strong>Coordena\u00e7\u00e3o de Nutri\u00e7\u00e3o<\/strong><br \/>\nVictoria Estefania Vinueza Constante<br \/>\ne-mail:<span>\u00a0<\/span><a href=\"mailto:nutricao@scelisul.com.br\">nutricao@scelisul.com.br<\/a><\/p>\n<p><strong>Coordena\u00e7\u00e3o de Pedagogia<\/strong><br \/>\nJozeildo Kleberson Barbosa<br \/>\ne-mail:<a href=\"mailto:ead.pedagogia@unisepe.com.br\"><span> ead.pedagogia@unisepe.com.br<\/span><\/a><\/p>\n<p><strong>Coordena\u00e7\u00e3o de Processos Gerencias<\/strong><br \/>\nIgor Gabriel Lima<br \/>\ne-mail:<span>\u00a0<\/span><a href=\"mailto:administracao@scelisul.com.br\">administracao@scelisul.com.br<\/a><\/p>\n<p><strong>Coordena\u00e7\u00e3o de Psicologia<\/strong><br \/>\n<span>Rosani Pagani<\/span><br \/>\ne-mail:<span>\u00a0<\/span><a href=\"mailto:psicologia@scelisul.com.br\">psicologia@scelisul.com.br<\/a><\/p>\n<p><strong>Coordena\u00e7\u00e3o de Servi\u00e7o Social<\/strong><br \/>\nSoraia Castellano<br \/>\ne-mail:<span>\u00a0<\/span><a href=\"mailto:servicosocial@scelisul.com.br\">servicosocial@scelisul.com.br<\/a><\/p>\n<p>&nbsp;<\/p>\n","protected":false},"excerpt":{"rendered":"<p>Coordena\u00e7\u00e3o de Administra\u00e7\u00e3o Igor Gabriel Lima e-mail:\u00a0administracao@scelisul.com.br Coordena\u00e7\u00e3o de An\u00e1lise e Desenvolvimento de Sistemas Marcio dos Reis Guimar\u00e3es e-mail:\u00a0processamento@scelisul.com.br Coordena\u00e7\u00e3o de Biomedicina Lucas da Silva Rezende e-mail:\u00a0biomedicina@scelisul.com.br Coordena\u00e7\u00e3o de Ci\u00eancias Biol\u00f3gicas Jozeildo Kleberson Barbosa e-mail: ead.pedagogia@unisepe.com.br Coordena\u00e7\u00e3o de Ci\u00eancias Cont\u00e1beis Igor Gabriel Lima e-mail:\u00a0cienciascontabeis@scelisul.com.br Coordena\u00e7\u00e3o de Direito Soraia Castellano e-mail:\u00a0direito@scelisul.com.br<\/p>\n","protected":false},"author":1,"featured_media":0,"parent":5566,"menu_order":0,"comment_status":"closed","ping_status":"closed","template":"","meta":{"footnotes":""},"categories":[],"tags":[],"class_list":["post-5570","page","type-page","status-publish","hentry"],"_links":{"self":[{"href":"https:\/\/portal.unisepe.com.br\/univr\/wp-json\/wp\/v2\/pages\/5570","targetHints":{"allow":["GET"]}}],"collection":[{"href":"https:\/\/portal.unisepe.com.br\/univr\/wp-json\/wp\/v2\/pages"}],"about":[{"href":"https:\/\/portal.unisepe.com.br\/univr\/wp-json\/wp\/v2\/types\/page"}],"author":[{"embeddable":true,"href":"https:\/\/portal.unisepe.com.br\/univr\/wp-json\/wp\/v2\/users\/1"}],"replies":[{"embeddable":true,"href":"https:\/\/portal.unisepe.com.br\/univr\/wp-json\/wp\/v2\/comments?post=5570"}],"version-history":[{"count":23,"href":"https:\/\/portal.unisepe.com.br\/univr\/wp-json\/wp\/v2\/pages\/5570\/revisions"}],"predecessor-version":[{"id":6410,"href":"https:\/\/portal.unisepe.com.br\/univr\/wp-json\/wp\/v2\/pages\/5570\/revisions\/6410"}],"up":[{"embeddable":true,"href":"https:\/\/portal.unisepe.com.br\/univr\/wp-json\/wp\/v2\/pages\/5566"}],"wp:attachment":[{"href":"https:\/\/portal.unisepe.com.br\/univr\/wp-json\/wp\/v2\/media?parent=5570"}],"wp:term":[{"taxonomy":"category","embeddable":true,"href":"https:\/\/portal.unisepe.com.br\/univr\/wp-json\/wp\/v2\/categories?post=5570"},{"taxonomy":"post_tag","embeddable":true,"href":"https:\/\/portal.unisepe.com.br\/univr\/wp-json\/wp\/v2\/tags?post=5570"}],"curies":[{"name":"wp","href":"https:\/\/api.w.org\/{rel}","templated":true}]}}