{"id":5575,"date":"2022-08-29T18:39:56","date_gmt":"2022-08-29T21:39:56","guid":{"rendered":"https:\/\/portal.unisepe.com.br\/univr\/?page_id=5575"},"modified":"2022-08-29T18:39:56","modified_gmt":"2022-08-29T21:39:56","slug":"pos-graduacao-digital","status":"publish","type":"page","link":"https:\/\/portal.unisepe.com.br\/univr\/a-instituicao\/contatos\/pos-graduacao-digital\/","title":{"rendered":"P\u00f3s gradua\u00e7\u00e3o digital"},"content":{"rendered":"<ul>\n<li><a href=\"mailto:posgraduacao.ead@unisepe.edu.br\" target=\"_blank\" rel=\"noopener noreferrer\">posgraduacao.ead@unisepe.edu.br<\/a><\/li>\n<\/ul>\n","protected":false},"excerpt":{"rendered":"<p>posgraduacao.ead@unisepe.edu.br<\/p>\n","protected":false},"author":1,"featured_media":0,"parent":5566,"menu_order":0,"comment_status":"closed","ping_status":"closed","template":"","meta":{"footnotes":""},"categories":[],"tags":[],"class_list":["post-5575","page","type-page","status-publish","hentry"],"_links":{"self":[{"href":"https:\/\/portal.unisepe.com.br\/univr\/wp-json\/wp\/v2\/pages\/5575","targetHints":{"allow":["GET"]}}],"collection":[{"href":"https:\/\/portal.unisepe.com.br\/univr\/wp-json\/wp\/v2\/pages"}],"about":[{"href":"https:\/\/portal.unisepe.com.br\/univr\/wp-json\/wp\/v2\/types\/page"}],"author":[{"embeddable":true,"href":"https:\/\/portal.unisepe.com.br\/univr\/wp-json\/wp\/v2\/users\/1"}],"replies":[{"embeddable":true,"href":"https:\/\/portal.unisepe.com.br\/univr\/wp-json\/wp\/v2\/comments?post=5575"}],"version-history":[{"count":1,"href":"https:\/\/portal.unisepe.com.br\/univr\/wp-json\/wp\/v2\/pages\/5575\/revisions"}],"predecessor-version":[{"id":5576,"href":"https:\/\/portal.unisepe.com.br\/univr\/wp-json\/wp\/v2\/pages\/5575\/revisions\/5576"}],"up":[{"embeddable":true,"href":"https:\/\/portal.unisepe.com.br\/univr\/wp-json\/wp\/v2\/pages\/5566"}],"wp:attachment":[{"href":"https:\/\/portal.unisepe.com.br\/univr\/wp-json\/wp\/v2\/media?parent=5575"}],"wp:term":[{"taxonomy":"category","embeddable":true,"href":"https:\/\/portal.unisepe.com.br\/univr\/wp-json\/wp\/v2\/categories?post=5575"},{"taxonomy":"post_tag","embeddable":true,"href":"https:\/\/portal.unisepe.com.br\/univr\/wp-json\/wp\/v2\/tags?post=5575"}],"curies":[{"name":"wp","href":"https:\/\/api.w.org\/{rel}","templated":true}]}}