{"id":6031,"date":"2023-09-13T13:37:19","date_gmt":"2023-09-13T16:37:19","guid":{"rendered":"https:\/\/portal.unisepe.com.br\/univr\/?page_id=6031"},"modified":"2023-09-18T21:41:12","modified_gmt":"2023-09-19T00:41:12","slug":"congresso-de-ciencias-da-saude-do-vale-do-ribeira","status":"publish","type":"page","link":"https:\/\/portal.unisepe.com.br\/univr\/coordenadoria-de-producao-de-extensao\/congresso-de-ciencias-da-saude-do-vale-do-ribeira\/","title":{"rendered":"Congresso de Ci\u00eancias da Sa\u00fade do Vale do Ribeira"},"content":{"rendered":"<p><strong>2023<\/strong><\/p>\n<ul>\n<li><a href=\"https:\/\/portal.unisepe.com.br\/univr\/wp-content\/uploads\/sites\/10004\/2023\/09\/Modelo-de-Painel.pptx\" target=\"_blank\" rel=\"noopener noreferrer\">Modelo de Painel<\/a><\/li>\n<li><a href=\"https:\/\/portal.unisepe.com.br\/univr\/wp-content\/uploads\/sites\/10004\/2023\/09\/Modelo-Resumo-Estudo-Original-1.docx\" target=\"_blank\" rel=\"noopener noreferrer\">Modelo Resumo &#8211; Estudo Original<\/a><\/li>\n<li><a href=\"https:\/\/portal.unisepe.com.br\/univr\/wp-content\/uploads\/sites\/10004\/2023\/09\/Modelo-Resumo-Relato-de-Caso-1.docx\" target=\"_blank\" rel=\"noopener noreferrer\">Modelo Resumo &#8211; Relato de Caso<\/a><\/li>\n<li><a href=\"https:\/\/portal.unisepe.com.br\/univr\/wp-content\/uploads\/sites\/10004\/2023\/09\/Modelo-Resumo-Relato-de-Experi\u00eancia-1.docx\" target=\"_blank\" rel=\"noopener noreferrer\">Modelo Resumo &#8211; Relato de Experi\u00eancia<\/a><\/li>\n<li><a href=\"https:\/\/portal.unisepe.com.br\/univr\/wp-content\/uploads\/sites\/10004\/2023\/09\/Modelo-Resumo-Revis\u00e3o-1.docx\" target=\"_blank\" rel=\"noopener noreferrer\">Modelo Resumo &#8211; Revis\u00e3o<\/a><\/li>\n<li><a href=\"https:\/\/portal.unisepe.com.br\/univr\/wp-content\/uploads\/sites\/10004\/2023\/09\/Normas-para-Submiss\u00e3o-de-Resumo-no-III-Congresso-de-Ci\u00eancias-da-Sa\u00fade-do-Vale-do-Ribeira.pdf\" target=\"_blank\" rel=\"noopener noreferrer\">Normas para Submiss\u00e3o de Resumo no III Congresso de Ci\u00eancias da Sa\u00fade do Vale do Ribeira<\/a><\/li>\n<\/ul>\n<p><a href=\"https:\/\/portal.unisepe.com.br\/unisepe\/fvr\/cpex\/site\/evento-item\/725\" target=\"_blank\" class=\"btn btn-primary text-uppercase ml-5 \" rel=\"noopener noreferrer\">Inscreva-se!<\/a><\/p>\n","protected":false},"excerpt":{"rendered":"<p>2023 Modelo de Painel Modelo Resumo &#8211; Estudo Original Modelo Resumo &#8211; Relato de Caso Modelo Resumo &#8211; Relato de Experi\u00eancia Modelo Resumo &#8211; Revis\u00e3o Normas para Submiss\u00e3o de Resumo no III Congresso de Ci\u00eancias da Sa\u00fade do Vale do Ribeira Inscreva-se!<\/p>\n","protected":false},"author":10,"featured_media":0,"parent":934,"menu_order":0,"comment_status":"closed","ping_status":"closed","template":"templates\/template-pagina_menu_vertical.php","meta":{"footnotes":""},"categories":[],"tags":[],"class_list":["post-6031","page","type-page","status-publish","hentry"],"_links":{"self":[{"href":"https:\/\/portal.unisepe.com.br\/univr\/wp-json\/wp\/v2\/pages\/6031","targetHints":{"allow":["GET"]}}],"collection":[{"href":"https:\/\/portal.unisepe.com.br\/univr\/wp-json\/wp\/v2\/pages"}],"about":[{"href":"https:\/\/portal.unisepe.com.br\/univr\/wp-json\/wp\/v2\/types\/page"}],"author":[{"embeddable":true,"href":"https:\/\/portal.unisepe.com.br\/univr\/wp-json\/wp\/v2\/users\/10"}],"replies":[{"embeddable":true,"href":"https:\/\/portal.unisepe.com.br\/univr\/wp-json\/wp\/v2\/comments?post=6031"}],"version-history":[{"count":15,"href":"https:\/\/portal.unisepe.com.br\/univr\/wp-json\/wp\/v2\/pages\/6031\/revisions"}],"predecessor-version":[{"id":6060,"href":"https:\/\/portal.unisepe.com.br\/univr\/wp-json\/wp\/v2\/pages\/6031\/revisions\/6060"}],"up":[{"embeddable":true,"href":"https:\/\/portal.unisepe.com.br\/univr\/wp-json\/wp\/v2\/pages\/934"}],"wp:attachment":[{"href":"https:\/\/portal.unisepe.com.br\/univr\/wp-json\/wp\/v2\/media?parent=6031"}],"wp:term":[{"taxonomy":"category","embeddable":true,"href":"https:\/\/portal.unisepe.com.br\/univr\/wp-json\/wp\/v2\/categories?post=6031"},{"taxonomy":"post_tag","embeddable":true,"href":"https:\/\/portal.unisepe.com.br\/univr\/wp-json\/wp\/v2\/tags?post=6031"}],"curies":[{"name":"wp","href":"https:\/\/api.w.org\/{rel}","templated":true}]}}