{"id":6209,"date":"2024-02-24T09:19:11","date_gmt":"2024-02-24T12:19:11","guid":{"rendered":"https:\/\/portal.unisepe.com.br\/univr\/?page_id=6209"},"modified":"2024-02-24T09:47:33","modified_gmt":"2024-02-24T12:47:33","slug":"atendimento-pedagogico","status":"publish","type":"page","link":"https:\/\/portal.unisepe.com.br\/univr\/pad\/atendimento-pedagogico\/","title":{"rendered":"Atendimento pedag\u00f3gico"},"content":{"rendered":"<p style=\"text-align: justify\">Com objetivo em melhorar o desempenho pedag\u00f3gico dos alunos e a forma\u00e7\u00e3o profissional, o <strong>Apoio Psicopedag\u00f3gico<\/strong>, tem como foco desenvolver as potencialidades acad\u00eamicas do aluno, com \u00eanfase no gerenciamento do tempo e estrat\u00e9gias de estudo<\/p>\n<p>&nbsp;<\/p>\n<p><strong>Quando procurar?<\/strong><\/p>\n<ol style=\"list-style-type: lower-alpha;margin: 0\">\n<li>Dificuldade na compreens\u00e3o de conte\u00fados;<\/li>\n<li>Redu\u00e7\u00e3o no desempenho acad\u00eamico;<\/li>\n<li>Para planejamento de estudos.<\/li>\n<\/ol>\n","protected":false},"excerpt":{"rendered":"<p>Com objetivo em melhorar o desempenho pedag\u00f3gico dos alunos e a forma\u00e7\u00e3o profissional, o Apoio Psicopedag\u00f3gico, tem como foco desenvolver as potencialidades acad\u00eamicas do aluno, com \u00eanfase no gerenciamento do tempo e estrat\u00e9gias de estudo &nbsp; Quando procurar? Dificuldade na compreens\u00e3o de conte\u00fados; Redu\u00e7\u00e3o no desempenho acad\u00eamico; Para planejamento de<\/p>\n","protected":false},"author":10,"featured_media":0,"parent":4553,"menu_order":10,"comment_status":"closed","ping_status":"closed","template":"templates\/template-pagina_menu_vertical.php","meta":{"footnotes":""},"categories":[],"tags":[],"class_list":["post-6209","page","type-page","status-publish","hentry"],"_links":{"self":[{"href":"https:\/\/portal.unisepe.com.br\/univr\/wp-json\/wp\/v2\/pages\/6209","targetHints":{"allow":["GET"]}}],"collection":[{"href":"https:\/\/portal.unisepe.com.br\/univr\/wp-json\/wp\/v2\/pages"}],"about":[{"href":"https:\/\/portal.unisepe.com.br\/univr\/wp-json\/wp\/v2\/types\/page"}],"author":[{"embeddable":true,"href":"https:\/\/portal.unisepe.com.br\/univr\/wp-json\/wp\/v2\/users\/10"}],"replies":[{"embeddable":true,"href":"https:\/\/portal.unisepe.com.br\/univr\/wp-json\/wp\/v2\/comments?post=6209"}],"version-history":[{"count":6,"href":"https:\/\/portal.unisepe.com.br\/univr\/wp-json\/wp\/v2\/pages\/6209\/revisions"}],"predecessor-version":[{"id":6221,"href":"https:\/\/portal.unisepe.com.br\/univr\/wp-json\/wp\/v2\/pages\/6209\/revisions\/6221"}],"up":[{"embeddable":true,"href":"https:\/\/portal.unisepe.com.br\/univr\/wp-json\/wp\/v2\/pages\/4553"}],"wp:attachment":[{"href":"https:\/\/portal.unisepe.com.br\/univr\/wp-json\/wp\/v2\/media?parent=6209"}],"wp:term":[{"taxonomy":"category","embeddable":true,"href":"https:\/\/portal.unisepe.com.br\/univr\/wp-json\/wp\/v2\/categories?post=6209"},{"taxonomy":"post_tag","embeddable":true,"href":"https:\/\/portal.unisepe.com.br\/univr\/wp-json\/wp\/v2\/tags?post=6209"}],"curies":[{"name":"wp","href":"https:\/\/api.w.org\/{rel}","templated":true}]}}