{"id":6218,"date":"2024-02-24T09:27:31","date_gmt":"2024-02-24T12:27:31","guid":{"rendered":"https:\/\/portal.unisepe.com.br\/univr\/?page_id=6218"},"modified":"2024-02-24T09:47:44","modified_gmt":"2024-02-24T12:47:44","slug":"atendimento-psicologico","status":"publish","type":"page","link":"https:\/\/portal.unisepe.com.br\/univr\/pad\/atendimento-psicologico\/","title":{"rendered":"Atendimento psicol\u00f3gico"},"content":{"rendered":"<p style=\"text-align: justify\">O <strong>Apoio Psicol\u00f3gico<\/strong> \u00e9 direcionado para promo\u00e7\u00e3o da sa\u00fade mental do aluno, como estrat\u00e9gia para manuten\u00e7\u00e3o da qualidade de vida acad\u00eamica. Ainda, faz parte deste apoio orienta\u00e7\u00f5es para pr\u00e1tica de exerc\u00edcio f\u00edsico e dicas para melhorar a autoestima.<\/p>\n<p>&nbsp;<\/p>\n<p><strong>Quando procurar?<\/strong><\/p>\n<ol style=\"list-style-type: lower-alpha;margin: 0\">\n<li>Baixa autoestima situacional;<\/li>\n<li>Manifesta\u00e7\u00e3o de sinais de ansiedade;<\/li>\n<li>Dificuldades nas rela\u00e7\u00f5es interpessoais;<\/li>\n<li>Abuso de subst\u00e2ncias psicoativas.<\/li>\n<\/ol>\n","protected":false},"excerpt":{"rendered":"<p>O Apoio Psicol\u00f3gico \u00e9 direcionado para promo\u00e7\u00e3o da sa\u00fade mental do aluno, como estrat\u00e9gia para manuten\u00e7\u00e3o da qualidade de vida acad\u00eamica. Ainda, faz parte deste apoio orienta\u00e7\u00f5es para pr\u00e1tica de exerc\u00edcio f\u00edsico e dicas para melhorar a autoestima. &nbsp; Quando procurar? Baixa autoestima situacional; Manifesta\u00e7\u00e3o de sinais de ansiedade; Dificuldades<\/p>\n","protected":false},"author":10,"featured_media":0,"parent":4553,"menu_order":20,"comment_status":"closed","ping_status":"closed","template":"templates\/template-pagina_menu_vertical.php","meta":{"footnotes":""},"categories":[],"tags":[],"class_list":["post-6218","page","type-page","status-publish","hentry"],"_links":{"self":[{"href":"https:\/\/portal.unisepe.com.br\/univr\/wp-json\/wp\/v2\/pages\/6218","targetHints":{"allow":["GET"]}}],"collection":[{"href":"https:\/\/portal.unisepe.com.br\/univr\/wp-json\/wp\/v2\/pages"}],"about":[{"href":"https:\/\/portal.unisepe.com.br\/univr\/wp-json\/wp\/v2\/types\/page"}],"author":[{"embeddable":true,"href":"https:\/\/portal.unisepe.com.br\/univr\/wp-json\/wp\/v2\/users\/10"}],"replies":[{"embeddable":true,"href":"https:\/\/portal.unisepe.com.br\/univr\/wp-json\/wp\/v2\/comments?post=6218"}],"version-history":[{"count":2,"href":"https:\/\/portal.unisepe.com.br\/univr\/wp-json\/wp\/v2\/pages\/6218\/revisions"}],"predecessor-version":[{"id":6222,"href":"https:\/\/portal.unisepe.com.br\/univr\/wp-json\/wp\/v2\/pages\/6218\/revisions\/6222"}],"up":[{"embeddable":true,"href":"https:\/\/portal.unisepe.com.br\/univr\/wp-json\/wp\/v2\/pages\/4553"}],"wp:attachment":[{"href":"https:\/\/portal.unisepe.com.br\/univr\/wp-json\/wp\/v2\/media?parent=6218"}],"wp:term":[{"taxonomy":"category","embeddable":true,"href":"https:\/\/portal.unisepe.com.br\/univr\/wp-json\/wp\/v2\/categories?post=6218"},{"taxonomy":"post_tag","embeddable":true,"href":"https:\/\/portal.unisepe.com.br\/univr\/wp-json\/wp\/v2\/tags?post=6218"}],"curies":[{"name":"wp","href":"https:\/\/api.w.org\/{rel}","templated":true}]}}