{"id":6225,"date":"2024-02-24T09:33:18","date_gmt":"2024-02-24T12:33:18","guid":{"rendered":"https:\/\/portal.unisepe.com.br\/univr\/?page_id=6225"},"modified":"2024-02-24T09:48:11","modified_gmt":"2024-02-24T12:48:11","slug":"servicos-de-saude","status":"publish","type":"page","link":"https:\/\/portal.unisepe.com.br\/univr\/pad\/servicos-de-saude\/","title":{"rendered":"Servi\u00e7os de sa\u00fade"},"content":{"rendered":"<p style=\"text-align: justify\">A procura por atendimentos no munic\u00edpio de Registro-SP pode ser realizada nos servi\u00e7os de sa\u00fade descritos a seguir. O agendamento de consultas nas Estrat\u00e9gias de Sa\u00fade da Fam\u00edlia (ESF), \u00e9 realizado somente para moradores da cidade de Registro-SP.<\/p>\n<p>&nbsp;<\/p>\n<p><strong>Unidade de Pronto Atendimento (UPA) \/ Registro-SP\u00a0 <\/strong><\/p>\n<p>Av. Nelson Brihi Badur, 605 &#8211; Vila Sao Nicolau, Registro &#8211; SP<\/p>\n<p>Telefone: (13) 3821-2712<\/p>\n<p>&nbsp;<\/p>\n<p><strong>Policl\u00ednica IESEP<\/strong><\/p>\n<p>Rua Oscar Yoshiaki Mag\u00e1rio, 185 \u2013 Vila Ribeir\u00f3polis, Registro &#8211; SP<\/p>\n<p>Telefone: (13) 32828-2840<\/p>\n<p>&nbsp;<\/p>\n<p><strong>ESF Registro B<\/strong><\/p>\n<p>Rua Vivaldo Pereira, 20 \u2013 Bloco B, Registro &#8211; SP<\/p>\n<p>Telefone: (13) 3821-5032<\/p>\n<p>&nbsp;<\/p>\n<p><strong>ESF Nosso Teto<\/strong><\/p>\n<p>Rua Vivaldo Pereira, 20 (fundo) \u2013 Bloco B, Registro &#8211; SP<\/p>\n<p>Telefone: (13) 3821-3816<\/p>\n<p>&nbsp;<\/p>\n<p><strong>Setor de 192<\/strong><\/p>\n<p>Rua Rio Branco, 225 \u2013 Vila F\u00e1tima, Registro &#8211; SP<\/p>\n<p>Telefone: (13) 3821-5159 ou 192<\/p>\n","protected":false},"excerpt":{"rendered":"<p>A procura por atendimentos no munic\u00edpio de Registro-SP pode ser realizada nos servi\u00e7os de sa\u00fade descritos a seguir. O agendamento de consultas nas Estrat\u00e9gias de Sa\u00fade da Fam\u00edlia (ESF), \u00e9 realizado somente para moradores da cidade de Registro-SP. &nbsp; Unidade de Pronto Atendimento (UPA) \/ Registro-SP\u00a0 Av. Nelson Brihi Badur,<\/p>\n","protected":false},"author":10,"featured_media":0,"parent":4553,"menu_order":40,"comment_status":"closed","ping_status":"closed","template":"templates\/template-pagina_menu_vertical.php","meta":{"footnotes":""},"categories":[],"tags":[],"class_list":["post-6225","page","type-page","status-publish","hentry"],"_links":{"self":[{"href":"https:\/\/portal.unisepe.com.br\/univr\/wp-json\/wp\/v2\/pages\/6225","targetHints":{"allow":["GET"]}}],"collection":[{"href":"https:\/\/portal.unisepe.com.br\/univr\/wp-json\/wp\/v2\/pages"}],"about":[{"href":"https:\/\/portal.unisepe.com.br\/univr\/wp-json\/wp\/v2\/types\/page"}],"author":[{"embeddable":true,"href":"https:\/\/portal.unisepe.com.br\/univr\/wp-json\/wp\/v2\/users\/10"}],"replies":[{"embeddable":true,"href":"https:\/\/portal.unisepe.com.br\/univr\/wp-json\/wp\/v2\/comments?post=6225"}],"version-history":[{"count":2,"href":"https:\/\/portal.unisepe.com.br\/univr\/wp-json\/wp\/v2\/pages\/6225\/revisions"}],"predecessor-version":[{"id":6228,"href":"https:\/\/portal.unisepe.com.br\/univr\/wp-json\/wp\/v2\/pages\/6225\/revisions\/6228"}],"up":[{"embeddable":true,"href":"https:\/\/portal.unisepe.com.br\/univr\/wp-json\/wp\/v2\/pages\/4553"}],"wp:attachment":[{"href":"https:\/\/portal.unisepe.com.br\/univr\/wp-json\/wp\/v2\/media?parent=6225"}],"wp:term":[{"taxonomy":"category","embeddable":true,"href":"https:\/\/portal.unisepe.com.br\/univr\/wp-json\/wp\/v2\/categories?post=6225"},{"taxonomy":"post_tag","embeddable":true,"href":"https:\/\/portal.unisepe.com.br\/univr\/wp-json\/wp\/v2\/tags?post=6225"}],"curies":[{"name":"wp","href":"https:\/\/api.w.org\/{rel}","templated":true}]}}