{"id":6229,"date":"2024-02-24T09:40:32","date_gmt":"2024-02-24T12:40:32","guid":{"rendered":"https:\/\/portal.unisepe.com.br\/univr\/?page_id=6229"},"modified":"2024-02-24T10:02:26","modified_gmt":"2024-02-24T13:02:26","slug":"materiais-de-apoio-academico","status":"publish","type":"page","link":"https:\/\/portal.unisepe.com.br\/univr\/pad\/materiais-de-apoio-academico\/","title":{"rendered":"Materiais de apoio acad\u00eamico"},"content":{"rendered":"<p style=\"text-align: justify\">Para melhorar sua viv\u00eancia no Centro Universit\u00e1rio do Vale do Ribeira a seguir voc\u00ea encontrar\u00e1 materiais que poder\u00e3o auxili\u00e1-lo(a) durante a forma\u00e7\u00e3o acad\u00eamica. Os materiais foram produzidos com \u00eanfase na <strong>promo\u00e7\u00e3o da sa\u00fade biopsicossocial<\/strong> e no desenvolvimento de habilidades cognitivas.<\/p>\n<p>&nbsp;<\/p>\n<div class=\"text-center\"><img loading=\"lazy\" decoding=\"async\" src=\"https:\/\/portal.unisepe.com.br\/univr\/wp-content\/uploads\/sites\/10004\/2024\/02\/materiais-apoio-academico.jpg\" alt=\"Materiais de apoio acad\u00eamico\" width=\"642\" height=\"147\" class=\"alignnone wp-image-6239 size-full\" srcset=\"https:\/\/portal.unisepe.com.br\/univr\/wp-content\/uploads\/sites\/10004\/2024\/02\/materiais-apoio-academico.jpg 642w, https:\/\/portal.unisepe.com.br\/univr\/wp-content\/uploads\/sites\/10004\/2024\/02\/materiais-apoio-academico-300x69.jpg 300w\" sizes=\"auto, (max-width: 642px) 100vw, 642px\" \/><\/div>\n","protected":false},"excerpt":{"rendered":"<p>Para melhorar sua viv\u00eancia no Centro Universit\u00e1rio do Vale do Ribeira a seguir voc\u00ea encontrar\u00e1 materiais que poder\u00e3o auxili\u00e1-lo(a) durante a forma\u00e7\u00e3o acad\u00eamica. Os materiais foram produzidos com \u00eanfase na promo\u00e7\u00e3o da sa\u00fade biopsicossocial e no desenvolvimento de habilidades cognitivas. &nbsp;<\/p>\n","protected":false},"author":10,"featured_media":0,"parent":4553,"menu_order":50,"comment_status":"closed","ping_status":"closed","template":"templates\/template-pagina_menu_vertical.php","meta":{"footnotes":""},"categories":[],"tags":[],"class_list":["post-6229","page","type-page","status-publish","hentry"],"_links":{"self":[{"href":"https:\/\/portal.unisepe.com.br\/univr\/wp-json\/wp\/v2\/pages\/6229","targetHints":{"allow":["GET"]}}],"collection":[{"href":"https:\/\/portal.unisepe.com.br\/univr\/wp-json\/wp\/v2\/pages"}],"about":[{"href":"https:\/\/portal.unisepe.com.br\/univr\/wp-json\/wp\/v2\/types\/page"}],"author":[{"embeddable":true,"href":"https:\/\/portal.unisepe.com.br\/univr\/wp-json\/wp\/v2\/users\/10"}],"replies":[{"embeddable":true,"href":"https:\/\/portal.unisepe.com.br\/univr\/wp-json\/wp\/v2\/comments?post=6229"}],"version-history":[{"count":6,"href":"https:\/\/portal.unisepe.com.br\/univr\/wp-json\/wp\/v2\/pages\/6229\/revisions"}],"predecessor-version":[{"id":6242,"href":"https:\/\/portal.unisepe.com.br\/univr\/wp-json\/wp\/v2\/pages\/6229\/revisions\/6242"}],"up":[{"embeddable":true,"href":"https:\/\/portal.unisepe.com.br\/univr\/wp-json\/wp\/v2\/pages\/4553"}],"wp:attachment":[{"href":"https:\/\/portal.unisepe.com.br\/univr\/wp-json\/wp\/v2\/media?parent=6229"}],"wp:term":[{"taxonomy":"category","embeddable":true,"href":"https:\/\/portal.unisepe.com.br\/univr\/wp-json\/wp\/v2\/categories?post=6229"},{"taxonomy":"post_tag","embeddable":true,"href":"https:\/\/portal.unisepe.com.br\/univr\/wp-json\/wp\/v2\/tags?post=6229"}],"curies":[{"name":"wp","href":"https:\/\/api.w.org\/{rel}","templated":true}]}}