{"id":647,"date":"2016-07-14T00:41:26","date_gmt":"2016-07-14T00:41:26","guid":{"rendered":"http:\/\/portal.unisepe.com.br\/univr\/?page_id=647"},"modified":"2020-03-19T16:11:44","modified_gmt":"2020-03-19T19:11:44","slug":"bolsas-e-financiamento","status":"publish","type":"page","link":"https:\/\/portal.unisepe.com.br\/univr\/bolsas-e-financiamento\/","title":{"rendered":"Bolsas e Financiamento"},"content":{"rendered":"<p style=\"text-align: justify;\">A Unisepe \u2013 Uni\u00e3o das Institui\u00e7\u00f5es de Servi\u00e7os, Ensino e Pesquisa, mantenedora do <span>Centro Universit\u00e1rio do Vale do Ribeira<\/span>, cria oportunidades reais para as pessoas que querem evoluir e conquistar seu espa\u00e7o no mercado de trabalho, porque entende que formar pessoas \u00e9 transform\u00e1-las profunda e decisivamente, criando pontes para que o conhecimento possa resultar em conquistas profissionais e pessoais,\u00a0oferecendo um conjunto de oportunidades para que o conhecimento esteja ao alcance de todos.<\/p>\n<p style=\"text-align: justify;\">Com esse prop\u00f3sito, torna realidade o ensino superior viabilizando uma forma\u00e7\u00e3o de qualidade buscando atingir cada vez mais pessoas, por meio de programas de bolsas e financiamento estudantil. Dessa forma, possibilita o ingresso de quem busca estudar no <span>Centro Universit\u00e1rio do Vale do Ribeira\u00a0<\/span>e a perman\u00eancia dos alunos na institui\u00e7\u00e3o.<\/p>\n<p style=\"text-align: justify;\">Conhe\u00e7a todas as propostas de bolsas e financiamentos que a UNISEPE oferece e escolha a que melhor se encaixa a voc\u00ea!<\/p>\n<p>&nbsp;<\/p>\n<div id=\"link_bolsa\"><a href=\"http:\/\/portal.unisepe.com.br\/univr\/bolsas-e-financiamento\/bolsas-institucionais\/\"><img loading=\"lazy\" decoding=\"async\" class=\"scale-bounce size-full wp-image-656 aligncenter\" src=\"http:\/\/portal.unisepe.com.br\/univr\/wp-content\/uploads\/sites\/10004\/2016\/07\/Bolsas_link_1.png\" alt=\"Bolsas_link_1\" width=\"860\" height=\"201\" srcset=\"https:\/\/portal.unisepe.com.br\/univr\/wp-content\/uploads\/sites\/10004\/2016\/07\/Bolsas_link_1.png 860w, https:\/\/portal.unisepe.com.br\/univr\/wp-content\/uploads\/sites\/10004\/2016\/07\/Bolsas_link_1-300x70.png 300w, https:\/\/portal.unisepe.com.br\/univr\/wp-content\/uploads\/sites\/10004\/2016\/07\/Bolsas_link_1-768x179.png 768w\" sizes=\"auto, (max-width: 860px) 100vw, 860px\" \/><\/a><a href=\"http:\/\/portal.unisepe.com.br\/univr\/bolsas-e-financiamento\/fies\/\"><img loading=\"lazy\" decoding=\"async\" class=\"scale-bounce aligncenter size-full wp-image-657\" src=\"http:\/\/portal.unisepe.com.br\/univr\/wp-content\/uploads\/sites\/10004\/2016\/07\/Bolsas_link_2.png\" alt=\"Bolsas_link_2\" width=\"400\" height=\"190\" srcset=\"https:\/\/portal.unisepe.com.br\/univr\/wp-content\/uploads\/sites\/10004\/2016\/07\/Bolsas_link_2.png 400w, https:\/\/portal.unisepe.com.br\/univr\/wp-content\/uploads\/sites\/10004\/2016\/07\/Bolsas_link_2-300x143.png 300w\" sizes=\"auto, (max-width: 400px) 100vw, 400px\" \/><\/a><a href=\"http:\/\/portal.unisepe.com.br\/univr\/bolsas-e-financiamento\/escola-da-familia\/\"><img loading=\"lazy\" decoding=\"async\" class=\"scale-bounce aligncenter size-full wp-image-658\" src=\"http:\/\/portal.unisepe.com.br\/univr\/wp-content\/uploads\/sites\/10004\/2016\/07\/Bolsas_link_3.png\" alt=\"Bolsas_link_3\" width=\"400\" height=\"190\" srcset=\"https:\/\/portal.unisepe.com.br\/univr\/wp-content\/uploads\/sites\/10004\/2016\/07\/Bolsas_link_3.png 400w, https:\/\/portal.unisepe.com.br\/univr\/wp-content\/uploads\/sites\/10004\/2016\/07\/Bolsas_link_3-300x143.png 300w\" sizes=\"auto, (max-width: 400px) 100vw, 400px\" \/><\/a><a href=\"http:\/\/portal.unisepe.com.br\/univr\/bolsas-e-financiamento\/prouni\/\"><img loading=\"lazy\" decoding=\"async\" class=\"scale-bounce aligncenter size-full wp-image-659\" src=\"http:\/\/portal.unisepe.com.br\/univr\/wp-content\/uploads\/sites\/10004\/2016\/07\/Bolsas_link_4.png\" alt=\"Bolsas_link_4\" width=\"400\" height=\"190\" srcset=\"https:\/\/portal.unisepe.com.br\/univr\/wp-content\/uploads\/sites\/10004\/2016\/07\/Bolsas_link_4.png 400w, https:\/\/portal.unisepe.com.br\/univr\/wp-content\/uploads\/sites\/10004\/2016\/07\/Bolsas_link_4-300x143.png 300w\" sizes=\"auto, (max-width: 400px) 100vw, 400px\" \/><\/a><a href=\"http:\/\/portal.unisepe.com.br\/univr\/bolsas-e-financiamento\/ppd\/\"><img loading=\"lazy\" decoding=\"async\" class=\"scale-bounce aligncenter wp-image-1860 size-full\" src=\"http:\/\/portal.unisepe.com.br\/univr\/wp-content\/uploads\/sites\/10004\/2016\/07\/Bolsas_link_5.png\" alt=\"\" width=\"400\" height=\"190\" srcset=\"https:\/\/portal.unisepe.com.br\/univr\/wp-content\/uploads\/sites\/10004\/2016\/07\/Bolsas_link_5.png 400w, https:\/\/portal.unisepe.com.br\/univr\/wp-content\/uploads\/sites\/10004\/2016\/07\/Bolsas_link_5-300x143.png 300w\" sizes=\"auto, (max-width: 400px) 100vw, 400px\" \/><\/a><\/div>\n","protected":false},"excerpt":{"rendered":"<p>A Unisepe \u2013 Uni\u00e3o das Institui\u00e7\u00f5es de Servi\u00e7os, Ensino e Pesquisa, mantenedora do Centro Universit\u00e1rio do Vale do Ribeira, cria oportunidades reais para as pessoas que querem evoluir e conquistar seu espa\u00e7o no mercado de trabalho, porque entende que formar pessoas \u00e9 transform\u00e1-las profunda e decisivamente, criando pontes para que<\/p>\n","protected":false},"author":1,"featured_media":0,"parent":0,"menu_order":0,"comment_status":"closed","ping_status":"closed","template":"templates\/template-fullwidth.php","meta":{"footnotes":""},"categories":[],"tags":[],"class_list":["post-647","page","type-page","status-publish","hentry"],"_links":{"self":[{"href":"https:\/\/portal.unisepe.com.br\/univr\/wp-json\/wp\/v2\/pages\/647","targetHints":{"allow":["GET"]}}],"collection":[{"href":"https:\/\/portal.unisepe.com.br\/univr\/wp-json\/wp\/v2\/pages"}],"about":[{"href":"https:\/\/portal.unisepe.com.br\/univr\/wp-json\/wp\/v2\/types\/page"}],"author":[{"embeddable":true,"href":"https:\/\/portal.unisepe.com.br\/univr\/wp-json\/wp\/v2\/users\/1"}],"replies":[{"embeddable":true,"href":"https:\/\/portal.unisepe.com.br\/univr\/wp-json\/wp\/v2\/comments?post=647"}],"version-history":[{"count":8,"href":"https:\/\/portal.unisepe.com.br\/univr\/wp-json\/wp\/v2\/pages\/647\/revisions"}],"predecessor-version":[{"id":4031,"href":"https:\/\/portal.unisepe.com.br\/univr\/wp-json\/wp\/v2\/pages\/647\/revisions\/4031"}],"wp:attachment":[{"href":"https:\/\/portal.unisepe.com.br\/univr\/wp-json\/wp\/v2\/media?parent=647"}],"wp:term":[{"taxonomy":"category","embeddable":true,"href":"https:\/\/portal.unisepe.com.br\/univr\/wp-json\/wp\/v2\/categories?post=647"},{"taxonomy":"post_tag","embeddable":true,"href":"https:\/\/portal.unisepe.com.br\/univr\/wp-json\/wp\/v2\/tags?post=647"}],"curies":[{"name":"wp","href":"https:\/\/api.w.org\/{rel}","templated":true}]}}