{"id":664,"date":"2016-07-14T00:55:53","date_gmt":"2016-07-14T00:55:53","guid":{"rendered":"http:\/\/portal.unisepe.com.br\/univr\/?page_id=664"},"modified":"2022-09-09T15:19:43","modified_gmt":"2022-09-09T18:19:43","slug":"fies","status":"publish","type":"page","link":"https:\/\/portal.unisepe.com.br\/univr\/bolsas-e-financiamento\/fies\/","title":{"rendered":"Novo FIES"},"content":{"rendered":"<h4>Conhe\u00e7a o Novo FIES<\/h4>\n<p>O Fundo de Financiamento Estudantil (FIES) \u00e9 um programa do Minist\u00e9rio da Educa\u00e7\u00e3o (MEC), institu\u00eddo pela Lei n\u00ba 10.260, de 12 de julho de 2001, que tem como objetivo conceder financiamento a estudantes em cursos superiores n\u00e3o gratuitos, com avalia\u00e7\u00e3o positiva nos processos conduzidos pelo MEC e ofertados por institui\u00e7\u00f5es de educa\u00e7\u00e3o superior n\u00e3o gratuita aderente ao programa.<\/p>\n<p>O novo FIES \u00e9 um modelo de financiamento estudantil moderno, que divide o programa em diferentes modalidades, possibilitando juros zero a quem mais precisa e uma escala de financiamentos que varia conforme a renda familiar do candidato. O novo FIES traz melhorias na gest\u00e3o do fundo, dando sustentabilidade financeira ao programa a fim de garantir a sustentabilidade do programa e viabilizar um acesso mais amplo ao ensino superior.<\/p>\n<h4>O que mudou?<\/h4>\n<p>O novo FIES mudou para melhor. Tem agora como pilares a amplia\u00e7\u00e3o do acesso ao ensino superior, a maior transpar\u00eancia para os estudantes e para a sociedade, e a melhoria na governan\u00e7a e na sustentabilidade do Fundo. O novo FIES est\u00e1 dividido em duas modalidades, possibilitando juros zero a quem mais precisa e uma escala de financiamento que varia conforme a renda familiar do candidato.<\/p>\n<p>Na primeira modalidade, o novo FIES ofertar\u00e1 vagas com juros zero para os estudantes que tiverem uma renda per capita mensal familiar de at\u00e9 tr\u00eas sal\u00e1rios m\u00ednimos. Nessa modalidade, o aluno come\u00e7ar\u00e1 a pagar as presta\u00e7\u00f5es respeitando o seu limite de renda, fazendo com que os encargos a serem pagos pelos estudantes diminuam consideravelmente.<\/p>\n<p>A outra modalidade de financiamento, denominada P-Fies, \u00e9 destinada aos estudantes com renda per capita mensal familiar de at\u00e9 cinco sal\u00e1rios m\u00ednimos. A referida modalidade funciona com recursos dos Fundos Constitucionais e de Desenvolvimento e ainda, com os recursos dos Bancos privados participantes.<\/p>\n<h4>Quais s\u00e3o as condi\u00e7\u00f5es de financiamento para novos contratos na modalidade do Fies?<\/h4>\n<p>Os financiamentos concedidos com recursos do Fies, para estudantes com renda familiar per capita de at\u00e9 3 sal\u00e1rios m\u00ednimos, neste primeiro semestre de 2020 ter\u00e3o taxa real zero de juros.<\/p>\n<p>Durante o curso, o estudante financiado deve pagar mensalmente, o valor da coparticipa\u00e7\u00e3o, que corresponde a parcela dos encargos educacionais n\u00e3o financiada, diretamente ao agente financeiro.<\/p>\n<p>Ap\u00f3s a conclus\u00e3o do curso, o estudante realizar\u00e1 a amortiza\u00e7\u00e3o do saldo devedor do financiamento de acordo com a sua realidade financeira, ou seja, a parcela da amortiza\u00e7\u00e3o ser\u00e1 vari\u00e1vel de acordo com a renda e nos casos de o estudante n\u00e3o ter renda, ser\u00e1 devido apenas o pagamento m\u00ednimo.<\/p>\n<h4>Quais s\u00e3o os crit\u00e9rios adotados pela Secretaria de Educa\u00e7\u00e3o Superior (SESu) para sele\u00e7\u00e3o das vagas ofertadas no processo seletivo do Fies e do P-Fies referente ao primeiro semestre de 2020?<\/h4>\n<p>As vagas ofertadas no processo seletivo do Fies referente ao primeiro semestre de 2020 foram selecionadas de acordo com crit\u00e9rios t\u00e9cnicos, objetivos e impessoais, observando o disposto no art. 13 e anexo II da\u00a0<a href=\"http:\/\/fies.mec.gov.br\/arquivos\/portaria_2016_21112019.pdf\" target=\"_blank\" rel=\"noopener noreferrer\">Portaria n\u00ba 2.016, de 21 de novembro de 2019.<\/a><\/p>\n<h4>Quem pode se inscrever no Fies e no P-Fies?<\/h4>\n<p>Poder\u00e1 se inscrever no processo seletivo o candidato que participou do ENEM, a partir da edi\u00e7\u00e3o de 2010 e tenha obtido m\u00e9dia aritm\u00e9tica das notas nas provas igual ou superior a 450 (quatrocentos e cinquenta) pontos e nota superior a 0 (zero) na reda\u00e7\u00e3o.<\/p>\n<p>Para se inscrever para as modalidades Fies e P-Fies, \u00e9 necess\u00e1rio que o candidato possua renda familiar mensal bruta, por pessoa, at\u00e9 3 (tr\u00eas) sal\u00e1rios m\u00ednimos.<\/p>\n<p>J\u00e1 para concorrer, exclusivamente, para a modalidade P-Fies, o candidato deve comprovar renda familiar mensal bruta familiar, por pessoa, de 3 (tr\u00eas) sal\u00e1rios m\u00ednimos at\u00e9 cinco (5) sal\u00e1rios m\u00ednimos.<\/p>\n<p>Lembramos que compete, exclusivamente, ao candidato certificar\u2013se de que cumpre os requisitos estabelecidos para concorrer ao referido processo seletivo, observadas as veda\u00e7\u00f5es previstas no\u00a0Edital do processo seletivo vigente.<\/p>\n<h4>H\u00e1 alguma restri\u00e7\u00e3o para inscri\u00e7\u00e3o no processo seletivo do Fies e P-Fies referente ao primeiro semestre de 2020?<\/h4>\n<p>N\u00e3o poder\u00e3o se inscrever no processo seletivo:<br \/>\n<strong>I \u2013 <\/strong>candidato pr\u00e9-selecionado em processo seletivo anterior, enquanto perdurar situa\u00e7\u00e3o de pend\u00eancia nas fases de complementa\u00e7\u00e3o no FiesSele\u00e7\u00e3o, de valida\u00e7\u00e3o de suas informa\u00e7\u00f5es pela Comiss\u00e3o Permanente de Supervis\u00e3o e Acompanhamento &#8211; CPSA ou de valida\u00e7\u00e3o de suas informa\u00e7\u00f5es pelo agente financeiro;<br \/>\n<strong>II \u2013 <\/strong>candidato que n\u00e3o tenha quitado financiamento anterior pelo Fies ou pelo Programa de Cr\u00e9dito Educativo &#8211; CREDUC, de que trata a Lei n\u00ba 8.436, de 25 de junho de 1992;<br \/>\n<strong>III \u2013 <\/strong>candidato que se encontre em per\u00edodo de utiliza\u00e7\u00e3o do financiamento do Fies;<br \/>\n<strong>IV \u2013 <\/strong>fiador de contrato de financiamento estudantil; e<br \/>\n<strong>V \u2013 <\/strong>candidatos que submeteram ao ENEM com o \u00fanico objetivo de autoavalia\u00e7\u00e3o, na condi\u00e7\u00e3o de treineiro;<\/p>\n<h4>Como s\u00e3o classificados os candidatos inscritos no processo seletivo para a modalidade do Fies?<\/h4>\n<p>Os candidatos ser\u00e3o classificados no grupo de prefer\u00eancia para o qual se inscreveram, atendida a prioridade indicada dentre as 3 (tr\u00eas) op\u00e7\u00f5es de curso\/turno\/local de oferta escolhidas, em ordem decrescente e de acordo com as notas obtidas no Enem, observada a seguinte sequ\u00eancia:<\/p>\n<p><strong>I \u2013\u00a0<\/strong>Candidatos que n\u00e3o tenham conclu\u00eddo o ensino superior e n\u00e3o tenham sido beneficiados pelo financiamento estudantil;<br \/>\n<strong>II \u2013\u00a0<\/strong>Candidatos que n\u00e3o tenham conclu\u00eddo o ensino superior, mas j\u00e1 tenham sido beneficiados pelo financiamento estudantil e o tenham quitado;<br \/>\n<strong>III \u2013\u00a0<\/strong>Candidatos que j\u00e1 tenham conclu\u00eddo o ensino superior e n\u00e3o tenham sido beneficiados pelo financiamento estudantil; e<br \/>\n<strong>IV \u2013\u00a0<\/strong>Candidatos que j\u00e1 tenham conclu\u00eddo o ensino superior e tenham sido beneficiados pelo financiamento estudantil e o tenham quitado.<\/p>\n<p>Ser\u00e3o pr\u00e9\u2013selecionados na chamada \u00fanica, os candidatos classificados com base no n\u00famero de vagas dispon\u00edveis no grupo de prefer\u00eancia.<\/p>\n<h4>Como s\u00e3o classificados os candidatos inscritos no processo seletivo para a modalidade do P-Fies?<\/h4>\n<p>No caso da modalidade do P-Fies, a classifica\u00e7\u00e3o e pr\u00e9-sele\u00e7\u00e3o dos candidatos observar\u00e3o o seguinte:<\/p>\n<p><strong>I \u2013\u00a0<\/strong>A classifica\u00e7\u00e3o ser\u00e1 de acordo com a nota no Enem no grupo de interesse escolhido, dentre as op\u00e7\u00f5es de curso\/turno\/local de oferta indicados pelo candidato e somente se concretizar\u00e1 em classifica\u00e7\u00e3o e pr\u00e9\u2013sele\u00e7\u00e3o caso haja pr\u00e9\u2013aprova\u00e7\u00e3o do financiamento por pelo menos um agente financeiro operador de cr\u00e9dito; e<br \/>\n<strong>II \u2013\u00a0<\/strong>A inexist\u00eancia de pr\u00e9-aprova\u00e7\u00e3o do financiamento por pelo menos um agente financeiro, significar\u00e1 o cancelamento autom\u00e1tico da inscri\u00e7\u00e3o do candidato e a considera\u00e7\u00e3o dos pr\u00f3ximos classificados no grupo de interesse escolhido.<\/p>\n<p>A pr\u00e9-aprova\u00e7\u00e3o do financiamento na modalidade do P-Fies \u00e9 de responsabilidade exclusiva dos agentes financeiros operadores de cr\u00e9dito que tenham rela\u00e7\u00e3o jur\u00eddica estabelecida com as mantenedoras de IES participantes, n\u00e3o existindo compet\u00eancia e atua\u00e7\u00e3o do MEC nesse procedimento.<\/p>\n<h4>Existe um percentual m\u00ednimo de financiamento na modalidade Fies?<\/h4>\n<p><strong>Sim.<\/strong>\u00a0Para os contratos firmados a partir do 2\u00ba semestre de 2018, o percentual m\u00ednimo de financiamento \u00e9 50%(cinquenta por cento) do encargo educacional, conforme previsto na Resolu\u00e7\u00e3o n\u00ba 23, de 5 de junho de 2018, que alterou a Resolu\u00e7\u00e3o n\u00ba 18, de 30 de janeiro de 2018.<\/p>\n<h4>Como saber os resultados do processo seletivo do Fies e do P-Fies, referente ao segundo semestre de 2022?<\/h4>\n<p>O candidato pode consultar o resultado das modalidades Fies e do P-Fies no endere\u00e7o eletr\u00f4nico\u00a0<a href=\"http:\/\/fiesselecaoaluno.mec.gov.br\/\" target=\"_blank\" rel=\"noopener noreferrer\">http:\/\/fiesselecaoaluno.mec.gov.br<\/a>, e junto \u00e0(s) institui\u00e7\u00e3o(\u00f5es) para a(s) qual(ais) tenha se inscrito.<\/p>\n<p>\u00c9 de inteira responsabilidade dos candidatos a consulta aos resultados e o cumprimento dos prazos estabelecidos, bem como o acompanhamento de eventuais altera\u00e7\u00f5es.<\/p>\n<h4>Como proceder ap\u00f3s ser pr\u00e9-selecionado na chamada \u00fanica para a modalidade do Fies?<\/h4>\n<p>Os candidatos pr\u00e9-selecionados na chamada \u00fanica para a modalidade Fies devem complementar as informa\u00e7\u00f5es da inscri\u00e7\u00e3o no sistema, no endere\u00e7o eletr\u00f4nico\u00a0<a href=\"http:\/\/fies.mec.gov.br\/\" target=\"_blank\" rel=\"noopener noreferrer\">http:\/\/fies.mec.gov.br<\/a>,\u00a0<a href=\"http:\/\/fies.mec.gov.br\/#cronograma\" target=\"_blank\" rel=\"noopener noreferrer\">conforme prazo determinado em edital<\/a>, para contrata\u00e7\u00e3o do financiamento.<\/p>\n<h4>Como deve proceder o candidato pr\u00e9-selecionado para a modalidade Fies ap\u00f3s complementar suas informa\u00e7\u00f5es no FiesSele\u00e7\u00e3o?<\/h4>\n<p>Ap\u00f3s a complementa\u00e7\u00e3o da inscri\u00e7\u00e3o no FiesSele\u00e7\u00e3o, o candidato deve:<\/p>\n<p>&#8211; Comparecer \u00e0 CPSA para validar suas informa\u00e7\u00f5es em at\u00e9 5 (cinco) dias, contados a partir do dia imediatamente subsequente ao da complementa\u00e7\u00e3o da sua inscri\u00e7\u00e3o na modalidade do Fies; e<br \/>\n&#8211; Comparecer a um agente financeiro em at\u00e9 10 (dez) dias, contados a partir do terceiro dia \u00fatil imediatamente subsequente \u00e0 data da valida\u00e7\u00e3o da inscri\u00e7\u00e3o pela CPSA, com a documenta\u00e7\u00e3o exigida e especificada nos normativos vigentes para fins de contrata\u00e7\u00e3o e, uma vez aprovada pelo agente financeiro, formalizar a contrata\u00e7\u00e3o do financiamento.<\/p>\n<h4>Como deve proceder o candidato pr\u00e9-selecionado para a modalidade do P-Fies?<\/h4>\n<p>Ap\u00f3s ser pr\u00e9-selecionado na modalidade P-Fies, o candidato deve:<\/p>\n<p>&#8211; Comparecer \u00e0 CPSA para validar suas informa\u00e7\u00f5es em at\u00e9 5 (cinco) dias, contados a partir do dia imediatamente subsequente ao da sua pr\u00e9-sele\u00e7\u00e3o na modalidade do P-Fies; e<br \/>\n&#8211; Comparecer a um agente financeiro em at\u00e9 10 (dez) dias, contados a partir do terceiro dia \u00fatil imediatamente subsequente \u00e0 data da valida\u00e7\u00e3o da inscri\u00e7\u00e3o pela CPSA, com a documenta\u00e7\u00e3o exigida e especificada nos normativos vigentes para fins de contrata\u00e7\u00e3o e, uma vez aprovada pelo agente financeiro, formalizar a contrata\u00e7\u00e3o do financiamento.<\/p>\n<h4>Quais as implica\u00e7\u00f5es para o candidato que apresentar informa\u00e7\u00f5es ou documentos falsos em alguma das fases do processo seletivo do Fies, referente ao primeiro semestre de 2020?<\/h4>\n<p>A apresenta\u00e7\u00e3o de informa\u00e7\u00f5es ou documentos falsos implicar\u00e1 a reprova\u00e7\u00e3o do candidato no processo seletivo do Fies e, se apurada posteriormente \u00e0 formaliza\u00e7\u00e3o do contrato de financiamento, ensejar\u00e1 seu encerramento, sem preju\u00edzo das san\u00e7\u00f5es penais eventualmente cab\u00edveis.<\/p>\n<h4>Qual \u00e9 a taxa de juros do Novo FIES?<\/h4>\n<p>A taxa efetiva de juros do Fies para estudantes que se enquadrem na modalidade Fies ser\u00e1 de juros zero; e, para estudantes que se enquadrem na modalidade P-Fies, variar\u00e1 de acordo com o banco.<\/p>\n<h4>O estudante dever\u00e1 efetuar algum pagamento durante a realiza\u00e7\u00e3o do curso?<\/h4>\n<p>Sim. O estudante dever\u00e1 pagar mensalmente o valor referente ao encargo operacional fixado em contrato, de acordo com a Lei 10.260\/01, diretamente \u00e0 Institui\u00e7\u00e3o Financeira que ficar com a atribui\u00e7\u00e3o de Agente Operador. Al\u00e9m disso, o seguro de vida tamb\u00e9m dever\u00e1 ser pago durante todo o financiamento ou a realiza\u00e7\u00e3o do curso diretamente \u00e0 Institui\u00e7\u00e3o Financeira com a qual o estudante contratou o seguro.<\/p>\n<h4>Como o estudante deve proceder com o aditamento de renova\u00e7\u00e3o semestral?<\/h4>\n<p>Os aditamentos de renova\u00e7\u00e3o s\u00e3o feitos exclusivamente pelo Sistema Informatizado da Caixa <a href=\"https:\/\/www.caixa.gov.br\/Downloads\/credito-fies\/Cartilha_Estudante_FIES.pdf\" target=\"_blank\" rel=\"noopener noreferrer\">Cartilha Estudante<\/a>, dispon\u00edvel para acesso no site <a href=\"http:\/\/sifesweb.caixa.gov.br\">http:\/\/sifesweb.caixa.gov.br<\/a>\u00a0, mediante solicita\u00e7\u00e3o da Comiss\u00e3o Permanente de Supervis\u00e3o e Acompanhamento (CPSA) e confirma\u00e7\u00e3o eletr\u00f4nica pelo estudante financiado.<br \/>\nAp\u00f3s a solicita\u00e7\u00e3o do aditamento pela CPSA, o estudante dever\u00e1 verificar se as informa\u00e7\u00f5es inseridas no SifesWeb est\u00e3o corretas e:<br \/>\n<strong>I \u2014 <\/strong>em caso positivo, confirmar a solicita\u00e7\u00e3o de aditamento em at\u00e9 20 (vinte) dias contados a partir da data da conclus\u00e3o da solicita\u00e7\u00e3o e, em seguida, comparecer \u00e0 CPSA para retirar uma via do Documento de Regularidade de Matr\u00edcula (DRM), devidamente assinada pelo presidente ou vice\u2014presidente da Comiss\u00e3o;<br \/>\n<strong>II \u2014 <\/strong>em caso negativo, rejeitar a solicita\u00e7\u00e3o de aditamento e entrar em contato com CPSA para sanar as incorre\u00e7\u00f5es e solicitar o rein\u00edcio do processo de aditamento.<br \/>\nEm se tratando a solicita\u00e7\u00e3o de aditamento n\u00e3o simplificado, o estudante, ap\u00f3s assinar o DRM, dever\u00e1 dirigir-se ao Agente Financeiro, acompanhado do seu representante legal e dos fiadores, quando for o caso, para formalizar o aditamento ao contrato de financiamento em at\u00e9 10 (dez) dias contados a partir do terceiro dia \u00fatil imediatamente subsequente \u00e0 data da confirma\u00e7\u00e3o da solicita\u00e7\u00e3o de aditamento.<\/p>\n<p>Confira abaixo o passo a passo para realizar o aditamento!<\/p>\n<p><a href=\"https:\/\/www.caixa.gov.br\/Downloads\/credito-fies\/Cartilha_Estudante_FIES.pdf\" target=\"_blank\" rel=\"noopener noreferrer\">Cartilha Estudante<\/a><\/p>\n<h4>O que \u00e9 aditamento simplificado e aditamento n\u00e3o simplificado?<\/h4>\n<p>Aditamento simplificado ocorre quando n\u00e3o h\u00e1 altera\u00e7\u00e3o de clausulas contratuais do financiamento do estudante. J\u00e1 o aditamento n\u00e3o simplificado ocorre quando h\u00e1 alguma altera\u00e7\u00e3o das clausulas contratuais do financiamento do estudante.<br \/>\nLembrando que o Agente Operador do FIES poder\u00e1 incluir e\/ou alterar as hip\u00f3tese de aditamentos simplificados e n\u00e3o simplificados.<\/p>\n<h4>O que \u00e9 a dilata\u00e7\u00e3o de prazo de utiliza\u00e7\u00e3o do financiamento?<\/h4>\n<p>A dilata\u00e7\u00e3o \u00e9 o aumento do prazo de utiliza\u00e7\u00e3o do financiamento por at\u00e9 2 (dois) semestres consecutivos, caso o estudante n\u00e3o tenha conclu\u00eddo o curso at\u00e9 o \u00faltimo semestre do financiamento.<\/p>\n<h4>Como e quando solicitar a dilata\u00e7\u00e3o de prazo de utiliza\u00e7\u00e3o do financiamento?<\/h4>\n<p>A solicita\u00e7\u00e3o de dilata\u00e7\u00e3o do prazo de utiliza\u00e7\u00e3o do financiamento ser\u00e1 realizada pelo estudante, por meio do Sistema Informatizado do SifesWeb Caixa. Fique atento aos prazos para solcitar.<\/p>\n<p>Ap\u00f3s a solicita\u00e7\u00e3o no sistema, o pedido precisa ser validado pela Comiss\u00e3o Permanente de Supervis\u00e3o e Avalia\u00e7\u00e3o (CPSA) da institui\u00e7\u00e3o de ensino superior, o estudante deve acompanhar o prazo e comparecer a sua IES para pegar o Documento de Regularidade de Dilata\u00e7\u00e3o- DRD e, em seguida, o estudante dever\u00e1 efetuar o aditamento de renova\u00e7\u00e3o do financiamento para o semestre dilatado.<\/p>\n<h4>Por quanto tempo o estudante poder\u00e1 solicitar a suspens\u00e3o tempor\u00e1ria da utiliza\u00e7\u00e3o do financiamento?<\/h4>\n<p>A utiliza\u00e7\u00e3o do financiamento poder\u00e1 ser suspensa temporariamente por at\u00e9 quatro semestres consecutivos, por interm\u00e9dio de solicita\u00e7\u00e3o do estudante e, a seguir, valida\u00e7\u00e3o da Comiss\u00e3o Permanente de Supervis\u00e3o e Acompanhamento (CPSA) do local de oferta de curso.<\/p>\n<h4>Como se dar\u00e1 a contagem da suspens\u00e3o tempor\u00e1ria do financiamento?<\/h4>\n<p>Independentemente do m\u00eas do semestre em que for solicitada a suspens\u00e3o tempor\u00e1ria, considerar-se-\u00e1 a quantidade de meses suspendidos, de modo que compor\u00e1 a d\u00edvida somente os meses cursados.<\/p>\n<h4>Quando ocorrer\u00e1 a suspens\u00e3o tempor\u00e1ria por iniciativa do Agente Operador?<\/h4>\n<p>A suspens\u00e3o tempor\u00e1ria por iniciativa do agente operador ocorrer\u00e1 quando o estudante n\u00e3o efetuar a renova\u00e7\u00e3o semestral do financiamento durante o prazo regulamentar.<\/p>\n<h4>Encerramento do financiamento<\/h4>\n<p>O encerramento do financiamento \u00e9 poss\u00edvel ao estudante que esteja adimplente com as parcelas de coparticipa\u00e7\u00e3o, e que tenham todos os semestres anteriores devidamente aditados ou suspensos. A solicita\u00e7\u00e3o de encerramento pode ser realizada at\u00e9 o dia 15 de cada m\u00eas, tendo validade a partir do primeiro dia do m\u00eas seguinte ao do pedido. Uma vez realizada, n\u00e3o h\u00e1 como o estudante cancelar a solicita\u00e7\u00e3o. O estudante que tenha realizado aditamento no semestre vigente poder\u00e1 demandar o encerramento nos meses de janeiro a maio e de julho a novembro. O encerramento pode ser Integral ou Parcial.<\/p>\n<p>Integral: quando o estudante n\u00e3o realizou o aditamento de renova\u00e7\u00e3o do semestre vigente, o encerramento \u00e9 integral. N\u00e3o haver\u00e1 repasse de parte financiada de nenhum m\u00eas do referido semestre, por\u00e9m a coparticipa\u00e7\u00e3o \u00e9 devida at\u00e9 o m\u00eas da efetiva\u00e7\u00e3o do Encerramento.<\/p>\n<p>Parcial: quando o estudante realizou o aditamento de renova\u00e7\u00e3o do semestre vigente, o encerramento \u00e9 parcial. Haver\u00e1 repasse da parte financiada at\u00e9 o m\u00eas da efetiva\u00e7\u00e3o do encerramento, bem como a coparticipa\u00e7\u00e3o \u00e9 devida at\u00e9 a data em quest\u00e3o.<\/p>\n<p>Tipos de Encerramento Liquida\u00e7\u00e3o \u2013 o estudante escolhe liquidar todo o saldo devedor no ato da efetiva\u00e7\u00e3o do encerramento da ag\u00eancia Caixa; Manter utiliza\u00e7\u00e3o \u2013 o estudante escolhe manter o per\u00edodo de utiliza\u00e7\u00e3o restante do contrato e come\u00e7ar a amortizar somente ap\u00f3s a finaliza\u00e7\u00e3o desse per\u00edodo. Neste caso a coparticipa\u00e7\u00e3o ser\u00e1 devida at\u00e9 o m\u00eas da efetiva\u00e7\u00e3o do encerramento e a partir do m\u00eas seguinte ser\u00e1 gerado extrato com seguro e tarifas at\u00e9 o fim do per\u00edodo de utiliza\u00e7\u00e3o. Ap\u00f3s o fim do per\u00edodo de utiliza\u00e7\u00e3o o estudante come\u00e7ar\u00e1 a amortizar o saldo devedor com valores conforme legisla\u00e7\u00e3o vigente. Ao estudante \u00e9 permitido realizar amortiza\u00e7\u00f5es ou liquidar o contrato a qualquer tempo, por\u00e9m n\u00e3o \u00e9 poss\u00edvel alterar o tipo de encerramento escolhido. Antecipar amortiza\u00e7\u00e3o \u2013 o estudante escolhe come\u00e7ar a amortiza\u00e7\u00e3o do saldo devedor do contrato. Neste caso a coparticipa\u00e7\u00e3o ser\u00e1 devida at\u00e9 o m\u00eas da efetiva\u00e7\u00e3o do encerramento e a partir do m\u00eas seguinte ser\u00e1 gerado extrato com amortiza\u00e7\u00e3o, seguro e tarifas. O valor de amortiza\u00e7\u00e3o e o per\u00edodo ser\u00e3o calculados conforme legisla\u00e7\u00e3o vigente e s\u00e3o de responsabilidade do Agente Financeiro. Ao estudante \u00e9 permitido realizar amortiza\u00e7\u00f5es ou liquidar o contrato a qualquer tempo, por\u00e9m n\u00e3o \u00e9 poss\u00edvel alterar o tipo de encerramento escolhido.<\/p>\n<p>Solicitar Encerramento Os estudantes que desejam realizar o encerramento devem fazer logon no SIFES e escolher no menu principal a op\u00e7\u00e3o Contrato FIES &gt; Manuten\u00e7\u00e3o &gt; Solicitar Encerramento.<\/p>\n<p><strong>Editais:<\/strong><\/p>\n<ul>\n<li><a href=\"https:\/\/portal.unisepe.com.br\/univr\/wp-content\/uploads\/sites\/10004\/2022\/09\/EDITAL-N\u00ba-79-18-DE-JULHO-DE-2022.pdf\" target=\"_blank\" rel=\"noopener noreferrer\">EDITAL N\u00ba 79, 18 DE JULHO DE 2022<\/a><\/li>\n<li><a href=\"https:\/\/portal.unisepe.com.br\/univr\/wp-content\/uploads\/sites\/10004\/2022\/09\/EDITAL-N\u00ba-56-DE-31-DE-MAIO-DE-2022.pdf\" target=\"_blank\" rel=\"noopener noreferrer\">EDITAL N\u00ba 56, DE 31 DE MAIO DE 2022<\/a><\/li>\n<\/ul>\n<p><strong>Rela\u00e7\u00e3o de documentos:<\/strong><\/p>\n<ul>\n<li><a href=\"\/wp-content\/uploads\/sites\/10004\/2020\/05\/Rela\u00e7\u00e3o.pdf\" target=\"_blank\" rel=\"noopener noreferrer\">Rela\u00e7\u00e3o<\/a><\/li>\n<\/ul>\n<p><strong>Cartilha do estudante<\/strong><\/p>\n<ul>\n<li><a href=\"https:\/\/www.caixa.gov.br\/Downloads\/credito-fies\/Cartilha_Estudante_FIES.pdf\" target=\"_blank\" rel=\"noopener noreferrer\">Cartilha do estudante<\/a><\/li>\n<li><a href=\"https:\/\/portal.unisepe.com.br\/univr\/wp-content\/uploads\/sites\/10004\/2022\/09\/Comunicado-NOVO-FIES-CALEND\u00c1RIO-DE-ADITAMENTOS-EXTEMPOR\u00c2NEOS-NO-2_2022.pdf\"><\/a><a href=\"https:\/\/portal.unisepe.com.br\/univr\/wp-content\/uploads\/sites\/10004\/2022\/09\/Calend\u00e1rio-de-Aditamento.pdf\" target=\"_blank\" rel=\"noopener noreferrer\">Calend\u00e1rio de Aditamento<\/a><a href=\"https:\/\/portal.unisepe.com.br\/univr\/wp-content\/uploads\/sites\/10004\/2022\/09\/Comunicado-NOVO-FIES-CALEND\u00c1RIO-DE-ADITAMENTOS-EXTEMPOR\u00c2NEOS-NO-2_2022.pdf\"><\/a><\/li>\n<\/ul>\n<p><strong>Tutorial de inscri\u00e7\u00e3o:<\/strong><\/p>\n<ul>\n<li><a href=\"https:\/\/acessounico.mec.gov.br\/fies\/duvidas#sobre-o-fies\">https:\/\/acessounico.mec.gov.br\/fies\/duvidas#sobre-o-fies<\/a><\/li>\n<\/ul>\n","protected":false},"excerpt":{"rendered":"<p>Conhe\u00e7a o Novo FIES O Fundo de Financiamento Estudantil (FIES) \u00e9 um programa do Minist\u00e9rio da Educa\u00e7\u00e3o (MEC), institu\u00eddo pela Lei n\u00ba 10.260, de 12 de julho de 2001, que tem como objetivo conceder financiamento a estudantes em cursos superiores n\u00e3o gratuitos, com avalia\u00e7\u00e3o positiva nos processos conduzidos pelo MEC<\/p>\n","protected":false},"author":1,"featured_media":0,"parent":647,"menu_order":0,"comment_status":"closed","ping_status":"closed","template":"templates\/template-pagina_menu_vertical.php","meta":{"footnotes":""},"categories":[],"tags":[],"class_list":["post-664","page","type-page","status-publish","hentry"],"_links":{"self":[{"href":"https:\/\/portal.unisepe.com.br\/univr\/wp-json\/wp\/v2\/pages\/664","targetHints":{"allow":["GET"]}}],"collection":[{"href":"https:\/\/portal.unisepe.com.br\/univr\/wp-json\/wp\/v2\/pages"}],"about":[{"href":"https:\/\/portal.unisepe.com.br\/univr\/wp-json\/wp\/v2\/types\/page"}],"author":[{"embeddable":true,"href":"https:\/\/portal.unisepe.com.br\/univr\/wp-json\/wp\/v2\/users\/1"}],"replies":[{"embeddable":true,"href":"https:\/\/portal.unisepe.com.br\/univr\/wp-json\/wp\/v2\/comments?post=664"}],"version-history":[{"count":16,"href":"https:\/\/portal.unisepe.com.br\/univr\/wp-json\/wp\/v2\/pages\/664\/revisions"}],"predecessor-version":[{"id":5621,"href":"https:\/\/portal.unisepe.com.br\/univr\/wp-json\/wp\/v2\/pages\/664\/revisions\/5621"}],"up":[{"embeddable":true,"href":"https:\/\/portal.unisepe.com.br\/univr\/wp-json\/wp\/v2\/pages\/647"}],"wp:attachment":[{"href":"https:\/\/portal.unisepe.com.br\/univr\/wp-json\/wp\/v2\/media?parent=664"}],"wp:term":[{"taxonomy":"category","embeddable":true,"href":"https:\/\/portal.unisepe.com.br\/univr\/wp-json\/wp\/v2\/categories?post=664"},{"taxonomy":"post_tag","embeddable":true,"href":"https:\/\/portal.unisepe.com.br\/univr\/wp-json\/wp\/v2\/tags?post=664"}],"curies":[{"name":"wp","href":"https:\/\/api.w.org\/{rel}","templated":true}]}}