{"id":668,"date":"2016-07-14T00:57:05","date_gmt":"2016-07-14T00:57:05","guid":{"rendered":"http:\/\/portal.unisepe.com.br\/univr\/?page_id=668"},"modified":"2022-09-09T15:22:22","modified_gmt":"2022-09-09T18:22:22","slug":"prouni","status":"publish","type":"page","link":"https:\/\/portal.unisepe.com.br\/univr\/bolsas-e-financiamento\/prouni\/","title":{"rendered":"Prouni"},"content":{"rendered":"<p><strong>Hist\u00f3rico:<\/strong><\/p>\n<p>O Programa Universidade para Todos (Prouni) \u00e9 um programa do Minist\u00e9rio da Educa\u00e7\u00e3o, criado pelo Governo Federal em 2004, que concede bolsas de estudo integrais (100%) e parciais (50%) em institui\u00e7\u00f5es privadas de ensino superior, em cursos de gradua\u00e7\u00e3o e sequenciais de forma\u00e7\u00e3o espec\u00edfica, a estudantes brasileiros, sem diploma de n\u00edvel superior.<\/p>\n<p><strong>Quem pode solicitar o PROUNI?<\/strong><br \/>\nPodem se inscrever no Prouni 2\u00ba\/2022, os candidatos que n\u00e3o possuam diploma de curso superior que tenham participado do Exame Nacional do Ensino M\u00e9dio (Enem) de 2021 e tenham obtido no m\u00ednimo 450 pontos na m\u00e9dia das notas do Exame. \u00c9 preciso, ainda, que tenham obtido nota acima de zero na reda\u00e7\u00e3o.<br \/>\nPara concorrer \u00e0s bolsas integrais o candidato deve ter renda bruta familiar de at\u00e9 um sal\u00e1rio m\u00ednimo e meio por pessoa. Para as bolsas parciais (50%), a renda familiar bruta mensal deve ser de at\u00e9 tr\u00eas sal\u00e1rios m\u00ednimos por pessoa. Al\u00e9m disso, o candidato deve satisfazer a pelo menos uma das condi\u00e7\u00f5es abaixo:<\/p>\n<ul>\n<li>Ter cursado o ensino m\u00e9dio completo em escola da rede p\u00fablica;<\/li>\n<li>Ter cursado o ensino m\u00e9dio completo em escola da rede privada, na condi\u00e7\u00e3o de bolsista integral da pr\u00f3pria escola;<\/li>\n<li>Ter cursado o ensino m\u00e9dio parcialmente em escola da rede p\u00fablica e parcialmente em escola da rede privada, na condi\u00e7\u00e3o de bolsista integral da pr\u00f3pria escola privada;<\/li>\n<li>Ser pessoa com defici\u00eancia;<\/li>\n<li>Ser professor da rede p\u00fablica de ensino, no efetivo exerc\u00edcio do magist\u00e9rio da educa\u00e7\u00e3o b\u00e1sica e integrando o quadro de pessoal permanente da institui\u00e7\u00e3o p\u00fablica e concorrer a bolsas exclusivamente nos cursos de licenciatura. Nesses casos n\u00e3o h\u00e1 requisitos de renda.<\/li>\n<\/ul>\n<p><strong>O que \u00e9 exigido para se inscrever no ProUni?<\/strong><br \/>\nPara efetuar a inscri\u00e7\u00e3o no Prouni 2\u00ba\/2022, o candidato dever\u00e1 informar seu n\u00famero de inscri\u00e7\u00e3o e sua senha no Enem de 2021.<br \/>\nN\u00e3o \u00e9 poss\u00edvel participar utilizando n\u00famero de inscri\u00e7\u00e3o e senha de outras edi\u00e7\u00f5es do Enem.<\/p>\n<p><strong>Como fazer a sua inscri\u00e7\u00e3o?<\/strong><br \/>\nA inscri\u00e7\u00e3o \u00e9 gratuita e efetuada exclusivamente pela internet, por meio da p\u00e1gina do Prouni <a href=\"http:\/\/siteprouni.mec.gov.br\/\" target=\"_blank\" rel=\"noopener noreferrer\">http:\/\/siteprouni.mec.gov.br<\/a> .<\/p>\n<p>Para efetuar a inscri\u00e7\u00e3o, o candidato dever\u00e1 informar seu n\u00famero de inscri\u00e7\u00e3o e sua senha no Enem de 2021.<br \/>\nCaso o candidato n\u00e3o se recorde de seu n\u00famero de inscri\u00e7\u00e3o ou de sua senha no Enem de 2021, poder\u00e1 recuper\u00e1-los na p\u00e1gina do Enem\u00a0<a href=\"http:\/\/sistemasespeciais.inep.gov.br\/resultadosenem\" target=\"_blank\" rel=\"noopener noreferrer\"> http:\/\/sistemasespeciais.inep.gov.br\/resultadosenem.<\/a><\/p>\n<p>Ao efetuar a inscri\u00e7\u00e3o, o candidato escolhe, em ordem de prefer\u00eancia, at\u00e9 duas op\u00e7\u00f5es de institui\u00e7\u00e3o, curso e turno dentre as bolsas dispon\u00edveis de acordo com seu perfil.<br \/>\nO candidato com defici\u00eancia ou que se autodeclarar ind\u00edgena, preto ou pardo poder\u00e1 optar por concorrer \u00e0s bolsas destinadas \u00e0s pol\u00edticas de a\u00e7\u00f5es afirmativas.<br \/>\n<strong>Consulte abaixo o passo a passo para realizar sua inscri\u00e7\u00e3o.<\/strong><\/p>\n<p><strong>Chamadas, pr\u00e9-sele\u00e7\u00e3o e aprova\u00e7\u00e3o:<\/strong><br \/>\nEncerrado o prazo de inscri\u00e7\u00e3o, o sistema do Prouni classifica os estudantes de acordo com as suas op\u00e7\u00f5es e as notas obtidas no Enem de 2021.<br \/>\nOs estudantes s\u00e3o pr\u00e9-selecionados em apenas uma das op\u00e7\u00f5es de curso, observando a ordem escolhida por ocasi\u00e3o da inscri\u00e7\u00e3o e o limite de bolsas dispon\u00edveis.<br \/>\nSer\u00e3o realizadas duas chamadas.<br \/>\nO resultado da primeira chamada ser\u00e1 divulgado pelo MEC. Os estudantes pr\u00e9-selecionados devem comparecer \u00e0s institui\u00e7\u00f5es de ensino de posse dos documentos que comprovem as informa\u00e7\u00f5es prestadas em sua ficha de inscri\u00e7\u00e3o.<br \/>\n<strong>Consulte abaixo a lista de documentos.<\/strong><\/p>\n<p>Para certificar-se da veracidade das informa\u00e7\u00f5es prestadas, a institui\u00e7\u00e3o pode solicitar ao estudante outros documentos que julgar necess\u00e1rios.<br \/>\nO prazo para comprova\u00e7\u00e3o das informa\u00e7\u00f5es dos candidatos pr\u00e9-selecionados na primeira chamada ser\u00e1 ser\u00e1 divulgado pelo MEC.<\/p>\n<p>\u00c9 permitida \u00e0s institui\u00e7\u00f5es a realiza\u00e7\u00e3o de processo seletivo pr\u00f3prio para os candidatos pr\u00e9-selecionados pelo Prouni. Esta informa\u00e7\u00e3o \u00e9 disponibilizada ao candidato no momento da inscri\u00e7\u00e3o.<\/p>\n<p><strong>Notas de Corte:<\/strong><br \/>\nAs notas de corte de cada curso s\u00e3o informadas diariamente pelo sistema do Prouni, a partir do segundo dia de inscri\u00e7\u00e3o, em car\u00e1ter exclusivamente informativo. O candidato pode acompanhar as notas de corte e alterar suas op\u00e7\u00f5es at\u00e9 o encerramento do per\u00edodo de inscri\u00e7\u00e3o. A inscri\u00e7\u00e3o v\u00e1lida \u00e9 sempre a \u00faltima confirmada pelo candidato.<\/p>\n<p><strong>Portarias:<\/strong><\/p>\n<ul>\n<li><a href=\"https:\/\/portal.unisepe.com.br\/univr\/wp-content\/uploads\/sites\/10004\/2022\/09\/EDITAL-MEC-SESU-N\u00ba-93-DE-30-DE-AGOSTO-DE-2022-PROUNI-Segundo-Semestre-2022_.pdf\">Edital MEC-SESU N\u00ba 93, de 30 de Agosto de 2022 &#8211; PROUNI &#8211; Segundo Semestre 2022<\/a><\/li>\n<li><a href=\"\/wp-content\/uploads\/sites\/10004\/2020\/05\/EDITAL-N\u00ba-71-DE-13-DE-DEZEMBRO-DE-2019.pdf\" target=\"_blank\" rel=\"noopener noreferrer\">Edital n\u00ba 71 Processo Seletivo 20192<\/a><\/li>\n<li><a href=\"\/wp-content\/uploads\/sites\/10003\/2016\/12\/prouni\/portarias_pdf\/Edital_n\u00ba61_Processo_Seletivo_20162.pdf\" target=\"_blank\" rel=\"noopener noreferrer\">Edital n\u00ba 61 Processo Seletivo 20162<\/a><\/li>\n<li><a href=\"\/wp-content\/uploads\/sites\/10003\/2016\/12\/prouni\/portarias_pdf\/Edital_n\u00ba1_Processo_Seletivo_20161.pdf\" target=\"_blank\" rel=\"noopener noreferrer\">Edital n\u00ba1 Processo Seletivo 20161<\/a><\/li>\n<li><a href=\"\/wp-content\/uploads\/sites\/10003\/2016\/12\/prouni\/portarias_pdf\/Portaria_Normativa_Processo_Seletivo_20152.pdf\" target=\"_blank\" rel=\"noopener noreferrer\">Portaria Normativa n\u00ba 01 de 02\/01\/2015<\/a><\/li>\n<li><a href=\"\/wp-content\/uploads\/sites\/10003\/2016\/12\/prouni\/portarias_pdf\/Edital_n\u00ba18_Processo_Seletivo_2015.pdf\" target=\"_blank\" rel=\"noopener noreferrer\">Edital n\u00ba 18 de 05\/06\/2015<\/a><\/li>\n<li><a href=\"\/wp-content\/uploads\/sites\/10003\/2016\/12\/prouni\/portarias_pdf\/Lei_n\u00ba11.096_13012005.pdf\" target=\"_blank\" rel=\"noopener noreferrer\">Lei n\u00ba 11.096 13-01-2005<\/a><\/li>\n<li><a href=\"\/wp-content\/uploads\/sites\/10003\/2016\/12\/prouni\/portarias_pdf\/Decreto_n\u00ba5.493_18072005.pdf\" target=\"_blank\" rel=\"noopener noreferrer\">Decreto n\u00ba 5.493 18-07-2005<\/a><\/li>\n<li><a href=\"\/wp-content\/uploads\/sites\/10003\/2016\/12\/prouni\/portarias_pdf\/Instru\u00e7\u00e3o_Normativa_SRF_n\u00ba456_05102004.pdf\" target=\"_blank\" rel=\"noopener noreferrer\">Instru\u00e7\u00e3o Normativa SRF n\u00ba 456 05-10-2004<\/a><\/li>\n<li><a href=\"\/wp-content\/uploads\/sites\/10003\/2016\/12\/prouni\/portarias_pdf\/Decreto_N\u00ba3.298_20121999.pdf\" target=\"_blank\" rel=\"noopener noreferrer\">Decreto N\u00ba 3.298 20-12-1999<\/a><\/li>\n<\/ul>\n<p><strong>Manual do Bolsista:<\/strong><\/p>\n<ul>\n<li><a href=\"\/wp-content\/uploads\/sites\/10004\/2020\/05\/MANUAL-DO-BOLSISTA-PROUNI.pdf\" target=\"_blank\" rel=\"noopener noreferrer\">Manual<\/a><\/li>\n<\/ul>\n<p><strong>Rela\u00e7\u00e3o de documentos:<\/strong><\/p>\n<ul>\n<li><a href=\"\/wp-content\/uploads\/sites\/10004\/2020\/05\/RELACAO-DE-DOCUMENTOS.pdf\" target=\"_blank\" rel=\"noopener noreferrer\">Rela\u00e7\u00e3o<\/a><\/li>\n<\/ul>\n<p><strong>Passo a Passo de Inscri\u00e7\u00e3o:<\/strong><\/p>\n<ul>\n<li><a href=\"\/wp-content\/uploads\/sites\/10004\/2020\/05\/PASSO-A-PASSO-INSCRICAO.pdf\" target=\"_blank\" rel=\"noopener noreferrer\">Inscri\u00e7\u00e3o<\/a><\/li>\n<\/ul>\n<p><strong>Passo a Passo de Rematr\u00edcula:<\/strong><\/p>\n<ul>\n<li><a href=\"\/wp-content\/uploads\/sites\/10003\/2016\/12\/prouni\/passos_pdf\/Passo_a_Passo_de_rematricula.pdf\" target=\"_blank\" rel=\"noopener noreferrer\">Rematr\u00edcula<\/a><\/li>\n<\/ul>\n","protected":false},"excerpt":{"rendered":"<p>Hist\u00f3rico: O Programa Universidade para Todos (Prouni) \u00e9 um programa do Minist\u00e9rio da Educa\u00e7\u00e3o, criado pelo Governo Federal em 2004, que concede bolsas de estudo integrais (100%) e parciais (50%) em institui\u00e7\u00f5es privadas de ensino superior, em cursos de gradua\u00e7\u00e3o e sequenciais de forma\u00e7\u00e3o espec\u00edfica, a estudantes brasileiros, sem diploma<\/p>\n","protected":false},"author":1,"featured_media":0,"parent":647,"menu_order":0,"comment_status":"closed","ping_status":"closed","template":"templates\/template-pagina_menu_vertical.php","meta":{"footnotes":""},"categories":[],"tags":[],"class_list":["post-668","page","type-page","status-publish","hentry"],"_links":{"self":[{"href":"https:\/\/portal.unisepe.com.br\/univr\/wp-json\/wp\/v2\/pages\/668","targetHints":{"allow":["GET"]}}],"collection":[{"href":"https:\/\/portal.unisepe.com.br\/univr\/wp-json\/wp\/v2\/pages"}],"about":[{"href":"https:\/\/portal.unisepe.com.br\/univr\/wp-json\/wp\/v2\/types\/page"}],"author":[{"embeddable":true,"href":"https:\/\/portal.unisepe.com.br\/univr\/wp-json\/wp\/v2\/users\/1"}],"replies":[{"embeddable":true,"href":"https:\/\/portal.unisepe.com.br\/univr\/wp-json\/wp\/v2\/comments?post=668"}],"version-history":[{"count":17,"href":"https:\/\/portal.unisepe.com.br\/univr\/wp-json\/wp\/v2\/pages\/668\/revisions"}],"predecessor-version":[{"id":5622,"href":"https:\/\/portal.unisepe.com.br\/univr\/wp-json\/wp\/v2\/pages\/668\/revisions\/5622"}],"up":[{"embeddable":true,"href":"https:\/\/portal.unisepe.com.br\/univr\/wp-json\/wp\/v2\/pages\/647"}],"wp:attachment":[{"href":"https:\/\/portal.unisepe.com.br\/univr\/wp-json\/wp\/v2\/media?parent=668"}],"wp:term":[{"taxonomy":"category","embeddable":true,"href":"https:\/\/portal.unisepe.com.br\/univr\/wp-json\/wp\/v2\/categories?post=668"},{"taxonomy":"post_tag","embeddable":true,"href":"https:\/\/portal.unisepe.com.br\/univr\/wp-json\/wp\/v2\/tags?post=668"}],"curies":[{"name":"wp","href":"https:\/\/api.w.org\/{rel}","templated":true}]}}