{"id":715,"date":"2016-07-14T21:10:33","date_gmt":"2016-07-14T21:10:33","guid":{"rendered":"http:\/\/portal.unisepe.com.br\/univr\/?page_id=715"},"modified":"2026-02-13T16:04:26","modified_gmt":"2026-02-13T19:04:26","slug":"base-de-dados","status":"publish","type":"page","link":"https:\/\/portal.unisepe.com.br\/univr\/biblioteca\/base-de-dados\/","title":{"rendered":"Base de Dados"},"content":{"rendered":"<div class=\"text-center\"><img loading=\"lazy\" decoding=\"async\" src=\"https:\/\/portal.unisepe.com.br\/univr\/wp-content\/uploads\/sites\/10004\/2023\/06\/arxiv.png\" alt=\"\" width=\"100\" height=\"68\" class=\"size-full wp-image-5901 aligncenter\" \/><\/div>\n<p><strong>arXiv<\/strong><\/p>\n<p><strong>Descri\u00e7\u00e3o<\/strong>: arXiv \u00e9 um servi\u00e7o de distribui\u00e7\u00e3o gratuita e um arquivo de acesso aberto para 2.277.278 artigos acad\u00eamicos nas \u00e1reas de f\u00edsica, matem\u00e1tica, ci\u00eancia da computa\u00e7\u00e3o, biologia quantitativa, finan\u00e7as quantitativas, estat\u00edstica, engenharia el\u00e9trica e ci\u00eancia de sistemas e economia. Os materiais neste site n\u00e3o s\u00e3o revisados por pares pelo arXiv.<\/p>\n<p><strong>Site<\/strong>: <a href=\"https:\/\/arxiv.org\/\" rel=\"noopener noreferrer\" target=\"_blank\">https:\/\/arxiv.org\/<\/a><\/p>\n<hr \/>\n<div class=\"text-center\"><img loading=\"lazy\" decoding=\"async\" src=\"https:\/\/portal.unisepe.com.br\/univr\/wp-content\/uploads\/sites\/10004\/2023\/06\/base_logo.png\" alt=\"\" width=\"90\" height=\"35\" class=\"alignnone size-full wp-image-5934\" srcset=\"https:\/\/portal.unisepe.com.br\/univr\/wp-content\/uploads\/sites\/10004\/2023\/06\/base_logo.png 627w, https:\/\/portal.unisepe.com.br\/univr\/wp-content\/uploads\/sites\/10004\/2023\/06\/base_logo-300x119.png 300w\" sizes=\"auto, (max-width: 90px) 100vw, 90px\" \/><\/div>\n<p><strong>BASE \u2013 Bielefeld Academic Search Engine<\/strong><\/p>\n<p><strong>Descri\u00e7\u00e3o<\/strong>: O BASE \u00e9 um dos motores de busca mais volumosos do mundo, especialmente para recursos acad\u00eamicos da web. O BASE fornece mais de 300 milh\u00f5es de documentos de mais de 10.000 fontes. Cerca de 60% dos documentos s\u00e3o de acesso aberto (gratuitamente). A operadora da BASE \u00e9 a Bielefeld University Library.<\/p>\n<p><strong>Site<\/strong>: <a href=\"https:\/\/www.base-search.net\/\" rel=\"noopener noreferrer\" target=\"_blank\">https:\/\/www.base-search.net\/<\/a><\/p>\n<hr \/>\n<div class=\"text-center\"><img loading=\"lazy\" decoding=\"async\" src=\"https:\/\/portal.unisepe.com.br\/univr\/wp-content\/uploads\/sites\/10004\/2023\/06\/embrapa.png\" alt=\"\" width=\"90\" height=\"56\" class=\"alignnone size-full wp-image-5909\" \/><\/div>\n<p><strong>Bases de Dados da Pesquisa Agropecu\u00e1ria Embrapa \u2013 BDPA<\/strong><\/p>\n<p><strong>Descri\u00e7\u00e3o<\/strong>: A Base de Dados da pesquisa agropecu\u00e1ria Embrapa, \u00e9 formada pelos acervos das bibliotecas da Embrapa, \u00e9 composta por publica\u00e7\u00f5es resultantes dos processos de pesquisa e desenvolvimento da Empresa e por outros documentos adquiridos por compra e doa\u00e7\u00e3o, relacionados \u00e0s ci\u00eancias agr\u00e1rias e \u00e1reas correlatas. Com 1.025.884 documentos indexados em 50 cole\u00e7\u00f5es e o credito desse trabalho \u00e9 para a equipe de tecnologia da informa\u00e7\u00e3o da Embrapa Agricultura Digital, a Comiss\u00e3o Permanente para Ainfo, o Grupo de Referencia\u00e7\u00e3o Bibliogr\u00e1fica e o sistema de Bibliotecas.<\/p>\n<p><strong>Site<\/strong>: <a href=\"https:\/\/www.bdpa.cnptia.embrapa.br\/consulta\/\" rel=\"noopener noreferrer\" target=\"_blank\">https:\/\/www.bdpa.cnptia.embrapa.br\/consulta\/<\/a><\/p>\n<hr \/>\n<div class=\"text-center\"><img loading=\"lazy\" decoding=\"async\" src=\"https:\/\/portal.unisepe.com.br\/univr\/wp-content\/uploads\/sites\/10004\/2023\/06\/brapci.png\" alt=\"\" width=\"80\" height=\"71\" class=\"alignnone size-full wp-image-5910\" \/><\/div>\n<p><strong>Bases de dados Referenciais de artigos e peri\u00f3dicos em Ci\u00eancias da Informa\u00e7\u00e3o.<\/strong><\/p>\n<p><strong>Descri\u00e7\u00e3o<\/strong>: A Base de Dados Referenciais de Artigos de Peri\u00f3dicos em Ci\u00eancia da Informa\u00e7\u00e3o (Brapci) \u00e9 o produto de informa\u00e7\u00e3o do projeto de pesquisa, contribuindo com a \u00e1rea da informa\u00e7\u00e3o para a produ\u00e7\u00e3o de saberes no ensino superior\u201d, cujo objetivo \u00e9 subsidiar estudos e propostas na \u00e1rea de Ci\u00eancia da Informa\u00e7\u00e3o, fundamentando-se em atividades planejadas institucionalmente, disponibilizando refer\u00eancias e resumos de 19.255 textos publicados em 57 peri\u00f3dicos nacionais impressos e eletr\u00f4nicos da \u00e1rea de CI.<\/p>\n<p><strong>Site<\/strong>: <a href=\"https:\/\/brapci.inf.br\/\" rel=\"noopener noreferrer\" target=\"_blank\">https:\/\/brapci.inf.br\/<\/a><\/p>\n<hr \/>\n<div class=\"text-center\"><img loading=\"lazy\" decoding=\"async\" src=\"https:\/\/portal.unisepe.com.br\/univr\/wp-content\/uploads\/sites\/10004\/2023\/06\/bvsvet.png\" alt=\"\" width=\"75\" height=\"93\" class=\"alignnone size-full wp-image-5914\" \/><\/div>\n<p><strong>Biblioteca Virtual em Sa\u00fade \u2013 Medicina Veterin\u00e1ria e Zootecnia -BVSVET<\/strong><\/p>\n<p><strong>Descri\u00e7\u00e3o<\/strong>: O VetIndex \u00e9 uma base de dados que re\u00fane a literatura t\u00e9cnico-cient\u00edfica em Medicina Veterin\u00e1ria e Zootecnia publicada em revistas e que prioriza o acesso aberto. Esta base \u00e9 um produto da Biblioteca Virtual em Medicina Veterin\u00e1ria e Zootecnia (BVSVET), desenvolvida atrav\u00e9s da metodologia BVS e dos aplicativos criados e mantidos pela BIREME (Centro Latino-Americano e do Caribe de Informa\u00e7\u00e3o em Ci\u00eancias da Sa\u00fade).<\/p>\n<p><strong>Site<\/strong>: <a href=\"https:\/\/www.bvs-vet.org.br\/\" rel=\"noopener noreferrer\" target=\"_blank\">https:\/\/www.bvs-vet.org.br\/<\/a><\/p>\n<hr \/>\n<div class=\"text-center\"><img loading=\"lazy\" decoding=\"async\" src=\"https:\/\/portal.unisepe.com.br\/univr\/wp-content\/uploads\/sites\/10004\/2023\/06\/pedro.png\" alt=\"\" width=\"85\" height=\"102\" class=\"alignnone size-full wp-image-5916\" \/><\/div>\n<p><strong>PEDro a base de dados de evidencia em fisioterapia<\/strong><\/p>\n<p><strong>Descri\u00e7\u00e3o<\/strong>: PEDro \u00e9 uma Base de dados com mais de 58.000 ensaios cl\u00ednicos, revis\u00f5es sistem\u00e1ticas e diretrizes da pr\u00e1tica para avaliar a interven\u00e7\u00e3o da fisioterapia. O PEDro traz informa\u00e7\u00f5es para a pr\u00e1tica da fisioterapia h\u00e1 mais de 23 anos e com essa ferramenta voc\u00ea pode: buscar informa\u00e7\u00f5es, navegar nas pesquisas, aprender sobre a pratica em evidencia, acessar recursos uteis e descobrir mais sobre ele.<\/p>\n<p><strong>Site<\/strong>: <a href=\"https:\/\/pedro.org.au\/portuguese\/\" rel=\"noopener noreferrer\" target=\"_blank\">https:\/\/pedro.org.au\/portuguese\/<\/a><\/p>\n<hr \/>\n<div class=\"text-center\"><img loading=\"lazy\" decoding=\"async\" src=\"https:\/\/portal.unisepe.com.br\/univr\/wp-content\/uploads\/sites\/10004\/2023\/06\/bvspsi.png\" alt=\"\" width=\"70\" height=\"113\" class=\"alignnone size-full wp-image-5917\" \/><\/div>\n<p><strong>BVS \u2013 Psicologia Brasil<\/strong><\/p>\n<p><strong>Descri\u00e7\u00e3o<\/strong>: Oferece acesso a Bases Bibliogr\u00e1ficas, Bases em textos completo, v\u00eddeos, Bases em ci\u00eancias da sa\u00fade e \u00e1reas correlatas.<\/p>\n<p><strong>Site<\/strong>: <a href=\"http:\/\/www.bvs-psi.org.br\/\" rel=\"noopener noreferrer\" target=\"_blank\">http:\/\/www.bvs-psi.org.br\/<\/a><\/p>\n<hr \/>\n<div class=\"text-center\"><img loading=\"lazy\" decoding=\"async\" src=\"https:\/\/portal.unisepe.com.br\/univr\/wp-content\/uploads\/sites\/10004\/2023\/06\/bvs_logo.png\" alt=\"\" width=\"85\" height=\"94\" class=\"alignnone size-full wp-image-5962\" \/><\/div>\n<p><strong>Biblioteca Virtual em Sa\u00fade<\/strong><\/p>\n<p><strong>Descri\u00e7\u00e3o<\/strong>: O Portal Regional da BVS \u00e9 o espa\u00e7o de integra\u00e7\u00e3o de fontes de informa\u00e7\u00e3o em sa\u00fade que promove a democratiza\u00e7\u00e3o e amplia\u00e7\u00e3o do acesso \u00e0 informa\u00e7\u00e3o cient\u00edfica e t\u00e9cnica em sa\u00fade na Am\u00e9rica Latina e Caribe ( AL&amp;C). \u00c9 desenvolvido e operado pela BIREME em 3 idiomas (ingl\u00eas, portugu\u00eas e espanhol). Aplica a interface integrada de busca IAHS com recursos de filtros, exporta\u00e7\u00e3o de resultados, busca avan\u00e7ada e interopera\u00e7\u00e3o com o DeCS\/MeSH.<\/p>\n<p><strong>Site<\/strong>: <a href=\"https:\/\/bvsalud.org\/\" rel=\"noopener noreferrer\" target=\"_blank\">https:\/\/bvsalud.org\/<\/a><\/p>\n<hr \/>\n<div class=\"text-center\"><img loading=\"lazy\" decoding=\"async\" src=\"https:\/\/portal.unisepe.com.br\/univr\/wp-content\/uploads\/sites\/10004\/2023\/06\/lilacs_logo.png\" alt=\"\" width=\"85\" height=\"64\" class=\"alignnone size-full wp-image-5965\" \/><\/div>\n<p><strong>Literatura Latino-Americana e do Caribe em Ci\u00eancias da Sa\u00fade<\/strong><\/p>\n<p><strong>Descri\u00e7\u00e3o<\/strong>: Uma importante Base de Dados especializada que abrange \u00e1rea da sa\u00fade com literatura cient\u00edfica e t\u00e9cnica de 26 pa\u00edses da Am\u00e9rica Latina e do Caribe com acesso gratuito.<\/p>\n<p><strong>Site<\/strong>: <a href=\"https:\/\/lilacs.bvsalud.org\/\" rel=\"noopener noreferrer\" target=\"_blank\">https:\/\/lilacs.bvsalud.org\/<\/a><\/p>\n<hr \/>\n<div class=\"text-center\"><img loading=\"lazy\" decoding=\"async\" src=\"https:\/\/portal.unisepe.com.br\/univr\/wp-content\/uploads\/sites\/10004\/2023\/06\/pepsic.png\" alt=\"\" width=\"90\" height=\"106\" class=\"alignnone size-full wp-image-5920\" \/><\/div>\n<p><strong>PePSIC<\/strong><\/p>\n<p><strong>Descri\u00e7\u00e3o<\/strong>: O portal de peri\u00f3dicos eletr\u00f4nicos em psicologia \u00e9 uma fonte da da biblioteca virtual em sa\u00fade com o objetivo de contribuir para a visibilidade do conhecimento psicol\u00f3gico e cient\u00edfico gerado nos pa\u00edses da Am\u00e9rica Latina, a partir da publica\u00e7\u00e3o de revistas cient\u00edficas de acesso aberto.<\/p>\n<p><strong>Site<\/strong>: <a href=\"http:\/\/pepsic.bvsalud.org\/\" rel=\"noopener noreferrer\" target=\"_blank\">http:\/\/pepsic.bvsalud.org\/<\/a><\/p>\n<hr \/>\n<div class=\"text-center\"><img loading=\"lazy\" decoding=\"async\" src=\"https:\/\/portal.unisepe.com.br\/univr\/wp-content\/uploads\/sites\/10004\/2023\/06\/pubmed.png\" alt=\"\" width=\"90\" height=\"82\" class=\"alignnone size-full wp-image-5921\" \/><\/div>\n<p><strong>Pubmed<\/strong><\/p>\n<p><strong>Descri\u00e7\u00e3o<\/strong>: A Pubmed compreende mais de 35 milh\u00f5es de cita\u00e7\u00f5es de literatura Biom\u00e9dicas da Medline, revistas de ci\u00eancias da vida e livros online.<\/p>\n<p><strong>Site<\/strong>: <a href=\"https:\/\/pubmed.ncbi.nlm.nih.gov\/\" rel=\"noopener noreferrer\" target=\"_blank\">https:\/\/pubmed.ncbi.nlm.nih.gov\/<\/a><\/p>\n<hr \/>\n<div class=\"text-center\"><img loading=\"lazy\" decoding=\"async\" src=\"https:\/\/portal.unisepe.com.br\/univr\/wp-content\/uploads\/sites\/10004\/2023\/06\/dominiopublico.png\" alt=\"\" width=\"95\" height=\"61\" class=\"alignnone size-full wp-image-5922\" \/><\/div>\n<p><strong>Dom\u00ednio P\u00fablico<\/strong><\/p>\n<p><strong>Descri\u00e7\u00e3o<\/strong>: Este portal constitui-se em um ambiente virtual que permite a coleta, a integra\u00e7\u00e3o, a preserva\u00e7\u00e3o e o compartilhamento de conhecimentos, sendo seu principal objetivo o de promover o amplo acesso \u00e0s obras liter\u00e1rias, art\u00edsticas e cient\u00edficas (na forma de textos, sons, imagens e v\u00eddeos), j\u00e1 em dom\u00ednio p\u00fablico ou que tenham a sua divulga\u00e7\u00e3o devidamente autorizada, que constituem o patrim\u00f4nio cultural brasileiro e universal.<\/p>\n<p><strong>Site<\/strong>: <a href=\"http:\/\/www.dominiopublico.gov.br\/\" rel=\"noopener noreferrer\" target=\"_blank\">http:\/\/www.dominiopublico.gov.br\/<\/a><\/p>\n<hr \/>\n<div class=\"text-center\"><img loading=\"lazy\" decoding=\"async\" src=\"https:\/\/portal.unisepe.com.br\/univr\/wp-content\/uploads\/sites\/10004\/2023\/06\/saudesp.png\" alt=\"\" width=\"90\" height=\"130\" class=\"alignnone size-full wp-image-5968\" \/><img loading=\"lazy\" decoding=\"async\" src=\"https:\/\/portal.unisepe.com.br\/univr\/wp-content\/uploads\/sites\/10004\/2023\/06\/govsp.png\" alt=\"\" width=\"70\" height=\"91\" class=\"alignnone size-full wp-image-5969\" \/><\/div>\n<p><strong>Portal de Revistas Cient\u00edficas da Secretaria de Estado da Sa\u00fade de S\u00e3o Paulo<\/strong><\/p>\n<p><strong>Descri\u00e7\u00e3o<\/strong>: O Portal de Revistas Cient\u00edficas da Secretaria de Estado da Sa\u00fade de S\u00e3o Paulo tem como objetivo reunir, organizar e unificar a publica\u00e7\u00e3o eletr\u00f4nica das cole\u00e7\u00f5es de peri\u00f3dicos institucionais em um mesmo ambiente virtual, utilizando o sistema OJS (Open Journal System).<br \/>\nVisando ampliar a visibilidade dos peri\u00f3dicos institucionais, garantir o acesso ao texto completo e otimizar os servi\u00e7os de gest\u00e3o e publica\u00e7\u00e3o eletr\u00f4nica, tem como principal finalidade disponibilizar o conhecimento t\u00e9cnico-cient\u00edfico produzido no \u00e2mbito da SES-SP. Atualmente 05 t\u00edtulos integram este Portal.<\/p>\n<p><strong>Site<\/strong>: <a href=\"https:\/\/ses.sp.bvs.br\/periodicossp\/\" rel=\"noopener noreferrer\" target=\"_blank\">https:\/\/ses.sp.bvs.br\/periodicossp\/<\/a><\/p>\n<hr \/>\n<div class=\"text-center\"><img loading=\"lazy\" decoding=\"async\" src=\"https:\/\/portal.unisepe.com.br\/univr\/wp-content\/uploads\/sites\/10004\/2023\/06\/capes.png\" alt=\"\" width=\"200\" height=\"64\" class=\"alignnone size-full wp-image-5924\" \/><\/div>\n<p><strong>Peri\u00f3dicos CAPES<\/strong><\/p>\n<p><strong>Descri\u00e7\u00e3o<\/strong>: O portal de peri\u00f3dicos CAPES, oferece facilidade para o usu\u00e1rio realizar levantamento sobre a reprodu\u00e7\u00e3o cientifica gerada por pesquisadores em todo o mundo, dispon\u00edvel em ordem alfab\u00e9tica. Temos duas modalidades de acesso: por assinatura e acesso aberto, na segunda modalidade somente alguns conte\u00fados estar\u00e3o liberados para consulta.<\/p>\n<p><strong>Site<\/strong>: <a href=\"https:\/\/www-periodicos-capes-gov-br.ezl.periodicos.capes.gov.br\/\" rel=\"noopener noreferrer\" target=\"_blank\">https:\/\/www-periodicos-capes-gov-br.ezl.periodicos.capes.gov.br\/<\/a><\/p>\n<hr \/>\n<div class=\"text-center\"><img loading=\"lazy\" decoding=\"async\" src=\"https:\/\/portal.unisepe.com.br\/univr\/wp-content\/uploads\/sites\/10004\/2023\/06\/scielo.png\" alt=\"\" width=\"85\" height=\"117\" class=\"alignnone size-full wp-image-5925\" \/><\/div>\n<p><strong>Scientific Electronic Library Online<\/strong><\/p>\n<p><strong>Descri\u00e7\u00e3o<\/strong>: Scientific Electronic Library Online, tamb\u00e9m conhecida pelo nome em portugu\u00eas Biblioteca Eletr\u00f4nica Cient\u00edfica Online, \u00e9 uma biblioteca digital de livre acesso e um projeto cooperativo de publica\u00e7\u00e3o digital de peri\u00f3dicos cient\u00edficos.<\/p>\n<p><strong>Site<\/strong>: <a href=\"https:\/\/www.scielo.br\/\" rel=\"noopener noreferrer\" target=\"_blank\">https:\/\/www.scielo.br\/<\/a><\/p>\n<hr \/>\n<div class=\"text-center\"><img loading=\"lazy\" decoding=\"async\" src=\"https:\/\/portal.unisepe.com.br\/univr\/wp-content\/uploads\/sites\/10004\/2023\/06\/googlescholar.png\" alt=\"\" width=\"70\" height=\"148\" class=\"alignnone size-full wp-image-5974\" \/><\/div>\n<p><strong>Google Scholar ou Google Acad\u00eamico<\/strong><\/p>\n<p><strong>Descri\u00e7\u00e3o<\/strong>: \u00c9 uma ferramenta virtual de pesquisa de acesso livre que organiza e lista textos completos ou metadados da literatura acad\u00eamica e uma diversidade de publica\u00e7\u00e3o.<\/p>\n<p><strong>Site<\/strong>: <a href=\"https:\/\/scholar.google.com\/\" rel=\"noopener noreferrer\" target=\"_blank\">https:\/\/scholar.google.com\/<\/a><\/p>\n<hr \/>\n<div class=\"text-center\"><img loading=\"lazy\" decoding=\"async\" src=\"https:\/\/portal.unisepe.com.br\/univr\/wp-content\/uploads\/sites\/10004\/2023\/06\/bvsst.png\" alt=\"\" width=\"80\" height=\"109\" class=\"alignnone size-full wp-image-5927\" \/><img loading=\"lazy\" decoding=\"async\" src=\"https:\/\/portal.unisepe.com.br\/univr\/wp-content\/uploads\/sites\/10004\/2023\/06\/segtrabalho.png\" alt=\"\" width=\"90\" height=\"79\" class=\"alignnone size-full wp-image-5928\" \/><\/div>\n<p><strong>Biblioteca virtual em Sa\u00fade \u2013 Seguran\u00e7a no Trabalho<\/strong><\/p>\n<p><strong>Descri\u00e7\u00e3o<\/strong>: A Biblioteca Virtual em Sa\u00fade do Minist\u00e9rio da Sa\u00fade \u2013 BVS MS, dispon\u00edvel na internet desde 2001, \u00e9 respons\u00e1vel pela veicula\u00e7\u00e3o das publica\u00e7\u00f5es bibliogr\u00e1ficas produzidas pelo Minist\u00e9rio da Sa\u00fade, bem como informa\u00e7\u00f5es gerais na \u00e1rea de ci\u00eancias da sa\u00fade. Como as publica\u00e7\u00f5es do MS n\u00e3o s\u00e3o comercializadas, a BVS MS torna-se o principal canal de acesso para essa produ\u00e7\u00e3o.<\/p>\n<p><strong>Site<\/strong>: <a href=\"https:\/\/bvsms.saude.gov.br\/saude-e-seguranca-no-trabalho\/\" rel=\"noopener noreferrer\" target=\"_blank\">https:\/\/bvsms.saude.gov.br\/saude-e-seguranca-no-trabalho\/<\/a><\/p>\n<hr \/>\n<div class=\"text-center\"><img loading=\"lazy\" decoding=\"async\" src=\"https:\/\/portal.unisepe.com.br\/univr\/wp-content\/uploads\/sites\/10004\/2023\/06\/spell.png\" alt=\"\" width=\"90\" height=\"103\" class=\"alignnone size-full wp-image-5930\" \/><\/div>\n<p><strong>SPELL\u00ae Scientific Periodicals Electronic Library<\/strong><\/p>\n<p><strong>Descri\u00e7\u00e3o<\/strong>: A biblioteca eletr\u00f4nica SPELL\u00ae Scientific Periodicals Electronic Library, \u00e9 um reposit\u00f3rio de artigos cient\u00edficos e proporciona acesso gratuito \u00e0 informa\u00e7\u00e3o t\u00e9cnico-cient\u00edfica. Atrav\u00e9s dessa ferramenta o usu\u00e1rio pode pesquisar, salvar e compartilhar.<\/p>\n<p><strong>Site<\/strong>: <a href=\"http:\/\/www.spell.org.br\/\" rel=\"noopener noreferrer\" target=\"_blank\">http:\/\/www.spell.org.br\/<\/a><\/p>\n<hr \/>\n<div class=\"text-center\"><img loading=\"lazy\" decoding=\"async\" src=\"https:\/\/portal.unisepe.com.br\/univr\/wp-content\/uploads\/sites\/10004\/2023\/06\/bdtd.png\" alt=\"\" width=\"90\" height=\"111\" class=\"alignnone size-full wp-image-5932\" \/><\/div>\n<p><strong>Biblioteca Digital Brasileira de Teses e Disserta\u00e7\u00f5es<\/strong><\/p>\n<p><strong>Descri\u00e7\u00e3o<\/strong>: A Biblioteca Digital Brasileira de Teses e Disserta\u00e7\u00f5es (BDTD) integra e dissemina, em um s\u00f3 portal de busca, os textos completos das teses e disserta\u00e7\u00f5es defendidas nas institui\u00e7\u00f5es brasileiras de ensino e pesquisa. O acesso a essa produ\u00e7\u00e3o cient\u00edfica \u00e9 livre de quaisquer custos.<\/p>\n<p><strong>Site<\/strong>: <a href=\"https:\/\/bdtd.ibict.br\/vufind\/\" rel=\"noopener noreferrer\" target=\"_blank\">https:\/\/bdtd.ibict.br\/vufind\/<\/a><\/p>\n<hr \/>\n<div class=\"text-center\"><img loading=\"lazy\" decoding=\"async\" src=\"https:\/\/portal.unisepe.com.br\/univr\/wp-content\/uploads\/sites\/10004\/2026\/02\/ACM.png\" alt=\"\" width=\"225\" height=\"277\" class=\"alignnone size-full wp-image-5932\" \/><\/div>\n<p><strong>Descri\u00e7\u00e3o<\/strong>: \u00c9 uma base de dados referencial que re\u00fane resumos e revis\u00f5es da literatura em ci\u00eancia da computa\u00e7\u00e3o, publicada mensalmente pela Association for Computing Machinery (ACM) em parceria com a Thinkcloud. O site oferece um roteiro confi\u00e1vel para navegar pelo vasto campo da computa\u00e7\u00e3o, que cresce constantemente. Todos os anos, s\u00e3o publicados milhares de livros, disserta\u00e7\u00f5es, artigos e trabalhos de confer\u00eancias na \u00e1rea. A base ajuda a filtrar e selecionar o que \u00e9 mais relevante. Referente ao conte\u00fado a base entrega: Revis\u00f5es cr\u00edticas de artigos, livros e trabalhos, disponibiliza tamb\u00e9m mais de 30.000 revis\u00f5es, entre outros materiais.<\/p>\n<p><strong>Site<\/strong>: <a href=\"http:\/\/www.computingreviews.com\/index_dynamic.cfm\" rel=\"noopener noreferrer\" target=\"_blank\">http:\/\/www.computingreviews.com\/index_dynamic.cfm<\/a><\/p>\n<hr \/>\n<div class=\"text-center\"><img loading=\"lazy\" decoding=\"async\" src=\"https:\/\/portal.unisepe.com.br\/univr\/wp-content\/uploads\/sites\/10004\/2026\/02\/AGECON.png\" alt=\"\" width=\"180\" height=\"222\" class=\"alignnone size-full wp-image-5932\" \/><\/div>\n<p><strong>AgEcon Search: Research in Agricultural &amp; Applied Economics<\/strong><\/p>\n<p><strong>Descri\u00e7\u00e3o<\/strong>: Base de dados que coleta, indexa e distribui eletronicamente c\u00f3pias de textos completos de pesquisas acad\u00eamicas nas \u00e1reas de economia agr\u00edcola e aplicada, incluindo disciplinas como agroneg\u00f3cio, seguran\u00e7a e suprimento de alimentos, economia de energia e recursos naturais, economia ambiental, quest\u00f5es pol\u00edticas, com\u00e9rcio internacional e desenvolvimento econ\u00f4mico. O conte\u00fado inclui apresenta\u00e7\u00f5es em confer\u00eancias, artigos de peri\u00f3dicos, documentos governamentais e teses e disserta\u00e7\u00f5es.<br \/>\n<strong>Site<\/strong>: <a href=\"https:\/\/ageconsearch.umn.edu\/?ln=en\" rel=\"noopener noreferrer\" target=\"_blank\">https:\/\/ageconsearch.umn.edu\/?ln=en<\/a><\/p>\n<hr \/>\n<div class=\"text-center\"><img loading=\"lazy\" decoding=\"async\" src=\"https:\/\/portal.unisepe.com.br\/univr\/wp-content\/uploads\/sites\/10004\/2026\/02\/SIDALC.png\" alt=\"\" width=\"180\" height=\"222\" class=\"alignnone size-full wp-image-5932\" \/><\/div>\n<p><strong>Descri\u00e7\u00e3o<\/strong>: Composta de bases de dados bibliogr\u00e1ficos especializados sobre agricultura e ci\u00eancias afins, esta base permite busca simult\u00e2nea nas bases de dados produzidas por institui\u00e7\u00f5es nacionais e internacionais, dispon\u00edveis pelo Sistema de Informaci\u00f3n y Documentaci\u00f3n Agropecuario de las Am\u00e9ricas (SIDALC).<br \/>\n<strong>Site<\/strong>: <a href=\"http:\/\/www.sidalc.net\/\" rel=\"noopener noreferrer\" target=\"_blank\">http:\/\/www.sidalc.net\/<\/a><\/p>\n<hr \/>\n<div class=\"text-center\"><strong>BASE BIBLIOGR\u00c1FICA DA AGRICULTURA BRASILEIRA: AGROBASE<\/strong><\/div>\n<p><strong>Descri\u00e7\u00e3o<\/strong>: Composta de bases de dados bibliogr\u00e1ficos especializados sobre agricultura e ci\u00eancias afins, esta base permite busca simult\u00e2nea nas bases de dados produzidas por institui\u00e7\u00f5es nacionais e internacionais, dispon\u00edveis pelo Sistema de Informaci\u00f3n y Documentaci\u00f3n Agropecuario de las Am\u00e9ricas (SIDALC).<br \/>\n<strong>Site<\/strong>: <a href=\"https:\/\/snida.agricultura.gov.br\/AGB\" rel=\"noopener noreferrer\" target=\"_blank\">https:\/\/snida.agricultura.gov.br\/AGB<\/a><\/p>\n<hr \/>\n<div class=\"text-center\"><strong>BIBLIOTECA DIGITAL DE OBRAS RARAS, ESPECIAIS E DOCUMENTA\u00c7\u00c3O HIST\u00d3RICA DA USP (BORE)<\/strong><\/div>\n<p><strong>Descri\u00e7\u00e3o<\/strong>: a Biblioteca Digital USP \u00e9 um acervo de obras raras e especiais que preserva tanto a mem\u00f3ria acad\u00eamica quanto cultural, oferecendo acesso a documentos \u00fanicos e de grande valor hist\u00f3rico. A Biblioteca Digital, foi lan\u00e7ada em 2013, sob a responsabilidade da Divis\u00e3o Biblioteca de Obras Raras e Especiais \u00e9 constitu\u00edda de material bibliogr\u00e1fico diversificado \u2013 livros, folhetos, revistas, jornais dentre outras tipologias cobrindo do s\u00e9culo XV a XX \u2013 e selecionado segundo par\u00e2metros que o considerem raro ou precioso. Inclui tamb\u00e9m documenta\u00e7\u00e3o hist\u00f3rica da pr\u00f3pria Universidade, cujas a\u00e7\u00f5es impactam tanto a vida e costumes de diferentes \u00e9pocas de nosso estado e pa\u00eds, quanto o desenvolvimento nacional de v\u00e1rias \u00e1reas do conhecimento.<br \/>\n<strong>Site<\/strong>: <a href=\"http:\/\/www.obrasraras.usp.br\/\" rel=\"noopener noreferrer\" target=\"_blank\">http:\/\/www.obrasraras.usp.br\/<\/a><\/p>\n<hr \/>\n<div class=\"text-center\"><strong>BIBLIOTECA DIGITAL DE TESES E DISSERTA\u00c7\u00d5ES DA USP (BDTD)<\/strong><\/div>\n<p><strong>Descri\u00e7\u00e3o<\/strong>: A Biblioteca Digital de Teses e Disserta\u00e7\u00f5es da Universidade de S\u00e3o Paulo foi criada para disponibilizar na Internet o conhecimento produzido pelos trabalhos defendidos na Universidade de S\u00e3o Paulo, permitindo que as comunidades brasileira e internacional possam ter em m\u00e3os a vers\u00e3o digital completa das teses e disserta\u00e7\u00f5es.<br \/>\n<strong>Site<\/strong>: <a href=\"http:\/\/www.teses.usp.br\/\" rel=\"noopener noreferrer\" target=\"_blank\">http:\/\/www.teses.usp.br\/<\/a><\/p>\n","protected":false},"excerpt":{"rendered":"<p>arXiv Descri\u00e7\u00e3o: arXiv \u00e9 um servi\u00e7o de distribui\u00e7\u00e3o gratuita e um arquivo de acesso aberto para 2.277.278 artigos acad\u00eamicos nas \u00e1reas de f\u00edsica, matem\u00e1tica, ci\u00eancia da computa\u00e7\u00e3o, biologia quantitativa, finan\u00e7as quantitativas, estat\u00edstica, engenharia el\u00e9trica e ci\u00eancia de sistemas e economia. Os materiais neste site n\u00e3o s\u00e3o revisados por pares pelo<\/p>\n","protected":false},"author":1,"featured_media":0,"parent":285,"menu_order":0,"comment_status":"closed","ping_status":"closed","template":"templates\/template-pagina_menu_vertical.php","meta":{"footnotes":""},"categories":[],"tags":[],"class_list":["post-715","page","type-page","status-publish","hentry"],"_links":{"self":[{"href":"https:\/\/portal.unisepe.com.br\/univr\/wp-json\/wp\/v2\/pages\/715","targetHints":{"allow":["GET"]}}],"collection":[{"href":"https:\/\/portal.unisepe.com.br\/univr\/wp-json\/wp\/v2\/pages"}],"about":[{"href":"https:\/\/portal.unisepe.com.br\/univr\/wp-json\/wp\/v2\/types\/page"}],"author":[{"embeddable":true,"href":"https:\/\/portal.unisepe.com.br\/univr\/wp-json\/wp\/v2\/users\/1"}],"replies":[{"embeddable":true,"href":"https:\/\/portal.unisepe.com.br\/univr\/wp-json\/wp\/v2\/comments?post=715"}],"version-history":[{"count":44,"href":"https:\/\/portal.unisepe.com.br\/univr\/wp-json\/wp\/v2\/pages\/715\/revisions"}],"predecessor-version":[{"id":6440,"href":"https:\/\/portal.unisepe.com.br\/univr\/wp-json\/wp\/v2\/pages\/715\/revisions\/6440"}],"up":[{"embeddable":true,"href":"https:\/\/portal.unisepe.com.br\/univr\/wp-json\/wp\/v2\/pages\/285"}],"wp:attachment":[{"href":"https:\/\/portal.unisepe.com.br\/univr\/wp-json\/wp\/v2\/media?parent=715"}],"wp:term":[{"taxonomy":"category","embeddable":true,"href":"https:\/\/portal.unisepe.com.br\/univr\/wp-json\/wp\/v2\/categories?post=715"},{"taxonomy":"post_tag","embeddable":true,"href":"https:\/\/portal.unisepe.com.br\/univr\/wp-json\/wp\/v2\/tags?post=715"}],"curies":[{"name":"wp","href":"https:\/\/api.w.org\/{rel}","templated":true}]}}